{"id":1582,"date":"2026-02-23T08:00:50","date_gmt":"2026-02-23T05:00:50","guid":{"rendered":"https:\/\/betwinner.team\/tr\/?page_id=1582"},"modified":"2026-04-11T16:27:27","modified_gmt":"2026-04-11T13:27:27","slug":"login","status":"publish","type":"page","link":"https:\/\/betwinner.team\/tr\/login\/","title":{"rendered":"Giri\u015f"},"content":{"rendered":"","protected":false},"excerpt":{"rendered":"","protected":false},"author":1,"featured_media":0,"parent":0,"menu_order":0,"comment_status":"closed","ping_status":"closed","template":"","meta":{"_acf_changed":false,"footnotes":""},"class_list":["post-1582","page","type-page","status-publish","hentry"],"acf":[],"yoast_head":"<!-- This site is optimized with the Yoast SEO plugin v26.9 - https:\/\/yoast.com\/product\/yoast-seo-wordpress\/ -->\n<title>Betwinner giri\u015fi \u27a4 ki\u015fisel hesab\u0131n\u0131za eri\u015fim ve \u015fifre kurtarma<\/title>\n<meta name=\"description\" content=\"Betwinner hesab\u0131n\u0131za h\u0131zl\u0131 giri\u015f \u27a4 PC, Android veya iOS cihaz\u0131n\u0131zda kullan\u0131c\u0131 ad\u0131n\u0131z\u0131\/\u015fifrenizi, QR kodunu veya biyometrik \u00f6zelliklerinizi kullan\u0131n. \u015eifrenizi unuttuysan\u0131z, 1 dakika i\u00e7inde geri alabilirsiniz. T\u00fcm cihazlarda senkronizasyon, birden fazla hesap yok \u2014 tek bir t\u0131klamayla bahis ve casino oyunlar\u0131na eri\u015fin!\" \/>\n<meta name=\"robots\" content=\"index, follow, max-snippet:-1, max-image-preview:large, max-video-preview:-1\" \/>\n<link rel=\"canonical\" href=\"https:\/\/betwinner.team\/tr\/login\/\" \/>\n<meta property=\"og:locale\" content=\"tr_TR\" \/>\n<meta property=\"og:type\" content=\"article\" \/>\n<meta property=\"og:title\" content=\"Betwinner giri\u015fi \u27a4 ki\u015fisel hesab\u0131n\u0131za eri\u015fim ve \u015fifre kurtarma\" \/>\n<meta property=\"og:description\" content=\"Betwinner hesab\u0131n\u0131za h\u0131zl\u0131 giri\u015f \u27a4 PC, Android veya iOS cihaz\u0131n\u0131zda kullan\u0131c\u0131 ad\u0131n\u0131z\u0131\/\u015fifrenizi, QR kodunu veya biyometrik \u00f6zelliklerinizi kullan\u0131n. \u015eifrenizi unuttuysan\u0131z, 1 dakika i\u00e7inde geri alabilirsiniz. T\u00fcm cihazlarda senkronizasyon, birden fazla hesap yok \u2014 tek bir t\u0131klamayla bahis ve casino oyunlar\u0131na eri\u015fin!\" \/>\n<meta property=\"og:url\" content=\"https:\/\/betwinner.team\/tr\/login\/\" \/>\n<meta property=\"og:site_name\" content=\"Betwinner Team tr\" \/>\n<meta property=\"article:modified_time\" content=\"2026-04-11T13:27:27+00:00\" \/>\n<meta name=\"twitter:card\" content=\"summary_large_image\" \/>\n<script type=\"application\/ld+json\" class=\"yoast-schema-graph\">{\"@context\":\"https:\/\/schema.org\",\"@graph\":[{\"@type\":\"WebPage\",\"@id\":\"https:\/\/betwinner.team\/tr\/login\/\",\"url\":\"https:\/\/betwinner.team\/tr\/login\/\",\"name\":\"Betwinner giri\u015fi \u27a4 ki\u015fisel hesab\u0131n\u0131za eri\u015fim ve \u015fifre kurtarma\",\"isPartOf\":{\"@id\":\"http:\/\/betwinner.team\/tr\/#website\"},\"datePublished\":\"2026-02-23T05:00:50+00:00\",\"dateModified\":\"2026-04-11T13:27:27+00:00\",\"description\":\"Betwinner hesab\u0131n\u0131za h\u0131zl\u0131 giri\u015f \u27a4 PC, Android veya iOS cihaz\u0131n\u0131zda kullan\u0131c\u0131 ad\u0131n\u0131z\u0131\/\u015fifrenizi, QR kodunu veya biyometrik \u00f6zelliklerinizi kullan\u0131n. \u015eifrenizi unuttuysan\u0131z, 1 dakika i\u00e7inde geri alabilirsiniz. T\u00fcm cihazlarda senkronizasyon, birden fazla hesap yok \u2014 tek bir t\u0131klamayla bahis ve casino oyunlar\u0131na eri\u015fin!\",\"inLanguage\":\"tr\",\"potentialAction\":[{\"@type\":\"ReadAction\",\"target\":[\"https:\/\/betwinner.team\/tr\/login\/\"]}]},{\"@type\":\"WebSite\",\"@id\":\"http:\/\/betwinner.team\/tr\/#website\",\"url\":\"http:\/\/betwinner.team\/tr\/\",\"name\":\"Betwinner Team tr\",\"description\":\"\",\"potentialAction\":[{\"@type\":\"SearchAction\",\"target\":{\"@type\":\"EntryPoint\",\"urlTemplate\":\"http:\/\/betwinner.team\/tr\/?s={search_term_string}\"},\"query-input\":{\"@type\":\"PropertyValueSpecification\",\"valueRequired\":true,\"valueName\":\"search_term_string\"}}],\"inLanguage\":\"tr\"}]}<\/script>\n<!-- \/ Yoast SEO plugin. -->","yoast_head_json":{"title":"Betwinner giri\u015fi \u27a4 ki\u015fisel hesab\u0131n\u0131za eri\u015fim ve \u015fifre kurtarma","description":"Betwinner hesab\u0131n\u0131za h\u0131zl\u0131 giri\u015f \u27a4 PC, Android veya iOS cihaz\u0131n\u0131zda kullan\u0131c\u0131 ad\u0131n\u0131z\u0131\/\u015fifrenizi, QR kodunu veya biyometrik \u00f6zelliklerinizi kullan\u0131n. \u015eifrenizi unuttuysan\u0131z, 1 dakika i\u00e7inde geri alabilirsiniz. T\u00fcm cihazlarda senkronizasyon, birden fazla hesap yok \u2014 tek bir t\u0131klamayla bahis ve casino oyunlar\u0131na eri\u015fin!","robots":{"index":"index","follow":"follow","max-snippet":"max-snippet:-1","max-image-preview":"max-image-preview:large","max-video-preview":"max-video-preview:-1"},"canonical":"https:\/\/betwinner.team\/tr\/login\/","og_locale":"tr_TR","og_type":"article","og_title":"Betwinner giri\u015fi \u27a4 ki\u015fisel hesab\u0131n\u0131za eri\u015fim ve \u015fifre kurtarma","og_description":"Betwinner hesab\u0131n\u0131za h\u0131zl\u0131 giri\u015f \u27a4 PC, Android veya iOS cihaz\u0131n\u0131zda kullan\u0131c\u0131 ad\u0131n\u0131z\u0131\/\u015fifrenizi, QR kodunu veya biyometrik \u00f6zelliklerinizi kullan\u0131n. \u015eifrenizi unuttuysan\u0131z, 1 dakika i\u00e7inde geri alabilirsiniz. T\u00fcm cihazlarda senkronizasyon, birden fazla hesap yok \u2014 tek bir t\u0131klamayla bahis ve casino oyunlar\u0131na eri\u015fin!","og_url":"https:\/\/betwinner.team\/tr\/login\/","og_site_name":"Betwinner Team tr","article_modified_time":"2026-04-11T13:27:27+00:00","twitter_card":"summary_large_image","schema":{"@context":"https:\/\/schema.org","@graph":[{"@type":"WebPage","@id":"https:\/\/betwinner.team\/tr\/login\/","url":"https:\/\/betwinner.team\/tr\/login\/","name":"Betwinner giri\u015fi \u27a4 ki\u015fisel hesab\u0131n\u0131za eri\u015fim ve \u015fifre kurtarma","isPartOf":{"@id":"http:\/\/betwinner.team\/tr\/#website"},"datePublished":"2026-02-23T05:00:50+00:00","dateModified":"2026-04-11T13:27:27+00:00","description":"Betwinner hesab\u0131n\u0131za h\u0131zl\u0131 giri\u015f \u27a4 PC, Android veya iOS cihaz\u0131n\u0131zda kullan\u0131c\u0131 ad\u0131n\u0131z\u0131\/\u015fifrenizi, QR kodunu veya biyometrik \u00f6zelliklerinizi kullan\u0131n. \u015eifrenizi unuttuysan\u0131z, 1 dakika i\u00e7inde geri alabilirsiniz. T\u00fcm cihazlarda senkronizasyon, birden fazla hesap yok \u2014 tek bir t\u0131klamayla bahis ve casino oyunlar\u0131na eri\u015fin!","inLanguage":"tr","potentialAction":[{"@type":"ReadAction","target":["https:\/\/betwinner.team\/tr\/login\/"]}]},{"@type":"WebSite","@id":"http:\/\/betwinner.team\/tr\/#website","url":"http:\/\/betwinner.team\/tr\/","name":"Betwinner Team tr","description":"","potentialAction":[{"@type":"SearchAction","target":{"@type":"EntryPoint","urlTemplate":"http:\/\/betwinner.team\/tr\/?s={search_term_string}"},"query-input":{"@type":"PropertyValueSpecification","valueRequired":true,"valueName":"search_term_string"}}],"inLanguage":"tr"}]}},"_links":{"self":[{"href":"https:\/\/betwinner.team\/tr\/wp-json\/wp\/v2\/pages\/1582","targetHints":{"allow":["GET"]}}],"collection":[{"href":"https:\/\/betwinner.team\/tr\/wp-json\/wp\/v2\/pages"}],"about":[{"href":"https:\/\/betwinner.team\/tr\/wp-json\/wp\/v2\/types\/page"}],"author":[{"embeddable":true,"href":"https:\/\/betwinner.team\/tr\/wp-json\/wp\/v2\/users\/1"}],"replies":[{"embeddable":true,"href":"https:\/\/betwinner.team\/tr\/wp-json\/wp\/v2\/comments?post=1582"}],"version-history":[{"count":5,"href":"https:\/\/betwinner.team\/tr\/wp-json\/wp\/v2\/pages\/1582\/revisions"}],"predecessor-version":[{"id":1635,"href":"https:\/\/betwinner.team\/tr\/wp-json\/wp\/v2\/pages\/1582\/revisions\/1635"}],"wp:attachment":[{"href":"https:\/\/betwinner.team\/tr\/wp-json\/wp\/v2\/media?parent=1582"}],"curies":[{"name":"wp","href":"https:\/\/api.w.org\/{rel}","templated":true}]}}