{"id":1560,"date":"2026-02-22T18:04:15","date_gmt":"2026-02-22T15:04:15","guid":{"rendered":"https:\/\/betwinner.team\/tr\/?page_id=1560"},"modified":"2026-04-11T16:35:54","modified_gmt":"2026-04-11T13:35:54","slug":"partners","status":"publish","type":"page","link":"https:\/\/betwinner.team\/tr\/partners\/","title":{"rendered":"Ortaklar"},"content":{"rendered":"","protected":false},"excerpt":{"rendered":"","protected":false},"author":1,"featured_media":0,"parent":0,"menu_order":0,"comment_status":"closed","ping_status":"closed","template":"","meta":{"_acf_changed":false,"footnotes":""},"class_list":["post-1560","page","type-page","status-publish","hentry"],"acf":[],"yoast_head":"<!-- This site is optimized with the Yoast SEO plugin v26.9 - https:\/\/yoast.com\/product\/yoast-seo-wordpress\/ -->\n<title>Betwinner ortakl\u0131k program\u0131 \u2014 gelir payla\u015f\u0131m\u0131 ve kazan\u00e7lar<\/title>\n<meta name=\"description\" content=\"Betwinner Ortakl\u0131k Program\u0131na kat\u0131l\u0131n \u2014 Oyuncular\u0131 \u00e7ekin ve &#039;a varan gelir pay\u0131, pazarlama ara\u00e7lar\u0131 ve h\u0131zl\u0131 kay\u0131t imkanlar\u0131ndan yararlan\u0131n. Hedef kitlesi olan ortaklar i\u00e7in ideal \u2014 \u015feffaf istatistikler, destek ve s\u0131n\u0131rs\u0131z \u00f6deme!\" \/>\n<meta name=\"robots\" content=\"index, follow, max-snippet:-1, max-image-preview:large, max-video-preview:-1\" \/>\n<link rel=\"canonical\" href=\"https:\/\/betwinner.team\/tr\/partners\/\" \/>\n<meta property=\"og:locale\" content=\"tr_TR\" \/>\n<meta property=\"og:type\" content=\"article\" \/>\n<meta property=\"og:title\" content=\"Betwinner ortakl\u0131k program\u0131 \u2014 gelir payla\u015f\u0131m\u0131 ve kazan\u00e7lar\" \/>\n<meta property=\"og:description\" content=\"Betwinner Ortakl\u0131k Program\u0131na kat\u0131l\u0131n \u2014 Oyuncular\u0131 \u00e7ekin ve &#039;a varan gelir pay\u0131, pazarlama ara\u00e7lar\u0131 ve h\u0131zl\u0131 kay\u0131t imkanlar\u0131ndan yararlan\u0131n. Hedef kitlesi olan ortaklar i\u00e7in ideal \u2014 \u015feffaf istatistikler, destek ve s\u0131n\u0131rs\u0131z \u00f6deme!\" \/>\n<meta property=\"og:url\" content=\"https:\/\/betwinner.team\/tr\/partners\/\" \/>\n<meta property=\"og:site_name\" content=\"Betwinner Team tr\" \/>\n<meta property=\"article:modified_time\" content=\"2026-04-11T13:35:54+00:00\" \/>\n<meta name=\"twitter:card\" content=\"summary_large_image\" \/>\n<script type=\"application\/ld+json\" class=\"yoast-schema-graph\">{\"@context\":\"https:\/\/schema.org\",\"@graph\":[{\"@type\":\"WebPage\",\"@id\":\"https:\/\/betwinner.team\/tr\/partners\/\",\"url\":\"https:\/\/betwinner.team\/tr\/partners\/\",\"name\":\"Betwinner ortakl\u0131k program\u0131 \u2014 gelir payla\u015f\u0131m\u0131 ve kazan\u00e7lar\",\"isPartOf\":{\"@id\":\"http:\/\/betwinner.team\/tr\/#website\"},\"datePublished\":\"2026-02-22T15:04:15+00:00\",\"dateModified\":\"2026-04-11T13:35:54+00:00\",\"description\":\"Betwinner Ortakl\u0131k Program\u0131na kat\u0131l\u0131n \u2014 Oyuncular\u0131 \u00e7ekin ve 'a varan gelir pay\u0131, pazarlama ara\u00e7lar\u0131 ve h\u0131zl\u0131 kay\u0131t imkanlar\u0131ndan yararlan\u0131n. Hedef kitlesi olan ortaklar i\u00e7in ideal \u2014 \u015feffaf istatistikler, destek ve s\u0131n\u0131rs\u0131z \u00f6deme!\",\"inLanguage\":\"tr\",\"potentialAction\":[{\"@type\":\"ReadAction\",\"target\":[\"https:\/\/betwinner.team\/tr\/partners\/\"]}]},{\"@type\":\"WebSite\",\"@id\":\"http:\/\/betwinner.team\/tr\/#website\",\"url\":\"http:\/\/betwinner.team\/tr\/\",\"name\":\"Betwinner Team tr\",\"description\":\"\",\"potentialAction\":[{\"@type\":\"SearchAction\",\"target\":{\"@type\":\"EntryPoint\",\"urlTemplate\":\"http:\/\/betwinner.team\/tr\/?s={search_term_string}\"},\"query-input\":{\"@type\":\"PropertyValueSpecification\",\"valueRequired\":true,\"valueName\":\"search_term_string\"}}],\"inLanguage\":\"tr\"}]}<\/script>\n<!-- \/ Yoast SEO plugin. -->","yoast_head_json":{"title":"Betwinner ortakl\u0131k program\u0131 \u2014 gelir payla\u015f\u0131m\u0131 ve kazan\u00e7lar","description":"Betwinner Ortakl\u0131k Program\u0131na kat\u0131l\u0131n \u2014 Oyuncular\u0131 \u00e7ekin ve 'a varan gelir pay\u0131, pazarlama ara\u00e7lar\u0131 ve h\u0131zl\u0131 kay\u0131t imkanlar\u0131ndan yararlan\u0131n. Hedef kitlesi olan ortaklar i\u00e7in ideal \u2014 \u015feffaf istatistikler, destek ve s\u0131n\u0131rs\u0131z \u00f6deme!","robots":{"index":"index","follow":"follow","max-snippet":"max-snippet:-1","max-image-preview":"max-image-preview:large","max-video-preview":"max-video-preview:-1"},"canonical":"https:\/\/betwinner.team\/tr\/partners\/","og_locale":"tr_TR","og_type":"article","og_title":"Betwinner ortakl\u0131k program\u0131 \u2014 gelir payla\u015f\u0131m\u0131 ve kazan\u00e7lar","og_description":"Betwinner Ortakl\u0131k Program\u0131na kat\u0131l\u0131n \u2014 Oyuncular\u0131 \u00e7ekin ve 'a varan gelir pay\u0131, pazarlama ara\u00e7lar\u0131 ve h\u0131zl\u0131 kay\u0131t imkanlar\u0131ndan yararlan\u0131n. Hedef kitlesi olan ortaklar i\u00e7in ideal \u2014 \u015feffaf istatistikler, destek ve s\u0131n\u0131rs\u0131z \u00f6deme!","og_url":"https:\/\/betwinner.team\/tr\/partners\/","og_site_name":"Betwinner Team tr","article_modified_time":"2026-04-11T13:35:54+00:00","twitter_card":"summary_large_image","schema":{"@context":"https:\/\/schema.org","@graph":[{"@type":"WebPage","@id":"https:\/\/betwinner.team\/tr\/partners\/","url":"https:\/\/betwinner.team\/tr\/partners\/","name":"Betwinner ortakl\u0131k program\u0131 \u2014 gelir payla\u015f\u0131m\u0131 ve kazan\u00e7lar","isPartOf":{"@id":"http:\/\/betwinner.team\/tr\/#website"},"datePublished":"2026-02-22T15:04:15+00:00","dateModified":"2026-04-11T13:35:54+00:00","description":"Betwinner Ortakl\u0131k Program\u0131na kat\u0131l\u0131n \u2014 Oyuncular\u0131 \u00e7ekin ve 'a varan gelir pay\u0131, pazarlama ara\u00e7lar\u0131 ve h\u0131zl\u0131 kay\u0131t imkanlar\u0131ndan yararlan\u0131n. Hedef kitlesi olan ortaklar i\u00e7in ideal \u2014 \u015feffaf istatistikler, destek ve s\u0131n\u0131rs\u0131z \u00f6deme!","inLanguage":"tr","potentialAction":[{"@type":"ReadAction","target":["https:\/\/betwinner.team\/tr\/partners\/"]}]},{"@type":"WebSite","@id":"http:\/\/betwinner.team\/tr\/#website","url":"http:\/\/betwinner.team\/tr\/","name":"Betwinner Team tr","description":"","potentialAction":[{"@type":"SearchAction","target":{"@type":"EntryPoint","urlTemplate":"http:\/\/betwinner.team\/tr\/?s={search_term_string}"},"query-input":{"@type":"PropertyValueSpecification","valueRequired":true,"valueName":"search_term_string"}}],"inLanguage":"tr"}]}},"_links":{"self":[{"href":"https:\/\/betwinner.team\/tr\/wp-json\/wp\/v2\/pages\/1560","targetHints":{"allow":["GET"]}}],"collection":[{"href":"https:\/\/betwinner.team\/tr\/wp-json\/wp\/v2\/pages"}],"about":[{"href":"https:\/\/betwinner.team\/tr\/wp-json\/wp\/v2\/types\/page"}],"author":[{"embeddable":true,"href":"https:\/\/betwinner.team\/tr\/wp-json\/wp\/v2\/users\/1"}],"replies":[{"embeddable":true,"href":"https:\/\/betwinner.team\/tr\/wp-json\/wp\/v2\/comments?post=1560"}],"version-history":[{"count":5,"href":"https:\/\/betwinner.team\/tr\/wp-json\/wp\/v2\/pages\/1560\/revisions"}],"predecessor-version":[{"id":1637,"href":"https:\/\/betwinner.team\/tr\/wp-json\/wp\/v2\/pages\/1560\/revisions\/1637"}],"wp:attachment":[{"href":"https:\/\/betwinner.team\/tr\/wp-json\/wp\/v2\/media?parent=1560"}],"curies":[{"name":"wp","href":"https:\/\/api.w.org\/{rel}","templated":true}]}}