{"id":1543,"date":"2026-02-22T08:06:34","date_gmt":"2026-02-22T05:06:34","guid":{"rendered":"https:\/\/betwinner.team\/tr\/?page_id=1543"},"modified":"2026-04-11T16:50:07","modified_gmt":"2026-04-11T13:50:07","slug":"registration","status":"publish","type":"page","link":"https:\/\/betwinner.team\/tr\/registration\/","title":{"rendered":"Kay\u0131t"},"content":{"rendered":"","protected":false},"excerpt":{"rendered":"","protected":false},"author":1,"featured_media":0,"parent":0,"menu_order":0,"comment_status":"closed","ping_status":"closed","template":"","meta":{"_acf_changed":false,"footnotes":""},"class_list":["post-1543","page","type-page","status-publish","hentry"],"acf":[],"yoast_head":"<!-- This site is optimized with the Yoast SEO plugin v26.9 - https:\/\/yoast.com\/product\/yoast-seo-wordpress\/ -->\n<title>Betwinner Kay\u0131t K\u0131lavuzu ve 2026 Bonus<\/title>\n<meta name=\"description\" content=\"Betwinner&#039;da h\u0131zl\u0131 kay\u0131t \u2014 Bir y\u00f6ntem se\u00e7in (tek t\u0131kla, telefon, e-posta), hesab\u0131n\u0131z\u0131 do\u011frulay\u0131n ve promosyon kodunu kullanarak ho\u015f geldiniz bonusunu al\u0131n. T\u00fcm cihazlardan 9.000&#039;den fazla etkinli\u011fe ve binlerce slot oyununa eri\u015fin \u2013 sadece 1 dakikada ba\u015flay\u0131n!\" \/>\n<meta name=\"robots\" content=\"index, follow, max-snippet:-1, max-image-preview:large, max-video-preview:-1\" \/>\n<link rel=\"canonical\" href=\"https:\/\/betwinner.team\/tr\/registration\/\" \/>\n<meta property=\"og:locale\" content=\"tr_TR\" \/>\n<meta property=\"og:type\" content=\"article\" \/>\n<meta property=\"og:title\" content=\"Betwinner Kay\u0131t K\u0131lavuzu ve 2026 Bonus\" \/>\n<meta property=\"og:description\" content=\"Betwinner&#039;da h\u0131zl\u0131 kay\u0131t \u2014 Bir y\u00f6ntem se\u00e7in (tek t\u0131kla, telefon, e-posta), hesab\u0131n\u0131z\u0131 do\u011frulay\u0131n ve promosyon kodunu kullanarak ho\u015f geldiniz bonusunu al\u0131n. T\u00fcm cihazlardan 9.000&#039;den fazla etkinli\u011fe ve binlerce slot oyununa eri\u015fin \u2013 sadece 1 dakikada ba\u015flay\u0131n!\" \/>\n<meta property=\"og:url\" content=\"https:\/\/betwinner.team\/tr\/registration\/\" \/>\n<meta property=\"og:site_name\" content=\"Betwinner Team tr\" \/>\n<meta property=\"article:modified_time\" content=\"2026-04-11T13:50:07+00:00\" \/>\n<meta name=\"twitter:card\" content=\"summary_large_image\" \/>\n<script type=\"application\/ld+json\" class=\"yoast-schema-graph\">{\"@context\":\"https:\/\/schema.org\",\"@graph\":[{\"@type\":\"WebPage\",\"@id\":\"https:\/\/betwinner.team\/tr\/registration\/\",\"url\":\"https:\/\/betwinner.team\/tr\/registration\/\",\"name\":\"Betwinner Kay\u0131t K\u0131lavuzu ve 2026 Bonus\",\"isPartOf\":{\"@id\":\"http:\/\/betwinner.team\/tr\/#website\"},\"datePublished\":\"2026-02-22T05:06:34+00:00\",\"dateModified\":\"2026-04-11T13:50:07+00:00\",\"description\":\"Betwinner'da h\u0131zl\u0131 kay\u0131t \u2014 Bir y\u00f6ntem se\u00e7in (tek t\u0131kla, telefon, e-posta), hesab\u0131n\u0131z\u0131 do\u011frulay\u0131n ve promosyon kodunu kullanarak ho\u015f geldiniz bonusunu al\u0131n. T\u00fcm cihazlardan 9.000'den fazla etkinli\u011fe ve binlerce slot oyununa eri\u015fin \u2013 sadece 1 dakikada ba\u015flay\u0131n!\",\"inLanguage\":\"tr\",\"potentialAction\":[{\"@type\":\"ReadAction\",\"target\":[\"https:\/\/betwinner.team\/tr\/registration\/\"]}]},{\"@type\":\"WebSite\",\"@id\":\"http:\/\/betwinner.team\/tr\/#website\",\"url\":\"http:\/\/betwinner.team\/tr\/\",\"name\":\"Betwinner Team tr\",\"description\":\"\",\"potentialAction\":[{\"@type\":\"SearchAction\",\"target\":{\"@type\":\"EntryPoint\",\"urlTemplate\":\"http:\/\/betwinner.team\/tr\/?s={search_term_string}\"},\"query-input\":{\"@type\":\"PropertyValueSpecification\",\"valueRequired\":true,\"valueName\":\"search_term_string\"}}],\"inLanguage\":\"tr\"}]}<\/script>\n<!-- \/ Yoast SEO plugin. -->","yoast_head_json":{"title":"Betwinner Kay\u0131t K\u0131lavuzu ve 2026 Bonus","description":"Betwinner'da h\u0131zl\u0131 kay\u0131t \u2014 Bir y\u00f6ntem se\u00e7in (tek t\u0131kla, telefon, e-posta), hesab\u0131n\u0131z\u0131 do\u011frulay\u0131n ve promosyon kodunu kullanarak ho\u015f geldiniz bonusunu al\u0131n. T\u00fcm cihazlardan 9.000'den fazla etkinli\u011fe ve binlerce slot oyununa eri\u015fin \u2013 sadece 1 dakikada ba\u015flay\u0131n!","robots":{"index":"index","follow":"follow","max-snippet":"max-snippet:-1","max-image-preview":"max-image-preview:large","max-video-preview":"max-video-preview:-1"},"canonical":"https:\/\/betwinner.team\/tr\/registration\/","og_locale":"tr_TR","og_type":"article","og_title":"Betwinner Kay\u0131t K\u0131lavuzu ve 2026 Bonus","og_description":"Betwinner'da h\u0131zl\u0131 kay\u0131t \u2014 Bir y\u00f6ntem se\u00e7in (tek t\u0131kla, telefon, e-posta), hesab\u0131n\u0131z\u0131 do\u011frulay\u0131n ve promosyon kodunu kullanarak ho\u015f geldiniz bonusunu al\u0131n. T\u00fcm cihazlardan 9.000'den fazla etkinli\u011fe ve binlerce slot oyununa eri\u015fin \u2013 sadece 1 dakikada ba\u015flay\u0131n!","og_url":"https:\/\/betwinner.team\/tr\/registration\/","og_site_name":"Betwinner Team tr","article_modified_time":"2026-04-11T13:50:07+00:00","twitter_card":"summary_large_image","schema":{"@context":"https:\/\/schema.org","@graph":[{"@type":"WebPage","@id":"https:\/\/betwinner.team\/tr\/registration\/","url":"https:\/\/betwinner.team\/tr\/registration\/","name":"Betwinner Kay\u0131t K\u0131lavuzu ve 2026 Bonus","isPartOf":{"@id":"http:\/\/betwinner.team\/tr\/#website"},"datePublished":"2026-02-22T05:06:34+00:00","dateModified":"2026-04-11T13:50:07+00:00","description":"Betwinner'da h\u0131zl\u0131 kay\u0131t \u2014 Bir y\u00f6ntem se\u00e7in (tek t\u0131kla, telefon, e-posta), hesab\u0131n\u0131z\u0131 do\u011frulay\u0131n ve promosyon kodunu kullanarak ho\u015f geldiniz bonusunu al\u0131n. T\u00fcm cihazlardan 9.000'den fazla etkinli\u011fe ve binlerce slot oyununa eri\u015fin \u2013 sadece 1 dakikada ba\u015flay\u0131n!","inLanguage":"tr","potentialAction":[{"@type":"ReadAction","target":["https:\/\/betwinner.team\/tr\/registration\/"]}]},{"@type":"WebSite","@id":"http:\/\/betwinner.team\/tr\/#website","url":"http:\/\/betwinner.team\/tr\/","name":"Betwinner Team tr","description":"","potentialAction":[{"@type":"SearchAction","target":{"@type":"EntryPoint","urlTemplate":"http:\/\/betwinner.team\/tr\/?s={search_term_string}"},"query-input":{"@type":"PropertyValueSpecification","valueRequired":true,"valueName":"search_term_string"}}],"inLanguage":"tr"}]}},"_links":{"self":[{"href":"https:\/\/betwinner.team\/tr\/wp-json\/wp\/v2\/pages\/1543","targetHints":{"allow":["GET"]}}],"collection":[{"href":"https:\/\/betwinner.team\/tr\/wp-json\/wp\/v2\/pages"}],"about":[{"href":"https:\/\/betwinner.team\/tr\/wp-json\/wp\/v2\/types\/page"}],"author":[{"embeddable":true,"href":"https:\/\/betwinner.team\/tr\/wp-json\/wp\/v2\/users\/1"}],"replies":[{"embeddable":true,"href":"https:\/\/betwinner.team\/tr\/wp-json\/wp\/v2\/comments?post=1543"}],"version-history":[{"count":5,"href":"https:\/\/betwinner.team\/tr\/wp-json\/wp\/v2\/pages\/1543\/revisions"}],"predecessor-version":[{"id":1641,"href":"https:\/\/betwinner.team\/tr\/wp-json\/wp\/v2\/pages\/1543\/revisions\/1641"}],"wp:attachment":[{"href":"https:\/\/betwinner.team\/tr\/wp-json\/wp\/v2\/media?parent=1543"}],"curies":[{"name":"wp","href":"https:\/\/api.w.org\/{rel}","templated":true}]}}