{"id":1520,"date":"2026-02-21T15:19:01","date_gmt":"2026-02-21T12:19:01","guid":{"rendered":"https:\/\/betwinner.team\/tr\/?page_id=1520"},"modified":"2026-04-11T16:50:57","modified_gmt":"2026-04-11T13:50:57","slug":"promo-code","status":"publish","type":"page","link":"https:\/\/betwinner.team\/tr\/promo-code\/","title":{"rendered":"\u0130ndirim kodu"},"content":{"rendered":"","protected":false},"excerpt":{"rendered":"","protected":false},"author":1,"featured_media":0,"parent":0,"menu_order":0,"comment_status":"closed","ping_status":"closed","template":"","meta":{"_acf_changed":false,"footnotes":""},"class_list":["post-1520","page","type-page","status-publish","hentry"],"acf":[],"yoast_head":"<!-- This site is optimized with the Yoast SEO plugin v26.9 - https:\/\/yoast.com\/product\/yoast-seo-wordpress\/ -->\n<title>Betwinner promosyon kodlar\u0131 2026 \u2014 G\u00fcncel bonus kodlar\u0131<\/title>\n<meta name=\"description\" content=\"Betwinner promosyon kodlar\u0131n\u0131 etkinle\u015ftirin \u2014 \u00dccretsiz d\u00f6nd\u00fcrme ve geri \u00f6deme i\u00e7in g\u00fcnl\u00fck kodlar. En yeni promosyon kodlar\u0131n\u0131 nereden alabilece\u011finizi, kay\u0131t s\u0131ras\u0131nda nas\u0131l girebilece\u011finizi ve slot oyunlar\u0131nda nas\u0131l kullanabilece\u011finizi \u00f6\u011frenin \u2014 gereksiz masraflar yapmadan daha uzun s\u00fcre oynay\u0131n!\" \/>\n<meta name=\"robots\" content=\"index, follow, max-snippet:-1, max-image-preview:large, max-video-preview:-1\" \/>\n<link rel=\"canonical\" href=\"https:\/\/betwinner.team\/tr\/promo-code\/\" \/>\n<meta property=\"og:locale\" content=\"tr_TR\" \/>\n<meta property=\"og:type\" content=\"article\" \/>\n<meta property=\"og:title\" content=\"Betwinner promosyon kodlar\u0131 2026 \u2014 G\u00fcncel bonus kodlar\u0131\" \/>\n<meta property=\"og:description\" content=\"Betwinner promosyon kodlar\u0131n\u0131 etkinle\u015ftirin \u2014 \u00dccretsiz d\u00f6nd\u00fcrme ve geri \u00f6deme i\u00e7in g\u00fcnl\u00fck kodlar. En yeni promosyon kodlar\u0131n\u0131 nereden alabilece\u011finizi, kay\u0131t s\u0131ras\u0131nda nas\u0131l girebilece\u011finizi ve slot oyunlar\u0131nda nas\u0131l kullanabilece\u011finizi \u00f6\u011frenin \u2014 gereksiz masraflar yapmadan daha uzun s\u00fcre oynay\u0131n!\" \/>\n<meta property=\"og:url\" content=\"https:\/\/betwinner.team\/tr\/promo-code\/\" \/>\n<meta property=\"og:site_name\" content=\"Betwinner Team tr\" \/>\n<meta property=\"article:modified_time\" content=\"2026-04-11T13:50:57+00:00\" \/>\n<meta name=\"twitter:card\" content=\"summary_large_image\" \/>\n<script type=\"application\/ld+json\" class=\"yoast-schema-graph\">{\"@context\":\"https:\/\/schema.org\",\"@graph\":[{\"@type\":\"WebPage\",\"@id\":\"https:\/\/betwinner.team\/tr\/promo-code\/\",\"url\":\"https:\/\/betwinner.team\/tr\/promo-code\/\",\"name\":\"Betwinner promosyon kodlar\u0131 2026 \u2014 G\u00fcncel bonus kodlar\u0131\",\"isPartOf\":{\"@id\":\"http:\/\/betwinner.team\/tr\/#website\"},\"datePublished\":\"2026-02-21T12:19:01+00:00\",\"dateModified\":\"2026-04-11T13:50:57+00:00\",\"description\":\"Betwinner promosyon kodlar\u0131n\u0131 etkinle\u015ftirin \u2014 \u00dccretsiz d\u00f6nd\u00fcrme ve geri \u00f6deme i\u00e7in g\u00fcnl\u00fck kodlar. En yeni promosyon kodlar\u0131n\u0131 nereden alabilece\u011finizi, kay\u0131t s\u0131ras\u0131nda nas\u0131l girebilece\u011finizi ve slot oyunlar\u0131nda nas\u0131l kullanabilece\u011finizi \u00f6\u011frenin \u2014 gereksiz masraflar yapmadan daha uzun s\u00fcre oynay\u0131n!\",\"inLanguage\":\"tr\",\"potentialAction\":[{\"@type\":\"ReadAction\",\"target\":[\"https:\/\/betwinner.team\/tr\/promo-code\/\"]}]},{\"@type\":\"WebSite\",\"@id\":\"http:\/\/betwinner.team\/tr\/#website\",\"url\":\"http:\/\/betwinner.team\/tr\/\",\"name\":\"Betwinner Team tr\",\"description\":\"\",\"potentialAction\":[{\"@type\":\"SearchAction\",\"target\":{\"@type\":\"EntryPoint\",\"urlTemplate\":\"http:\/\/betwinner.team\/tr\/?s={search_term_string}\"},\"query-input\":{\"@type\":\"PropertyValueSpecification\",\"valueRequired\":true,\"valueName\":\"search_term_string\"}}],\"inLanguage\":\"tr\"}]}<\/script>\n<!-- \/ Yoast SEO plugin. -->","yoast_head_json":{"title":"Betwinner promosyon kodlar\u0131 2026 \u2014 G\u00fcncel bonus kodlar\u0131","description":"Betwinner promosyon kodlar\u0131n\u0131 etkinle\u015ftirin \u2014 \u00dccretsiz d\u00f6nd\u00fcrme ve geri \u00f6deme i\u00e7in g\u00fcnl\u00fck kodlar. En yeni promosyon kodlar\u0131n\u0131 nereden alabilece\u011finizi, kay\u0131t s\u0131ras\u0131nda nas\u0131l girebilece\u011finizi ve slot oyunlar\u0131nda nas\u0131l kullanabilece\u011finizi \u00f6\u011frenin \u2014 gereksiz masraflar yapmadan daha uzun s\u00fcre oynay\u0131n!","robots":{"index":"index","follow":"follow","max-snippet":"max-snippet:-1","max-image-preview":"max-image-preview:large","max-video-preview":"max-video-preview:-1"},"canonical":"https:\/\/betwinner.team\/tr\/promo-code\/","og_locale":"tr_TR","og_type":"article","og_title":"Betwinner promosyon kodlar\u0131 2026 \u2014 G\u00fcncel bonus kodlar\u0131","og_description":"Betwinner promosyon kodlar\u0131n\u0131 etkinle\u015ftirin \u2014 \u00dccretsiz d\u00f6nd\u00fcrme ve geri \u00f6deme i\u00e7in g\u00fcnl\u00fck kodlar. En yeni promosyon kodlar\u0131n\u0131 nereden alabilece\u011finizi, kay\u0131t s\u0131ras\u0131nda nas\u0131l girebilece\u011finizi ve slot oyunlar\u0131nda nas\u0131l kullanabilece\u011finizi \u00f6\u011frenin \u2014 gereksiz masraflar yapmadan daha uzun s\u00fcre oynay\u0131n!","og_url":"https:\/\/betwinner.team\/tr\/promo-code\/","og_site_name":"Betwinner Team tr","article_modified_time":"2026-04-11T13:50:57+00:00","twitter_card":"summary_large_image","schema":{"@context":"https:\/\/schema.org","@graph":[{"@type":"WebPage","@id":"https:\/\/betwinner.team\/tr\/promo-code\/","url":"https:\/\/betwinner.team\/tr\/promo-code\/","name":"Betwinner promosyon kodlar\u0131 2026 \u2014 G\u00fcncel bonus kodlar\u0131","isPartOf":{"@id":"http:\/\/betwinner.team\/tr\/#website"},"datePublished":"2026-02-21T12:19:01+00:00","dateModified":"2026-04-11T13:50:57+00:00","description":"Betwinner promosyon kodlar\u0131n\u0131 etkinle\u015ftirin \u2014 \u00dccretsiz d\u00f6nd\u00fcrme ve geri \u00f6deme i\u00e7in g\u00fcnl\u00fck kodlar. En yeni promosyon kodlar\u0131n\u0131 nereden alabilece\u011finizi, kay\u0131t s\u0131ras\u0131nda nas\u0131l girebilece\u011finizi ve slot oyunlar\u0131nda nas\u0131l kullanabilece\u011finizi \u00f6\u011frenin \u2014 gereksiz masraflar yapmadan daha uzun s\u00fcre oynay\u0131n!","inLanguage":"tr","potentialAction":[{"@type":"ReadAction","target":["https:\/\/betwinner.team\/tr\/promo-code\/"]}]},{"@type":"WebSite","@id":"http:\/\/betwinner.team\/tr\/#website","url":"http:\/\/betwinner.team\/tr\/","name":"Betwinner Team tr","description":"","potentialAction":[{"@type":"SearchAction","target":{"@type":"EntryPoint","urlTemplate":"http:\/\/betwinner.team\/tr\/?s={search_term_string}"},"query-input":{"@type":"PropertyValueSpecification","valueRequired":true,"valueName":"search_term_string"}}],"inLanguage":"tr"}]}},"_links":{"self":[{"href":"https:\/\/betwinner.team\/tr\/wp-json\/wp\/v2\/pages\/1520","targetHints":{"allow":["GET"]}}],"collection":[{"href":"https:\/\/betwinner.team\/tr\/wp-json\/wp\/v2\/pages"}],"about":[{"href":"https:\/\/betwinner.team\/tr\/wp-json\/wp\/v2\/types\/page"}],"author":[{"embeddable":true,"href":"https:\/\/betwinner.team\/tr\/wp-json\/wp\/v2\/users\/1"}],"replies":[{"embeddable":true,"href":"https:\/\/betwinner.team\/tr\/wp-json\/wp\/v2\/comments?post=1520"}],"version-history":[{"count":5,"href":"https:\/\/betwinner.team\/tr\/wp-json\/wp\/v2\/pages\/1520\/revisions"}],"predecessor-version":[{"id":1642,"href":"https:\/\/betwinner.team\/tr\/wp-json\/wp\/v2\/pages\/1520\/revisions\/1642"}],"wp:attachment":[{"href":"https:\/\/betwinner.team\/tr\/wp-json\/wp\/v2\/media?parent=1520"}],"curies":[{"name":"wp","href":"https:\/\/api.w.org\/{rel}","templated":true}]}}