{"id":1495,"date":"2026-02-20T12:53:50","date_gmt":"2026-02-20T09:53:50","guid":{"rendered":"https:\/\/betwinner.team\/tr\/?page_id=1495"},"modified":"2026-04-11T14:47:38","modified_gmt":"2026-04-11T11:47:38","slug":"bonus","status":"publish","type":"page","link":"https:\/\/betwinner.team\/tr\/bonus\/","title":{"rendered":"Bonus"},"content":{"rendered":"","protected":false},"excerpt":{"rendered":"","protected":false},"author":1,"featured_media":0,"parent":0,"menu_order":0,"comment_status":"closed","ping_status":"closed","template":"","meta":{"_acf_changed":false,"footnotes":""},"class_list":["post-1495","page","type-page","status-publish","hentry"],"acf":[],"yoast_head":"<!-- This site is optimized with the Yoast SEO plugin v26.9 - https:\/\/yoast.com\/product\/yoast-seo-wordpress\/ -->\n<title>Betwinner Bonuslar\u0131 \u2014 g\u00fcncel promosyon kodlar\u0131, casino promosyonlar\u0131<\/title>\n<meta name=\"description\" content=\"Para yat\u0131rd\u0131\u011f\u0131n\u0131zda Betwinner ho\u015f geldiniz bonusu, g\u00fcnl\u00fck \u00fccretsiz d\u00f6n\u00fc\u015fler ve kazan\u00e7lara y\u00f6nelik promosyonlardan yararlan\u0131n. Onayl\u0131 oyunlar + bakiye deste\u011fi \u2014 promosyon kodunu etkinle\u015ftirin ve hi\u00e7bir kay\u0131p ya\u015famadan oynamaya ba\u015flay\u0131n!\" \/>\n<meta name=\"robots\" content=\"index, follow, max-snippet:-1, max-image-preview:large, max-video-preview:-1\" \/>\n<link rel=\"canonical\" href=\"https:\/\/betwinner.team\/tr\/bonus\/\" \/>\n<meta property=\"og:locale\" content=\"tr_TR\" \/>\n<meta property=\"og:type\" content=\"article\" \/>\n<meta property=\"og:title\" content=\"Betwinner Bonuslar\u0131 \u2014 g\u00fcncel promosyon kodlar\u0131, casino promosyonlar\u0131\" \/>\n<meta property=\"og:description\" content=\"Para yat\u0131rd\u0131\u011f\u0131n\u0131zda Betwinner ho\u015f geldiniz bonusu, g\u00fcnl\u00fck \u00fccretsiz d\u00f6n\u00fc\u015fler ve kazan\u00e7lara y\u00f6nelik promosyonlardan yararlan\u0131n. Onayl\u0131 oyunlar + bakiye deste\u011fi \u2014 promosyon kodunu etkinle\u015ftirin ve hi\u00e7bir kay\u0131p ya\u015famadan oynamaya ba\u015flay\u0131n!\" \/>\n<meta property=\"og:url\" content=\"https:\/\/betwinner.team\/tr\/bonus\/\" \/>\n<meta property=\"og:site_name\" content=\"Betwinner Team tr\" \/>\n<meta property=\"article:modified_time\" content=\"2026-04-11T11:47:38+00:00\" \/>\n<meta name=\"twitter:card\" content=\"summary_large_image\" \/>\n<script type=\"application\/ld+json\" class=\"yoast-schema-graph\">{\"@context\":\"https:\/\/schema.org\",\"@graph\":[{\"@type\":\"WebPage\",\"@id\":\"https:\/\/betwinner.team\/tr\/bonus\/\",\"url\":\"https:\/\/betwinner.team\/tr\/bonus\/\",\"name\":\"Betwinner Bonuslar\u0131 \u2014 g\u00fcncel promosyon kodlar\u0131, casino promosyonlar\u0131\",\"isPartOf\":{\"@id\":\"http:\/\/betwinner.team\/tr\/#website\"},\"datePublished\":\"2026-02-20T09:53:50+00:00\",\"dateModified\":\"2026-04-11T11:47:38+00:00\",\"description\":\"Para yat\u0131rd\u0131\u011f\u0131n\u0131zda Betwinner ho\u015f geldiniz bonusu, g\u00fcnl\u00fck \u00fccretsiz d\u00f6n\u00fc\u015fler ve kazan\u00e7lara y\u00f6nelik promosyonlardan yararlan\u0131n. Onayl\u0131 oyunlar + bakiye deste\u011fi \u2014 promosyon kodunu etkinle\u015ftirin ve hi\u00e7bir kay\u0131p ya\u015famadan oynamaya ba\u015flay\u0131n!\",\"inLanguage\":\"tr\",\"potentialAction\":[{\"@type\":\"ReadAction\",\"target\":[\"https:\/\/betwinner.team\/tr\/bonus\/\"]}]},{\"@type\":\"WebSite\",\"@id\":\"http:\/\/betwinner.team\/tr\/#website\",\"url\":\"http:\/\/betwinner.team\/tr\/\",\"name\":\"Betwinner Team tr\",\"description\":\"\",\"potentialAction\":[{\"@type\":\"SearchAction\",\"target\":{\"@type\":\"EntryPoint\",\"urlTemplate\":\"http:\/\/betwinner.team\/tr\/?s={search_term_string}\"},\"query-input\":{\"@type\":\"PropertyValueSpecification\",\"valueRequired\":true,\"valueName\":\"search_term_string\"}}],\"inLanguage\":\"tr\"}]}<\/script>\n<!-- \/ Yoast SEO plugin. -->","yoast_head_json":{"title":"Betwinner Bonuslar\u0131 \u2014 g\u00fcncel promosyon kodlar\u0131, casino promosyonlar\u0131","description":"Para yat\u0131rd\u0131\u011f\u0131n\u0131zda Betwinner ho\u015f geldiniz bonusu, g\u00fcnl\u00fck \u00fccretsiz d\u00f6n\u00fc\u015fler ve kazan\u00e7lara y\u00f6nelik promosyonlardan yararlan\u0131n. Onayl\u0131 oyunlar + bakiye deste\u011fi \u2014 promosyon kodunu etkinle\u015ftirin ve hi\u00e7bir kay\u0131p ya\u015famadan oynamaya ba\u015flay\u0131n!","robots":{"index":"index","follow":"follow","max-snippet":"max-snippet:-1","max-image-preview":"max-image-preview:large","max-video-preview":"max-video-preview:-1"},"canonical":"https:\/\/betwinner.team\/tr\/bonus\/","og_locale":"tr_TR","og_type":"article","og_title":"Betwinner Bonuslar\u0131 \u2014 g\u00fcncel promosyon kodlar\u0131, casino promosyonlar\u0131","og_description":"Para yat\u0131rd\u0131\u011f\u0131n\u0131zda Betwinner ho\u015f geldiniz bonusu, g\u00fcnl\u00fck \u00fccretsiz d\u00f6n\u00fc\u015fler ve kazan\u00e7lara y\u00f6nelik promosyonlardan yararlan\u0131n. Onayl\u0131 oyunlar + bakiye deste\u011fi \u2014 promosyon kodunu etkinle\u015ftirin ve hi\u00e7bir kay\u0131p ya\u015famadan oynamaya ba\u015flay\u0131n!","og_url":"https:\/\/betwinner.team\/tr\/bonus\/","og_site_name":"Betwinner Team tr","article_modified_time":"2026-04-11T11:47:38+00:00","twitter_card":"summary_large_image","schema":{"@context":"https:\/\/schema.org","@graph":[{"@type":"WebPage","@id":"https:\/\/betwinner.team\/tr\/bonus\/","url":"https:\/\/betwinner.team\/tr\/bonus\/","name":"Betwinner Bonuslar\u0131 \u2014 g\u00fcncel promosyon kodlar\u0131, casino promosyonlar\u0131","isPartOf":{"@id":"http:\/\/betwinner.team\/tr\/#website"},"datePublished":"2026-02-20T09:53:50+00:00","dateModified":"2026-04-11T11:47:38+00:00","description":"Para yat\u0131rd\u0131\u011f\u0131n\u0131zda Betwinner ho\u015f geldiniz bonusu, g\u00fcnl\u00fck \u00fccretsiz d\u00f6n\u00fc\u015fler ve kazan\u00e7lara y\u00f6nelik promosyonlardan yararlan\u0131n. Onayl\u0131 oyunlar + bakiye deste\u011fi \u2014 promosyon kodunu etkinle\u015ftirin ve hi\u00e7bir kay\u0131p ya\u015famadan oynamaya ba\u015flay\u0131n!","inLanguage":"tr","potentialAction":[{"@type":"ReadAction","target":["https:\/\/betwinner.team\/tr\/bonus\/"]}]},{"@type":"WebSite","@id":"http:\/\/betwinner.team\/tr\/#website","url":"http:\/\/betwinner.team\/tr\/","name":"Betwinner Team tr","description":"","potentialAction":[{"@type":"SearchAction","target":{"@type":"EntryPoint","urlTemplate":"http:\/\/betwinner.team\/tr\/?s={search_term_string}"},"query-input":{"@type":"PropertyValueSpecification","valueRequired":true,"valueName":"search_term_string"}}],"inLanguage":"tr"}]}},"_links":{"self":[{"href":"https:\/\/betwinner.team\/tr\/wp-json\/wp\/v2\/pages\/1495","targetHints":{"allow":["GET"]}}],"collection":[{"href":"https:\/\/betwinner.team\/tr\/wp-json\/wp\/v2\/pages"}],"about":[{"href":"https:\/\/betwinner.team\/tr\/wp-json\/wp\/v2\/types\/page"}],"author":[{"embeddable":true,"href":"https:\/\/betwinner.team\/tr\/wp-json\/wp\/v2\/users\/1"}],"replies":[{"embeddable":true,"href":"https:\/\/betwinner.team\/tr\/wp-json\/wp\/v2\/comments?post=1495"}],"version-history":[{"count":5,"href":"https:\/\/betwinner.team\/tr\/wp-json\/wp\/v2\/pages\/1495\/revisions"}],"predecessor-version":[{"id":1627,"href":"https:\/\/betwinner.team\/tr\/wp-json\/wp\/v2\/pages\/1495\/revisions\/1627"}],"wp:attachment":[{"href":"https:\/\/betwinner.team\/tr\/wp-json\/wp\/v2\/media?parent=1495"}],"curies":[{"name":"wp","href":"https:\/\/api.w.org\/{rel}","templated":true}]}}