{"id":1460,"date":"2026-02-19T11:48:19","date_gmt":"2026-02-19T08:48:19","guid":{"rendered":"https:\/\/betwinner.team\/tr\/?page_id=1460"},"modified":"2026-04-11T15:28:19","modified_gmt":"2026-04-11T12:28:19","slug":"casino","status":"publish","type":"page","link":"https:\/\/betwinner.team\/tr\/casino\/","title":{"rendered":"Kumarhane"},"content":{"rendered":"","protected":false},"excerpt":{"rendered":"","protected":false},"author":1,"featured_media":0,"parent":0,"menu_order":0,"comment_status":"closed","ping_status":"closed","template":"","meta":{"_acf_changed":false,"footnotes":""},"class_list":["post-1460","page","type-page","status-publish","hentry"],"acf":[],"yoast_head":"<!-- This site is optimized with the Yoast SEO plugin v26.9 - https:\/\/yoast.com\/product\/yoast-seo-wordpress\/ -->\n<title>Betwinner Kumarhane \u27a4 Slotlar, Canl\u0131 oyunlar ve kazan\u00e7lar 2026<\/title>\n<meta name=\"description\" content=\"Betwinner Casino&#039;yu ke\u015ffedin \u27a4 Binlerce slot oyunu, canl\u0131 krupiye oyunu ve c\u00f6mert kazan\u00e7lar sizi bekliyor! Ger\u00e7ek parayla veya demo modunda \u00e7evrimi\u00e7i oynay\u0131n ve bir orta\u011fa ihtiya\u00e7 duymadan heyecan verici Kumarhane oyunlar\u0131nda \u015fans\u0131n\u0131z\u0131 deneyin.\" \/>\n<meta name=\"robots\" content=\"index, follow, max-snippet:-1, max-image-preview:large, max-video-preview:-1\" \/>\n<link rel=\"canonical\" href=\"https:\/\/betwinner.team\/tr\/casino\/\" \/>\n<meta property=\"og:locale\" content=\"tr_TR\" \/>\n<meta property=\"og:type\" content=\"article\" \/>\n<meta property=\"og:title\" content=\"Betwinner Kumarhane \u27a4 Slotlar, Canl\u0131 oyunlar ve kazan\u00e7lar 2026\" \/>\n<meta property=\"og:description\" content=\"Betwinner Casino&#039;yu ke\u015ffedin \u27a4 Binlerce slot oyunu, canl\u0131 krupiye oyunu ve c\u00f6mert kazan\u00e7lar sizi bekliyor! Ger\u00e7ek parayla veya demo modunda \u00e7evrimi\u00e7i oynay\u0131n ve bir orta\u011fa ihtiya\u00e7 duymadan heyecan verici Kumarhane oyunlar\u0131nda \u015fans\u0131n\u0131z\u0131 deneyin.\" \/>\n<meta property=\"og:url\" content=\"https:\/\/betwinner.team\/tr\/casino\/\" \/>\n<meta property=\"og:site_name\" content=\"Betwinner Team tr\" \/>\n<meta property=\"article:modified_time\" content=\"2026-04-11T12:28:19+00:00\" \/>\n<meta name=\"twitter:card\" content=\"summary_large_image\" \/>\n<script type=\"application\/ld+json\" class=\"yoast-schema-graph\">{\"@context\":\"https:\/\/schema.org\",\"@graph\":[{\"@type\":\"WebPage\",\"@id\":\"https:\/\/betwinner.team\/tr\/casino\/\",\"url\":\"https:\/\/betwinner.team\/tr\/casino\/\",\"name\":\"Betwinner Kumarhane \u27a4 Slotlar, Canl\u0131 oyunlar ve kazan\u00e7lar 2026\",\"isPartOf\":{\"@id\":\"http:\/\/betwinner.team\/tr\/#website\"},\"datePublished\":\"2026-02-19T08:48:19+00:00\",\"dateModified\":\"2026-04-11T12:28:19+00:00\",\"description\":\"Betwinner Casino'yu ke\u015ffedin \u27a4 Binlerce slot oyunu, canl\u0131 krupiye oyunu ve c\u00f6mert kazan\u00e7lar sizi bekliyor! Ger\u00e7ek parayla veya demo modunda \u00e7evrimi\u00e7i oynay\u0131n ve bir orta\u011fa ihtiya\u00e7 duymadan heyecan verici Kumarhane oyunlar\u0131nda \u015fans\u0131n\u0131z\u0131 deneyin.\",\"inLanguage\":\"tr\",\"potentialAction\":[{\"@type\":\"ReadAction\",\"target\":[\"https:\/\/betwinner.team\/tr\/casino\/\"]}]},{\"@type\":\"WebSite\",\"@id\":\"http:\/\/betwinner.team\/tr\/#website\",\"url\":\"http:\/\/betwinner.team\/tr\/\",\"name\":\"Betwinner Team tr\",\"description\":\"\",\"potentialAction\":[{\"@type\":\"SearchAction\",\"target\":{\"@type\":\"EntryPoint\",\"urlTemplate\":\"http:\/\/betwinner.team\/tr\/?s={search_term_string}\"},\"query-input\":{\"@type\":\"PropertyValueSpecification\",\"valueRequired\":true,\"valueName\":\"search_term_string\"}}],\"inLanguage\":\"tr\"}]}<\/script>\n<!-- \/ Yoast SEO plugin. -->","yoast_head_json":{"title":"Betwinner Kumarhane \u27a4 Slotlar, Canl\u0131 oyunlar ve kazan\u00e7lar 2026","description":"Betwinner Casino'yu ke\u015ffedin \u27a4 Binlerce slot oyunu, canl\u0131 krupiye oyunu ve c\u00f6mert kazan\u00e7lar sizi bekliyor! Ger\u00e7ek parayla veya demo modunda \u00e7evrimi\u00e7i oynay\u0131n ve bir orta\u011fa ihtiya\u00e7 duymadan heyecan verici Kumarhane oyunlar\u0131nda \u015fans\u0131n\u0131z\u0131 deneyin.","robots":{"index":"index","follow":"follow","max-snippet":"max-snippet:-1","max-image-preview":"max-image-preview:large","max-video-preview":"max-video-preview:-1"},"canonical":"https:\/\/betwinner.team\/tr\/casino\/","og_locale":"tr_TR","og_type":"article","og_title":"Betwinner Kumarhane \u27a4 Slotlar, Canl\u0131 oyunlar ve kazan\u00e7lar 2026","og_description":"Betwinner Casino'yu ke\u015ffedin \u27a4 Binlerce slot oyunu, canl\u0131 krupiye oyunu ve c\u00f6mert kazan\u00e7lar sizi bekliyor! Ger\u00e7ek parayla veya demo modunda \u00e7evrimi\u00e7i oynay\u0131n ve bir orta\u011fa ihtiya\u00e7 duymadan heyecan verici Kumarhane oyunlar\u0131nda \u015fans\u0131n\u0131z\u0131 deneyin.","og_url":"https:\/\/betwinner.team\/tr\/casino\/","og_site_name":"Betwinner Team tr","article_modified_time":"2026-04-11T12:28:19+00:00","twitter_card":"summary_large_image","schema":{"@context":"https:\/\/schema.org","@graph":[{"@type":"WebPage","@id":"https:\/\/betwinner.team\/tr\/casino\/","url":"https:\/\/betwinner.team\/tr\/casino\/","name":"Betwinner Kumarhane \u27a4 Slotlar, Canl\u0131 oyunlar ve kazan\u00e7lar 2026","isPartOf":{"@id":"http:\/\/betwinner.team\/tr\/#website"},"datePublished":"2026-02-19T08:48:19+00:00","dateModified":"2026-04-11T12:28:19+00:00","description":"Betwinner Casino'yu ke\u015ffedin \u27a4 Binlerce slot oyunu, canl\u0131 krupiye oyunu ve c\u00f6mert kazan\u00e7lar sizi bekliyor! Ger\u00e7ek parayla veya demo modunda \u00e7evrimi\u00e7i oynay\u0131n ve bir orta\u011fa ihtiya\u00e7 duymadan heyecan verici Kumarhane oyunlar\u0131nda \u015fans\u0131n\u0131z\u0131 deneyin.","inLanguage":"tr","potentialAction":[{"@type":"ReadAction","target":["https:\/\/betwinner.team\/tr\/casino\/"]}]},{"@type":"WebSite","@id":"http:\/\/betwinner.team\/tr\/#website","url":"http:\/\/betwinner.team\/tr\/","name":"Betwinner Team tr","description":"","potentialAction":[{"@type":"SearchAction","target":{"@type":"EntryPoint","urlTemplate":"http:\/\/betwinner.team\/tr\/?s={search_term_string}"},"query-input":{"@type":"PropertyValueSpecification","valueRequired":true,"valueName":"search_term_string"}}],"inLanguage":"tr"}]}},"_links":{"self":[{"href":"https:\/\/betwinner.team\/tr\/wp-json\/wp\/v2\/pages\/1460","targetHints":{"allow":["GET"]}}],"collection":[{"href":"https:\/\/betwinner.team\/tr\/wp-json\/wp\/v2\/pages"}],"about":[{"href":"https:\/\/betwinner.team\/tr\/wp-json\/wp\/v2\/types\/page"}],"author":[{"embeddable":true,"href":"https:\/\/betwinner.team\/tr\/wp-json\/wp\/v2\/users\/1"}],"replies":[{"embeddable":true,"href":"https:\/\/betwinner.team\/tr\/wp-json\/wp\/v2\/comments?post=1460"}],"version-history":[{"count":6,"href":"https:\/\/betwinner.team\/tr\/wp-json\/wp\/v2\/pages\/1460\/revisions"}],"predecessor-version":[{"id":1632,"href":"https:\/\/betwinner.team\/tr\/wp-json\/wp\/v2\/pages\/1460\/revisions\/1632"}],"wp:attachment":[{"href":"https:\/\/betwinner.team\/tr\/wp-json\/wp\/v2\/media?parent=1460"}],"curies":[{"name":"wp","href":"https:\/\/api.w.org\/{rel}","templated":true}]}}