{"id":1449,"date":"2026-02-16T18:30:45","date_gmt":"2026-02-16T15:30:45","guid":{"rendered":"https:\/\/betwinner.team\/tr\/?page_id=1449"},"modified":"2026-04-11T13:39:43","modified_gmt":"2026-04-11T10:39:43","slug":"apk","status":"publish","type":"page","link":"https:\/\/betwinner.team\/tr\/apk\/","title":{"rendered":"APK"},"content":{"rendered":"","protected":false},"excerpt":{"rendered":"","protected":false},"author":1,"featured_media":0,"parent":0,"menu_order":0,"comment_status":"closed","ping_status":"closed","template":"","meta":{"_acf_changed":false,"footnotes":""},"class_list":["post-1449","page","type-page","status-publish","hentry"],"acf":[],"yoast_head":"<!-- This site is optimized with the Yoast SEO plugin v26.9 - https:\/\/yoast.com\/product\/yoast-seo-wordpress\/ -->\n<title>Betwinner APK \u2014 Android i\u00e7in Resmi Uygulamay\u0131 \u0130ndirin<\/title>\n<meta name=\"description\" content=\"En son Betwinner APK&#039;s\u0131n\u0131 \u00fccretsiz indirin \u2014 y\u00fcksek oranlar, an\u0131nda para yat\u0131rma ve \u00e7ekme imkanlar\u0131 sunan spor bahisleri, casino ve canl\u0131 oyunlar i\u00e7in kullan\u0131\u015fl\u0131 bir mobil uygulama. \u0130lk para yat\u0131rma i\u015fleminizde 0&#039;e varan ho\u015f geldiniz bonusu kazan\u0131n \u2013 kaydolun, APK&#039;y\u0131 y\u00fckleyin ve her an bahis oynay\u0131n!\" \/>\n<meta name=\"robots\" content=\"index, follow, max-snippet:-1, max-image-preview:large, max-video-preview:-1\" \/>\n<link rel=\"canonical\" href=\"https:\/\/betwinner.team\/tr\/apk\/\" \/>\n<meta property=\"og:locale\" content=\"tr_TR\" \/>\n<meta property=\"og:type\" content=\"article\" \/>\n<meta property=\"og:title\" content=\"Betwinner APK \u2014 Android i\u00e7in Resmi Uygulamay\u0131 \u0130ndirin\" \/>\n<meta property=\"og:description\" content=\"En son Betwinner APK&#039;s\u0131n\u0131 \u00fccretsiz indirin \u2014 y\u00fcksek oranlar, an\u0131nda para yat\u0131rma ve \u00e7ekme imkanlar\u0131 sunan spor bahisleri, casino ve canl\u0131 oyunlar i\u00e7in kullan\u0131\u015fl\u0131 bir mobil uygulama. \u0130lk para yat\u0131rma i\u015fleminizde 0&#039;e varan ho\u015f geldiniz bonusu kazan\u0131n \u2013 kaydolun, APK&#039;y\u0131 y\u00fckleyin ve her an bahis oynay\u0131n!\" \/>\n<meta property=\"og:url\" content=\"https:\/\/betwinner.team\/tr\/apk\/\" \/>\n<meta property=\"og:site_name\" content=\"Betwinner Team tr\" \/>\n<meta property=\"article:modified_time\" content=\"2026-04-11T10:39:43+00:00\" \/>\n<meta name=\"twitter:card\" content=\"summary_large_image\" \/>\n<script type=\"application\/ld+json\" class=\"yoast-schema-graph\">{\"@context\":\"https:\/\/schema.org\",\"@graph\":[{\"@type\":\"WebPage\",\"@id\":\"https:\/\/betwinner.team\/tr\/apk\/\",\"url\":\"https:\/\/betwinner.team\/tr\/apk\/\",\"name\":\"Betwinner APK \u2014 Android i\u00e7in Resmi Uygulamay\u0131 \u0130ndirin\",\"isPartOf\":{\"@id\":\"http:\/\/betwinner.team\/tr\/#website\"},\"datePublished\":\"2026-02-16T15:30:45+00:00\",\"dateModified\":\"2026-04-11T10:39:43+00:00\",\"description\":\"En son Betwinner APK's\u0131n\u0131 \u00fccretsiz indirin \u2014 y\u00fcksek oranlar, an\u0131nda para yat\u0131rma ve \u00e7ekme imkanlar\u0131 sunan spor bahisleri, casino ve canl\u0131 oyunlar i\u00e7in kullan\u0131\u015fl\u0131 bir mobil uygulama. \u0130lk para yat\u0131rma i\u015fleminizde 0'e varan ho\u015f geldiniz bonusu kazan\u0131n \u2013 kaydolun, APK'y\u0131 y\u00fckleyin ve her an bahis oynay\u0131n!\",\"inLanguage\":\"tr\",\"potentialAction\":[{\"@type\":\"ReadAction\",\"target\":[\"https:\/\/betwinner.team\/tr\/apk\/\"]}]},{\"@type\":\"WebSite\",\"@id\":\"http:\/\/betwinner.team\/tr\/#website\",\"url\":\"http:\/\/betwinner.team\/tr\/\",\"name\":\"Betwinner Team tr\",\"description\":\"\",\"potentialAction\":[{\"@type\":\"SearchAction\",\"target\":{\"@type\":\"EntryPoint\",\"urlTemplate\":\"http:\/\/betwinner.team\/tr\/?s={search_term_string}\"},\"query-input\":{\"@type\":\"PropertyValueSpecification\",\"valueRequired\":true,\"valueName\":\"search_term_string\"}}],\"inLanguage\":\"tr\"}]}<\/script>\n<!-- \/ Yoast SEO plugin. -->","yoast_head_json":{"title":"Betwinner APK \u2014 Android i\u00e7in Resmi Uygulamay\u0131 \u0130ndirin","description":"En son Betwinner APK's\u0131n\u0131 \u00fccretsiz indirin \u2014 y\u00fcksek oranlar, an\u0131nda para yat\u0131rma ve \u00e7ekme imkanlar\u0131 sunan spor bahisleri, casino ve canl\u0131 oyunlar i\u00e7in kullan\u0131\u015fl\u0131 bir mobil uygulama. \u0130lk para yat\u0131rma i\u015fleminizde 0'e varan ho\u015f geldiniz bonusu kazan\u0131n \u2013 kaydolun, APK'y\u0131 y\u00fckleyin ve her an bahis oynay\u0131n!","robots":{"index":"index","follow":"follow","max-snippet":"max-snippet:-1","max-image-preview":"max-image-preview:large","max-video-preview":"max-video-preview:-1"},"canonical":"https:\/\/betwinner.team\/tr\/apk\/","og_locale":"tr_TR","og_type":"article","og_title":"Betwinner APK \u2014 Android i\u00e7in Resmi Uygulamay\u0131 \u0130ndirin","og_description":"En son Betwinner APK's\u0131n\u0131 \u00fccretsiz indirin \u2014 y\u00fcksek oranlar, an\u0131nda para yat\u0131rma ve \u00e7ekme imkanlar\u0131 sunan spor bahisleri, casino ve canl\u0131 oyunlar i\u00e7in kullan\u0131\u015fl\u0131 bir mobil uygulama. \u0130lk para yat\u0131rma i\u015fleminizde 0'e varan ho\u015f geldiniz bonusu kazan\u0131n \u2013 kaydolun, APK'y\u0131 y\u00fckleyin ve her an bahis oynay\u0131n!","og_url":"https:\/\/betwinner.team\/tr\/apk\/","og_site_name":"Betwinner Team tr","article_modified_time":"2026-04-11T10:39:43+00:00","twitter_card":"summary_large_image","schema":{"@context":"https:\/\/schema.org","@graph":[{"@type":"WebPage","@id":"https:\/\/betwinner.team\/tr\/apk\/","url":"https:\/\/betwinner.team\/tr\/apk\/","name":"Betwinner APK \u2014 Android i\u00e7in Resmi Uygulamay\u0131 \u0130ndirin","isPartOf":{"@id":"http:\/\/betwinner.team\/tr\/#website"},"datePublished":"2026-02-16T15:30:45+00:00","dateModified":"2026-04-11T10:39:43+00:00","description":"En son Betwinner APK's\u0131n\u0131 \u00fccretsiz indirin \u2014 y\u00fcksek oranlar, an\u0131nda para yat\u0131rma ve \u00e7ekme imkanlar\u0131 sunan spor bahisleri, casino ve canl\u0131 oyunlar i\u00e7in kullan\u0131\u015fl\u0131 bir mobil uygulama. \u0130lk para yat\u0131rma i\u015fleminizde 0'e varan ho\u015f geldiniz bonusu kazan\u0131n \u2013 kaydolun, APK'y\u0131 y\u00fckleyin ve her an bahis oynay\u0131n!","inLanguage":"tr","potentialAction":[{"@type":"ReadAction","target":["https:\/\/betwinner.team\/tr\/apk\/"]}]},{"@type":"WebSite","@id":"http:\/\/betwinner.team\/tr\/#website","url":"http:\/\/betwinner.team\/tr\/","name":"Betwinner Team tr","description":"","potentialAction":[{"@type":"SearchAction","target":{"@type":"EntryPoint","urlTemplate":"http:\/\/betwinner.team\/tr\/?s={search_term_string}"},"query-input":{"@type":"PropertyValueSpecification","valueRequired":true,"valueName":"search_term_string"}}],"inLanguage":"tr"}]}},"_links":{"self":[{"href":"https:\/\/betwinner.team\/tr\/wp-json\/wp\/v2\/pages\/1449","targetHints":{"allow":["GET"]}}],"collection":[{"href":"https:\/\/betwinner.team\/tr\/wp-json\/wp\/v2\/pages"}],"about":[{"href":"https:\/\/betwinner.team\/tr\/wp-json\/wp\/v2\/types\/page"}],"author":[{"embeddable":true,"href":"https:\/\/betwinner.team\/tr\/wp-json\/wp\/v2\/users\/1"}],"replies":[{"embeddable":true,"href":"https:\/\/betwinner.team\/tr\/wp-json\/wp\/v2\/comments?post=1449"}],"version-history":[{"count":5,"href":"https:\/\/betwinner.team\/tr\/wp-json\/wp\/v2\/pages\/1449\/revisions"}],"predecessor-version":[{"id":1625,"href":"https:\/\/betwinner.team\/tr\/wp-json\/wp\/v2\/pages\/1449\/revisions\/1625"}],"wp:attachment":[{"href":"https:\/\/betwinner.team\/tr\/wp-json\/wp\/v2\/media?parent=1449"}],"curies":[{"name":"wp","href":"https:\/\/api.w.org\/{rel}","templated":true}]}}