{"id":1423,"date":"2026-02-11T12:28:48","date_gmt":"2026-02-11T09:28:48","guid":{"rendered":"https:\/\/betwinner.team\/tr\/?page_id=1423"},"modified":"2026-04-11T13:56:49","modified_gmt":"2026-04-11T10:56:49","slug":"app","status":"publish","type":"page","link":"https:\/\/betwinner.team\/tr\/app\/","title":{"rendered":"Uygulama"},"content":{"rendered":"","protected":false},"excerpt":{"rendered":"","protected":false},"author":1,"featured_media":0,"parent":0,"menu_order":0,"comment_status":"closed","ping_status":"closed","template":"","meta":{"_acf_changed":false,"footnotes":""},"class_list":["post-1423","page","type-page","status-publish","hentry"],"acf":[],"yoast_head":"<!-- This site is optimized with the Yoast SEO plugin v26.9 - https:\/\/yoast.com\/product\/yoast-seo-wordpress\/ -->\n<title>Betwinner Uygulamas\u0131n\u0131 \u0130ndirin \u2014 Android\/iOS&#039;ta Bahis ve Casino<\/title>\n<meta name=\"description\" content=\"Android ve iOS i\u00e7in resmi Betwinner uygulamas\u0131 \u2014 1000&#039;den fazla etkinlikte canl\u0131 bahis, casino slotlar\u0131, h\u0131zl\u0131 para \u00e7ekme ve en pop\u00fcler spor dallar\u0131 tek bir t\u0131klamayla. Uygulamay\u0131 \u00fccretsiz indirin, promosyon koduyla kaydolun ve 0&#039;e varan ho\u015f geldiniz bonusu + nakit iadesi kazan\u0131n \u2014 her yerde an\u0131nda oynamaya ba\u015flay\u0131n!\" \/>\n<meta name=\"robots\" content=\"index, follow, max-snippet:-1, max-image-preview:large, max-video-preview:-1\" \/>\n<link rel=\"canonical\" href=\"https:\/\/betwinner.team\/tr\/app\/\" \/>\n<meta property=\"og:locale\" content=\"tr_TR\" \/>\n<meta property=\"og:type\" content=\"article\" \/>\n<meta property=\"og:title\" content=\"Betwinner Uygulamas\u0131n\u0131 \u0130ndirin \u2014 Android\/iOS&#039;ta Bahis ve Casino\" \/>\n<meta property=\"og:description\" content=\"Android ve iOS i\u00e7in resmi Betwinner uygulamas\u0131 \u2014 1000&#039;den fazla etkinlikte canl\u0131 bahis, casino slotlar\u0131, h\u0131zl\u0131 para \u00e7ekme ve en pop\u00fcler spor dallar\u0131 tek bir t\u0131klamayla. Uygulamay\u0131 \u00fccretsiz indirin, promosyon koduyla kaydolun ve 0&#039;e varan ho\u015f geldiniz bonusu + nakit iadesi kazan\u0131n \u2014 her yerde an\u0131nda oynamaya ba\u015flay\u0131n!\" \/>\n<meta property=\"og:url\" content=\"https:\/\/betwinner.team\/tr\/app\/\" \/>\n<meta property=\"og:site_name\" content=\"Betwinner Team tr\" \/>\n<meta property=\"article:modified_time\" content=\"2026-04-11T10:56:49+00:00\" \/>\n<meta name=\"twitter:card\" content=\"summary_large_image\" \/>\n<script type=\"application\/ld+json\" class=\"yoast-schema-graph\">{\"@context\":\"https:\/\/schema.org\",\"@graph\":[{\"@type\":\"WebPage\",\"@id\":\"https:\/\/betwinner.team\/tr\/app\/\",\"url\":\"https:\/\/betwinner.team\/tr\/app\/\",\"name\":\"Betwinner Uygulamas\u0131n\u0131 \u0130ndirin \u2014 Android\/iOS'ta Bahis ve Casino\",\"isPartOf\":{\"@id\":\"http:\/\/betwinner.team\/tr\/#website\"},\"datePublished\":\"2026-02-11T09:28:48+00:00\",\"dateModified\":\"2026-04-11T10:56:49+00:00\",\"description\":\"Android ve iOS i\u00e7in resmi Betwinner uygulamas\u0131 \u2014 1000'den fazla etkinlikte canl\u0131 bahis, casino slotlar\u0131, h\u0131zl\u0131 para \u00e7ekme ve en pop\u00fcler spor dallar\u0131 tek bir t\u0131klamayla. Uygulamay\u0131 \u00fccretsiz indirin, promosyon koduyla kaydolun ve 0'e varan ho\u015f geldiniz bonusu + nakit iadesi kazan\u0131n \u2014 her yerde an\u0131nda oynamaya ba\u015flay\u0131n!\",\"inLanguage\":\"tr\",\"potentialAction\":[{\"@type\":\"ReadAction\",\"target\":[\"https:\/\/betwinner.team\/tr\/app\/\"]}]},{\"@type\":\"WebSite\",\"@id\":\"http:\/\/betwinner.team\/tr\/#website\",\"url\":\"http:\/\/betwinner.team\/tr\/\",\"name\":\"Betwinner Team tr\",\"description\":\"\",\"potentialAction\":[{\"@type\":\"SearchAction\",\"target\":{\"@type\":\"EntryPoint\",\"urlTemplate\":\"http:\/\/betwinner.team\/tr\/?s={search_term_string}\"},\"query-input\":{\"@type\":\"PropertyValueSpecification\",\"valueRequired\":true,\"valueName\":\"search_term_string\"}}],\"inLanguage\":\"tr\"}]}<\/script>\n<!-- \/ Yoast SEO plugin. -->","yoast_head_json":{"title":"Betwinner Uygulamas\u0131n\u0131 \u0130ndirin \u2014 Android\/iOS'ta Bahis ve Casino","description":"Android ve iOS i\u00e7in resmi Betwinner uygulamas\u0131 \u2014 1000'den fazla etkinlikte canl\u0131 bahis, casino slotlar\u0131, h\u0131zl\u0131 para \u00e7ekme ve en pop\u00fcler spor dallar\u0131 tek bir t\u0131klamayla. Uygulamay\u0131 \u00fccretsiz indirin, promosyon koduyla kaydolun ve 0'e varan ho\u015f geldiniz bonusu + nakit iadesi kazan\u0131n \u2014 her yerde an\u0131nda oynamaya ba\u015flay\u0131n!","robots":{"index":"index","follow":"follow","max-snippet":"max-snippet:-1","max-image-preview":"max-image-preview:large","max-video-preview":"max-video-preview:-1"},"canonical":"https:\/\/betwinner.team\/tr\/app\/","og_locale":"tr_TR","og_type":"article","og_title":"Betwinner Uygulamas\u0131n\u0131 \u0130ndirin \u2014 Android\/iOS'ta Bahis ve Casino","og_description":"Android ve iOS i\u00e7in resmi Betwinner uygulamas\u0131 \u2014 1000'den fazla etkinlikte canl\u0131 bahis, casino slotlar\u0131, h\u0131zl\u0131 para \u00e7ekme ve en pop\u00fcler spor dallar\u0131 tek bir t\u0131klamayla. Uygulamay\u0131 \u00fccretsiz indirin, promosyon koduyla kaydolun ve 0'e varan ho\u015f geldiniz bonusu + nakit iadesi kazan\u0131n \u2014 her yerde an\u0131nda oynamaya ba\u015flay\u0131n!","og_url":"https:\/\/betwinner.team\/tr\/app\/","og_site_name":"Betwinner Team tr","article_modified_time":"2026-04-11T10:56:49+00:00","twitter_card":"summary_large_image","schema":{"@context":"https:\/\/schema.org","@graph":[{"@type":"WebPage","@id":"https:\/\/betwinner.team\/tr\/app\/","url":"https:\/\/betwinner.team\/tr\/app\/","name":"Betwinner Uygulamas\u0131n\u0131 \u0130ndirin \u2014 Android\/iOS'ta Bahis ve Casino","isPartOf":{"@id":"http:\/\/betwinner.team\/tr\/#website"},"datePublished":"2026-02-11T09:28:48+00:00","dateModified":"2026-04-11T10:56:49+00:00","description":"Android ve iOS i\u00e7in resmi Betwinner uygulamas\u0131 \u2014 1000'den fazla etkinlikte canl\u0131 bahis, casino slotlar\u0131, h\u0131zl\u0131 para \u00e7ekme ve en pop\u00fcler spor dallar\u0131 tek bir t\u0131klamayla. Uygulamay\u0131 \u00fccretsiz indirin, promosyon koduyla kaydolun ve 0'e varan ho\u015f geldiniz bonusu + nakit iadesi kazan\u0131n \u2014 her yerde an\u0131nda oynamaya ba\u015flay\u0131n!","inLanguage":"tr","potentialAction":[{"@type":"ReadAction","target":["https:\/\/betwinner.team\/tr\/app\/"]}]},{"@type":"WebSite","@id":"http:\/\/betwinner.team\/tr\/#website","url":"http:\/\/betwinner.team\/tr\/","name":"Betwinner Team tr","description":"","potentialAction":[{"@type":"SearchAction","target":{"@type":"EntryPoint","urlTemplate":"http:\/\/betwinner.team\/tr\/?s={search_term_string}"},"query-input":{"@type":"PropertyValueSpecification","valueRequired":true,"valueName":"search_term_string"}}],"inLanguage":"tr"}]}},"_links":{"self":[{"href":"https:\/\/betwinner.team\/tr\/wp-json\/wp\/v2\/pages\/1423","targetHints":{"allow":["GET"]}}],"collection":[{"href":"https:\/\/betwinner.team\/tr\/wp-json\/wp\/v2\/pages"}],"about":[{"href":"https:\/\/betwinner.team\/tr\/wp-json\/wp\/v2\/types\/page"}],"author":[{"embeddable":true,"href":"https:\/\/betwinner.team\/tr\/wp-json\/wp\/v2\/users\/1"}],"replies":[{"embeddable":true,"href":"https:\/\/betwinner.team\/tr\/wp-json\/wp\/v2\/comments?post=1423"}],"version-history":[{"count":5,"href":"https:\/\/betwinner.team\/tr\/wp-json\/wp\/v2\/pages\/1423\/revisions"}],"predecessor-version":[{"id":1626,"href":"https:\/\/betwinner.team\/tr\/wp-json\/wp\/v2\/pages\/1423\/revisions\/1626"}],"wp:attachment":[{"href":"https:\/\/betwinner.team\/tr\/wp-json\/wp\/v2\/media?parent=1423"}],"curies":[{"name":"wp","href":"https:\/\/api.w.org\/{rel}","templated":true}]}}