{"id":1086,"date":"2025-11-15T16:52:15","date_gmt":"2025-11-15T13:52:15","guid":{"rendered":"https:\/\/betwinner.team\/tr\/?page_id=1086"},"modified":"2026-04-11T16:18:33","modified_gmt":"2026-04-11T13:18:33","slug":"home","status":"publish","type":"page","link":"https:\/\/betwinner.team\/tr\/","title":{"rendered":"Ana Sayfa"},"content":{"rendered":"","protected":false},"excerpt":{"rendered":"","protected":false},"author":1,"featured_media":0,"parent":0,"menu_order":0,"comment_status":"closed","ping_status":"closed","template":"","meta":{"_acf_changed":false,"footnotes":""},"class_list":["post-1086","page","type-page","status-publish","hentry"],"acf":[],"yoast_head":"<!-- This site is optimized with the Yoast SEO plugin v26.9 - https:\/\/yoast.com\/product\/yoast-seo-wordpress\/ -->\n<title>Betwinner Bahis ve Casino \u2014 55.600 TRY Bonus \u1409 Kay\u0131t Ol<\/title>\n<meta name=\"description\" content=\"Betwinner, geni\u015f spor bahisleri se\u00e7enekleri, canl\u0131 yay\u0131nlar, e-spor ve casino slotlar\u0131 ile \u00f6nde gelen bir bahis \u015firketidir. 55.600 TRY&#039;ye kadar ho\u015f geldin bonusu, \u00fccretsiz bahisler ve promosyonlar kazan\u0131n; kullan\u0131c\u0131 dostu web sitesi, h\u0131zl\u0131 \u00f6demeler ve 100&#039;den fazla para yat\u0131rma y\u00f6ntemi mevcuttur. Art\u0131lar\u0131, eksileri, oyuncu yorumlar\u0131n\u0131 ve Betwinner&#039;dan en iyi \u015fekilde nas\u0131l yararlanabilece\u011finizi analiz ediyoruz.\" \/>\n<meta name=\"robots\" content=\"index, follow, max-snippet:-1, max-image-preview:large, max-video-preview:-1\" \/>\n<link rel=\"canonical\" href=\"https:\/\/betwinner.team\/tr\/\" \/>\n<meta property=\"og:locale\" content=\"tr_TR\" \/>\n<meta property=\"og:type\" content=\"article\" \/>\n<meta property=\"og:title\" content=\"Betwinner Bahis ve Casino \u2014 55.600 TRY Bonus \u1409 Kay\u0131t Ol\" \/>\n<meta property=\"og:description\" content=\"Betwinner, geni\u015f spor bahisleri se\u00e7enekleri, canl\u0131 yay\u0131nlar, e-spor ve casino slotlar\u0131 ile \u00f6nde gelen bir bahis \u015firketidir. 55.600 TRY&#039;ye kadar ho\u015f geldin bonusu, \u00fccretsiz bahisler ve promosyonlar kazan\u0131n; kullan\u0131c\u0131 dostu web sitesi, h\u0131zl\u0131 \u00f6demeler ve 100&#039;den fazla para yat\u0131rma y\u00f6ntemi mevcuttur. Art\u0131lar\u0131, eksileri, oyuncu yorumlar\u0131n\u0131 ve Betwinner&#039;dan en iyi \u015fekilde nas\u0131l yararlanabilece\u011finizi analiz ediyoruz.\" \/>\n<meta property=\"og:url\" content=\"https:\/\/betwinner.team\/tr\/\" \/>\n<meta property=\"og:site_name\" content=\"Betwinner Team tr\" \/>\n<meta property=\"article:modified_time\" content=\"2026-04-11T13:18:33+00:00\" \/>\n<meta name=\"twitter:card\" content=\"summary_large_image\" \/>\n<script type=\"application\/ld+json\" class=\"yoast-schema-graph\">{\"@context\":\"https:\/\/schema.org\",\"@graph\":[{\"@type\":\"WebPage\",\"@id\":\"https:\/\/betwinner.team\/tr\/\",\"url\":\"https:\/\/betwinner.team\/tr\/\",\"name\":\"Betwinner Bahis ve Casino \u2014 55.600 TRY Bonus \u1409 Kay\u0131t Ol\",\"isPartOf\":{\"@id\":\"http:\/\/betwinner.team\/tr\/#website\"},\"datePublished\":\"2025-11-15T13:52:15+00:00\",\"dateModified\":\"2026-04-11T13:18:33+00:00\",\"description\":\"Betwinner, geni\u015f spor bahisleri se\u00e7enekleri, canl\u0131 yay\u0131nlar, e-spor ve casino slotlar\u0131 ile \u00f6nde gelen bir bahis \u015firketidir. 55.600 TRY'ye kadar ho\u015f geldin bonusu, \u00fccretsiz bahisler ve promosyonlar kazan\u0131n; kullan\u0131c\u0131 dostu web sitesi, h\u0131zl\u0131 \u00f6demeler ve 100'den fazla para yat\u0131rma y\u00f6ntemi mevcuttur. Art\u0131lar\u0131, eksileri, oyuncu yorumlar\u0131n\u0131 ve Betwinner'dan en iyi \u015fekilde nas\u0131l yararlanabilece\u011finizi analiz ediyoruz.\",\"inLanguage\":\"tr\",\"potentialAction\":[{\"@type\":\"ReadAction\",\"target\":[\"https:\/\/betwinner.team\/tr\/\"]}]},{\"@type\":\"WebSite\",\"@id\":\"http:\/\/betwinner.team\/tr\/#website\",\"url\":\"http:\/\/betwinner.team\/tr\/\",\"name\":\"Betwinner Team tr\",\"description\":\"\",\"potentialAction\":[{\"@type\":\"SearchAction\",\"target\":{\"@type\":\"EntryPoint\",\"urlTemplate\":\"http:\/\/betwinner.team\/tr\/?s={search_term_string}\"},\"query-input\":{\"@type\":\"PropertyValueSpecification\",\"valueRequired\":true,\"valueName\":\"search_term_string\"}}],\"inLanguage\":\"tr\"}]}<\/script>\n<!-- \/ Yoast SEO plugin. -->","yoast_head_json":{"title":"Betwinner Bahis ve Casino \u2014 55.600 TRY Bonus \u1409 Kay\u0131t Ol","description":"Betwinner, geni\u015f spor bahisleri se\u00e7enekleri, canl\u0131 yay\u0131nlar, e-spor ve casino slotlar\u0131 ile \u00f6nde gelen bir bahis \u015firketidir. 55.600 TRY'ye kadar ho\u015f geldin bonusu, \u00fccretsiz bahisler ve promosyonlar kazan\u0131n; kullan\u0131c\u0131 dostu web sitesi, h\u0131zl\u0131 \u00f6demeler ve 100'den fazla para yat\u0131rma y\u00f6ntemi mevcuttur. Art\u0131lar\u0131, eksileri, oyuncu yorumlar\u0131n\u0131 ve Betwinner'dan en iyi \u015fekilde nas\u0131l yararlanabilece\u011finizi analiz ediyoruz.","robots":{"index":"index","follow":"follow","max-snippet":"max-snippet:-1","max-image-preview":"max-image-preview:large","max-video-preview":"max-video-preview:-1"},"canonical":"https:\/\/betwinner.team\/tr\/","og_locale":"tr_TR","og_type":"article","og_title":"Betwinner Bahis ve Casino \u2014 55.600 TRY Bonus \u1409 Kay\u0131t Ol","og_description":"Betwinner, geni\u015f spor bahisleri se\u00e7enekleri, canl\u0131 yay\u0131nlar, e-spor ve casino slotlar\u0131 ile \u00f6nde gelen bir bahis \u015firketidir. 55.600 TRY'ye kadar ho\u015f geldin bonusu, \u00fccretsiz bahisler ve promosyonlar kazan\u0131n; kullan\u0131c\u0131 dostu web sitesi, h\u0131zl\u0131 \u00f6demeler ve 100'den fazla para yat\u0131rma y\u00f6ntemi mevcuttur. Art\u0131lar\u0131, eksileri, oyuncu yorumlar\u0131n\u0131 ve Betwinner'dan en iyi \u015fekilde nas\u0131l yararlanabilece\u011finizi analiz ediyoruz.","og_url":"https:\/\/betwinner.team\/tr\/","og_site_name":"Betwinner Team tr","article_modified_time":"2026-04-11T13:18:33+00:00","twitter_card":"summary_large_image","schema":{"@context":"https:\/\/schema.org","@graph":[{"@type":"WebPage","@id":"https:\/\/betwinner.team\/tr\/","url":"https:\/\/betwinner.team\/tr\/","name":"Betwinner Bahis ve Casino \u2014 55.600 TRY Bonus \u1409 Kay\u0131t Ol","isPartOf":{"@id":"http:\/\/betwinner.team\/tr\/#website"},"datePublished":"2025-11-15T13:52:15+00:00","dateModified":"2026-04-11T13:18:33+00:00","description":"Betwinner, geni\u015f spor bahisleri se\u00e7enekleri, canl\u0131 yay\u0131nlar, e-spor ve casino slotlar\u0131 ile \u00f6nde gelen bir bahis \u015firketidir. 55.600 TRY'ye kadar ho\u015f geldin bonusu, \u00fccretsiz bahisler ve promosyonlar kazan\u0131n; kullan\u0131c\u0131 dostu web sitesi, h\u0131zl\u0131 \u00f6demeler ve 100'den fazla para yat\u0131rma y\u00f6ntemi mevcuttur. Art\u0131lar\u0131, eksileri, oyuncu yorumlar\u0131n\u0131 ve Betwinner'dan en iyi \u015fekilde nas\u0131l yararlanabilece\u011finizi analiz ediyoruz.","inLanguage":"tr","potentialAction":[{"@type":"ReadAction","target":["https:\/\/betwinner.team\/tr\/"]}]},{"@type":"WebSite","@id":"http:\/\/betwinner.team\/tr\/#website","url":"http:\/\/betwinner.team\/tr\/","name":"Betwinner Team tr","description":"","potentialAction":[{"@type":"SearchAction","target":{"@type":"EntryPoint","urlTemplate":"http:\/\/betwinner.team\/tr\/?s={search_term_string}"},"query-input":{"@type":"PropertyValueSpecification","valueRequired":true,"valueName":"search_term_string"}}],"inLanguage":"tr"}]}},"_links":{"self":[{"href":"https:\/\/betwinner.team\/tr\/wp-json\/wp\/v2\/pages\/1086","targetHints":{"allow":["GET"]}}],"collection":[{"href":"https:\/\/betwinner.team\/tr\/wp-json\/wp\/v2\/pages"}],"about":[{"href":"https:\/\/betwinner.team\/tr\/wp-json\/wp\/v2\/types\/page"}],"author":[{"embeddable":true,"href":"https:\/\/betwinner.team\/tr\/wp-json\/wp\/v2\/users\/1"}],"replies":[{"embeddable":true,"href":"https:\/\/betwinner.team\/tr\/wp-json\/wp\/v2\/comments?post=1086"}],"version-history":[{"count":5,"href":"https:\/\/betwinner.team\/tr\/wp-json\/wp\/v2\/pages\/1086\/revisions"}],"predecessor-version":[{"id":1633,"href":"https:\/\/betwinner.team\/tr\/wp-json\/wp\/v2\/pages\/1086\/revisions\/1633"}],"wp:attachment":[{"href":"https:\/\/betwinner.team\/tr\/wp-json\/wp\/v2\/media?parent=1086"}],"curies":[{"name":"wp","href":"https:\/\/api.w.org\/{rel}","templated":true}]}}