{"id":1582,"date":"2026-02-23T08:00:50","date_gmt":"2026-02-23T05:00:50","guid":{"rendered":"https:\/\/betwinner.team\/norway\/?page_id=1582"},"modified":"2026-04-02T14:37:08","modified_gmt":"2026-04-02T11:37:08","slug":"login","status":"publish","type":"page","link":"https:\/\/betwinner.team\/norway\/login\/","title":{"rendered":"Logg inn"},"content":{"rendered":"","protected":false},"excerpt":{"rendered":"","protected":false},"author":1,"featured_media":0,"parent":0,"menu_order":0,"comment_status":"closed","ping_status":"closed","template":"","meta":{"_acf_changed":false,"footnotes":""},"class_list":["post-1582","page","type-page","status-publish","hentry"],"acf":[],"yoast_head":"<!-- This site is optimized with the Yoast SEO plugin v26.9 - https:\/\/yoast.com\/product\/yoast-seo-wordpress\/ -->\n<title>Betwinner-p\u00e5logging \u2014 tilgang til din personlige konto og gjenoppretting<\/title>\n<meta name=\"description\" content=\"Rask p\u00e5logging til Betwinner-kontoen din \u2014 Bruk brukernavn\/passord, QR-kode eller biometriske opplysninger p\u00e5 PC, Android eller iOS. Hvis du har glemt passordet ditt, kan du gjenopprette det p\u00e5 1 minutt. Synkronisering p\u00e5 tvers av alle enheter, ingen flere kontoer \u2013 f\u00e5 tilgang til spill og casinospill med ett klikk!\" \/>\n<meta name=\"robots\" content=\"index, follow, max-snippet:-1, max-image-preview:large, max-video-preview:-1\" \/>\n<link rel=\"canonical\" href=\"https:\/\/betwinner.team\/norway\/login\/\" \/>\n<meta property=\"og:locale\" content=\"nb_NO\" \/>\n<meta property=\"og:type\" content=\"article\" \/>\n<meta property=\"og:title\" content=\"Betwinner-p\u00e5logging \u2014 tilgang til din personlige konto og gjenoppretting\" \/>\n<meta property=\"og:description\" content=\"Rask p\u00e5logging til Betwinner-kontoen din \u2014 Bruk brukernavn\/passord, QR-kode eller biometriske opplysninger p\u00e5 PC, Android eller iOS. Hvis du har glemt passordet ditt, kan du gjenopprette det p\u00e5 1 minutt. Synkronisering p\u00e5 tvers av alle enheter, ingen flere kontoer \u2013 f\u00e5 tilgang til spill og casinospill med ett klikk!\" \/>\n<meta property=\"og:url\" content=\"https:\/\/betwinner.team\/norway\/login\/\" \/>\n<meta property=\"og:site_name\" content=\"Betwinner Team NO\" \/>\n<meta property=\"article:modified_time\" content=\"2026-04-02T11:37:08+00:00\" \/>\n<meta name=\"twitter:card\" content=\"summary_large_image\" \/>\n<script type=\"application\/ld+json\" class=\"yoast-schema-graph\">{\"@context\":\"https:\/\/schema.org\",\"@graph\":[{\"@type\":\"WebPage\",\"@id\":\"https:\/\/betwinner.team\/norway\/login\/\",\"url\":\"https:\/\/betwinner.team\/norway\/login\/\",\"name\":\"Betwinner-p\u00e5logging \u2014 tilgang til din personlige konto og gjenoppretting\",\"isPartOf\":{\"@id\":\"https:\/\/betwinner.team\/norway\/#website\"},\"datePublished\":\"2026-02-23T05:00:50+00:00\",\"dateModified\":\"2026-04-02T11:37:08+00:00\",\"description\":\"Rask p\u00e5logging til Betwinner-kontoen din \u2014 Bruk brukernavn\/passord, QR-kode eller biometriske opplysninger p\u00e5 PC, Android eller iOS. Hvis du har glemt passordet ditt, kan du gjenopprette det p\u00e5 1 minutt. Synkronisering p\u00e5 tvers av alle enheter, ingen flere kontoer \u2013 f\u00e5 tilgang til spill og casinospill med ett klikk!\",\"inLanguage\":\"nb-NO\",\"potentialAction\":[{\"@type\":\"ReadAction\",\"target\":[\"https:\/\/betwinner.team\/norway\/login\/\"]}]},{\"@type\":\"WebSite\",\"@id\":\"https:\/\/betwinner.team\/norway\/#website\",\"url\":\"https:\/\/betwinner.team\/norway\/\",\"name\":\"Betwinner Team NO\",\"description\":\"\",\"potentialAction\":[{\"@type\":\"SearchAction\",\"target\":{\"@type\":\"EntryPoint\",\"urlTemplate\":\"https:\/\/betwinner.team\/norway\/?s={search_term_string}\"},\"query-input\":{\"@type\":\"PropertyValueSpecification\",\"valueRequired\":true,\"valueName\":\"search_term_string\"}}],\"inLanguage\":\"nb-NO\"}]}<\/script>\n<!-- \/ Yoast SEO plugin. -->","yoast_head_json":{"title":"Betwinner-p\u00e5logging \u2014 tilgang til din personlige konto og gjenoppretting","description":"Rask p\u00e5logging til Betwinner-kontoen din \u2014 Bruk brukernavn\/passord, QR-kode eller biometriske opplysninger p\u00e5 PC, Android eller iOS. Hvis du har glemt passordet ditt, kan du gjenopprette det p\u00e5 1 minutt. Synkronisering p\u00e5 tvers av alle enheter, ingen flere kontoer \u2013 f\u00e5 tilgang til spill og casinospill med ett klikk!","robots":{"index":"index","follow":"follow","max-snippet":"max-snippet:-1","max-image-preview":"max-image-preview:large","max-video-preview":"max-video-preview:-1"},"canonical":"https:\/\/betwinner.team\/norway\/login\/","og_locale":"nb_NO","og_type":"article","og_title":"Betwinner-p\u00e5logging \u2014 tilgang til din personlige konto og gjenoppretting","og_description":"Rask p\u00e5logging til Betwinner-kontoen din \u2014 Bruk brukernavn\/passord, QR-kode eller biometriske opplysninger p\u00e5 PC, Android eller iOS. Hvis du har glemt passordet ditt, kan du gjenopprette det p\u00e5 1 minutt. Synkronisering p\u00e5 tvers av alle enheter, ingen flere kontoer \u2013 f\u00e5 tilgang til spill og casinospill med ett klikk!","og_url":"https:\/\/betwinner.team\/norway\/login\/","og_site_name":"Betwinner Team NO","article_modified_time":"2026-04-02T11:37:08+00:00","twitter_card":"summary_large_image","schema":{"@context":"https:\/\/schema.org","@graph":[{"@type":"WebPage","@id":"https:\/\/betwinner.team\/norway\/login\/","url":"https:\/\/betwinner.team\/norway\/login\/","name":"Betwinner-p\u00e5logging \u2014 tilgang til din personlige konto og gjenoppretting","isPartOf":{"@id":"https:\/\/betwinner.team\/norway\/#website"},"datePublished":"2026-02-23T05:00:50+00:00","dateModified":"2026-04-02T11:37:08+00:00","description":"Rask p\u00e5logging til Betwinner-kontoen din \u2014 Bruk brukernavn\/passord, QR-kode eller biometriske opplysninger p\u00e5 PC, Android eller iOS. Hvis du har glemt passordet ditt, kan du gjenopprette det p\u00e5 1 minutt. Synkronisering p\u00e5 tvers av alle enheter, ingen flere kontoer \u2013 f\u00e5 tilgang til spill og casinospill med ett klikk!","inLanguage":"nb-NO","potentialAction":[{"@type":"ReadAction","target":["https:\/\/betwinner.team\/norway\/login\/"]}]},{"@type":"WebSite","@id":"https:\/\/betwinner.team\/norway\/#website","url":"https:\/\/betwinner.team\/norway\/","name":"Betwinner Team NO","description":"","potentialAction":[{"@type":"SearchAction","target":{"@type":"EntryPoint","urlTemplate":"https:\/\/betwinner.team\/norway\/?s={search_term_string}"},"query-input":{"@type":"PropertyValueSpecification","valueRequired":true,"valueName":"search_term_string"}}],"inLanguage":"nb-NO"}]}},"_links":{"self":[{"href":"https:\/\/betwinner.team\/norway\/wp-json\/wp\/v2\/pages\/1582","targetHints":{"allow":["GET"]}}],"collection":[{"href":"https:\/\/betwinner.team\/norway\/wp-json\/wp\/v2\/pages"}],"about":[{"href":"https:\/\/betwinner.team\/norway\/wp-json\/wp\/v2\/types\/page"}],"author":[{"embeddable":true,"href":"https:\/\/betwinner.team\/norway\/wp-json\/wp\/v2\/users\/1"}],"replies":[{"embeddable":true,"href":"https:\/\/betwinner.team\/norway\/wp-json\/wp\/v2\/comments?post=1582"}],"version-history":[{"count":5,"href":"https:\/\/betwinner.team\/norway\/wp-json\/wp\/v2\/pages\/1582\/revisions"}],"predecessor-version":[{"id":1632,"href":"https:\/\/betwinner.team\/norway\/wp-json\/wp\/v2\/pages\/1582\/revisions\/1632"}],"wp:attachment":[{"href":"https:\/\/betwinner.team\/norway\/wp-json\/wp\/v2\/media?parent=1582"}],"curies":[{"name":"wp","href":"https:\/\/api.w.org\/{rel}","templated":true}]}}