{"id":1460,"date":"2026-02-19T11:48:19","date_gmt":"2026-02-19T08:48:19","guid":{"rendered":"https:\/\/betwinner.team\/norway\/?page_id=1460"},"modified":"2026-04-06T09:01:01","modified_gmt":"2026-04-06T06:01:01","slug":"casino","status":"publish","type":"page","link":"https:\/\/betwinner.team\/norway\/casino\/","title":{"rendered":"Kasino"},"content":{"rendered":"","protected":false},"excerpt":{"rendered":"","protected":false},"author":1,"featured_media":0,"parent":0,"menu_order":0,"comment_status":"closed","ping_status":"closed","template":"","meta":{"_acf_changed":false,"footnotes":""},"class_list":["post-1460","page","type-page","status-publish","hentry"],"acf":[],"yoast_head":"<!-- This site is optimized with the Yoast SEO plugin v26.9 - https:\/\/yoast.com\/product\/yoast-seo-wordpress\/ -->\n<title>Betwinner Casino \u2014 Spilleautomater, live-spill og store gevinster 2026<\/title>\n<meta name=\"description\" content=\"Oppdag Betwinner Casino \u2013 tusenvis av spilleautomater, live-spill med dealere og sjener\u00f8se gevinster venter p\u00e5 deg! Spill online med ekte penger eller i demomodus, og pr\u00f8v lykken med spennende spillunderholdning uten \u00e5 m\u00e5tte lete etter spillpartnere.\" \/>\n<meta name=\"robots\" content=\"index, follow, max-snippet:-1, max-image-preview:large, max-video-preview:-1\" \/>\n<link rel=\"canonical\" href=\"https:\/\/betwinner.team\/norway\/casino\/\" \/>\n<meta property=\"og:locale\" content=\"nb_NO\" \/>\n<meta property=\"og:type\" content=\"article\" \/>\n<meta property=\"og:title\" content=\"Betwinner Casino \u2014 Spilleautomater, live-spill og store gevinster 2026\" \/>\n<meta property=\"og:description\" content=\"Oppdag Betwinner Casino \u2013 tusenvis av spilleautomater, live-spill med dealere og sjener\u00f8se gevinster venter p\u00e5 deg! Spill online med ekte penger eller i demomodus, og pr\u00f8v lykken med spennende spillunderholdning uten \u00e5 m\u00e5tte lete etter spillpartnere.\" \/>\n<meta property=\"og:url\" content=\"https:\/\/betwinner.team\/norway\/casino\/\" \/>\n<meta property=\"og:site_name\" content=\"Betwinner Team NO\" \/>\n<meta property=\"article:modified_time\" content=\"2026-04-06T06:01:01+00:00\" \/>\n<meta name=\"twitter:card\" content=\"summary_large_image\" \/>\n<script type=\"application\/ld+json\" class=\"yoast-schema-graph\">{\"@context\":\"https:\/\/schema.org\",\"@graph\":[{\"@type\":\"WebPage\",\"@id\":\"https:\/\/betwinner.team\/norway\/casino\/\",\"url\":\"https:\/\/betwinner.team\/norway\/casino\/\",\"name\":\"Betwinner Casino \u2014 Spilleautomater, live-spill og store gevinster 2026\",\"isPartOf\":{\"@id\":\"https:\/\/betwinner.team\/norway\/#website\"},\"datePublished\":\"2026-02-19T08:48:19+00:00\",\"dateModified\":\"2026-04-06T06:01:01+00:00\",\"description\":\"Oppdag Betwinner Casino \u2013 tusenvis av spilleautomater, live-spill med dealere og sjener\u00f8se gevinster venter p\u00e5 deg! Spill online med ekte penger eller i demomodus, og pr\u00f8v lykken med spennende spillunderholdning uten \u00e5 m\u00e5tte lete etter spillpartnere.\",\"inLanguage\":\"nb-NO\",\"potentialAction\":[{\"@type\":\"ReadAction\",\"target\":[\"https:\/\/betwinner.team\/norway\/casino\/\"]}]},{\"@type\":\"WebSite\",\"@id\":\"https:\/\/betwinner.team\/norway\/#website\",\"url\":\"https:\/\/betwinner.team\/norway\/\",\"name\":\"Betwinner Team NO\",\"description\":\"\",\"potentialAction\":[{\"@type\":\"SearchAction\",\"target\":{\"@type\":\"EntryPoint\",\"urlTemplate\":\"https:\/\/betwinner.team\/norway\/?s={search_term_string}\"},\"query-input\":{\"@type\":\"PropertyValueSpecification\",\"valueRequired\":true,\"valueName\":\"search_term_string\"}}],\"inLanguage\":\"nb-NO\"}]}<\/script>\n<!-- \/ Yoast SEO plugin. -->","yoast_head_json":{"title":"Betwinner Casino \u2014 Spilleautomater, live-spill og store gevinster 2026","description":"Oppdag Betwinner Casino \u2013 tusenvis av spilleautomater, live-spill med dealere og sjener\u00f8se gevinster venter p\u00e5 deg! Spill online med ekte penger eller i demomodus, og pr\u00f8v lykken med spennende spillunderholdning uten \u00e5 m\u00e5tte lete etter spillpartnere.","robots":{"index":"index","follow":"follow","max-snippet":"max-snippet:-1","max-image-preview":"max-image-preview:large","max-video-preview":"max-video-preview:-1"},"canonical":"https:\/\/betwinner.team\/norway\/casino\/","og_locale":"nb_NO","og_type":"article","og_title":"Betwinner Casino \u2014 Spilleautomater, live-spill og store gevinster 2026","og_description":"Oppdag Betwinner Casino \u2013 tusenvis av spilleautomater, live-spill med dealere og sjener\u00f8se gevinster venter p\u00e5 deg! Spill online med ekte penger eller i demomodus, og pr\u00f8v lykken med spennende spillunderholdning uten \u00e5 m\u00e5tte lete etter spillpartnere.","og_url":"https:\/\/betwinner.team\/norway\/casino\/","og_site_name":"Betwinner Team NO","article_modified_time":"2026-04-06T06:01:01+00:00","twitter_card":"summary_large_image","schema":{"@context":"https:\/\/schema.org","@graph":[{"@type":"WebPage","@id":"https:\/\/betwinner.team\/norway\/casino\/","url":"https:\/\/betwinner.team\/norway\/casino\/","name":"Betwinner Casino \u2014 Spilleautomater, live-spill og store gevinster 2026","isPartOf":{"@id":"https:\/\/betwinner.team\/norway\/#website"},"datePublished":"2026-02-19T08:48:19+00:00","dateModified":"2026-04-06T06:01:01+00:00","description":"Oppdag Betwinner Casino \u2013 tusenvis av spilleautomater, live-spill med dealere og sjener\u00f8se gevinster venter p\u00e5 deg! Spill online med ekte penger eller i demomodus, og pr\u00f8v lykken med spennende spillunderholdning uten \u00e5 m\u00e5tte lete etter spillpartnere.","inLanguage":"nb-NO","potentialAction":[{"@type":"ReadAction","target":["https:\/\/betwinner.team\/norway\/casino\/"]}]},{"@type":"WebSite","@id":"https:\/\/betwinner.team\/norway\/#website","url":"https:\/\/betwinner.team\/norway\/","name":"Betwinner Team NO","description":"","potentialAction":[{"@type":"SearchAction","target":{"@type":"EntryPoint","urlTemplate":"https:\/\/betwinner.team\/norway\/?s={search_term_string}"},"query-input":{"@type":"PropertyValueSpecification","valueRequired":true,"valueName":"search_term_string"}}],"inLanguage":"nb-NO"}]}},"_links":{"self":[{"href":"https:\/\/betwinner.team\/norway\/wp-json\/wp\/v2\/pages\/1460","targetHints":{"allow":["GET"]}}],"collection":[{"href":"https:\/\/betwinner.team\/norway\/wp-json\/wp\/v2\/pages"}],"about":[{"href":"https:\/\/betwinner.team\/norway\/wp-json\/wp\/v2\/types\/page"}],"author":[{"embeddable":true,"href":"https:\/\/betwinner.team\/norway\/wp-json\/wp\/v2\/users\/1"}],"replies":[{"embeddable":true,"href":"https:\/\/betwinner.team\/norway\/wp-json\/wp\/v2\/comments?post=1460"}],"version-history":[{"count":6,"href":"https:\/\/betwinner.team\/norway\/wp-json\/wp\/v2\/pages\/1460\/revisions"}],"predecessor-version":[{"id":1642,"href":"https:\/\/betwinner.team\/norway\/wp-json\/wp\/v2\/pages\/1460\/revisions\/1642"}],"wp:attachment":[{"href":"https:\/\/betwinner.team\/norway\/wp-json\/wp\/v2\/media?parent=1460"}],"curies":[{"name":"wp","href":"https:\/\/api.w.org\/{rel}","templated":true}]}}