{"id":1423,"date":"2026-02-11T12:28:48","date_gmt":"2026-02-11T09:28:48","guid":{"rendered":"https:\/\/betwinner.team\/norway\/?page_id=1423"},"modified":"2026-04-02T13:20:03","modified_gmt":"2026-04-02T10:20:03","slug":"app","status":"publish","type":"page","link":"https:\/\/betwinner.team\/norway\/app\/","title":{"rendered":"App"},"content":{"rendered":"","protected":false},"excerpt":{"rendered":"","protected":false},"author":1,"featured_media":0,"parent":0,"menu_order":0,"comment_status":"closed","ping_status":"closed","template":"","meta":{"_acf_changed":false,"footnotes":""},"class_list":["post-1423","page","type-page","status-publish","hentry"],"acf":[],"yoast_head":"<!-- This site is optimized with the Yoast SEO plugin v26.9 - https:\/\/yoast.com\/product\/yoast-seo-wordpress\/ -->\n<title>Last ned Betwinner-appen \u2013 Spill og kasino p\u00e5 Android\/iOS<\/title>\n<meta name=\"description\" content=\"Den offisielle Betwinner-appen for Android og iOS: live-spill p\u00e5 over 1000 arrangementer, casinospilleautomater, raske uttak og de st\u00f8rste sportene med ett klikk. Last ned appen gratis, registrer deg med en kampanjekode og f\u00e5 en velkomstbonus p\u00e5 opptil 100 % + cashback \u2013 spill umiddelbart hvor som helst!\" \/>\n<meta name=\"robots\" content=\"index, follow, max-snippet:-1, max-image-preview:large, max-video-preview:-1\" \/>\n<link rel=\"canonical\" href=\"https:\/\/betwinner.team\/norway\/app\/\" \/>\n<meta property=\"og:locale\" content=\"nb_NO\" \/>\n<meta property=\"og:type\" content=\"article\" \/>\n<meta property=\"og:title\" content=\"Last ned Betwinner-appen \u2013 Spill og kasino p\u00e5 Android\/iOS\" \/>\n<meta property=\"og:description\" content=\"Den offisielle Betwinner-appen for Android og iOS: live-spill p\u00e5 over 1000 arrangementer, casinospilleautomater, raske uttak og de st\u00f8rste sportene med ett klikk. Last ned appen gratis, registrer deg med en kampanjekode og f\u00e5 en velkomstbonus p\u00e5 opptil 100 % + cashback \u2013 spill umiddelbart hvor som helst!\" \/>\n<meta property=\"og:url\" content=\"https:\/\/betwinner.team\/norway\/app\/\" \/>\n<meta property=\"og:site_name\" content=\"Betwinner Team NO\" \/>\n<meta property=\"article:modified_time\" content=\"2026-04-02T10:20:03+00:00\" \/>\n<meta name=\"twitter:card\" content=\"summary_large_image\" \/>\n<script type=\"application\/ld+json\" class=\"yoast-schema-graph\">{\"@context\":\"https:\/\/schema.org\",\"@graph\":[{\"@type\":\"WebPage\",\"@id\":\"https:\/\/betwinner.team\/norway\/app\/\",\"url\":\"https:\/\/betwinner.team\/norway\/app\/\",\"name\":\"Last ned Betwinner-appen \u2013 Spill og kasino p\u00e5 Android\/iOS\",\"isPartOf\":{\"@id\":\"https:\/\/betwinner.team\/norway\/#website\"},\"datePublished\":\"2026-02-11T09:28:48+00:00\",\"dateModified\":\"2026-04-02T10:20:03+00:00\",\"description\":\"Den offisielle Betwinner-appen for Android og iOS: live-spill p\u00e5 over 1000 arrangementer, casinospilleautomater, raske uttak og de st\u00f8rste sportene med ett klikk. Last ned appen gratis, registrer deg med en kampanjekode og f\u00e5 en velkomstbonus p\u00e5 opptil 100 % + cashback \u2013 spill umiddelbart hvor som helst!\",\"inLanguage\":\"nb-NO\",\"potentialAction\":[{\"@type\":\"ReadAction\",\"target\":[\"https:\/\/betwinner.team\/norway\/app\/\"]}]},{\"@type\":\"WebSite\",\"@id\":\"https:\/\/betwinner.team\/norway\/#website\",\"url\":\"https:\/\/betwinner.team\/norway\/\",\"name\":\"Betwinner Team NO\",\"description\":\"\",\"potentialAction\":[{\"@type\":\"SearchAction\",\"target\":{\"@type\":\"EntryPoint\",\"urlTemplate\":\"https:\/\/betwinner.team\/norway\/?s={search_term_string}\"},\"query-input\":{\"@type\":\"PropertyValueSpecification\",\"valueRequired\":true,\"valueName\":\"search_term_string\"}}],\"inLanguage\":\"nb-NO\"}]}<\/script>\n<!-- \/ Yoast SEO plugin. -->","yoast_head_json":{"title":"Last ned Betwinner-appen \u2013 Spill og kasino p\u00e5 Android\/iOS","description":"Den offisielle Betwinner-appen for Android og iOS: live-spill p\u00e5 over 1000 arrangementer, casinospilleautomater, raske uttak og de st\u00f8rste sportene med ett klikk. Last ned appen gratis, registrer deg med en kampanjekode og f\u00e5 en velkomstbonus p\u00e5 opptil 100 % + cashback \u2013 spill umiddelbart hvor som helst!","robots":{"index":"index","follow":"follow","max-snippet":"max-snippet:-1","max-image-preview":"max-image-preview:large","max-video-preview":"max-video-preview:-1"},"canonical":"https:\/\/betwinner.team\/norway\/app\/","og_locale":"nb_NO","og_type":"article","og_title":"Last ned Betwinner-appen \u2013 Spill og kasino p\u00e5 Android\/iOS","og_description":"Den offisielle Betwinner-appen for Android og iOS: live-spill p\u00e5 over 1000 arrangementer, casinospilleautomater, raske uttak og de st\u00f8rste sportene med ett klikk. Last ned appen gratis, registrer deg med en kampanjekode og f\u00e5 en velkomstbonus p\u00e5 opptil 100 % + cashback \u2013 spill umiddelbart hvor som helst!","og_url":"https:\/\/betwinner.team\/norway\/app\/","og_site_name":"Betwinner Team NO","article_modified_time":"2026-04-02T10:20:03+00:00","twitter_card":"summary_large_image","schema":{"@context":"https:\/\/schema.org","@graph":[{"@type":"WebPage","@id":"https:\/\/betwinner.team\/norway\/app\/","url":"https:\/\/betwinner.team\/norway\/app\/","name":"Last ned Betwinner-appen \u2013 Spill og kasino p\u00e5 Android\/iOS","isPartOf":{"@id":"https:\/\/betwinner.team\/norway\/#website"},"datePublished":"2026-02-11T09:28:48+00:00","dateModified":"2026-04-02T10:20:03+00:00","description":"Den offisielle Betwinner-appen for Android og iOS: live-spill p\u00e5 over 1000 arrangementer, casinospilleautomater, raske uttak og de st\u00f8rste sportene med ett klikk. Last ned appen gratis, registrer deg med en kampanjekode og f\u00e5 en velkomstbonus p\u00e5 opptil 100 % + cashback \u2013 spill umiddelbart hvor som helst!","inLanguage":"nb-NO","potentialAction":[{"@type":"ReadAction","target":["https:\/\/betwinner.team\/norway\/app\/"]}]},{"@type":"WebSite","@id":"https:\/\/betwinner.team\/norway\/#website","url":"https:\/\/betwinner.team\/norway\/","name":"Betwinner Team NO","description":"","potentialAction":[{"@type":"SearchAction","target":{"@type":"EntryPoint","urlTemplate":"https:\/\/betwinner.team\/norway\/?s={search_term_string}"},"query-input":{"@type":"PropertyValueSpecification","valueRequired":true,"valueName":"search_term_string"}}],"inLanguage":"nb-NO"}]}},"_links":{"self":[{"href":"https:\/\/betwinner.team\/norway\/wp-json\/wp\/v2\/pages\/1423","targetHints":{"allow":["GET"]}}],"collection":[{"href":"https:\/\/betwinner.team\/norway\/wp-json\/wp\/v2\/pages"}],"about":[{"href":"https:\/\/betwinner.team\/norway\/wp-json\/wp\/v2\/types\/page"}],"author":[{"embeddable":true,"href":"https:\/\/betwinner.team\/norway\/wp-json\/wp\/v2\/users\/1"}],"replies":[{"embeddable":true,"href":"https:\/\/betwinner.team\/norway\/wp-json\/wp\/v2\/comments?post=1423"}],"version-history":[{"count":6,"href":"https:\/\/betwinner.team\/norway\/wp-json\/wp\/v2\/pages\/1423\/revisions"}],"predecessor-version":[{"id":1626,"href":"https:\/\/betwinner.team\/norway\/wp-json\/wp\/v2\/pages\/1423\/revisions\/1626"}],"wp:attachment":[{"href":"https:\/\/betwinner.team\/norway\/wp-json\/wp\/v2\/media?parent=1423"}],"curies":[{"name":"wp","href":"https:\/\/api.w.org\/{rel}","templated":true}]}}