{"id":1813,"date":"2026-04-25T19:03:00","date_gmt":"2026-04-25T16:03:00","guid":{"rendered":"https:\/\/betwinner.team\/lv\/?page_id=1813"},"modified":"2026-05-05T20:09:32","modified_gmt":"2026-05-05T17:09:32","slug":"jetx","status":"publish","type":"page","link":"https:\/\/betwinner.team\/lv\/jetx\/","title":{"rendered":"JetX"},"content":{"rendered":"","protected":false},"excerpt":{"rendered":"","protected":false},"author":1,"featured_media":0,"parent":0,"menu_order":0,"comment_status":"closed","ping_status":"closed","template":"","meta":{"_acf_changed":false,"footnotes":""},"class_list":["post-1813","page","type-page","status-publish","hentry"],"acf":[],"yoast_head":"<!-- This site is optimized with the Yoast SEO plugin v26.9 - https:\/\/yoast.com\/product\/yoast-seo-wordpress\/ -->\n<title>JetX Betwinner 2026 \u2014 Sp\u0113le \u201eCrash\u201c \u2013 RTP 97 %<\/title>\n<meta name=\"description\" content=\"\u201eJetX\u201c no \u201eSmartSoft Gaming\u201c: 2019. gada pirm\u0101 sp\u0113le ar lidma\u0161\u012bnu, kuras RTP ir 97 % un reizin\u0101t\u0101ji sasniedz pat x25 000. Iz\u0146emiet laimestu pirms av\u0101rijas un izmantojiet agr\u012bn\u0101s\/augsta riska strat\u0113\u0123ijas, lai palielin\u0101tu savus laimestus \u201eBetwinner\u201c!\" \/>\n<meta name=\"robots\" content=\"index, follow, max-snippet:-1, max-image-preview:large, max-video-preview:-1\" \/>\n<link rel=\"canonical\" href=\"https:\/\/betwinner.team\/lv\/jetx\/\" \/>\n<meta property=\"og:locale\" content=\"lv_LV\" \/>\n<meta property=\"og:type\" content=\"article\" \/>\n<meta property=\"og:title\" content=\"JetX Betwinner 2026 \u2014 Sp\u0113le \u201eCrash\u201c \u2013 RTP 97 %\" \/>\n<meta property=\"og:description\" content=\"\u201eJetX\u201c no \u201eSmartSoft Gaming\u201c: 2019. gada pirm\u0101 sp\u0113le ar lidma\u0161\u012bnu, kuras RTP ir 97 % un reizin\u0101t\u0101ji sasniedz pat x25 000. Iz\u0146emiet laimestu pirms av\u0101rijas un izmantojiet agr\u012bn\u0101s\/augsta riska strat\u0113\u0123ijas, lai palielin\u0101tu savus laimestus \u201eBetwinner\u201c!\" \/>\n<meta property=\"og:url\" content=\"https:\/\/betwinner.team\/lv\/jetx\/\" \/>\n<meta property=\"og:site_name\" content=\"Betwinner Team LV\" \/>\n<meta property=\"article:modified_time\" content=\"2026-05-05T17:09:32+00:00\" \/>\n<meta name=\"twitter:card\" content=\"summary_large_image\" \/>\n<script type=\"application\/ld+json\" class=\"yoast-schema-graph\">{\"@context\":\"https:\/\/schema.org\",\"@graph\":[{\"@type\":\"WebPage\",\"@id\":\"https:\/\/betwinner.team\/lv\/jetx\/\",\"url\":\"https:\/\/betwinner.team\/lv\/jetx\/\",\"name\":\"JetX Betwinner 2026 \u2014 Sp\u0113le \u201eCrash\u201c \u2013 RTP 97 %\",\"isPartOf\":{\"@id\":\"http:\/\/betwinner.team\/lv\/#website\"},\"datePublished\":\"2026-04-25T16:03:00+00:00\",\"dateModified\":\"2026-05-05T17:09:32+00:00\",\"description\":\"\u201eJetX\u201c no \u201eSmartSoft Gaming\u201c: 2019. gada pirm\u0101 sp\u0113le ar lidma\u0161\u012bnu, kuras RTP ir 97 % un reizin\u0101t\u0101ji sasniedz pat x25 000. Iz\u0146emiet laimestu pirms av\u0101rijas un izmantojiet agr\u012bn\u0101s\/augsta riska strat\u0113\u0123ijas, lai palielin\u0101tu savus laimestus \u201eBetwinner\u201c!\",\"inLanguage\":\"lv-LV\",\"potentialAction\":[{\"@type\":\"ReadAction\",\"target\":[\"https:\/\/betwinner.team\/lv\/jetx\/\"]}]},{\"@type\":\"WebSite\",\"@id\":\"http:\/\/betwinner.team\/lv\/#website\",\"url\":\"http:\/\/betwinner.team\/lv\/\",\"name\":\"Betwinner Team LV\",\"description\":\"\",\"potentialAction\":[{\"@type\":\"SearchAction\",\"target\":{\"@type\":\"EntryPoint\",\"urlTemplate\":\"http:\/\/betwinner.team\/lv\/?s={search_term_string}\"},\"query-input\":{\"@type\":\"PropertyValueSpecification\",\"valueRequired\":true,\"valueName\":\"search_term_string\"}}],\"inLanguage\":\"lv-LV\"}]}<\/script>\n<!-- \/ Yoast SEO plugin. -->","yoast_head_json":{"title":"JetX Betwinner 2026 \u2014 Sp\u0113le \u201eCrash\u201c \u2013 RTP 97 %","description":"\u201eJetX\u201c no \u201eSmartSoft Gaming\u201c: 2019. gada pirm\u0101 sp\u0113le ar lidma\u0161\u012bnu, kuras RTP ir 97 % un reizin\u0101t\u0101ji sasniedz pat x25 000. Iz\u0146emiet laimestu pirms av\u0101rijas un izmantojiet agr\u012bn\u0101s\/augsta riska strat\u0113\u0123ijas, lai palielin\u0101tu savus laimestus \u201eBetwinner\u201c!","robots":{"index":"index","follow":"follow","max-snippet":"max-snippet:-1","max-image-preview":"max-image-preview:large","max-video-preview":"max-video-preview:-1"},"canonical":"https:\/\/betwinner.team\/lv\/jetx\/","og_locale":"lv_LV","og_type":"article","og_title":"JetX Betwinner 2026 \u2014 Sp\u0113le \u201eCrash\u201c \u2013 RTP 97 %","og_description":"\u201eJetX\u201c no \u201eSmartSoft Gaming\u201c: 2019. gada pirm\u0101 sp\u0113le ar lidma\u0161\u012bnu, kuras RTP ir 97 % un reizin\u0101t\u0101ji sasniedz pat x25 000. Iz\u0146emiet laimestu pirms av\u0101rijas un izmantojiet agr\u012bn\u0101s\/augsta riska strat\u0113\u0123ijas, lai palielin\u0101tu savus laimestus \u201eBetwinner\u201c!","og_url":"https:\/\/betwinner.team\/lv\/jetx\/","og_site_name":"Betwinner Team LV","article_modified_time":"2026-05-05T17:09:32+00:00","twitter_card":"summary_large_image","schema":{"@context":"https:\/\/schema.org","@graph":[{"@type":"WebPage","@id":"https:\/\/betwinner.team\/lv\/jetx\/","url":"https:\/\/betwinner.team\/lv\/jetx\/","name":"JetX Betwinner 2026 \u2014 Sp\u0113le \u201eCrash\u201c \u2013 RTP 97 %","isPartOf":{"@id":"http:\/\/betwinner.team\/lv\/#website"},"datePublished":"2026-04-25T16:03:00+00:00","dateModified":"2026-05-05T17:09:32+00:00","description":"\u201eJetX\u201c no \u201eSmartSoft Gaming\u201c: 2019. gada pirm\u0101 sp\u0113le ar lidma\u0161\u012bnu, kuras RTP ir 97 % un reizin\u0101t\u0101ji sasniedz pat x25 000. Iz\u0146emiet laimestu pirms av\u0101rijas un izmantojiet agr\u012bn\u0101s\/augsta riska strat\u0113\u0123ijas, lai palielin\u0101tu savus laimestus \u201eBetwinner\u201c!","inLanguage":"lv-LV","potentialAction":[{"@type":"ReadAction","target":["https:\/\/betwinner.team\/lv\/jetx\/"]}]},{"@type":"WebSite","@id":"http:\/\/betwinner.team\/lv\/#website","url":"http:\/\/betwinner.team\/lv\/","name":"Betwinner Team LV","description":"","potentialAction":[{"@type":"SearchAction","target":{"@type":"EntryPoint","urlTemplate":"http:\/\/betwinner.team\/lv\/?s={search_term_string}"},"query-input":{"@type":"PropertyValueSpecification","valueRequired":true,"valueName":"search_term_string"}}],"inLanguage":"lv-LV"}]}},"_links":{"self":[{"href":"https:\/\/betwinner.team\/lv\/wp-json\/wp\/v2\/pages\/1813","targetHints":{"allow":["GET"]}}],"collection":[{"href":"https:\/\/betwinner.team\/lv\/wp-json\/wp\/v2\/pages"}],"about":[{"href":"https:\/\/betwinner.team\/lv\/wp-json\/wp\/v2\/types\/page"}],"author":[{"embeddable":true,"href":"https:\/\/betwinner.team\/lv\/wp-json\/wp\/v2\/users\/1"}],"replies":[{"embeddable":true,"href":"https:\/\/betwinner.team\/lv\/wp-json\/wp\/v2\/comments?post=1813"}],"version-history":[{"count":5,"href":"https:\/\/betwinner.team\/lv\/wp-json\/wp\/v2\/pages\/1813\/revisions"}],"predecessor-version":[{"id":1895,"href":"https:\/\/betwinner.team\/lv\/wp-json\/wp\/v2\/pages\/1813\/revisions\/1895"}],"wp:attachment":[{"href":"https:\/\/betwinner.team\/lv\/wp-json\/wp\/v2\/media?parent=1813"}],"curies":[{"name":"wp","href":"https:\/\/api.w.org\/{rel}","templated":true}]}}