{"id":1807,"date":"2026-04-25T18:30:07","date_gmt":"2026-04-25T15:30:07","guid":{"rendered":"https:\/\/betwinner.team\/lv\/?page_id=1807"},"modified":"2026-05-05T20:16:48","modified_gmt":"2026-05-05T17:16:48","slug":"mines","status":"publish","type":"page","link":"https:\/\/betwinner.team\/lv\/mines\/","title":{"rendered":"Mines"},"content":{"rendered":"","protected":false},"excerpt":{"rendered":"","protected":false},"author":1,"featured_media":0,"parent":0,"menu_order":0,"comment_status":"closed","ping_status":"closed","template":"","meta":{"_acf_changed":false,"footnotes":""},"class_list":["post-1807","page","type-page","status-publish","hentry"],"acf":[],"yoast_head":"<!-- This site is optimized with the Yoast SEO plugin v26.9 - https:\/\/yoast.com\/product\/yoast-seo-wordpress\/ -->\n<title>Sp\u0113le \u201eMines\u201c Betwinner 2026 \u2014 Strat\u0113\u0123ijas ar RTP 97 %<\/title>\n<meta name=\"description\" content=\"Sp\u0113le \u201eMines\u201c vietn\u0113 Betwinner \u2014 sp\u0113le, kur\u0101 j\u0101neitraliz\u0113 bumbas, 1\u201325 min\u016btes uz 5x5 laukumu, reizin\u0101t\u0101ji l\u012bdz pat x1M, RTP 95\u201397 %. Izv\u0113lieties savu riska l\u012bmeni un iz\u0146emiet laimestu \u012bstaj\u0101 br\u012bd\u012b \u2014 zema un augsta riska strat\u0113\u0123ijas pe\u013c\u0146as g\u016b\u0161anai!\" \/>\n<meta name=\"robots\" content=\"index, follow, max-snippet:-1, max-image-preview:large, max-video-preview:-1\" \/>\n<link rel=\"canonical\" href=\"https:\/\/betwinner.team\/lv\/mines\/\" \/>\n<meta property=\"og:locale\" content=\"lv_LV\" \/>\n<meta property=\"og:type\" content=\"article\" \/>\n<meta property=\"og:title\" content=\"Sp\u0113le \u201eMines\u201c Betwinner 2026 \u2014 Strat\u0113\u0123ijas ar RTP 97 %\" \/>\n<meta property=\"og:description\" content=\"Sp\u0113le \u201eMines\u201c vietn\u0113 Betwinner \u2014 sp\u0113le, kur\u0101 j\u0101neitraliz\u0113 bumbas, 1\u201325 min\u016btes uz 5x5 laukumu, reizin\u0101t\u0101ji l\u012bdz pat x1M, RTP 95\u201397 %. Izv\u0113lieties savu riska l\u012bmeni un iz\u0146emiet laimestu \u012bstaj\u0101 br\u012bd\u012b \u2014 zema un augsta riska strat\u0113\u0123ijas pe\u013c\u0146as g\u016b\u0161anai!\" \/>\n<meta property=\"og:url\" content=\"https:\/\/betwinner.team\/lv\/mines\/\" \/>\n<meta property=\"og:site_name\" content=\"Betwinner Team LV\" \/>\n<meta property=\"article:modified_time\" content=\"2026-05-05T17:16:48+00:00\" \/>\n<meta name=\"twitter:card\" content=\"summary_large_image\" \/>\n<script type=\"application\/ld+json\" class=\"yoast-schema-graph\">{\"@context\":\"https:\/\/schema.org\",\"@graph\":[{\"@type\":\"WebPage\",\"@id\":\"https:\/\/betwinner.team\/lv\/mines\/\",\"url\":\"https:\/\/betwinner.team\/lv\/mines\/\",\"name\":\"Sp\u0113le \u201eMines\u201c Betwinner 2026 \u2014 Strat\u0113\u0123ijas ar RTP 97 %\",\"isPartOf\":{\"@id\":\"http:\/\/betwinner.team\/lv\/#website\"},\"datePublished\":\"2026-04-25T15:30:07+00:00\",\"dateModified\":\"2026-05-05T17:16:48+00:00\",\"description\":\"Sp\u0113le \u201eMines\u201c vietn\u0113 Betwinner \u2014 sp\u0113le, kur\u0101 j\u0101neitraliz\u0113 bumbas, 1\u201325 min\u016btes uz 5x5 laukumu, reizin\u0101t\u0101ji l\u012bdz pat x1M, RTP 95\u201397 %. Izv\u0113lieties savu riska l\u012bmeni un iz\u0146emiet laimestu \u012bstaj\u0101 br\u012bd\u012b \u2014 zema un augsta riska strat\u0113\u0123ijas pe\u013c\u0146as g\u016b\u0161anai!\",\"inLanguage\":\"lv-LV\",\"potentialAction\":[{\"@type\":\"ReadAction\",\"target\":[\"https:\/\/betwinner.team\/lv\/mines\/\"]}]},{\"@type\":\"WebSite\",\"@id\":\"http:\/\/betwinner.team\/lv\/#website\",\"url\":\"http:\/\/betwinner.team\/lv\/\",\"name\":\"Betwinner Team LV\",\"description\":\"\",\"potentialAction\":[{\"@type\":\"SearchAction\",\"target\":{\"@type\":\"EntryPoint\",\"urlTemplate\":\"http:\/\/betwinner.team\/lv\/?s={search_term_string}\"},\"query-input\":{\"@type\":\"PropertyValueSpecification\",\"valueRequired\":true,\"valueName\":\"search_term_string\"}}],\"inLanguage\":\"lv-LV\"}]}<\/script>\n<!-- \/ Yoast SEO plugin. -->","yoast_head_json":{"title":"Sp\u0113le \u201eMines\u201c Betwinner 2026 \u2014 Strat\u0113\u0123ijas ar RTP 97 %","description":"Sp\u0113le \u201eMines\u201c vietn\u0113 Betwinner \u2014 sp\u0113le, kur\u0101 j\u0101neitraliz\u0113 bumbas, 1\u201325 min\u016btes uz 5x5 laukumu, reizin\u0101t\u0101ji l\u012bdz pat x1M, RTP 95\u201397 %. Izv\u0113lieties savu riska l\u012bmeni un iz\u0146emiet laimestu \u012bstaj\u0101 br\u012bd\u012b \u2014 zema un augsta riska strat\u0113\u0123ijas pe\u013c\u0146as g\u016b\u0161anai!","robots":{"index":"index","follow":"follow","max-snippet":"max-snippet:-1","max-image-preview":"max-image-preview:large","max-video-preview":"max-video-preview:-1"},"canonical":"https:\/\/betwinner.team\/lv\/mines\/","og_locale":"lv_LV","og_type":"article","og_title":"Sp\u0113le \u201eMines\u201c Betwinner 2026 \u2014 Strat\u0113\u0123ijas ar RTP 97 %","og_description":"Sp\u0113le \u201eMines\u201c vietn\u0113 Betwinner \u2014 sp\u0113le, kur\u0101 j\u0101neitraliz\u0113 bumbas, 1\u201325 min\u016btes uz 5x5 laukumu, reizin\u0101t\u0101ji l\u012bdz pat x1M, RTP 95\u201397 %. Izv\u0113lieties savu riska l\u012bmeni un iz\u0146emiet laimestu \u012bstaj\u0101 br\u012bd\u012b \u2014 zema un augsta riska strat\u0113\u0123ijas pe\u013c\u0146as g\u016b\u0161anai!","og_url":"https:\/\/betwinner.team\/lv\/mines\/","og_site_name":"Betwinner Team LV","article_modified_time":"2026-05-05T17:16:48+00:00","twitter_card":"summary_large_image","schema":{"@context":"https:\/\/schema.org","@graph":[{"@type":"WebPage","@id":"https:\/\/betwinner.team\/lv\/mines\/","url":"https:\/\/betwinner.team\/lv\/mines\/","name":"Sp\u0113le \u201eMines\u201c Betwinner 2026 \u2014 Strat\u0113\u0123ijas ar RTP 97 %","isPartOf":{"@id":"http:\/\/betwinner.team\/lv\/#website"},"datePublished":"2026-04-25T15:30:07+00:00","dateModified":"2026-05-05T17:16:48+00:00","description":"Sp\u0113le \u201eMines\u201c vietn\u0113 Betwinner \u2014 sp\u0113le, kur\u0101 j\u0101neitraliz\u0113 bumbas, 1\u201325 min\u016btes uz 5x5 laukumu, reizin\u0101t\u0101ji l\u012bdz pat x1M, RTP 95\u201397 %. Izv\u0113lieties savu riska l\u012bmeni un iz\u0146emiet laimestu \u012bstaj\u0101 br\u012bd\u012b \u2014 zema un augsta riska strat\u0113\u0123ijas pe\u013c\u0146as g\u016b\u0161anai!","inLanguage":"lv-LV","potentialAction":[{"@type":"ReadAction","target":["https:\/\/betwinner.team\/lv\/mines\/"]}]},{"@type":"WebSite","@id":"http:\/\/betwinner.team\/lv\/#website","url":"http:\/\/betwinner.team\/lv\/","name":"Betwinner Team LV","description":"","potentialAction":[{"@type":"SearchAction","target":{"@type":"EntryPoint","urlTemplate":"http:\/\/betwinner.team\/lv\/?s={search_term_string}"},"query-input":{"@type":"PropertyValueSpecification","valueRequired":true,"valueName":"search_term_string"}}],"inLanguage":"lv-LV"}]}},"_links":{"self":[{"href":"https:\/\/betwinner.team\/lv\/wp-json\/wp\/v2\/pages\/1807","targetHints":{"allow":["GET"]}}],"collection":[{"href":"https:\/\/betwinner.team\/lv\/wp-json\/wp\/v2\/pages"}],"about":[{"href":"https:\/\/betwinner.team\/lv\/wp-json\/wp\/v2\/types\/page"}],"author":[{"embeddable":true,"href":"https:\/\/betwinner.team\/lv\/wp-json\/wp\/v2\/users\/1"}],"replies":[{"embeddable":true,"href":"https:\/\/betwinner.team\/lv\/wp-json\/wp\/v2\/comments?post=1807"}],"version-history":[{"count":4,"href":"https:\/\/betwinner.team\/lv\/wp-json\/wp\/v2\/pages\/1807\/revisions"}],"predecessor-version":[{"id":1898,"href":"https:\/\/betwinner.team\/lv\/wp-json\/wp\/v2\/pages\/1807\/revisions\/1898"}],"wp:attachment":[{"href":"https:\/\/betwinner.team\/lv\/wp-json\/wp\/v2\/media?parent=1807"}],"curies":[{"name":"wp","href":"https:\/\/api.w.org\/{rel}","templated":true}]}}