{"id":1797,"date":"2026-04-25T18:12:47","date_gmt":"2026-04-25T15:12:47","guid":{"rendered":"https:\/\/betwinner.team\/lv\/?page_id=1797"},"modified":"2026-05-05T17:48:26","modified_gmt":"2026-05-05T14:48:26","slug":"book-of-dead","status":"publish","type":"page","link":"https:\/\/betwinner.team\/lv\/book-of-dead\/","title":{"rendered":"Book of Dead"},"content":{"rendered":"","protected":false},"excerpt":{"rendered":"","protected":false},"author":1,"featured_media":0,"parent":0,"menu_order":0,"comment_status":"closed","ping_status":"closed","template":"","meta":{"_acf_changed":false,"footnotes":""},"class_list":["post-1797","page","type-page","status-publish","hentry"],"acf":[],"yoast_head":"<!-- This site is optimized with the Yoast SEO plugin v26.9 - https:\/\/yoast.com\/product\/yoast-seo-wordpress\/ -->\n<title>Book of Dead Betwinner2026 \u2014 Play&#039;n GO bezmaksas griezieni<\/title>\n<meta name=\"description\" content=\"Play&#039;n GO sp\u0113le \u201eBook of Dead\u201c \u2014 2016. gada klasika ar RTP 96,21 %, 10 izmaksas l\u012bnij\u0101m, bezmaksas griezieniem ar papla\u0161in\u0101miem simboliem un maksim\u0101lo laimestu 5000 reizes. Ar savu \u0112\u0123iptes tematiku un azartsp\u0113les funkciju \u0161is sp\u0113\u013cu autom\u0101ts ir ide\u0101ls izv\u0113le, ja v\u0113lies izjust nostal\u0123iju un g\u016bt lielus laimestus!\" \/>\n<meta name=\"robots\" content=\"index, follow, max-snippet:-1, max-image-preview:large, max-video-preview:-1\" \/>\n<link rel=\"canonical\" href=\"http:\/\/betwinner.team\/lv\/book-of-dead\/\" \/>\n<meta property=\"og:locale\" content=\"lv_LV\" \/>\n<meta property=\"og:type\" content=\"article\" \/>\n<meta property=\"og:title\" content=\"Book of Dead Betwinner2026 \u2014 Play&#039;n GO bezmaksas griezieni\" \/>\n<meta property=\"og:description\" content=\"Play&#039;n GO sp\u0113le \u201eBook of Dead\u201c \u2014 2016. gada klasika ar RTP 96,21 %, 10 izmaksas l\u012bnij\u0101m, bezmaksas griezieniem ar papla\u0161in\u0101miem simboliem un maksim\u0101lo laimestu 5000 reizes. Ar savu \u0112\u0123iptes tematiku un azartsp\u0113les funkciju \u0161is sp\u0113\u013cu autom\u0101ts ir ide\u0101ls izv\u0113le, ja v\u0113lies izjust nostal\u0123iju un g\u016bt lielus laimestus!\" \/>\n<meta property=\"og:url\" content=\"http:\/\/betwinner.team\/lv\/book-of-dead\/\" \/>\n<meta property=\"og:site_name\" content=\"Betwinner Team LV\" \/>\n<meta property=\"article:modified_time\" content=\"2026-05-05T14:48:26+00:00\" \/>\n<meta name=\"twitter:card\" content=\"summary_large_image\" \/>\n<script type=\"application\/ld+json\" class=\"yoast-schema-graph\">{\"@context\":\"https:\/\/schema.org\",\"@graph\":[{\"@type\":\"WebPage\",\"@id\":\"http:\/\/betwinner.team\/lv\/book-of-dead\/\",\"url\":\"http:\/\/betwinner.team\/lv\/book-of-dead\/\",\"name\":\"Book of Dead Betwinner2026 \u2014 Play'n GO bezmaksas griezieni\",\"isPartOf\":{\"@id\":\"http:\/\/betwinner.team\/lv\/#website\"},\"datePublished\":\"2026-04-25T15:12:47+00:00\",\"dateModified\":\"2026-05-05T14:48:26+00:00\",\"description\":\"Play'n GO sp\u0113le \u201eBook of Dead\u201c \u2014 2016. gada klasika ar RTP 96,21 %, 10 izmaksas l\u012bnij\u0101m, bezmaksas griezieniem ar papla\u0161in\u0101miem simboliem un maksim\u0101lo laimestu 5000 reizes. Ar savu \u0112\u0123iptes tematiku un azartsp\u0113les funkciju \u0161is sp\u0113\u013cu autom\u0101ts ir ide\u0101ls izv\u0113le, ja v\u0113lies izjust nostal\u0123iju un g\u016bt lielus laimestus!\",\"inLanguage\":\"lv-LV\",\"potentialAction\":[{\"@type\":\"ReadAction\",\"target\":[\"http:\/\/betwinner.team\/lv\/book-of-dead\/\"]}]},{\"@type\":\"WebSite\",\"@id\":\"http:\/\/betwinner.team\/lv\/#website\",\"url\":\"http:\/\/betwinner.team\/lv\/\",\"name\":\"Betwinner Team LV\",\"description\":\"\",\"potentialAction\":[{\"@type\":\"SearchAction\",\"target\":{\"@type\":\"EntryPoint\",\"urlTemplate\":\"http:\/\/betwinner.team\/lv\/?s={search_term_string}\"},\"query-input\":{\"@type\":\"PropertyValueSpecification\",\"valueRequired\":true,\"valueName\":\"search_term_string\"}}],\"inLanguage\":\"lv-LV\"}]}<\/script>\n<!-- \/ Yoast SEO plugin. -->","yoast_head_json":{"title":"Book of Dead Betwinner2026 \u2014 Play'n GO bezmaksas griezieni","description":"Play'n GO sp\u0113le \u201eBook of Dead\u201c \u2014 2016. gada klasika ar RTP 96,21 %, 10 izmaksas l\u012bnij\u0101m, bezmaksas griezieniem ar papla\u0161in\u0101miem simboliem un maksim\u0101lo laimestu 5000 reizes. Ar savu \u0112\u0123iptes tematiku un azartsp\u0113les funkciju \u0161is sp\u0113\u013cu autom\u0101ts ir ide\u0101ls izv\u0113le, ja v\u0113lies izjust nostal\u0123iju un g\u016bt lielus laimestus!","robots":{"index":"index","follow":"follow","max-snippet":"max-snippet:-1","max-image-preview":"max-image-preview:large","max-video-preview":"max-video-preview:-1"},"canonical":"http:\/\/betwinner.team\/lv\/book-of-dead\/","og_locale":"lv_LV","og_type":"article","og_title":"Book of Dead Betwinner2026 \u2014 Play'n GO bezmaksas griezieni","og_description":"Play'n GO sp\u0113le \u201eBook of Dead\u201c \u2014 2016. gada klasika ar RTP 96,21 %, 10 izmaksas l\u012bnij\u0101m, bezmaksas griezieniem ar papla\u0161in\u0101miem simboliem un maksim\u0101lo laimestu 5000 reizes. Ar savu \u0112\u0123iptes tematiku un azartsp\u0113les funkciju \u0161is sp\u0113\u013cu autom\u0101ts ir ide\u0101ls izv\u0113le, ja v\u0113lies izjust nostal\u0123iju un g\u016bt lielus laimestus!","og_url":"http:\/\/betwinner.team\/lv\/book-of-dead\/","og_site_name":"Betwinner Team LV","article_modified_time":"2026-05-05T14:48:26+00:00","twitter_card":"summary_large_image","schema":{"@context":"https:\/\/schema.org","@graph":[{"@type":"WebPage","@id":"http:\/\/betwinner.team\/lv\/book-of-dead\/","url":"http:\/\/betwinner.team\/lv\/book-of-dead\/","name":"Book of Dead Betwinner2026 \u2014 Play'n GO bezmaksas griezieni","isPartOf":{"@id":"http:\/\/betwinner.team\/lv\/#website"},"datePublished":"2026-04-25T15:12:47+00:00","dateModified":"2026-05-05T14:48:26+00:00","description":"Play'n GO sp\u0113le \u201eBook of Dead\u201c \u2014 2016. gada klasika ar RTP 96,21 %, 10 izmaksas l\u012bnij\u0101m, bezmaksas griezieniem ar papla\u0161in\u0101miem simboliem un maksim\u0101lo laimestu 5000 reizes. Ar savu \u0112\u0123iptes tematiku un azartsp\u0113les funkciju \u0161is sp\u0113\u013cu autom\u0101ts ir ide\u0101ls izv\u0113le, ja v\u0113lies izjust nostal\u0123iju un g\u016bt lielus laimestus!","inLanguage":"lv-LV","potentialAction":[{"@type":"ReadAction","target":["http:\/\/betwinner.team\/lv\/book-of-dead\/"]}]},{"@type":"WebSite","@id":"http:\/\/betwinner.team\/lv\/#website","url":"http:\/\/betwinner.team\/lv\/","name":"Betwinner Team LV","description":"","potentialAction":[{"@type":"SearchAction","target":{"@type":"EntryPoint","urlTemplate":"http:\/\/betwinner.team\/lv\/?s={search_term_string}"},"query-input":{"@type":"PropertyValueSpecification","valueRequired":true,"valueName":"search_term_string"}}],"inLanguage":"lv-LV"}]}},"_links":{"self":[{"href":"https:\/\/betwinner.team\/lv\/wp-json\/wp\/v2\/pages\/1797","targetHints":{"allow":["GET"]}}],"collection":[{"href":"https:\/\/betwinner.team\/lv\/wp-json\/wp\/v2\/pages"}],"about":[{"href":"https:\/\/betwinner.team\/lv\/wp-json\/wp\/v2\/types\/page"}],"author":[{"embeddable":true,"href":"https:\/\/betwinner.team\/lv\/wp-json\/wp\/v2\/users\/1"}],"replies":[{"embeddable":true,"href":"https:\/\/betwinner.team\/lv\/wp-json\/wp\/v2\/comments?post=1797"}],"version-history":[{"count":5,"href":"https:\/\/betwinner.team\/lv\/wp-json\/wp\/v2\/pages\/1797\/revisions"}],"predecessor-version":[{"id":1883,"href":"https:\/\/betwinner.team\/lv\/wp-json\/wp\/v2\/pages\/1797\/revisions\/1883"}],"wp:attachment":[{"href":"https:\/\/betwinner.team\/lv\/wp-json\/wp\/v2\/media?parent=1797"}],"curies":[{"name":"wp","href":"https:\/\/api.w.org\/{rel}","templated":true}]}}