{"id":1778,"date":"2026-04-25T16:40:44","date_gmt":"2026-04-25T13:40:44","guid":{"rendered":"https:\/\/betwinner.team\/lv\/?page_id=1778"},"modified":"2026-05-05T18:31:28","modified_gmt":"2026-05-05T15:31:28","slug":"gates-of-olympus","status":"publish","type":"page","link":"https:\/\/betwinner.team\/lv\/gates-of-olympus\/","title":{"rendered":"Gates of Olympus"},"content":{"rendered":"","protected":false},"excerpt":{"rendered":"","protected":false},"author":1,"featured_media":0,"parent":0,"menu_order":0,"comment_status":"closed","ping_status":"closed","template":"","meta":{"_acf_changed":false,"footnotes":""},"class_list":["post-1778","page","type-page","status-publish","hentry"],"acf":[],"yoast_head":"<!-- This site is optimized with the Yoast SEO plugin v26.9 - https:\/\/yoast.com\/product\/yoast-seo-wordpress\/ -->\n<title>Gates of Olympus Betwinner 2026 \u2014 Reizin\u0101t\u0101ji x500 Pragmatic<\/title>\n<meta name=\"description\" content=\"\u201eGates of Olympus\u201c vietn\u0113 Betwinner \u2013 Pragmatic Play 2021. gada h\u012bts ar RTP 96,5 %, kr\u012bto\u0161iem ru\u013c\u013ciem, reizin\u0101t\u0101jiem l\u012bdz pat x500 un vair\u0101k nek\u0101 15 bezmaksas griezieniem. Augsta sv\u0101rst\u012bguma l\u012bmenis, maksim\u0101lais laimests x5000 \u2013 le\u0123enda starp tie\u0161saistes sp\u0113\u013cu autom\u0101tiem!\" \/>\n<meta name=\"robots\" content=\"index, follow, max-snippet:-1, max-image-preview:large, max-video-preview:-1\" \/>\n<link rel=\"canonical\" href=\"https:\/\/betwinner.team\/lv\/gates-of-olympus\/\" \/>\n<meta property=\"og:locale\" content=\"lv_LV\" \/>\n<meta property=\"og:type\" content=\"article\" \/>\n<meta property=\"og:title\" content=\"Gates of Olympus Betwinner 2026 \u2014 Reizin\u0101t\u0101ji x500 Pragmatic\" \/>\n<meta property=\"og:description\" content=\"\u201eGates of Olympus\u201c vietn\u0113 Betwinner \u2013 Pragmatic Play 2021. gada h\u012bts ar RTP 96,5 %, kr\u012bto\u0161iem ru\u013c\u013ciem, reizin\u0101t\u0101jiem l\u012bdz pat x500 un vair\u0101k nek\u0101 15 bezmaksas griezieniem. Augsta sv\u0101rst\u012bguma l\u012bmenis, maksim\u0101lais laimests x5000 \u2013 le\u0123enda starp tie\u0161saistes sp\u0113\u013cu autom\u0101tiem!\" \/>\n<meta property=\"og:url\" content=\"https:\/\/betwinner.team\/lv\/gates-of-olympus\/\" \/>\n<meta property=\"og:site_name\" content=\"Betwinner Team LV\" \/>\n<meta property=\"article:modified_time\" content=\"2026-05-05T15:31:28+00:00\" \/>\n<meta name=\"twitter:card\" content=\"summary_large_image\" \/>\n<script type=\"application\/ld+json\" class=\"yoast-schema-graph\">{\"@context\":\"https:\/\/schema.org\",\"@graph\":[{\"@type\":\"WebPage\",\"@id\":\"https:\/\/betwinner.team\/lv\/gates-of-olympus\/\",\"url\":\"https:\/\/betwinner.team\/lv\/gates-of-olympus\/\",\"name\":\"Gates of Olympus Betwinner 2026 \u2014 Reizin\u0101t\u0101ji x500 Pragmatic\",\"isPartOf\":{\"@id\":\"http:\/\/betwinner.team\/lv\/#website\"},\"datePublished\":\"2026-04-25T13:40:44+00:00\",\"dateModified\":\"2026-05-05T15:31:28+00:00\",\"description\":\"\u201eGates of Olympus\u201c vietn\u0113 Betwinner \u2013 Pragmatic Play 2021. gada h\u012bts ar RTP 96,5 %, kr\u012bto\u0161iem ru\u013c\u013ciem, reizin\u0101t\u0101jiem l\u012bdz pat x500 un vair\u0101k nek\u0101 15 bezmaksas griezieniem. Augsta sv\u0101rst\u012bguma l\u012bmenis, maksim\u0101lais laimests x5000 \u2013 le\u0123enda starp tie\u0161saistes sp\u0113\u013cu autom\u0101tiem!\",\"inLanguage\":\"lv-LV\",\"potentialAction\":[{\"@type\":\"ReadAction\",\"target\":[\"https:\/\/betwinner.team\/lv\/gates-of-olympus\/\"]}]},{\"@type\":\"WebSite\",\"@id\":\"http:\/\/betwinner.team\/lv\/#website\",\"url\":\"http:\/\/betwinner.team\/lv\/\",\"name\":\"Betwinner Team LV\",\"description\":\"\",\"potentialAction\":[{\"@type\":\"SearchAction\",\"target\":{\"@type\":\"EntryPoint\",\"urlTemplate\":\"http:\/\/betwinner.team\/lv\/?s={search_term_string}\"},\"query-input\":{\"@type\":\"PropertyValueSpecification\",\"valueRequired\":true,\"valueName\":\"search_term_string\"}}],\"inLanguage\":\"lv-LV\"}]}<\/script>\n<!-- \/ Yoast SEO plugin. -->","yoast_head_json":{"title":"Gates of Olympus Betwinner 2026 \u2014 Reizin\u0101t\u0101ji x500 Pragmatic","description":"\u201eGates of Olympus\u201c vietn\u0113 Betwinner \u2013 Pragmatic Play 2021. gada h\u012bts ar RTP 96,5 %, kr\u012bto\u0161iem ru\u013c\u013ciem, reizin\u0101t\u0101jiem l\u012bdz pat x500 un vair\u0101k nek\u0101 15 bezmaksas griezieniem. Augsta sv\u0101rst\u012bguma l\u012bmenis, maksim\u0101lais laimests x5000 \u2013 le\u0123enda starp tie\u0161saistes sp\u0113\u013cu autom\u0101tiem!","robots":{"index":"index","follow":"follow","max-snippet":"max-snippet:-1","max-image-preview":"max-image-preview:large","max-video-preview":"max-video-preview:-1"},"canonical":"https:\/\/betwinner.team\/lv\/gates-of-olympus\/","og_locale":"lv_LV","og_type":"article","og_title":"Gates of Olympus Betwinner 2026 \u2014 Reizin\u0101t\u0101ji x500 Pragmatic","og_description":"\u201eGates of Olympus\u201c vietn\u0113 Betwinner \u2013 Pragmatic Play 2021. gada h\u012bts ar RTP 96,5 %, kr\u012bto\u0161iem ru\u013c\u013ciem, reizin\u0101t\u0101jiem l\u012bdz pat x500 un vair\u0101k nek\u0101 15 bezmaksas griezieniem. Augsta sv\u0101rst\u012bguma l\u012bmenis, maksim\u0101lais laimests x5000 \u2013 le\u0123enda starp tie\u0161saistes sp\u0113\u013cu autom\u0101tiem!","og_url":"https:\/\/betwinner.team\/lv\/gates-of-olympus\/","og_site_name":"Betwinner Team LV","article_modified_time":"2026-05-05T15:31:28+00:00","twitter_card":"summary_large_image","schema":{"@context":"https:\/\/schema.org","@graph":[{"@type":"WebPage","@id":"https:\/\/betwinner.team\/lv\/gates-of-olympus\/","url":"https:\/\/betwinner.team\/lv\/gates-of-olympus\/","name":"Gates of Olympus Betwinner 2026 \u2014 Reizin\u0101t\u0101ji x500 Pragmatic","isPartOf":{"@id":"http:\/\/betwinner.team\/lv\/#website"},"datePublished":"2026-04-25T13:40:44+00:00","dateModified":"2026-05-05T15:31:28+00:00","description":"\u201eGates of Olympus\u201c vietn\u0113 Betwinner \u2013 Pragmatic Play 2021. gada h\u012bts ar RTP 96,5 %, kr\u012bto\u0161iem ru\u013c\u013ciem, reizin\u0101t\u0101jiem l\u012bdz pat x500 un vair\u0101k nek\u0101 15 bezmaksas griezieniem. Augsta sv\u0101rst\u012bguma l\u012bmenis, maksim\u0101lais laimests x5000 \u2013 le\u0123enda starp tie\u0161saistes sp\u0113\u013cu autom\u0101tiem!","inLanguage":"lv-LV","potentialAction":[{"@type":"ReadAction","target":["https:\/\/betwinner.team\/lv\/gates-of-olympus\/"]}]},{"@type":"WebSite","@id":"http:\/\/betwinner.team\/lv\/#website","url":"http:\/\/betwinner.team\/lv\/","name":"Betwinner Team LV","description":"","potentialAction":[{"@type":"SearchAction","target":{"@type":"EntryPoint","urlTemplate":"http:\/\/betwinner.team\/lv\/?s={search_term_string}"},"query-input":{"@type":"PropertyValueSpecification","valueRequired":true,"valueName":"search_term_string"}}],"inLanguage":"lv-LV"}]}},"_links":{"self":[{"href":"https:\/\/betwinner.team\/lv\/wp-json\/wp\/v2\/pages\/1778","targetHints":{"allow":["GET"]}}],"collection":[{"href":"https:\/\/betwinner.team\/lv\/wp-json\/wp\/v2\/pages"}],"about":[{"href":"https:\/\/betwinner.team\/lv\/wp-json\/wp\/v2\/types\/page"}],"author":[{"embeddable":true,"href":"https:\/\/betwinner.team\/lv\/wp-json\/wp\/v2\/users\/1"}],"replies":[{"embeddable":true,"href":"https:\/\/betwinner.team\/lv\/wp-json\/wp\/v2\/comments?post=1778"}],"version-history":[{"count":5,"href":"https:\/\/betwinner.team\/lv\/wp-json\/wp\/v2\/pages\/1778\/revisions"}],"predecessor-version":[{"id":1891,"href":"https:\/\/betwinner.team\/lv\/wp-json\/wp\/v2\/pages\/1778\/revisions\/1891"}],"wp:attachment":[{"href":"https:\/\/betwinner.team\/lv\/wp-json\/wp\/v2\/media?parent=1778"}],"curies":[{"name":"wp","href":"https:\/\/api.w.org\/{rel}","templated":true}]}}