{"id":1763,"date":"2026-04-24T16:53:01","date_gmt":"2026-04-24T13:53:01","guid":{"rendered":"https:\/\/betwinner.team\/lv\/?page_id=1763"},"modified":"2026-05-05T21:55:47","modified_gmt":"2026-05-05T18:55:47","slug":"sweet-bonanza","status":"publish","type":"page","link":"https:\/\/betwinner.team\/lv\/sweet-bonanza\/","title":{"rendered":"Sweet Bonanza"},"content":{"rendered":"","protected":false},"excerpt":{"rendered":"","protected":false},"author":1,"featured_media":0,"parent":0,"menu_order":0,"comment_status":"closed","ping_status":"closed","template":"","meta":{"_acf_changed":false,"footnotes":""},"class_list":["post-1763","page","type-page","status-publish","hentry"],"acf":[],"yoast_head":"<!-- This site is optimized with the Yoast SEO plugin v26.9 - https:\/\/yoast.com\/product\/yoast-seo-wordpress\/ -->\n<title>Sweet Bonanza 2026 \u2014 \u201eCascading Wins\u201c no \u201ePragmatic Play\u201c<\/title>\n<meta name=\"description\" content=\"Sweet Bonanza \u2014 le\u0123end\u0101rais Pragmatic Play sp\u0113\u013cu autom\u0101ts no 2019. gada ar RTP 96,48\u201396,51 %, kask\u0101des veida uzvar\u0101m, bezmaksas griezieniem ar x1000 bumb\u0101m un reizin\u0101t\u0101jiem l\u012bdz pat x21 100. Sp\u0113l\u0113jiet demo versiju bez maksas lab\u0101kajos kazino!\" \/>\n<meta name=\"robots\" content=\"index, follow, max-snippet:-1, max-image-preview:large, max-video-preview:-1\" \/>\n<link rel=\"canonical\" href=\"https:\/\/betwinner.team\/lv\/sweet-bonanza\/\" \/>\n<meta property=\"og:locale\" content=\"lv_LV\" \/>\n<meta property=\"og:type\" content=\"article\" \/>\n<meta property=\"og:title\" content=\"Sweet Bonanza 2026 \u2014 \u201eCascading Wins\u201c no \u201ePragmatic Play\u201c\" \/>\n<meta property=\"og:description\" content=\"Sweet Bonanza \u2014 le\u0123end\u0101rais Pragmatic Play sp\u0113\u013cu autom\u0101ts no 2019. gada ar RTP 96,48\u201396,51 %, kask\u0101des veida uzvar\u0101m, bezmaksas griezieniem ar x1000 bumb\u0101m un reizin\u0101t\u0101jiem l\u012bdz pat x21 100. Sp\u0113l\u0113jiet demo versiju bez maksas lab\u0101kajos kazino!\" \/>\n<meta property=\"og:url\" content=\"https:\/\/betwinner.team\/lv\/sweet-bonanza\/\" \/>\n<meta property=\"og:site_name\" content=\"Betwinner Team LV\" \/>\n<meta property=\"article:modified_time\" content=\"2026-05-05T18:55:47+00:00\" \/>\n<meta name=\"twitter:card\" content=\"summary_large_image\" \/>\n<script type=\"application\/ld+json\" class=\"yoast-schema-graph\">{\"@context\":\"https:\/\/schema.org\",\"@graph\":[{\"@type\":\"WebPage\",\"@id\":\"https:\/\/betwinner.team\/lv\/sweet-bonanza\/\",\"url\":\"https:\/\/betwinner.team\/lv\/sweet-bonanza\/\",\"name\":\"Sweet Bonanza 2026 \u2014 \u201eCascading Wins\u201c no \u201ePragmatic Play\u201c\",\"isPartOf\":{\"@id\":\"http:\/\/betwinner.team\/lv\/#website\"},\"datePublished\":\"2026-04-24T13:53:01+00:00\",\"dateModified\":\"2026-05-05T18:55:47+00:00\",\"description\":\"Sweet Bonanza \u2014 le\u0123end\u0101rais Pragmatic Play sp\u0113\u013cu autom\u0101ts no 2019. gada ar RTP 96,48\u201396,51 %, kask\u0101des veida uzvar\u0101m, bezmaksas griezieniem ar x1000 bumb\u0101m un reizin\u0101t\u0101jiem l\u012bdz pat x21 100. Sp\u0113l\u0113jiet demo versiju bez maksas lab\u0101kajos kazino!\",\"inLanguage\":\"lv-LV\",\"potentialAction\":[{\"@type\":\"ReadAction\",\"target\":[\"https:\/\/betwinner.team\/lv\/sweet-bonanza\/\"]}]},{\"@type\":\"WebSite\",\"@id\":\"http:\/\/betwinner.team\/lv\/#website\",\"url\":\"http:\/\/betwinner.team\/lv\/\",\"name\":\"Betwinner Team LV\",\"description\":\"\",\"potentialAction\":[{\"@type\":\"SearchAction\",\"target\":{\"@type\":\"EntryPoint\",\"urlTemplate\":\"http:\/\/betwinner.team\/lv\/?s={search_term_string}\"},\"query-input\":{\"@type\":\"PropertyValueSpecification\",\"valueRequired\":true,\"valueName\":\"search_term_string\"}}],\"inLanguage\":\"lv-LV\"}]}<\/script>\n<!-- \/ Yoast SEO plugin. -->","yoast_head_json":{"title":"Sweet Bonanza 2026 \u2014 \u201eCascading Wins\u201c no \u201ePragmatic Play\u201c","description":"Sweet Bonanza \u2014 le\u0123end\u0101rais Pragmatic Play sp\u0113\u013cu autom\u0101ts no 2019. gada ar RTP 96,48\u201396,51 %, kask\u0101des veida uzvar\u0101m, bezmaksas griezieniem ar x1000 bumb\u0101m un reizin\u0101t\u0101jiem l\u012bdz pat x21 100. Sp\u0113l\u0113jiet demo versiju bez maksas lab\u0101kajos kazino!","robots":{"index":"index","follow":"follow","max-snippet":"max-snippet:-1","max-image-preview":"max-image-preview:large","max-video-preview":"max-video-preview:-1"},"canonical":"https:\/\/betwinner.team\/lv\/sweet-bonanza\/","og_locale":"lv_LV","og_type":"article","og_title":"Sweet Bonanza 2026 \u2014 \u201eCascading Wins\u201c no \u201ePragmatic Play\u201c","og_description":"Sweet Bonanza \u2014 le\u0123end\u0101rais Pragmatic Play sp\u0113\u013cu autom\u0101ts no 2019. gada ar RTP 96,48\u201396,51 %, kask\u0101des veida uzvar\u0101m, bezmaksas griezieniem ar x1000 bumb\u0101m un reizin\u0101t\u0101jiem l\u012bdz pat x21 100. Sp\u0113l\u0113jiet demo versiju bez maksas lab\u0101kajos kazino!","og_url":"https:\/\/betwinner.team\/lv\/sweet-bonanza\/","og_site_name":"Betwinner Team LV","article_modified_time":"2026-05-05T18:55:47+00:00","twitter_card":"summary_large_image","schema":{"@context":"https:\/\/schema.org","@graph":[{"@type":"WebPage","@id":"https:\/\/betwinner.team\/lv\/sweet-bonanza\/","url":"https:\/\/betwinner.team\/lv\/sweet-bonanza\/","name":"Sweet Bonanza 2026 \u2014 \u201eCascading Wins\u201c no \u201ePragmatic Play\u201c","isPartOf":{"@id":"http:\/\/betwinner.team\/lv\/#website"},"datePublished":"2026-04-24T13:53:01+00:00","dateModified":"2026-05-05T18:55:47+00:00","description":"Sweet Bonanza \u2014 le\u0123end\u0101rais Pragmatic Play sp\u0113\u013cu autom\u0101ts no 2019. gada ar RTP 96,48\u201396,51 %, kask\u0101des veida uzvar\u0101m, bezmaksas griezieniem ar x1000 bumb\u0101m un reizin\u0101t\u0101jiem l\u012bdz pat x21 100. Sp\u0113l\u0113jiet demo versiju bez maksas lab\u0101kajos kazino!","inLanguage":"lv-LV","potentialAction":[{"@type":"ReadAction","target":["https:\/\/betwinner.team\/lv\/sweet-bonanza\/"]}]},{"@type":"WebSite","@id":"http:\/\/betwinner.team\/lv\/#website","url":"http:\/\/betwinner.team\/lv\/","name":"Betwinner Team LV","description":"","potentialAction":[{"@type":"SearchAction","target":{"@type":"EntryPoint","urlTemplate":"http:\/\/betwinner.team\/lv\/?s={search_term_string}"},"query-input":{"@type":"PropertyValueSpecification","valueRequired":true,"valueName":"search_term_string"}}],"inLanguage":"lv-LV"}]}},"_links":{"self":[{"href":"https:\/\/betwinner.team\/lv\/wp-json\/wp\/v2\/pages\/1763","targetHints":{"allow":["GET"]}}],"collection":[{"href":"https:\/\/betwinner.team\/lv\/wp-json\/wp\/v2\/pages"}],"about":[{"href":"https:\/\/betwinner.team\/lv\/wp-json\/wp\/v2\/types\/page"}],"author":[{"embeddable":true,"href":"https:\/\/betwinner.team\/lv\/wp-json\/wp\/v2\/users\/1"}],"replies":[{"embeddable":true,"href":"https:\/\/betwinner.team\/lv\/wp-json\/wp\/v2\/comments?post=1763"}],"version-history":[{"count":5,"href":"https:\/\/betwinner.team\/lv\/wp-json\/wp\/v2\/pages\/1763\/revisions"}],"predecessor-version":[{"id":1908,"href":"https:\/\/betwinner.team\/lv\/wp-json\/wp\/v2\/pages\/1763\/revisions\/1908"}],"wp:attachment":[{"href":"https:\/\/betwinner.team\/lv\/wp-json\/wp\/v2\/media?parent=1763"}],"curies":[{"name":"wp","href":"https:\/\/api.w.org\/{rel}","templated":true}]}}