{"id":1752,"date":"2026-04-24T16:36:18","date_gmt":"2026-04-24T13:36:18","guid":{"rendered":"https:\/\/betwinner.team\/lv\/?page_id=1752"},"modified":"2026-05-05T20:22:09","modified_gmt":"2026-05-05T17:22:09","slug":"plinko","status":"publish","type":"page","link":"https:\/\/betwinner.team\/lv\/plinko\/","title":{"rendered":"Plinko"},"content":{"rendered":"","protected":false},"excerpt":{"rendered":"","protected":false},"author":1,"featured_media":0,"parent":0,"menu_order":0,"comment_status":"closed","ping_status":"closed","template":"","meta":{"_acf_changed":false,"footnotes":""},"class_list":["post-1752","page","type-page","status-publish","hentry"],"acf":[],"yoast_head":"<!-- This site is optimized with the Yoast SEO plugin v26.9 - https:\/\/yoast.com\/product\/yoast-seo-wordpress\/ -->\n<title>Plinko Betwinner 2026 \u2014 Sp\u0113l\u0113 ar 1000x reizin\u0101t\u0101jiem<\/title>\n<meta name=\"description\" content=\"Sp\u0113l\u0113jiet Plinko vietn\u0113 Betwinner \u2013 v\u0113rojiet, k\u0101 bumbi\u0146a kr\u012bt pa tap\u0101m, izmantojot reizin\u0101t\u0101jus no x0,2 l\u012bdz x1000, k\u0101 ar\u012b bezmaksas demo re\u017e\u012bmu. Iek\u013caujieties sp\u0113l\u0113 un atbalstiet uzvaru kazino \u2013 katra k\u0101rta ilgst tikai da\u017eas sekundes, pied\u0101v\u0101jot visu azartu, kas saist\u012bts ar der\u012bb\u0101m!\" \/>\n<meta name=\"robots\" content=\"index, follow, max-snippet:-1, max-image-preview:large, max-video-preview:-1\" \/>\n<link rel=\"canonical\" href=\"https:\/\/betwinner.team\/lv\/plinko\/\" \/>\n<meta property=\"og:locale\" content=\"lv_LV\" \/>\n<meta property=\"og:type\" content=\"article\" \/>\n<meta property=\"og:title\" content=\"Plinko Betwinner 2026 \u2014 Sp\u0113l\u0113 ar 1000x reizin\u0101t\u0101jiem\" \/>\n<meta property=\"og:description\" content=\"Sp\u0113l\u0113jiet Plinko vietn\u0113 Betwinner \u2013 v\u0113rojiet, k\u0101 bumbi\u0146a kr\u012bt pa tap\u0101m, izmantojot reizin\u0101t\u0101jus no x0,2 l\u012bdz x1000, k\u0101 ar\u012b bezmaksas demo re\u017e\u012bmu. Iek\u013caujieties sp\u0113l\u0113 un atbalstiet uzvaru kazino \u2013 katra k\u0101rta ilgst tikai da\u017eas sekundes, pied\u0101v\u0101jot visu azartu, kas saist\u012bts ar der\u012bb\u0101m!\" \/>\n<meta property=\"og:url\" content=\"https:\/\/betwinner.team\/lv\/plinko\/\" \/>\n<meta property=\"og:site_name\" content=\"Betwinner Team LV\" \/>\n<meta property=\"article:modified_time\" content=\"2026-05-05T17:22:09+00:00\" \/>\n<meta name=\"twitter:card\" content=\"summary_large_image\" \/>\n<script type=\"application\/ld+json\" class=\"yoast-schema-graph\">{\"@context\":\"https:\/\/schema.org\",\"@graph\":[{\"@type\":\"WebPage\",\"@id\":\"https:\/\/betwinner.team\/lv\/plinko\/\",\"url\":\"https:\/\/betwinner.team\/lv\/plinko\/\",\"name\":\"Plinko Betwinner 2026 \u2014 Sp\u0113l\u0113 ar 1000x reizin\u0101t\u0101jiem\",\"isPartOf\":{\"@id\":\"http:\/\/betwinner.team\/lv\/#website\"},\"datePublished\":\"2026-04-24T13:36:18+00:00\",\"dateModified\":\"2026-05-05T17:22:09+00:00\",\"description\":\"Sp\u0113l\u0113jiet Plinko vietn\u0113 Betwinner \u2013 v\u0113rojiet, k\u0101 bumbi\u0146a kr\u012bt pa tap\u0101m, izmantojot reizin\u0101t\u0101jus no x0,2 l\u012bdz x1000, k\u0101 ar\u012b bezmaksas demo re\u017e\u012bmu. Iek\u013caujieties sp\u0113l\u0113 un atbalstiet uzvaru kazino \u2013 katra k\u0101rta ilgst tikai da\u017eas sekundes, pied\u0101v\u0101jot visu azartu, kas saist\u012bts ar der\u012bb\u0101m!\",\"inLanguage\":\"lv-LV\",\"potentialAction\":[{\"@type\":\"ReadAction\",\"target\":[\"https:\/\/betwinner.team\/lv\/plinko\/\"]}]},{\"@type\":\"WebSite\",\"@id\":\"http:\/\/betwinner.team\/lv\/#website\",\"url\":\"http:\/\/betwinner.team\/lv\/\",\"name\":\"Betwinner Team LV\",\"description\":\"\",\"potentialAction\":[{\"@type\":\"SearchAction\",\"target\":{\"@type\":\"EntryPoint\",\"urlTemplate\":\"http:\/\/betwinner.team\/lv\/?s={search_term_string}\"},\"query-input\":{\"@type\":\"PropertyValueSpecification\",\"valueRequired\":true,\"valueName\":\"search_term_string\"}}],\"inLanguage\":\"lv-LV\"}]}<\/script>\n<!-- \/ Yoast SEO plugin. -->","yoast_head_json":{"title":"Plinko Betwinner 2026 \u2014 Sp\u0113l\u0113 ar 1000x reizin\u0101t\u0101jiem","description":"Sp\u0113l\u0113jiet Plinko vietn\u0113 Betwinner \u2013 v\u0113rojiet, k\u0101 bumbi\u0146a kr\u012bt pa tap\u0101m, izmantojot reizin\u0101t\u0101jus no x0,2 l\u012bdz x1000, k\u0101 ar\u012b bezmaksas demo re\u017e\u012bmu. Iek\u013caujieties sp\u0113l\u0113 un atbalstiet uzvaru kazino \u2013 katra k\u0101rta ilgst tikai da\u017eas sekundes, pied\u0101v\u0101jot visu azartu, kas saist\u012bts ar der\u012bb\u0101m!","robots":{"index":"index","follow":"follow","max-snippet":"max-snippet:-1","max-image-preview":"max-image-preview:large","max-video-preview":"max-video-preview:-1"},"canonical":"https:\/\/betwinner.team\/lv\/plinko\/","og_locale":"lv_LV","og_type":"article","og_title":"Plinko Betwinner 2026 \u2014 Sp\u0113l\u0113 ar 1000x reizin\u0101t\u0101jiem","og_description":"Sp\u0113l\u0113jiet Plinko vietn\u0113 Betwinner \u2013 v\u0113rojiet, k\u0101 bumbi\u0146a kr\u012bt pa tap\u0101m, izmantojot reizin\u0101t\u0101jus no x0,2 l\u012bdz x1000, k\u0101 ar\u012b bezmaksas demo re\u017e\u012bmu. Iek\u013caujieties sp\u0113l\u0113 un atbalstiet uzvaru kazino \u2013 katra k\u0101rta ilgst tikai da\u017eas sekundes, pied\u0101v\u0101jot visu azartu, kas saist\u012bts ar der\u012bb\u0101m!","og_url":"https:\/\/betwinner.team\/lv\/plinko\/","og_site_name":"Betwinner Team LV","article_modified_time":"2026-05-05T17:22:09+00:00","twitter_card":"summary_large_image","schema":{"@context":"https:\/\/schema.org","@graph":[{"@type":"WebPage","@id":"https:\/\/betwinner.team\/lv\/plinko\/","url":"https:\/\/betwinner.team\/lv\/plinko\/","name":"Plinko Betwinner 2026 \u2014 Sp\u0113l\u0113 ar 1000x reizin\u0101t\u0101jiem","isPartOf":{"@id":"http:\/\/betwinner.team\/lv\/#website"},"datePublished":"2026-04-24T13:36:18+00:00","dateModified":"2026-05-05T17:22:09+00:00","description":"Sp\u0113l\u0113jiet Plinko vietn\u0113 Betwinner \u2013 v\u0113rojiet, k\u0101 bumbi\u0146a kr\u012bt pa tap\u0101m, izmantojot reizin\u0101t\u0101jus no x0,2 l\u012bdz x1000, k\u0101 ar\u012b bezmaksas demo re\u017e\u012bmu. Iek\u013caujieties sp\u0113l\u0113 un atbalstiet uzvaru kazino \u2013 katra k\u0101rta ilgst tikai da\u017eas sekundes, pied\u0101v\u0101jot visu azartu, kas saist\u012bts ar der\u012bb\u0101m!","inLanguage":"lv-LV","potentialAction":[{"@type":"ReadAction","target":["https:\/\/betwinner.team\/lv\/plinko\/"]}]},{"@type":"WebSite","@id":"http:\/\/betwinner.team\/lv\/#website","url":"http:\/\/betwinner.team\/lv\/","name":"Betwinner Team LV","description":"","potentialAction":[{"@type":"SearchAction","target":{"@type":"EntryPoint","urlTemplate":"http:\/\/betwinner.team\/lv\/?s={search_term_string}"},"query-input":{"@type":"PropertyValueSpecification","valueRequired":true,"valueName":"search_term_string"}}],"inLanguage":"lv-LV"}]}},"_links":{"self":[{"href":"https:\/\/betwinner.team\/lv\/wp-json\/wp\/v2\/pages\/1752","targetHints":{"allow":["GET"]}}],"collection":[{"href":"https:\/\/betwinner.team\/lv\/wp-json\/wp\/v2\/pages"}],"about":[{"href":"https:\/\/betwinner.team\/lv\/wp-json\/wp\/v2\/types\/page"}],"author":[{"embeddable":true,"href":"https:\/\/betwinner.team\/lv\/wp-json\/wp\/v2\/users\/1"}],"replies":[{"embeddable":true,"href":"https:\/\/betwinner.team\/lv\/wp-json\/wp\/v2\/comments?post=1752"}],"version-history":[{"count":4,"href":"https:\/\/betwinner.team\/lv\/wp-json\/wp\/v2\/pages\/1752\/revisions"}],"predecessor-version":[{"id":1901,"href":"https:\/\/betwinner.team\/lv\/wp-json\/wp\/v2\/pages\/1752\/revisions\/1901"}],"wp:attachment":[{"href":"https:\/\/betwinner.team\/lv\/wp-json\/wp\/v2\/media?parent=1752"}],"curies":[{"name":"wp","href":"https:\/\/api.w.org\/{rel}","templated":true}]}}