{"id":1747,"date":"2026-04-24T16:06:42","date_gmt":"2026-04-24T13:06:42","guid":{"rendered":"https:\/\/betwinner.team\/lv\/?page_id=1747"},"modified":"2026-05-05T18:10:16","modified_gmt":"2026-05-05T15:10:16","slug":"chicken-road","status":"publish","type":"page","link":"https:\/\/betwinner.team\/lv\/chicken-road\/","title":{"rendered":"Chicken Road"},"content":{"rendered":"","protected":false},"excerpt":{"rendered":"","protected":false},"author":1,"featured_media":0,"parent":0,"menu_order":0,"comment_status":"closed","ping_status":"closed","template":"","meta":{"_acf_changed":false,"footnotes":""},"class_list":["post-1747","page","type-page","status-publish","hentry"],"acf":[],"yoast_head":"<!-- This site is optimized with the Yoast SEO plugin v26.9 - https:\/\/yoast.com\/product\/yoast-seo-wordpress\/ -->\n<title>Chicken Road Sp\u0113le 2026 \u2014 Sp\u0113le \u201eCrash\u201c \u2013 RTP 98 %<\/title>\n<meta name=\"description\" content=\"Sp\u0113l\u0113 \u201eChicken Road\u201c \u2013 av\u0101riju sp\u0113li no \u201eInOut Games\u201c. Vad\u012b c\u0101li pa ce\u013cu, kas pilns ar lamat\u0101m, ar reizin\u0101t\u0101jiem l\u012bdz pat x1000 un bez laika ierobe\u017eojuma. RTP 98%, vair\u0101ki gr\u016bt\u012bbas l\u012bme\u0146i, demo re\u017e\u012bms. Izlem, vai turpin\u0101t sp\u0113l\u0113t vai iz\u0146emt laimestu!\" \/>\n<meta name=\"robots\" content=\"index, follow, max-snippet:-1, max-image-preview:large, max-video-preview:-1\" \/>\n<link rel=\"canonical\" href=\"https:\/\/betwinner.team\/lv\/chicken-road\/\" \/>\n<meta property=\"og:locale\" content=\"lv_LV\" \/>\n<meta property=\"og:type\" content=\"article\" \/>\n<meta property=\"og:title\" content=\"Chicken Road Sp\u0113le 2026 \u2014 Sp\u0113le \u201eCrash\u201c \u2013 RTP 98 %\" \/>\n<meta property=\"og:description\" content=\"Sp\u0113l\u0113 \u201eChicken Road\u201c \u2013 av\u0101riju sp\u0113li no \u201eInOut Games\u201c. Vad\u012b c\u0101li pa ce\u013cu, kas pilns ar lamat\u0101m, ar reizin\u0101t\u0101jiem l\u012bdz pat x1000 un bez laika ierobe\u017eojuma. RTP 98%, vair\u0101ki gr\u016bt\u012bbas l\u012bme\u0146i, demo re\u017e\u012bms. Izlem, vai turpin\u0101t sp\u0113l\u0113t vai iz\u0146emt laimestu!\" \/>\n<meta property=\"og:url\" content=\"https:\/\/betwinner.team\/lv\/chicken-road\/\" \/>\n<meta property=\"og:site_name\" content=\"Betwinner Team LV\" \/>\n<meta property=\"article:modified_time\" content=\"2026-05-05T15:10:16+00:00\" \/>\n<meta name=\"twitter:card\" content=\"summary_large_image\" \/>\n<script type=\"application\/ld+json\" class=\"yoast-schema-graph\">{\"@context\":\"https:\/\/schema.org\",\"@graph\":[{\"@type\":\"WebPage\",\"@id\":\"https:\/\/betwinner.team\/lv\/chicken-road\/\",\"url\":\"https:\/\/betwinner.team\/lv\/chicken-road\/\",\"name\":\"Chicken Road Sp\u0113le 2026 \u2014 Sp\u0113le \u201eCrash\u201c \u2013 RTP 98 %\",\"isPartOf\":{\"@id\":\"http:\/\/betwinner.team\/lv\/#website\"},\"datePublished\":\"2026-04-24T13:06:42+00:00\",\"dateModified\":\"2026-05-05T15:10:16+00:00\",\"description\":\"Sp\u0113l\u0113 \u201eChicken Road\u201c \u2013 av\u0101riju sp\u0113li no \u201eInOut Games\u201c. Vad\u012b c\u0101li pa ce\u013cu, kas pilns ar lamat\u0101m, ar reizin\u0101t\u0101jiem l\u012bdz pat x1000 un bez laika ierobe\u017eojuma. RTP 98%, vair\u0101ki gr\u016bt\u012bbas l\u012bme\u0146i, demo re\u017e\u012bms. Izlem, vai turpin\u0101t sp\u0113l\u0113t vai iz\u0146emt laimestu!\",\"inLanguage\":\"lv-LV\",\"potentialAction\":[{\"@type\":\"ReadAction\",\"target\":[\"https:\/\/betwinner.team\/lv\/chicken-road\/\"]}]},{\"@type\":\"WebSite\",\"@id\":\"http:\/\/betwinner.team\/lv\/#website\",\"url\":\"http:\/\/betwinner.team\/lv\/\",\"name\":\"Betwinner Team LV\",\"description\":\"\",\"potentialAction\":[{\"@type\":\"SearchAction\",\"target\":{\"@type\":\"EntryPoint\",\"urlTemplate\":\"http:\/\/betwinner.team\/lv\/?s={search_term_string}\"},\"query-input\":{\"@type\":\"PropertyValueSpecification\",\"valueRequired\":true,\"valueName\":\"search_term_string\"}}],\"inLanguage\":\"lv-LV\"}]}<\/script>\n<!-- \/ Yoast SEO plugin. -->","yoast_head_json":{"title":"Chicken Road Sp\u0113le 2026 \u2014 Sp\u0113le \u201eCrash\u201c \u2013 RTP 98 %","description":"Sp\u0113l\u0113 \u201eChicken Road\u201c \u2013 av\u0101riju sp\u0113li no \u201eInOut Games\u201c. Vad\u012b c\u0101li pa ce\u013cu, kas pilns ar lamat\u0101m, ar reizin\u0101t\u0101jiem l\u012bdz pat x1000 un bez laika ierobe\u017eojuma. RTP 98%, vair\u0101ki gr\u016bt\u012bbas l\u012bme\u0146i, demo re\u017e\u012bms. Izlem, vai turpin\u0101t sp\u0113l\u0113t vai iz\u0146emt laimestu!","robots":{"index":"index","follow":"follow","max-snippet":"max-snippet:-1","max-image-preview":"max-image-preview:large","max-video-preview":"max-video-preview:-1"},"canonical":"https:\/\/betwinner.team\/lv\/chicken-road\/","og_locale":"lv_LV","og_type":"article","og_title":"Chicken Road Sp\u0113le 2026 \u2014 Sp\u0113le \u201eCrash\u201c \u2013 RTP 98 %","og_description":"Sp\u0113l\u0113 \u201eChicken Road\u201c \u2013 av\u0101riju sp\u0113li no \u201eInOut Games\u201c. Vad\u012b c\u0101li pa ce\u013cu, kas pilns ar lamat\u0101m, ar reizin\u0101t\u0101jiem l\u012bdz pat x1000 un bez laika ierobe\u017eojuma. RTP 98%, vair\u0101ki gr\u016bt\u012bbas l\u012bme\u0146i, demo re\u017e\u012bms. Izlem, vai turpin\u0101t sp\u0113l\u0113t vai iz\u0146emt laimestu!","og_url":"https:\/\/betwinner.team\/lv\/chicken-road\/","og_site_name":"Betwinner Team LV","article_modified_time":"2026-05-05T15:10:16+00:00","twitter_card":"summary_large_image","schema":{"@context":"https:\/\/schema.org","@graph":[{"@type":"WebPage","@id":"https:\/\/betwinner.team\/lv\/chicken-road\/","url":"https:\/\/betwinner.team\/lv\/chicken-road\/","name":"Chicken Road Sp\u0113le 2026 \u2014 Sp\u0113le \u201eCrash\u201c \u2013 RTP 98 %","isPartOf":{"@id":"http:\/\/betwinner.team\/lv\/#website"},"datePublished":"2026-04-24T13:06:42+00:00","dateModified":"2026-05-05T15:10:16+00:00","description":"Sp\u0113l\u0113 \u201eChicken Road\u201c \u2013 av\u0101riju sp\u0113li no \u201eInOut Games\u201c. Vad\u012b c\u0101li pa ce\u013cu, kas pilns ar lamat\u0101m, ar reizin\u0101t\u0101jiem l\u012bdz pat x1000 un bez laika ierobe\u017eojuma. RTP 98%, vair\u0101ki gr\u016bt\u012bbas l\u012bme\u0146i, demo re\u017e\u012bms. Izlem, vai turpin\u0101t sp\u0113l\u0113t vai iz\u0146emt laimestu!","inLanguage":"lv-LV","potentialAction":[{"@type":"ReadAction","target":["https:\/\/betwinner.team\/lv\/chicken-road\/"]}]},{"@type":"WebSite","@id":"http:\/\/betwinner.team\/lv\/#website","url":"http:\/\/betwinner.team\/lv\/","name":"Betwinner Team LV","description":"","potentialAction":[{"@type":"SearchAction","target":{"@type":"EntryPoint","urlTemplate":"http:\/\/betwinner.team\/lv\/?s={search_term_string}"},"query-input":{"@type":"PropertyValueSpecification","valueRequired":true,"valueName":"search_term_string"}}],"inLanguage":"lv-LV"}]}},"_links":{"self":[{"href":"https:\/\/betwinner.team\/lv\/wp-json\/wp\/v2\/pages\/1747","targetHints":{"allow":["GET"]}}],"collection":[{"href":"https:\/\/betwinner.team\/lv\/wp-json\/wp\/v2\/pages"}],"about":[{"href":"https:\/\/betwinner.team\/lv\/wp-json\/wp\/v2\/types\/page"}],"author":[{"embeddable":true,"href":"https:\/\/betwinner.team\/lv\/wp-json\/wp\/v2\/users\/1"}],"replies":[{"embeddable":true,"href":"https:\/\/betwinner.team\/lv\/wp-json\/wp\/v2\/comments?post=1747"}],"version-history":[{"count":4,"href":"https:\/\/betwinner.team\/lv\/wp-json\/wp\/v2\/pages\/1747\/revisions"}],"predecessor-version":[{"id":1885,"href":"https:\/\/betwinner.team\/lv\/wp-json\/wp\/v2\/pages\/1747\/revisions\/1885"}],"wp:attachment":[{"href":"https:\/\/betwinner.team\/lv\/wp-json\/wp\/v2\/media?parent=1747"}],"curies":[{"name":"wp","href":"https:\/\/api.w.org\/{rel}","templated":true}]}}