{"id":1730,"date":"2026-04-24T12:44:37","date_gmt":"2026-04-24T09:44:37","guid":{"rendered":"https:\/\/betwinner.team\/lv\/?page_id=1730"},"modified":"2026-05-05T18:24:44","modified_gmt":"2026-05-05T15:24:44","slug":"games","status":"publish","type":"page","link":"https:\/\/betwinner.team\/lv\/games\/","title":{"rendered":"Sp\u0113les"},"content":{"rendered":"","protected":false},"excerpt":{"rendered":"","protected":false},"author":1,"featured_media":0,"parent":0,"menu_order":0,"comment_status":"closed","ping_status":"closed","template":"","meta":{"_acf_changed":false,"footnotes":""},"class_list":["post-1730","page","type-page","status-publish","hentry"],"acf":[],"yoast_head":"<!-- This site is optimized with the Yoast SEO plugin v26.9 - https:\/\/yoast.com\/product\/yoast-seo-wordpress\/ -->\n<title>Kazino sp\u0113les Betwinner 2026 \u2014 Sp\u0113\u013cu autom\u0101ti, Tie\u0161raides, Bonusi<\/title>\n<meta name=\"description\" content=\"Sp\u0113l\u0113jiet Betwinner kazino \u2013 vair\u0101k nek\u0101 700 sp\u0113\u013cu autom\u0101ti, dz\u012bvie d\u012bleri, blekd\u017eeks un rulete no NetEnt un Evolution. Bonusi + bezmaksas griezieni, nav nepiecie\u0161ams veikt iemaksu. Izm\u0113\u0123iniet savu veiksmi sp\u0113\u013cu autom\u0101tos un pie sp\u0113\u013cu galdiem tie\u0161saist\u0113 jebkur\u0101 laik\u0101!\" \/>\n<meta name=\"robots\" content=\"index, follow, max-snippet:-1, max-image-preview:large, max-video-preview:-1\" \/>\n<link rel=\"canonical\" href=\"https:\/\/betwinner.team\/lv\/games\/\" \/>\n<meta property=\"og:locale\" content=\"lv_LV\" \/>\n<meta property=\"og:type\" content=\"article\" \/>\n<meta property=\"og:title\" content=\"Kazino sp\u0113les Betwinner 2026 \u2014 Sp\u0113\u013cu autom\u0101ti, Tie\u0161raides, Bonusi\" \/>\n<meta property=\"og:description\" content=\"Sp\u0113l\u0113jiet Betwinner kazino \u2013 vair\u0101k nek\u0101 700 sp\u0113\u013cu autom\u0101ti, dz\u012bvie d\u012bleri, blekd\u017eeks un rulete no NetEnt un Evolution. Bonusi + bezmaksas griezieni, nav nepiecie\u0161ams veikt iemaksu. Izm\u0113\u0123iniet savu veiksmi sp\u0113\u013cu autom\u0101tos un pie sp\u0113\u013cu galdiem tie\u0161saist\u0113 jebkur\u0101 laik\u0101!\" \/>\n<meta property=\"og:url\" content=\"https:\/\/betwinner.team\/lv\/games\/\" \/>\n<meta property=\"og:site_name\" content=\"Betwinner Team LV\" \/>\n<meta property=\"article:modified_time\" content=\"2026-05-05T15:24:44+00:00\" \/>\n<meta name=\"twitter:card\" content=\"summary_large_image\" \/>\n<script type=\"application\/ld+json\" class=\"yoast-schema-graph\">{\"@context\":\"https:\/\/schema.org\",\"@graph\":[{\"@type\":\"WebPage\",\"@id\":\"https:\/\/betwinner.team\/lv\/games\/\",\"url\":\"https:\/\/betwinner.team\/lv\/games\/\",\"name\":\"Kazino sp\u0113les Betwinner 2026 \u2014 Sp\u0113\u013cu autom\u0101ti, Tie\u0161raides, Bonusi\",\"isPartOf\":{\"@id\":\"http:\/\/betwinner.team\/lv\/#website\"},\"datePublished\":\"2026-04-24T09:44:37+00:00\",\"dateModified\":\"2026-05-05T15:24:44+00:00\",\"description\":\"Sp\u0113l\u0113jiet Betwinner kazino \u2013 vair\u0101k nek\u0101 700 sp\u0113\u013cu autom\u0101ti, dz\u012bvie d\u012bleri, blekd\u017eeks un rulete no NetEnt un Evolution. Bonusi + bezmaksas griezieni, nav nepiecie\u0161ams veikt iemaksu. Izm\u0113\u0123iniet savu veiksmi sp\u0113\u013cu autom\u0101tos un pie sp\u0113\u013cu galdiem tie\u0161saist\u0113 jebkur\u0101 laik\u0101!\",\"inLanguage\":\"lv-LV\",\"potentialAction\":[{\"@type\":\"ReadAction\",\"target\":[\"https:\/\/betwinner.team\/lv\/games\/\"]}]},{\"@type\":\"WebSite\",\"@id\":\"http:\/\/betwinner.team\/lv\/#website\",\"url\":\"http:\/\/betwinner.team\/lv\/\",\"name\":\"Betwinner Team LV\",\"description\":\"\",\"potentialAction\":[{\"@type\":\"SearchAction\",\"target\":{\"@type\":\"EntryPoint\",\"urlTemplate\":\"http:\/\/betwinner.team\/lv\/?s={search_term_string}\"},\"query-input\":{\"@type\":\"PropertyValueSpecification\",\"valueRequired\":true,\"valueName\":\"search_term_string\"}}],\"inLanguage\":\"lv-LV\"}]}<\/script>\n<!-- \/ Yoast SEO plugin. -->","yoast_head_json":{"title":"Kazino sp\u0113les Betwinner 2026 \u2014 Sp\u0113\u013cu autom\u0101ti, Tie\u0161raides, Bonusi","description":"Sp\u0113l\u0113jiet Betwinner kazino \u2013 vair\u0101k nek\u0101 700 sp\u0113\u013cu autom\u0101ti, dz\u012bvie d\u012bleri, blekd\u017eeks un rulete no NetEnt un Evolution. Bonusi + bezmaksas griezieni, nav nepiecie\u0161ams veikt iemaksu. Izm\u0113\u0123iniet savu veiksmi sp\u0113\u013cu autom\u0101tos un pie sp\u0113\u013cu galdiem tie\u0161saist\u0113 jebkur\u0101 laik\u0101!","robots":{"index":"index","follow":"follow","max-snippet":"max-snippet:-1","max-image-preview":"max-image-preview:large","max-video-preview":"max-video-preview:-1"},"canonical":"https:\/\/betwinner.team\/lv\/games\/","og_locale":"lv_LV","og_type":"article","og_title":"Kazino sp\u0113les Betwinner 2026 \u2014 Sp\u0113\u013cu autom\u0101ti, Tie\u0161raides, Bonusi","og_description":"Sp\u0113l\u0113jiet Betwinner kazino \u2013 vair\u0101k nek\u0101 700 sp\u0113\u013cu autom\u0101ti, dz\u012bvie d\u012bleri, blekd\u017eeks un rulete no NetEnt un Evolution. Bonusi + bezmaksas griezieni, nav nepiecie\u0161ams veikt iemaksu. Izm\u0113\u0123iniet savu veiksmi sp\u0113\u013cu autom\u0101tos un pie sp\u0113\u013cu galdiem tie\u0161saist\u0113 jebkur\u0101 laik\u0101!","og_url":"https:\/\/betwinner.team\/lv\/games\/","og_site_name":"Betwinner Team LV","article_modified_time":"2026-05-05T15:24:44+00:00","twitter_card":"summary_large_image","schema":{"@context":"https:\/\/schema.org","@graph":[{"@type":"WebPage","@id":"https:\/\/betwinner.team\/lv\/games\/","url":"https:\/\/betwinner.team\/lv\/games\/","name":"Kazino sp\u0113les Betwinner 2026 \u2014 Sp\u0113\u013cu autom\u0101ti, Tie\u0161raides, Bonusi","isPartOf":{"@id":"http:\/\/betwinner.team\/lv\/#website"},"datePublished":"2026-04-24T09:44:37+00:00","dateModified":"2026-05-05T15:24:44+00:00","description":"Sp\u0113l\u0113jiet Betwinner kazino \u2013 vair\u0101k nek\u0101 700 sp\u0113\u013cu autom\u0101ti, dz\u012bvie d\u012bleri, blekd\u017eeks un rulete no NetEnt un Evolution. Bonusi + bezmaksas griezieni, nav nepiecie\u0161ams veikt iemaksu. Izm\u0113\u0123iniet savu veiksmi sp\u0113\u013cu autom\u0101tos un pie sp\u0113\u013cu galdiem tie\u0161saist\u0113 jebkur\u0101 laik\u0101!","inLanguage":"lv-LV","potentialAction":[{"@type":"ReadAction","target":["https:\/\/betwinner.team\/lv\/games\/"]}]},{"@type":"WebSite","@id":"http:\/\/betwinner.team\/lv\/#website","url":"http:\/\/betwinner.team\/lv\/","name":"Betwinner Team LV","description":"","potentialAction":[{"@type":"SearchAction","target":{"@type":"EntryPoint","urlTemplate":"http:\/\/betwinner.team\/lv\/?s={search_term_string}"},"query-input":{"@type":"PropertyValueSpecification","valueRequired":true,"valueName":"search_term_string"}}],"inLanguage":"lv-LV"}]}},"_links":{"self":[{"href":"https:\/\/betwinner.team\/lv\/wp-json\/wp\/v2\/pages\/1730","targetHints":{"allow":["GET"]}}],"collection":[{"href":"https:\/\/betwinner.team\/lv\/wp-json\/wp\/v2\/pages"}],"about":[{"href":"https:\/\/betwinner.team\/lv\/wp-json\/wp\/v2\/types\/page"}],"author":[{"embeddable":true,"href":"https:\/\/betwinner.team\/lv\/wp-json\/wp\/v2\/users\/1"}],"replies":[{"embeddable":true,"href":"https:\/\/betwinner.team\/lv\/wp-json\/wp\/v2\/comments?post=1730"}],"version-history":[{"count":5,"href":"https:\/\/betwinner.team\/lv\/wp-json\/wp\/v2\/pages\/1730\/revisions"}],"predecessor-version":[{"id":1890,"href":"https:\/\/betwinner.team\/lv\/wp-json\/wp\/v2\/pages\/1730\/revisions\/1890"}],"wp:attachment":[{"href":"https:\/\/betwinner.team\/lv\/wp-json\/wp\/v2\/media?parent=1730"}],"curies":[{"name":"wp","href":"https:\/\/api.w.org\/{rel}","templated":true}]}}