{"id":1709,"date":"2026-04-23T12:06:26","date_gmt":"2026-04-23T09:06:26","guid":{"rendered":"https:\/\/betwinner.team\/lv\/?page_id=1709"},"modified":"2026-05-05T18:13:58","modified_gmt":"2026-05-05T15:13:58","slug":"esport","status":"publish","type":"page","link":"https:\/\/betwinner.team\/lv\/esport\/","title":{"rendered":"Esport"},"content":{"rendered":"","protected":false},"excerpt":{"rendered":"","protected":false},"author":1,"featured_media":0,"parent":0,"menu_order":0,"comment_status":"closed","ping_status":"closed","template":"","meta":{"_acf_changed":false,"footnotes":""},"class_list":["post-1709","page","type-page","status-publish","hentry"],"acf":[],"yoast_head":"<!-- This site is optimized with the Yoast SEO plugin v26.9 - https:\/\/yoast.com\/product\/yoast-seo-wordpress\/ -->\n<title>Betwinner Esports Der\u012bbas 2026 \u2014 CS2, Dota 2, LoL tie\u0161raide<\/title>\n<meta name=\"description\" content=\"E-sporta likmes Betwinner \u2013 CS2, Dota 2, LoL \u2013 5\u20137 % komisijas maksa, vair\u0101k nek\u0101 200 likmju tirgi liel\u0101kajos turn\u012bros, tie\u0161raides. P\u0101rv\u0113rtiet savas e-sporta zin\u0101\u0161anas pe\u013c\u0146\u0101 ar bonusu pal\u012bdz\u012bbu!\" \/>\n<meta name=\"robots\" content=\"index, follow, max-snippet:-1, max-image-preview:large, max-video-preview:-1\" \/>\n<link rel=\"canonical\" href=\"https:\/\/betwinner.team\/lv\/esport\/\" \/>\n<meta property=\"og:locale\" content=\"lv_LV\" \/>\n<meta property=\"og:type\" content=\"article\" \/>\n<meta property=\"og:title\" content=\"Betwinner Esports Der\u012bbas 2026 \u2014 CS2, Dota 2, LoL tie\u0161raide\" \/>\n<meta property=\"og:description\" content=\"E-sporta likmes Betwinner \u2013 CS2, Dota 2, LoL \u2013 5\u20137 % komisijas maksa, vair\u0101k nek\u0101 200 likmju tirgi liel\u0101kajos turn\u012bros, tie\u0161raides. P\u0101rv\u0113rtiet savas e-sporta zin\u0101\u0161anas pe\u013c\u0146\u0101 ar bonusu pal\u012bdz\u012bbu!\" \/>\n<meta property=\"og:url\" content=\"https:\/\/betwinner.team\/lv\/esport\/\" \/>\n<meta property=\"og:site_name\" content=\"Betwinner Team LV\" \/>\n<meta property=\"article:modified_time\" content=\"2026-05-05T15:13:58+00:00\" \/>\n<meta name=\"twitter:card\" content=\"summary_large_image\" \/>\n<script type=\"application\/ld+json\" class=\"yoast-schema-graph\">{\"@context\":\"https:\/\/schema.org\",\"@graph\":[{\"@type\":\"WebPage\",\"@id\":\"https:\/\/betwinner.team\/lv\/esport\/\",\"url\":\"https:\/\/betwinner.team\/lv\/esport\/\",\"name\":\"Betwinner Esports Der\u012bbas 2026 \u2014 CS2, Dota 2, LoL tie\u0161raide\",\"isPartOf\":{\"@id\":\"http:\/\/betwinner.team\/lv\/#website\"},\"datePublished\":\"2026-04-23T09:06:26+00:00\",\"dateModified\":\"2026-05-05T15:13:58+00:00\",\"description\":\"E-sporta likmes Betwinner \u2013 CS2, Dota 2, LoL \u2013 5\u20137 % komisijas maksa, vair\u0101k nek\u0101 200 likmju tirgi liel\u0101kajos turn\u012bros, tie\u0161raides. P\u0101rv\u0113rtiet savas e-sporta zin\u0101\u0161anas pe\u013c\u0146\u0101 ar bonusu pal\u012bdz\u012bbu!\",\"inLanguage\":\"lv-LV\",\"potentialAction\":[{\"@type\":\"ReadAction\",\"target\":[\"https:\/\/betwinner.team\/lv\/esport\/\"]}]},{\"@type\":\"WebSite\",\"@id\":\"http:\/\/betwinner.team\/lv\/#website\",\"url\":\"http:\/\/betwinner.team\/lv\/\",\"name\":\"Betwinner Team LV\",\"description\":\"\",\"potentialAction\":[{\"@type\":\"SearchAction\",\"target\":{\"@type\":\"EntryPoint\",\"urlTemplate\":\"http:\/\/betwinner.team\/lv\/?s={search_term_string}\"},\"query-input\":{\"@type\":\"PropertyValueSpecification\",\"valueRequired\":true,\"valueName\":\"search_term_string\"}}],\"inLanguage\":\"lv-LV\"}]}<\/script>\n<!-- \/ Yoast SEO plugin. -->","yoast_head_json":{"title":"Betwinner Esports Der\u012bbas 2026 \u2014 CS2, Dota 2, LoL tie\u0161raide","description":"E-sporta likmes Betwinner \u2013 CS2, Dota 2, LoL \u2013 5\u20137 % komisijas maksa, vair\u0101k nek\u0101 200 likmju tirgi liel\u0101kajos turn\u012bros, tie\u0161raides. P\u0101rv\u0113rtiet savas e-sporta zin\u0101\u0161anas pe\u013c\u0146\u0101 ar bonusu pal\u012bdz\u012bbu!","robots":{"index":"index","follow":"follow","max-snippet":"max-snippet:-1","max-image-preview":"max-image-preview:large","max-video-preview":"max-video-preview:-1"},"canonical":"https:\/\/betwinner.team\/lv\/esport\/","og_locale":"lv_LV","og_type":"article","og_title":"Betwinner Esports Der\u012bbas 2026 \u2014 CS2, Dota 2, LoL tie\u0161raide","og_description":"E-sporta likmes Betwinner \u2013 CS2, Dota 2, LoL \u2013 5\u20137 % komisijas maksa, vair\u0101k nek\u0101 200 likmju tirgi liel\u0101kajos turn\u012bros, tie\u0161raides. P\u0101rv\u0113rtiet savas e-sporta zin\u0101\u0161anas pe\u013c\u0146\u0101 ar bonusu pal\u012bdz\u012bbu!","og_url":"https:\/\/betwinner.team\/lv\/esport\/","og_site_name":"Betwinner Team LV","article_modified_time":"2026-05-05T15:13:58+00:00","twitter_card":"summary_large_image","schema":{"@context":"https:\/\/schema.org","@graph":[{"@type":"WebPage","@id":"https:\/\/betwinner.team\/lv\/esport\/","url":"https:\/\/betwinner.team\/lv\/esport\/","name":"Betwinner Esports Der\u012bbas 2026 \u2014 CS2, Dota 2, LoL tie\u0161raide","isPartOf":{"@id":"http:\/\/betwinner.team\/lv\/#website"},"datePublished":"2026-04-23T09:06:26+00:00","dateModified":"2026-05-05T15:13:58+00:00","description":"E-sporta likmes Betwinner \u2013 CS2, Dota 2, LoL \u2013 5\u20137 % komisijas maksa, vair\u0101k nek\u0101 200 likmju tirgi liel\u0101kajos turn\u012bros, tie\u0161raides. P\u0101rv\u0113rtiet savas e-sporta zin\u0101\u0161anas pe\u013c\u0146\u0101 ar bonusu pal\u012bdz\u012bbu!","inLanguage":"lv-LV","potentialAction":[{"@type":"ReadAction","target":["https:\/\/betwinner.team\/lv\/esport\/"]}]},{"@type":"WebSite","@id":"http:\/\/betwinner.team\/lv\/#website","url":"http:\/\/betwinner.team\/lv\/","name":"Betwinner Team LV","description":"","potentialAction":[{"@type":"SearchAction","target":{"@type":"EntryPoint","urlTemplate":"http:\/\/betwinner.team\/lv\/?s={search_term_string}"},"query-input":{"@type":"PropertyValueSpecification","valueRequired":true,"valueName":"search_term_string"}}],"inLanguage":"lv-LV"}]}},"_links":{"self":[{"href":"https:\/\/betwinner.team\/lv\/wp-json\/wp\/v2\/pages\/1709","targetHints":{"allow":["GET"]}}],"collection":[{"href":"https:\/\/betwinner.team\/lv\/wp-json\/wp\/v2\/pages"}],"about":[{"href":"https:\/\/betwinner.team\/lv\/wp-json\/wp\/v2\/types\/page"}],"author":[{"embeddable":true,"href":"https:\/\/betwinner.team\/lv\/wp-json\/wp\/v2\/users\/1"}],"replies":[{"embeddable":true,"href":"https:\/\/betwinner.team\/lv\/wp-json\/wp\/v2\/comments?post=1709"}],"version-history":[{"count":5,"href":"https:\/\/betwinner.team\/lv\/wp-json\/wp\/v2\/pages\/1709\/revisions"}],"predecessor-version":[{"id":1886,"href":"https:\/\/betwinner.team\/lv\/wp-json\/wp\/v2\/pages\/1709\/revisions\/1886"}],"wp:attachment":[{"href":"https:\/\/betwinner.team\/lv\/wp-json\/wp\/v2\/media?parent=1709"}],"curies":[{"name":"wp","href":"https:\/\/api.w.org\/{rel}","templated":true}]}}