{"id":1692,"date":"2026-04-22T09:26:08","date_gmt":"2026-04-22T06:26:08","guid":{"rendered":"https:\/\/betwinner.team\/lv\/?page_id=1692"},"modified":"2026-05-05T22:04:38","modified_gmt":"2026-05-05T19:04:38","slug":"ufc","status":"publish","type":"page","link":"https:\/\/betwinner.team\/lv\/ufc\/","title":{"rendered":"UFC"},"content":{"rendered":"","protected":false},"excerpt":{"rendered":"","protected":false},"author":1,"featured_media":0,"parent":0,"menu_order":0,"comment_status":"closed","ping_status":"closed","template":"","meta":{"_acf_changed":false,"footnotes":""},"class_list":["post-1692","page","type-page","status-publish","hentry"],"acf":[],"yoast_head":"<!-- This site is optimized with the Yoast SEO plugin v26.9 - https:\/\/yoast.com\/product\/yoast-seo-wordpress\/ -->\n<title>1xSlots UFC der\u012bbas Betwinner 2026 \u2014 MMA c\u012b\u0146u izredzes<\/title>\n<meta name=\"description\" content=\"UFC der\u012bbas 1xSlots Betwinner \u2014 neierobe\u017eots skaits jaukto c\u012b\u0146as m\u0101kslu (MMA) c\u012b\u0146u, tie\u0161raides koeficienti par nokautiem, raundiem un favor\u012btiem. Izmanto savas c\u012b\u0146as m\u0101kslu zin\u0101\u0161anas \u2013 augsti koeficienti un prognozes par vado\u0161ajiem turn\u012briem!\" \/>\n<meta name=\"robots\" content=\"index, follow, max-snippet:-1, max-image-preview:large, max-video-preview:-1\" \/>\n<link rel=\"canonical\" href=\"http:\/\/betwinner.team\/lv\/ufc\/\" \/>\n<meta property=\"og:locale\" content=\"lv_LV\" \/>\n<meta property=\"og:type\" content=\"article\" \/>\n<meta property=\"og:title\" content=\"1xSlots UFC der\u012bbas Betwinner 2026 \u2014 MMA c\u012b\u0146u izredzes\" \/>\n<meta property=\"og:description\" content=\"UFC der\u012bbas 1xSlots Betwinner \u2014 neierobe\u017eots skaits jaukto c\u012b\u0146as m\u0101kslu (MMA) c\u012b\u0146u, tie\u0161raides koeficienti par nokautiem, raundiem un favor\u012btiem. Izmanto savas c\u012b\u0146as m\u0101kslu zin\u0101\u0161anas \u2013 augsti koeficienti un prognozes par vado\u0161ajiem turn\u012briem!\" \/>\n<meta property=\"og:url\" content=\"http:\/\/betwinner.team\/lv\/ufc\/\" \/>\n<meta property=\"og:site_name\" content=\"Betwinner Team LV\" \/>\n<meta property=\"article:modified_time\" content=\"2026-05-05T19:04:38+00:00\" \/>\n<meta name=\"twitter:card\" content=\"summary_large_image\" \/>\n<script type=\"application\/ld+json\" class=\"yoast-schema-graph\">{\"@context\":\"https:\/\/schema.org\",\"@graph\":[{\"@type\":\"WebPage\",\"@id\":\"http:\/\/betwinner.team\/lv\/ufc\/\",\"url\":\"http:\/\/betwinner.team\/lv\/ufc\/\",\"name\":\"1xSlots UFC der\u012bbas Betwinner 2026 \u2014 MMA c\u012b\u0146u izredzes\",\"isPartOf\":{\"@id\":\"http:\/\/betwinner.team\/lv\/#website\"},\"datePublished\":\"2026-04-22T06:26:08+00:00\",\"dateModified\":\"2026-05-05T19:04:38+00:00\",\"description\":\"UFC der\u012bbas 1xSlots Betwinner \u2014 neierobe\u017eots skaits jaukto c\u012b\u0146as m\u0101kslu (MMA) c\u012b\u0146u, tie\u0161raides koeficienti par nokautiem, raundiem un favor\u012btiem. Izmanto savas c\u012b\u0146as m\u0101kslu zin\u0101\u0161anas \u2013 augsti koeficienti un prognozes par vado\u0161ajiem turn\u012briem!\",\"inLanguage\":\"lv-LV\",\"potentialAction\":[{\"@type\":\"ReadAction\",\"target\":[\"http:\/\/betwinner.team\/lv\/ufc\/\"]}]},{\"@type\":\"WebSite\",\"@id\":\"http:\/\/betwinner.team\/lv\/#website\",\"url\":\"http:\/\/betwinner.team\/lv\/\",\"name\":\"Betwinner Team LV\",\"description\":\"\",\"potentialAction\":[{\"@type\":\"SearchAction\",\"target\":{\"@type\":\"EntryPoint\",\"urlTemplate\":\"http:\/\/betwinner.team\/lv\/?s={search_term_string}\"},\"query-input\":{\"@type\":\"PropertyValueSpecification\",\"valueRequired\":true,\"valueName\":\"search_term_string\"}}],\"inLanguage\":\"lv-LV\"}]}<\/script>\n<!-- \/ Yoast SEO plugin. -->","yoast_head_json":{"title":"1xSlots UFC der\u012bbas Betwinner 2026 \u2014 MMA c\u012b\u0146u izredzes","description":"UFC der\u012bbas 1xSlots Betwinner \u2014 neierobe\u017eots skaits jaukto c\u012b\u0146as m\u0101kslu (MMA) c\u012b\u0146u, tie\u0161raides koeficienti par nokautiem, raundiem un favor\u012btiem. Izmanto savas c\u012b\u0146as m\u0101kslu zin\u0101\u0161anas \u2013 augsti koeficienti un prognozes par vado\u0161ajiem turn\u012briem!","robots":{"index":"index","follow":"follow","max-snippet":"max-snippet:-1","max-image-preview":"max-image-preview:large","max-video-preview":"max-video-preview:-1"},"canonical":"http:\/\/betwinner.team\/lv\/ufc\/","og_locale":"lv_LV","og_type":"article","og_title":"1xSlots UFC der\u012bbas Betwinner 2026 \u2014 MMA c\u012b\u0146u izredzes","og_description":"UFC der\u012bbas 1xSlots Betwinner \u2014 neierobe\u017eots skaits jaukto c\u012b\u0146as m\u0101kslu (MMA) c\u012b\u0146u, tie\u0161raides koeficienti par nokautiem, raundiem un favor\u012btiem. Izmanto savas c\u012b\u0146as m\u0101kslu zin\u0101\u0161anas \u2013 augsti koeficienti un prognozes par vado\u0161ajiem turn\u012briem!","og_url":"http:\/\/betwinner.team\/lv\/ufc\/","og_site_name":"Betwinner Team LV","article_modified_time":"2026-05-05T19:04:38+00:00","twitter_card":"summary_large_image","schema":{"@context":"https:\/\/schema.org","@graph":[{"@type":"WebPage","@id":"http:\/\/betwinner.team\/lv\/ufc\/","url":"http:\/\/betwinner.team\/lv\/ufc\/","name":"1xSlots UFC der\u012bbas Betwinner 2026 \u2014 MMA c\u012b\u0146u izredzes","isPartOf":{"@id":"http:\/\/betwinner.team\/lv\/#website"},"datePublished":"2026-04-22T06:26:08+00:00","dateModified":"2026-05-05T19:04:38+00:00","description":"UFC der\u012bbas 1xSlots Betwinner \u2014 neierobe\u017eots skaits jaukto c\u012b\u0146as m\u0101kslu (MMA) c\u012b\u0146u, tie\u0161raides koeficienti par nokautiem, raundiem un favor\u012btiem. Izmanto savas c\u012b\u0146as m\u0101kslu zin\u0101\u0161anas \u2013 augsti koeficienti un prognozes par vado\u0161ajiem turn\u012briem!","inLanguage":"lv-LV","potentialAction":[{"@type":"ReadAction","target":["http:\/\/betwinner.team\/lv\/ufc\/"]}]},{"@type":"WebSite","@id":"http:\/\/betwinner.team\/lv\/#website","url":"http:\/\/betwinner.team\/lv\/","name":"Betwinner Team LV","description":"","potentialAction":[{"@type":"SearchAction","target":{"@type":"EntryPoint","urlTemplate":"http:\/\/betwinner.team\/lv\/?s={search_term_string}"},"query-input":{"@type":"PropertyValueSpecification","valueRequired":true,"valueName":"search_term_string"}}],"inLanguage":"lv-LV"}]}},"_links":{"self":[{"href":"https:\/\/betwinner.team\/lv\/wp-json\/wp\/v2\/pages\/1692","targetHints":{"allow":["GET"]}}],"collection":[{"href":"https:\/\/betwinner.team\/lv\/wp-json\/wp\/v2\/pages"}],"about":[{"href":"https:\/\/betwinner.team\/lv\/wp-json\/wp\/v2\/types\/page"}],"author":[{"embeddable":true,"href":"https:\/\/betwinner.team\/lv\/wp-json\/wp\/v2\/users\/1"}],"replies":[{"embeddable":true,"href":"https:\/\/betwinner.team\/lv\/wp-json\/wp\/v2\/comments?post=1692"}],"version-history":[{"count":5,"href":"https:\/\/betwinner.team\/lv\/wp-json\/wp\/v2\/pages\/1692\/revisions"}],"predecessor-version":[{"id":1911,"href":"https:\/\/betwinner.team\/lv\/wp-json\/wp\/v2\/pages\/1692\/revisions\/1911"}],"wp:attachment":[{"href":"https:\/\/betwinner.team\/lv\/wp-json\/wp\/v2\/media?parent=1692"}],"curies":[{"name":"wp","href":"https:\/\/api.w.org\/{rel}","templated":true}]}}