{"id":1683,"date":"2026-04-22T08:39:24","date_gmt":"2026-04-22T05:39:24","guid":{"rendered":"https:\/\/betwinner.team\/lv\/?page_id=1683"},"modified":"2026-05-05T21:58:51","modified_gmt":"2026-05-05T18:58:51","slug":"tennis","status":"publish","type":"page","link":"https:\/\/betwinner.team\/lv\/tennis\/","title":{"rendered":"Teniss"},"content":{"rendered":"","protected":false},"excerpt":{"rendered":"","protected":false},"author":1,"featured_media":0,"parent":0,"menu_order":0,"comment_status":"closed","ping_status":"closed","template":"","meta":{"_acf_changed":false,"footnotes":""},"class_list":["post-1683","page","type-page","status-publish","hentry"],"acf":[],"yoast_head":"<!-- This site is optimized with the Yoast SEO plugin v26.9 - https:\/\/yoast.com\/product\/yoast-seo-wordpress\/ -->\n<title>Betwinner Tenisa der\u012bbas 2026 \u2014 ATP un WTA izredzes<\/title>\n<meta name=\"description\" content=\"Tenisa likmes Betwinner \u2014 ikdienas ATP\/WTA sp\u0113les, augstas likmes (4\u20135 %), neparedzam\u012bba un aizraujo\u0161as emocijas. Derieties par Grand Slam favor\u012btiem \u2014 laim\u0113jiet lielas summas elit\u0101raj\u0101 sport\u0101 ar vair\u0101k nek\u0101 120 der\u012bbu tirgiem!\" \/>\n<meta name=\"robots\" content=\"index, follow, max-snippet:-1, max-image-preview:large, max-video-preview:-1\" \/>\n<link rel=\"canonical\" href=\"http:\/\/betwinner.team\/lv\/tennis\/\" \/>\n<meta property=\"og:locale\" content=\"lv_LV\" \/>\n<meta property=\"og:type\" content=\"article\" \/>\n<meta property=\"og:title\" content=\"Betwinner Tenisa der\u012bbas 2026 \u2014 ATP un WTA izredzes\" \/>\n<meta property=\"og:description\" content=\"Tenisa likmes Betwinner \u2014 ikdienas ATP\/WTA sp\u0113les, augstas likmes (4\u20135 %), neparedzam\u012bba un aizraujo\u0161as emocijas. Derieties par Grand Slam favor\u012btiem \u2014 laim\u0113jiet lielas summas elit\u0101raj\u0101 sport\u0101 ar vair\u0101k nek\u0101 120 der\u012bbu tirgiem!\" \/>\n<meta property=\"og:url\" content=\"http:\/\/betwinner.team\/lv\/tennis\/\" \/>\n<meta property=\"og:site_name\" content=\"Betwinner Team LV\" \/>\n<meta property=\"article:modified_time\" content=\"2026-05-05T18:58:51+00:00\" \/>\n<meta name=\"twitter:card\" content=\"summary_large_image\" \/>\n<script type=\"application\/ld+json\" class=\"yoast-schema-graph\">{\"@context\":\"https:\/\/schema.org\",\"@graph\":[{\"@type\":\"WebPage\",\"@id\":\"http:\/\/betwinner.team\/lv\/tennis\/\",\"url\":\"http:\/\/betwinner.team\/lv\/tennis\/\",\"name\":\"Betwinner Tenisa der\u012bbas 2026 \u2014 ATP un WTA izredzes\",\"isPartOf\":{\"@id\":\"http:\/\/betwinner.team\/lv\/#website\"},\"datePublished\":\"2026-04-22T05:39:24+00:00\",\"dateModified\":\"2026-05-05T18:58:51+00:00\",\"description\":\"Tenisa likmes Betwinner \u2014 ikdienas ATP\/WTA sp\u0113les, augstas likmes (4\u20135 %), neparedzam\u012bba un aizraujo\u0161as emocijas. Derieties par Grand Slam favor\u012btiem \u2014 laim\u0113jiet lielas summas elit\u0101raj\u0101 sport\u0101 ar vair\u0101k nek\u0101 120 der\u012bbu tirgiem!\",\"inLanguage\":\"lv-LV\",\"potentialAction\":[{\"@type\":\"ReadAction\",\"target\":[\"http:\/\/betwinner.team\/lv\/tennis\/\"]}]},{\"@type\":\"WebSite\",\"@id\":\"http:\/\/betwinner.team\/lv\/#website\",\"url\":\"http:\/\/betwinner.team\/lv\/\",\"name\":\"Betwinner Team LV\",\"description\":\"\",\"potentialAction\":[{\"@type\":\"SearchAction\",\"target\":{\"@type\":\"EntryPoint\",\"urlTemplate\":\"http:\/\/betwinner.team\/lv\/?s={search_term_string}\"},\"query-input\":{\"@type\":\"PropertyValueSpecification\",\"valueRequired\":true,\"valueName\":\"search_term_string\"}}],\"inLanguage\":\"lv-LV\"}]}<\/script>\n<!-- \/ Yoast SEO plugin. -->","yoast_head_json":{"title":"Betwinner Tenisa der\u012bbas 2026 \u2014 ATP un WTA izredzes","description":"Tenisa likmes Betwinner \u2014 ikdienas ATP\/WTA sp\u0113les, augstas likmes (4\u20135 %), neparedzam\u012bba un aizraujo\u0161as emocijas. Derieties par Grand Slam favor\u012btiem \u2014 laim\u0113jiet lielas summas elit\u0101raj\u0101 sport\u0101 ar vair\u0101k nek\u0101 120 der\u012bbu tirgiem!","robots":{"index":"index","follow":"follow","max-snippet":"max-snippet:-1","max-image-preview":"max-image-preview:large","max-video-preview":"max-video-preview:-1"},"canonical":"http:\/\/betwinner.team\/lv\/tennis\/","og_locale":"lv_LV","og_type":"article","og_title":"Betwinner Tenisa der\u012bbas 2026 \u2014 ATP un WTA izredzes","og_description":"Tenisa likmes Betwinner \u2014 ikdienas ATP\/WTA sp\u0113les, augstas likmes (4\u20135 %), neparedzam\u012bba un aizraujo\u0161as emocijas. Derieties par Grand Slam favor\u012btiem \u2014 laim\u0113jiet lielas summas elit\u0101raj\u0101 sport\u0101 ar vair\u0101k nek\u0101 120 der\u012bbu tirgiem!","og_url":"http:\/\/betwinner.team\/lv\/tennis\/","og_site_name":"Betwinner Team LV","article_modified_time":"2026-05-05T18:58:51+00:00","twitter_card":"summary_large_image","schema":{"@context":"https:\/\/schema.org","@graph":[{"@type":"WebPage","@id":"http:\/\/betwinner.team\/lv\/tennis\/","url":"http:\/\/betwinner.team\/lv\/tennis\/","name":"Betwinner Tenisa der\u012bbas 2026 \u2014 ATP un WTA izredzes","isPartOf":{"@id":"http:\/\/betwinner.team\/lv\/#website"},"datePublished":"2026-04-22T05:39:24+00:00","dateModified":"2026-05-05T18:58:51+00:00","description":"Tenisa likmes Betwinner \u2014 ikdienas ATP\/WTA sp\u0113les, augstas likmes (4\u20135 %), neparedzam\u012bba un aizraujo\u0161as emocijas. Derieties par Grand Slam favor\u012btiem \u2014 laim\u0113jiet lielas summas elit\u0101raj\u0101 sport\u0101 ar vair\u0101k nek\u0101 120 der\u012bbu tirgiem!","inLanguage":"lv-LV","potentialAction":[{"@type":"ReadAction","target":["http:\/\/betwinner.team\/lv\/tennis\/"]}]},{"@type":"WebSite","@id":"http:\/\/betwinner.team\/lv\/#website","url":"http:\/\/betwinner.team\/lv\/","name":"Betwinner Team LV","description":"","potentialAction":[{"@type":"SearchAction","target":{"@type":"EntryPoint","urlTemplate":"http:\/\/betwinner.team\/lv\/?s={search_term_string}"},"query-input":{"@type":"PropertyValueSpecification","valueRequired":true,"valueName":"search_term_string"}}],"inLanguage":"lv-LV"}]}},"_links":{"self":[{"href":"https:\/\/betwinner.team\/lv\/wp-json\/wp\/v2\/pages\/1683","targetHints":{"allow":["GET"]}}],"collection":[{"href":"https:\/\/betwinner.team\/lv\/wp-json\/wp\/v2\/pages"}],"about":[{"href":"https:\/\/betwinner.team\/lv\/wp-json\/wp\/v2\/types\/page"}],"author":[{"embeddable":true,"href":"https:\/\/betwinner.team\/lv\/wp-json\/wp\/v2\/users\/1"}],"replies":[{"embeddable":true,"href":"https:\/\/betwinner.team\/lv\/wp-json\/wp\/v2\/comments?post=1683"}],"version-history":[{"count":5,"href":"https:\/\/betwinner.team\/lv\/wp-json\/wp\/v2\/pages\/1683\/revisions"}],"predecessor-version":[{"id":1910,"href":"https:\/\/betwinner.team\/lv\/wp-json\/wp\/v2\/pages\/1683\/revisions\/1910"}],"wp:attachment":[{"href":"https:\/\/betwinner.team\/lv\/wp-json\/wp\/v2\/media?parent=1683"}],"curies":[{"name":"wp","href":"https:\/\/api.w.org\/{rel}","templated":true}]}}