{"id":1668,"date":"2026-04-22T07:25:04","date_gmt":"2026-04-22T04:25:04","guid":{"rendered":"https:\/\/betwinner.team\/lv\/?page_id=1668"},"modified":"2026-05-05T18:38:40","modified_gmt":"2026-05-05T15:38:40","slug":"hockey","status":"publish","type":"page","link":"https:\/\/betwinner.team\/lv\/hockey\/","title":{"rendered":"Hokejs"},"content":{"rendered":"","protected":false},"excerpt":{"rendered":"","protected":false},"author":1,"featured_media":0,"parent":0,"menu_order":0,"comment_status":"closed","ping_status":"closed","template":"","meta":{"_acf_changed":false,"footnotes":""},"class_list":["post-1668","page","type-page","status-publish","hentry"],"acf":[],"yoast_head":"<!-- This site is optimized with the Yoast SEO plugin v26.9 - https:\/\/yoast.com\/product\/yoast-seo-wordpress\/ -->\n<title>Betwinner Hokeja der\u012bbas 2026 \u2014 KHL un NHL izredzes<\/title>\n<meta name=\"description\" content=\"Veiciet savas hokeja likmes Betwinner \u2014 lieliskas likmes, c\u012b\u0146as un spraiga darb\u012bba KHL un NHL. Padariet sp\u0113les aizraujo\u0161\u0101kas \u2014 sa\u0146emiet prognozes un l\u012bdz pat 988 likmju variantiem katr\u0101 sp\u0113l\u0113. Re\u0123istr\u0113jieties un uzvariet kop\u0101 ar miljoniem fanu!\" \/>\n<meta name=\"robots\" content=\"index, follow, max-snippet:-1, max-image-preview:large, max-video-preview:-1\" \/>\n<link rel=\"canonical\" href=\"https:\/\/betwinner.team\/lv\/hockey\/\" \/>\n<meta property=\"og:locale\" content=\"lv_LV\" \/>\n<meta property=\"og:type\" content=\"article\" \/>\n<meta property=\"og:title\" content=\"Betwinner Hokeja der\u012bbas 2026 \u2014 KHL un NHL izredzes\" \/>\n<meta property=\"og:description\" content=\"Veiciet savas hokeja likmes Betwinner \u2014 lieliskas likmes, c\u012b\u0146as un spraiga darb\u012bba KHL un NHL. Padariet sp\u0113les aizraujo\u0161\u0101kas \u2014 sa\u0146emiet prognozes un l\u012bdz pat 988 likmju variantiem katr\u0101 sp\u0113l\u0113. Re\u0123istr\u0113jieties un uzvariet kop\u0101 ar miljoniem fanu!\" \/>\n<meta property=\"og:url\" content=\"https:\/\/betwinner.team\/lv\/hockey\/\" \/>\n<meta property=\"og:site_name\" content=\"Betwinner Team LV\" \/>\n<meta property=\"article:modified_time\" content=\"2026-05-05T15:38:40+00:00\" \/>\n<meta name=\"twitter:card\" content=\"summary_large_image\" \/>\n<script type=\"application\/ld+json\" class=\"yoast-schema-graph\">{\"@context\":\"https:\/\/schema.org\",\"@graph\":[{\"@type\":\"WebPage\",\"@id\":\"https:\/\/betwinner.team\/lv\/hockey\/\",\"url\":\"https:\/\/betwinner.team\/lv\/hockey\/\",\"name\":\"Betwinner Hokeja der\u012bbas 2026 \u2014 KHL un NHL izredzes\",\"isPartOf\":{\"@id\":\"http:\/\/betwinner.team\/lv\/#website\"},\"datePublished\":\"2026-04-22T04:25:04+00:00\",\"dateModified\":\"2026-05-05T15:38:40+00:00\",\"description\":\"Veiciet savas hokeja likmes Betwinner \u2014 lieliskas likmes, c\u012b\u0146as un spraiga darb\u012bba KHL un NHL. Padariet sp\u0113les aizraujo\u0161\u0101kas \u2014 sa\u0146emiet prognozes un l\u012bdz pat 988 likmju variantiem katr\u0101 sp\u0113l\u0113. Re\u0123istr\u0113jieties un uzvariet kop\u0101 ar miljoniem fanu!\",\"inLanguage\":\"lv-LV\",\"potentialAction\":[{\"@type\":\"ReadAction\",\"target\":[\"https:\/\/betwinner.team\/lv\/hockey\/\"]}]},{\"@type\":\"WebSite\",\"@id\":\"http:\/\/betwinner.team\/lv\/#website\",\"url\":\"http:\/\/betwinner.team\/lv\/\",\"name\":\"Betwinner Team LV\",\"description\":\"\",\"potentialAction\":[{\"@type\":\"SearchAction\",\"target\":{\"@type\":\"EntryPoint\",\"urlTemplate\":\"http:\/\/betwinner.team\/lv\/?s={search_term_string}\"},\"query-input\":{\"@type\":\"PropertyValueSpecification\",\"valueRequired\":true,\"valueName\":\"search_term_string\"}}],\"inLanguage\":\"lv-LV\"}]}<\/script>\n<!-- \/ Yoast SEO plugin. -->","yoast_head_json":{"title":"Betwinner Hokeja der\u012bbas 2026 \u2014 KHL un NHL izredzes","description":"Veiciet savas hokeja likmes Betwinner \u2014 lieliskas likmes, c\u012b\u0146as un spraiga darb\u012bba KHL un NHL. Padariet sp\u0113les aizraujo\u0161\u0101kas \u2014 sa\u0146emiet prognozes un l\u012bdz pat 988 likmju variantiem katr\u0101 sp\u0113l\u0113. Re\u0123istr\u0113jieties un uzvariet kop\u0101 ar miljoniem fanu!","robots":{"index":"index","follow":"follow","max-snippet":"max-snippet:-1","max-image-preview":"max-image-preview:large","max-video-preview":"max-video-preview:-1"},"canonical":"https:\/\/betwinner.team\/lv\/hockey\/","og_locale":"lv_LV","og_type":"article","og_title":"Betwinner Hokeja der\u012bbas 2026 \u2014 KHL un NHL izredzes","og_description":"Veiciet savas hokeja likmes Betwinner \u2014 lieliskas likmes, c\u012b\u0146as un spraiga darb\u012bba KHL un NHL. Padariet sp\u0113les aizraujo\u0161\u0101kas \u2014 sa\u0146emiet prognozes un l\u012bdz pat 988 likmju variantiem katr\u0101 sp\u0113l\u0113. Re\u0123istr\u0113jieties un uzvariet kop\u0101 ar miljoniem fanu!","og_url":"https:\/\/betwinner.team\/lv\/hockey\/","og_site_name":"Betwinner Team LV","article_modified_time":"2026-05-05T15:38:40+00:00","twitter_card":"summary_large_image","schema":{"@context":"https:\/\/schema.org","@graph":[{"@type":"WebPage","@id":"https:\/\/betwinner.team\/lv\/hockey\/","url":"https:\/\/betwinner.team\/lv\/hockey\/","name":"Betwinner Hokeja der\u012bbas 2026 \u2014 KHL un NHL izredzes","isPartOf":{"@id":"http:\/\/betwinner.team\/lv\/#website"},"datePublished":"2026-04-22T04:25:04+00:00","dateModified":"2026-05-05T15:38:40+00:00","description":"Veiciet savas hokeja likmes Betwinner \u2014 lieliskas likmes, c\u012b\u0146as un spraiga darb\u012bba KHL un NHL. Padariet sp\u0113les aizraujo\u0161\u0101kas \u2014 sa\u0146emiet prognozes un l\u012bdz pat 988 likmju variantiem katr\u0101 sp\u0113l\u0113. Re\u0123istr\u0113jieties un uzvariet kop\u0101 ar miljoniem fanu!","inLanguage":"lv-LV","potentialAction":[{"@type":"ReadAction","target":["https:\/\/betwinner.team\/lv\/hockey\/"]}]},{"@type":"WebSite","@id":"http:\/\/betwinner.team\/lv\/#website","url":"http:\/\/betwinner.team\/lv\/","name":"Betwinner Team LV","description":"","potentialAction":[{"@type":"SearchAction","target":{"@type":"EntryPoint","urlTemplate":"http:\/\/betwinner.team\/lv\/?s={search_term_string}"},"query-input":{"@type":"PropertyValueSpecification","valueRequired":true,"valueName":"search_term_string"}}],"inLanguage":"lv-LV"}]}},"_links":{"self":[{"href":"https:\/\/betwinner.team\/lv\/wp-json\/wp\/v2\/pages\/1668","targetHints":{"allow":["GET"]}}],"collection":[{"href":"https:\/\/betwinner.team\/lv\/wp-json\/wp\/v2\/pages"}],"about":[{"href":"https:\/\/betwinner.team\/lv\/wp-json\/wp\/v2\/types\/page"}],"author":[{"embeddable":true,"href":"https:\/\/betwinner.team\/lv\/wp-json\/wp\/v2\/users\/1"}],"replies":[{"embeddable":true,"href":"https:\/\/betwinner.team\/lv\/wp-json\/wp\/v2\/comments?post=1668"}],"version-history":[{"count":5,"href":"https:\/\/betwinner.team\/lv\/wp-json\/wp\/v2\/pages\/1668\/revisions"}],"predecessor-version":[{"id":1892,"href":"https:\/\/betwinner.team\/lv\/wp-json\/wp\/v2\/pages\/1668\/revisions\/1892"}],"wp:attachment":[{"href":"https:\/\/betwinner.team\/lv\/wp-json\/wp\/v2\/media?parent=1668"}],"curies":[{"name":"wp","href":"https:\/\/api.w.org\/{rel}","templated":true}]}}