{"id":1649,"date":"2026-04-21T11:28:05","date_gmt":"2026-04-21T08:28:05","guid":{"rendered":"https:\/\/betwinner.team\/lv\/?page_id=1649"},"modified":"2026-05-05T18:21:32","modified_gmt":"2026-05-05T15:21:32","slug":"football","status":"publish","type":"page","link":"https:\/\/betwinner.team\/lv\/football\/","title":{"rendered":"Futbols"},"content":{"rendered":"","protected":false},"excerpt":{"rendered":"","protected":false},"author":1,"featured_media":0,"parent":0,"menu_order":0,"comment_status":"closed","ping_status":"closed","template":"","meta":{"_acf_changed":false,"footnotes":""},"class_list":["post-1649","page","type-page","status-publish","hentry"],"acf":[],"yoast_head":"<!-- This site is optimized with the Yoast SEO plugin v26.9 - https:\/\/yoast.com\/product\/yoast-seo-wordpress\/ -->\n<title>Betwinner Futbola der\u012bbas 2026 \u2014 Likmes un prognozes<\/title>\n<meta name=\"description\" content=\"Veiciet futbola likmes Betwinner \u2013 3,5 miljardi fanu, lab\u0101k\u0101s sp\u0113les, lieliskas likmes un prec\u012bzi prognozes. Laim\u0113jiet lielas summas sav\u0101 m\u012b\u013c\u0101kaj\u0101 sporta veid\u0101 \u2013 no \u010cempionu l\u012bgas l\u012bdz Pasaules kausam. Re\u0123istr\u0113jieties un atbalstiet savu komandu, vienlaikus g\u016bstot pe\u013c\u0146u!\" \/>\n<meta name=\"robots\" content=\"index, follow, max-snippet:-1, max-image-preview:large, max-video-preview:-1\" \/>\n<link rel=\"canonical\" href=\"https:\/\/betwinner.team\/lv\/football\/\" \/>\n<meta property=\"og:locale\" content=\"lv_LV\" \/>\n<meta property=\"og:type\" content=\"article\" \/>\n<meta property=\"og:title\" content=\"Betwinner Futbola der\u012bbas 2026 \u2014 Likmes un prognozes\" \/>\n<meta property=\"og:description\" content=\"Veiciet futbola likmes Betwinner \u2013 3,5 miljardi fanu, lab\u0101k\u0101s sp\u0113les, lieliskas likmes un prec\u012bzi prognozes. Laim\u0113jiet lielas summas sav\u0101 m\u012b\u013c\u0101kaj\u0101 sporta veid\u0101 \u2013 no \u010cempionu l\u012bgas l\u012bdz Pasaules kausam. Re\u0123istr\u0113jieties un atbalstiet savu komandu, vienlaikus g\u016bstot pe\u013c\u0146u!\" \/>\n<meta property=\"og:url\" content=\"https:\/\/betwinner.team\/lv\/football\/\" \/>\n<meta property=\"og:site_name\" content=\"Betwinner Team LV\" \/>\n<meta property=\"article:modified_time\" content=\"2026-05-05T15:21:32+00:00\" \/>\n<meta name=\"twitter:card\" content=\"summary_large_image\" \/>\n<script type=\"application\/ld+json\" class=\"yoast-schema-graph\">{\"@context\":\"https:\/\/schema.org\",\"@graph\":[{\"@type\":\"WebPage\",\"@id\":\"https:\/\/betwinner.team\/lv\/football\/\",\"url\":\"https:\/\/betwinner.team\/lv\/football\/\",\"name\":\"Betwinner Futbola der\u012bbas 2026 \u2014 Likmes un prognozes\",\"isPartOf\":{\"@id\":\"http:\/\/betwinner.team\/lv\/#website\"},\"datePublished\":\"2026-04-21T08:28:05+00:00\",\"dateModified\":\"2026-05-05T15:21:32+00:00\",\"description\":\"Veiciet futbola likmes Betwinner \u2013 3,5 miljardi fanu, lab\u0101k\u0101s sp\u0113les, lieliskas likmes un prec\u012bzi prognozes. Laim\u0113jiet lielas summas sav\u0101 m\u012b\u013c\u0101kaj\u0101 sporta veid\u0101 \u2013 no \u010cempionu l\u012bgas l\u012bdz Pasaules kausam. Re\u0123istr\u0113jieties un atbalstiet savu komandu, vienlaikus g\u016bstot pe\u013c\u0146u!\",\"inLanguage\":\"lv-LV\",\"potentialAction\":[{\"@type\":\"ReadAction\",\"target\":[\"https:\/\/betwinner.team\/lv\/football\/\"]}]},{\"@type\":\"WebSite\",\"@id\":\"http:\/\/betwinner.team\/lv\/#website\",\"url\":\"http:\/\/betwinner.team\/lv\/\",\"name\":\"Betwinner Team LV\",\"description\":\"\",\"potentialAction\":[{\"@type\":\"SearchAction\",\"target\":{\"@type\":\"EntryPoint\",\"urlTemplate\":\"http:\/\/betwinner.team\/lv\/?s={search_term_string}\"},\"query-input\":{\"@type\":\"PropertyValueSpecification\",\"valueRequired\":true,\"valueName\":\"search_term_string\"}}],\"inLanguage\":\"lv-LV\"}]}<\/script>\n<!-- \/ Yoast SEO plugin. -->","yoast_head_json":{"title":"Betwinner Futbola der\u012bbas 2026 \u2014 Likmes un prognozes","description":"Veiciet futbola likmes Betwinner \u2013 3,5 miljardi fanu, lab\u0101k\u0101s sp\u0113les, lieliskas likmes un prec\u012bzi prognozes. Laim\u0113jiet lielas summas sav\u0101 m\u012b\u013c\u0101kaj\u0101 sporta veid\u0101 \u2013 no \u010cempionu l\u012bgas l\u012bdz Pasaules kausam. Re\u0123istr\u0113jieties un atbalstiet savu komandu, vienlaikus g\u016bstot pe\u013c\u0146u!","robots":{"index":"index","follow":"follow","max-snippet":"max-snippet:-1","max-image-preview":"max-image-preview:large","max-video-preview":"max-video-preview:-1"},"canonical":"https:\/\/betwinner.team\/lv\/football\/","og_locale":"lv_LV","og_type":"article","og_title":"Betwinner Futbola der\u012bbas 2026 \u2014 Likmes un prognozes","og_description":"Veiciet futbola likmes Betwinner \u2013 3,5 miljardi fanu, lab\u0101k\u0101s sp\u0113les, lieliskas likmes un prec\u012bzi prognozes. Laim\u0113jiet lielas summas sav\u0101 m\u012b\u013c\u0101kaj\u0101 sporta veid\u0101 \u2013 no \u010cempionu l\u012bgas l\u012bdz Pasaules kausam. Re\u0123istr\u0113jieties un atbalstiet savu komandu, vienlaikus g\u016bstot pe\u013c\u0146u!","og_url":"https:\/\/betwinner.team\/lv\/football\/","og_site_name":"Betwinner Team LV","article_modified_time":"2026-05-05T15:21:32+00:00","twitter_card":"summary_large_image","schema":{"@context":"https:\/\/schema.org","@graph":[{"@type":"WebPage","@id":"https:\/\/betwinner.team\/lv\/football\/","url":"https:\/\/betwinner.team\/lv\/football\/","name":"Betwinner Futbola der\u012bbas 2026 \u2014 Likmes un prognozes","isPartOf":{"@id":"http:\/\/betwinner.team\/lv\/#website"},"datePublished":"2026-04-21T08:28:05+00:00","dateModified":"2026-05-05T15:21:32+00:00","description":"Veiciet futbola likmes Betwinner \u2013 3,5 miljardi fanu, lab\u0101k\u0101s sp\u0113les, lieliskas likmes un prec\u012bzi prognozes. Laim\u0113jiet lielas summas sav\u0101 m\u012b\u013c\u0101kaj\u0101 sporta veid\u0101 \u2013 no \u010cempionu l\u012bgas l\u012bdz Pasaules kausam. Re\u0123istr\u0113jieties un atbalstiet savu komandu, vienlaikus g\u016bstot pe\u013c\u0146u!","inLanguage":"lv-LV","potentialAction":[{"@type":"ReadAction","target":["https:\/\/betwinner.team\/lv\/football\/"]}]},{"@type":"WebSite","@id":"http:\/\/betwinner.team\/lv\/#website","url":"http:\/\/betwinner.team\/lv\/","name":"Betwinner Team LV","description":"","potentialAction":[{"@type":"SearchAction","target":{"@type":"EntryPoint","urlTemplate":"http:\/\/betwinner.team\/lv\/?s={search_term_string}"},"query-input":{"@type":"PropertyValueSpecification","valueRequired":true,"valueName":"search_term_string"}}],"inLanguage":"lv-LV"}]}},"_links":{"self":[{"href":"https:\/\/betwinner.team\/lv\/wp-json\/wp\/v2\/pages\/1649","targetHints":{"allow":["GET"]}}],"collection":[{"href":"https:\/\/betwinner.team\/lv\/wp-json\/wp\/v2\/pages"}],"about":[{"href":"https:\/\/betwinner.team\/lv\/wp-json\/wp\/v2\/types\/page"}],"author":[{"embeddable":true,"href":"https:\/\/betwinner.team\/lv\/wp-json\/wp\/v2\/users\/1"}],"replies":[{"embeddable":true,"href":"https:\/\/betwinner.team\/lv\/wp-json\/wp\/v2\/comments?post=1649"}],"version-history":[{"count":5,"href":"https:\/\/betwinner.team\/lv\/wp-json\/wp\/v2\/pages\/1649\/revisions"}],"predecessor-version":[{"id":1888,"href":"https:\/\/betwinner.team\/lv\/wp-json\/wp\/v2\/pages\/1649\/revisions\/1888"}],"wp:attachment":[{"href":"https:\/\/betwinner.team\/lv\/wp-json\/wp\/v2\/media?parent=1649"}],"curies":[{"name":"wp","href":"https:\/\/api.w.org\/{rel}","templated":true}]}}