{"id":1624,"date":"2026-04-21T08:49:20","date_gmt":"2026-04-21T05:49:20","guid":{"rendered":"https:\/\/betwinner.team\/lv\/?page_id=1624"},"modified":"2026-05-05T21:49:54","modified_gmt":"2026-05-05T18:49:54","slug":"sport-betting","status":"publish","type":"page","link":"https:\/\/betwinner.team\/lv\/sport-betting\/","title":{"rendered":"Sports"},"content":{"rendered":"","protected":false},"excerpt":{"rendered":"","protected":false},"author":1,"featured_media":0,"parent":0,"menu_order":0,"comment_status":"closed","ping_status":"closed","template":"","meta":{"_acf_changed":false,"footnotes":""},"class_list":["post-1624","page","type-page","status-publish","hentry"],"acf":[],"yoast_head":"<!-- This site is optimized with the Yoast SEO plugin v26.9 - https:\/\/yoast.com\/product\/yoast-seo-wordpress\/ -->\n<title>Betwinner Sports \u2014 likmes un prognozes par noz\u012bm\u012bg\u0101kaj\u0101m sp\u0113l\u0113m<\/title>\n<meta name=\"description\" content=\"Derieties par sportu Betwinner \u2014 der\u012bbas par lab\u0101kaj\u0101m sp\u0113l\u0113m padar\u012bs katru ma\u010du par aizraujo\u0161u piedz\u012bvojumu! Prognozes, koeficienti un fanu kopiena \u2014 no futbola l\u012bdz tenisa. iesaistieties, kam\u0113r gaid\u0101t sp\u0113li, un izbaudiet uzvaras saj\u016btu.\" \/>\n<meta name=\"robots\" content=\"index, follow, max-snippet:-1, max-image-preview:large, max-video-preview:-1\" \/>\n<link rel=\"canonical\" href=\"https:\/\/betwinner.team\/lv\/sport-betting\/\" \/>\n<meta property=\"og:locale\" content=\"lv_LV\" \/>\n<meta property=\"og:type\" content=\"article\" \/>\n<meta property=\"og:title\" content=\"Betwinner Sports \u2014 likmes un prognozes par noz\u012bm\u012bg\u0101kaj\u0101m sp\u0113l\u0113m\" \/>\n<meta property=\"og:description\" content=\"Derieties par sportu Betwinner \u2014 der\u012bbas par lab\u0101kaj\u0101m sp\u0113l\u0113m padar\u012bs katru ma\u010du par aizraujo\u0161u piedz\u012bvojumu! Prognozes, koeficienti un fanu kopiena \u2014 no futbola l\u012bdz tenisa. iesaistieties, kam\u0113r gaid\u0101t sp\u0113li, un izbaudiet uzvaras saj\u016btu.\" \/>\n<meta property=\"og:url\" content=\"https:\/\/betwinner.team\/lv\/sport-betting\/\" \/>\n<meta property=\"og:site_name\" content=\"Betwinner Team LV\" \/>\n<meta property=\"article:modified_time\" content=\"2026-05-05T18:49:54+00:00\" \/>\n<meta name=\"twitter:card\" content=\"summary_large_image\" \/>\n<script type=\"application\/ld+json\" class=\"yoast-schema-graph\">{\"@context\":\"https:\/\/schema.org\",\"@graph\":[{\"@type\":\"WebPage\",\"@id\":\"https:\/\/betwinner.team\/lv\/sport-betting\/\",\"url\":\"https:\/\/betwinner.team\/lv\/sport-betting\/\",\"name\":\"Betwinner Sports \u2014 likmes un prognozes par noz\u012bm\u012bg\u0101kaj\u0101m sp\u0113l\u0113m\",\"isPartOf\":{\"@id\":\"http:\/\/betwinner.team\/lv\/#website\"},\"datePublished\":\"2026-04-21T05:49:20+00:00\",\"dateModified\":\"2026-05-05T18:49:54+00:00\",\"description\":\"Derieties par sportu Betwinner \u2014 der\u012bbas par lab\u0101kaj\u0101m sp\u0113l\u0113m padar\u012bs katru ma\u010du par aizraujo\u0161u piedz\u012bvojumu! Prognozes, koeficienti un fanu kopiena \u2014 no futbola l\u012bdz tenisa. iesaistieties, kam\u0113r gaid\u0101t sp\u0113li, un izbaudiet uzvaras saj\u016btu.\",\"inLanguage\":\"lv-LV\",\"potentialAction\":[{\"@type\":\"ReadAction\",\"target\":[\"https:\/\/betwinner.team\/lv\/sport-betting\/\"]}]},{\"@type\":\"WebSite\",\"@id\":\"http:\/\/betwinner.team\/lv\/#website\",\"url\":\"http:\/\/betwinner.team\/lv\/\",\"name\":\"Betwinner Team LV\",\"description\":\"\",\"potentialAction\":[{\"@type\":\"SearchAction\",\"target\":{\"@type\":\"EntryPoint\",\"urlTemplate\":\"http:\/\/betwinner.team\/lv\/?s={search_term_string}\"},\"query-input\":{\"@type\":\"PropertyValueSpecification\",\"valueRequired\":true,\"valueName\":\"search_term_string\"}}],\"inLanguage\":\"lv-LV\"}]}<\/script>\n<!-- \/ Yoast SEO plugin. -->","yoast_head_json":{"title":"Betwinner Sports \u2014 likmes un prognozes par noz\u012bm\u012bg\u0101kaj\u0101m sp\u0113l\u0113m","description":"Derieties par sportu Betwinner \u2014 der\u012bbas par lab\u0101kaj\u0101m sp\u0113l\u0113m padar\u012bs katru ma\u010du par aizraujo\u0161u piedz\u012bvojumu! Prognozes, koeficienti un fanu kopiena \u2014 no futbola l\u012bdz tenisa. iesaistieties, kam\u0113r gaid\u0101t sp\u0113li, un izbaudiet uzvaras saj\u016btu.","robots":{"index":"index","follow":"follow","max-snippet":"max-snippet:-1","max-image-preview":"max-image-preview:large","max-video-preview":"max-video-preview:-1"},"canonical":"https:\/\/betwinner.team\/lv\/sport-betting\/","og_locale":"lv_LV","og_type":"article","og_title":"Betwinner Sports \u2014 likmes un prognozes par noz\u012bm\u012bg\u0101kaj\u0101m sp\u0113l\u0113m","og_description":"Derieties par sportu Betwinner \u2014 der\u012bbas par lab\u0101kaj\u0101m sp\u0113l\u0113m padar\u012bs katru ma\u010du par aizraujo\u0161u piedz\u012bvojumu! Prognozes, koeficienti un fanu kopiena \u2014 no futbola l\u012bdz tenisa. iesaistieties, kam\u0113r gaid\u0101t sp\u0113li, un izbaudiet uzvaras saj\u016btu.","og_url":"https:\/\/betwinner.team\/lv\/sport-betting\/","og_site_name":"Betwinner Team LV","article_modified_time":"2026-05-05T18:49:54+00:00","twitter_card":"summary_large_image","schema":{"@context":"https:\/\/schema.org","@graph":[{"@type":"WebPage","@id":"https:\/\/betwinner.team\/lv\/sport-betting\/","url":"https:\/\/betwinner.team\/lv\/sport-betting\/","name":"Betwinner Sports \u2014 likmes un prognozes par noz\u012bm\u012bg\u0101kaj\u0101m sp\u0113l\u0113m","isPartOf":{"@id":"http:\/\/betwinner.team\/lv\/#website"},"datePublished":"2026-04-21T05:49:20+00:00","dateModified":"2026-05-05T18:49:54+00:00","description":"Derieties par sportu Betwinner \u2014 der\u012bbas par lab\u0101kaj\u0101m sp\u0113l\u0113m padar\u012bs katru ma\u010du par aizraujo\u0161u piedz\u012bvojumu! Prognozes, koeficienti un fanu kopiena \u2014 no futbola l\u012bdz tenisa. iesaistieties, kam\u0113r gaid\u0101t sp\u0113li, un izbaudiet uzvaras saj\u016btu.","inLanguage":"lv-LV","potentialAction":[{"@type":"ReadAction","target":["https:\/\/betwinner.team\/lv\/sport-betting\/"]}]},{"@type":"WebSite","@id":"http:\/\/betwinner.team\/lv\/#website","url":"http:\/\/betwinner.team\/lv\/","name":"Betwinner Team LV","description":"","potentialAction":[{"@type":"SearchAction","target":{"@type":"EntryPoint","urlTemplate":"http:\/\/betwinner.team\/lv\/?s={search_term_string}"},"query-input":{"@type":"PropertyValueSpecification","valueRequired":true,"valueName":"search_term_string"}}],"inLanguage":"lv-LV"}]}},"_links":{"self":[{"href":"https:\/\/betwinner.team\/lv\/wp-json\/wp\/v2\/pages\/1624","targetHints":{"allow":["GET"]}}],"collection":[{"href":"https:\/\/betwinner.team\/lv\/wp-json\/wp\/v2\/pages"}],"about":[{"href":"https:\/\/betwinner.team\/lv\/wp-json\/wp\/v2\/types\/page"}],"author":[{"embeddable":true,"href":"https:\/\/betwinner.team\/lv\/wp-json\/wp\/v2\/users\/1"}],"replies":[{"embeddable":true,"href":"https:\/\/betwinner.team\/lv\/wp-json\/wp\/v2\/comments?post=1624"}],"version-history":[{"count":5,"href":"https:\/\/betwinner.team\/lv\/wp-json\/wp\/v2\/pages\/1624\/revisions"}],"predecessor-version":[{"id":1907,"href":"https:\/\/betwinner.team\/lv\/wp-json\/wp\/v2\/pages\/1624\/revisions\/1907"}],"wp:attachment":[{"href":"https:\/\/betwinner.team\/lv\/wp-json\/wp\/v2\/media?parent=1624"}],"curies":[{"name":"wp","href":"https:\/\/api.w.org\/{rel}","templated":true}]}}