{"id":1582,"date":"2026-02-23T08:00:50","date_gmt":"2026-02-23T05:00:50","guid":{"rendered":"https:\/\/betwinner.team\/lv\/?page_id=1582"},"modified":"2026-05-05T20:13:58","modified_gmt":"2026-05-05T17:13:58","slug":"login","status":"publish","type":"page","link":"https:\/\/betwinner.team\/lv\/login\/","title":{"rendered":"Piesl\u0113gties"},"content":{"rendered":"","protected":false},"excerpt":{"rendered":"","protected":false},"author":1,"featured_media":0,"parent":0,"menu_order":0,"comment_status":"closed","ping_status":"closed","template":"","meta":{"_acf_changed":false,"footnotes":""},"class_list":["post-1582","page","type-page","status-publish","hentry"],"acf":[],"yoast_head":"<!-- This site is optimized with the Yoast SEO plugin v26.9 - https:\/\/yoast.com\/product\/yoast-seo-wordpress\/ -->\n<title>Betwinner pieteik\u0161an\u0101s \u2714\ufe0f piek\u013cuve savam kontam un paroles atg\u016b\u0161ana<\/title>\n<meta name=\"description\" content=\"\u0100tra pieteik\u0161an\u0101s sav\u0101 Betwinner kont\u0101 \u2714\ufe0f Izmantojiet savu lietot\u0101jv\u0101rdu\/paroli, QR kodu vai biometriju dator\u0101, Android vai iOS ier\u012bc\u0113. Ja esat aizmirsis paroli, to var atjaunot 1 min\u016btes laik\u0101. Sinhroniz\u0101cija vis\u0101s ier\u012bc\u0113s, bez vair\u0101kiem kontiem \u2014 piek\u013c\u016bstiet der\u012bb\u0101m un kazino sp\u0113l\u0113m ar vienu klik\u0161\u0137i!\" \/>\n<meta name=\"robots\" content=\"index, follow, max-snippet:-1, max-image-preview:large, max-video-preview:-1\" \/>\n<link rel=\"canonical\" href=\"https:\/\/betwinner.team\/lv\/login\/\" \/>\n<meta property=\"og:locale\" content=\"lv_LV\" \/>\n<meta property=\"og:type\" content=\"article\" \/>\n<meta property=\"og:title\" content=\"Betwinner pieteik\u0161an\u0101s \u2714\ufe0f piek\u013cuve savam kontam un paroles atg\u016b\u0161ana\" \/>\n<meta property=\"og:description\" content=\"\u0100tra pieteik\u0161an\u0101s sav\u0101 Betwinner kont\u0101 \u2714\ufe0f Izmantojiet savu lietot\u0101jv\u0101rdu\/paroli, QR kodu vai biometriju dator\u0101, Android vai iOS ier\u012bc\u0113. Ja esat aizmirsis paroli, to var atjaunot 1 min\u016btes laik\u0101. Sinhroniz\u0101cija vis\u0101s ier\u012bc\u0113s, bez vair\u0101kiem kontiem \u2014 piek\u013c\u016bstiet der\u012bb\u0101m un kazino sp\u0113l\u0113m ar vienu klik\u0161\u0137i!\" \/>\n<meta property=\"og:url\" content=\"https:\/\/betwinner.team\/lv\/login\/\" \/>\n<meta property=\"og:site_name\" content=\"Betwinner Team LV\" \/>\n<meta property=\"article:modified_time\" content=\"2026-05-05T17:13:58+00:00\" \/>\n<meta name=\"twitter:card\" content=\"summary_large_image\" \/>\n<script type=\"application\/ld+json\" class=\"yoast-schema-graph\">{\"@context\":\"https:\/\/schema.org\",\"@graph\":[{\"@type\":\"WebPage\",\"@id\":\"https:\/\/betwinner.team\/lv\/login\/\",\"url\":\"https:\/\/betwinner.team\/lv\/login\/\",\"name\":\"Betwinner pieteik\u0161an\u0101s \u2714\ufe0f piek\u013cuve savam kontam un paroles atg\u016b\u0161ana\",\"isPartOf\":{\"@id\":\"http:\/\/betwinner.team\/lv\/#website\"},\"datePublished\":\"2026-02-23T05:00:50+00:00\",\"dateModified\":\"2026-05-05T17:13:58+00:00\",\"description\":\"\u0100tra pieteik\u0161an\u0101s sav\u0101 Betwinner kont\u0101 \u2714\ufe0f Izmantojiet savu lietot\u0101jv\u0101rdu\/paroli, QR kodu vai biometriju dator\u0101, Android vai iOS ier\u012bc\u0113. Ja esat aizmirsis paroli, to var atjaunot 1 min\u016btes laik\u0101. Sinhroniz\u0101cija vis\u0101s ier\u012bc\u0113s, bez vair\u0101kiem kontiem \u2014 piek\u013c\u016bstiet der\u012bb\u0101m un kazino sp\u0113l\u0113m ar vienu klik\u0161\u0137i!\",\"inLanguage\":\"lv-LV\",\"potentialAction\":[{\"@type\":\"ReadAction\",\"target\":[\"https:\/\/betwinner.team\/lv\/login\/\"]}]},{\"@type\":\"WebSite\",\"@id\":\"http:\/\/betwinner.team\/lv\/#website\",\"url\":\"http:\/\/betwinner.team\/lv\/\",\"name\":\"Betwinner Team LV\",\"description\":\"\",\"potentialAction\":[{\"@type\":\"SearchAction\",\"target\":{\"@type\":\"EntryPoint\",\"urlTemplate\":\"http:\/\/betwinner.team\/lv\/?s={search_term_string}\"},\"query-input\":{\"@type\":\"PropertyValueSpecification\",\"valueRequired\":true,\"valueName\":\"search_term_string\"}}],\"inLanguage\":\"lv-LV\"}]}<\/script>\n<!-- \/ Yoast SEO plugin. -->","yoast_head_json":{"title":"Betwinner pieteik\u0161an\u0101s \u2714\ufe0f piek\u013cuve savam kontam un paroles atg\u016b\u0161ana","description":"\u0100tra pieteik\u0161an\u0101s sav\u0101 Betwinner kont\u0101 \u2714\ufe0f Izmantojiet savu lietot\u0101jv\u0101rdu\/paroli, QR kodu vai biometriju dator\u0101, Android vai iOS ier\u012bc\u0113. Ja esat aizmirsis paroli, to var atjaunot 1 min\u016btes laik\u0101. Sinhroniz\u0101cija vis\u0101s ier\u012bc\u0113s, bez vair\u0101kiem kontiem \u2014 piek\u013c\u016bstiet der\u012bb\u0101m un kazino sp\u0113l\u0113m ar vienu klik\u0161\u0137i!","robots":{"index":"index","follow":"follow","max-snippet":"max-snippet:-1","max-image-preview":"max-image-preview:large","max-video-preview":"max-video-preview:-1"},"canonical":"https:\/\/betwinner.team\/lv\/login\/","og_locale":"lv_LV","og_type":"article","og_title":"Betwinner pieteik\u0161an\u0101s \u2714\ufe0f piek\u013cuve savam kontam un paroles atg\u016b\u0161ana","og_description":"\u0100tra pieteik\u0161an\u0101s sav\u0101 Betwinner kont\u0101 \u2714\ufe0f Izmantojiet savu lietot\u0101jv\u0101rdu\/paroli, QR kodu vai biometriju dator\u0101, Android vai iOS ier\u012bc\u0113. Ja esat aizmirsis paroli, to var atjaunot 1 min\u016btes laik\u0101. Sinhroniz\u0101cija vis\u0101s ier\u012bc\u0113s, bez vair\u0101kiem kontiem \u2014 piek\u013c\u016bstiet der\u012bb\u0101m un kazino sp\u0113l\u0113m ar vienu klik\u0161\u0137i!","og_url":"https:\/\/betwinner.team\/lv\/login\/","og_site_name":"Betwinner Team LV","article_modified_time":"2026-05-05T17:13:58+00:00","twitter_card":"summary_large_image","schema":{"@context":"https:\/\/schema.org","@graph":[{"@type":"WebPage","@id":"https:\/\/betwinner.team\/lv\/login\/","url":"https:\/\/betwinner.team\/lv\/login\/","name":"Betwinner pieteik\u0161an\u0101s \u2714\ufe0f piek\u013cuve savam kontam un paroles atg\u016b\u0161ana","isPartOf":{"@id":"http:\/\/betwinner.team\/lv\/#website"},"datePublished":"2026-02-23T05:00:50+00:00","dateModified":"2026-05-05T17:13:58+00:00","description":"\u0100tra pieteik\u0161an\u0101s sav\u0101 Betwinner kont\u0101 \u2714\ufe0f Izmantojiet savu lietot\u0101jv\u0101rdu\/paroli, QR kodu vai biometriju dator\u0101, Android vai iOS ier\u012bc\u0113. Ja esat aizmirsis paroli, to var atjaunot 1 min\u016btes laik\u0101. Sinhroniz\u0101cija vis\u0101s ier\u012bc\u0113s, bez vair\u0101kiem kontiem \u2014 piek\u013c\u016bstiet der\u012bb\u0101m un kazino sp\u0113l\u0113m ar vienu klik\u0161\u0137i!","inLanguage":"lv-LV","potentialAction":[{"@type":"ReadAction","target":["https:\/\/betwinner.team\/lv\/login\/"]}]},{"@type":"WebSite","@id":"http:\/\/betwinner.team\/lv\/#website","url":"http:\/\/betwinner.team\/lv\/","name":"Betwinner Team LV","description":"","potentialAction":[{"@type":"SearchAction","target":{"@type":"EntryPoint","urlTemplate":"http:\/\/betwinner.team\/lv\/?s={search_term_string}"},"query-input":{"@type":"PropertyValueSpecification","valueRequired":true,"valueName":"search_term_string"}}],"inLanguage":"lv-LV"}]}},"_links":{"self":[{"href":"https:\/\/betwinner.team\/lv\/wp-json\/wp\/v2\/pages\/1582","targetHints":{"allow":["GET"]}}],"collection":[{"href":"https:\/\/betwinner.team\/lv\/wp-json\/wp\/v2\/pages"}],"about":[{"href":"https:\/\/betwinner.team\/lv\/wp-json\/wp\/v2\/types\/page"}],"author":[{"embeddable":true,"href":"https:\/\/betwinner.team\/lv\/wp-json\/wp\/v2\/users\/1"}],"replies":[{"embeddable":true,"href":"https:\/\/betwinner.team\/lv\/wp-json\/wp\/v2\/comments?post=1582"}],"version-history":[{"count":5,"href":"https:\/\/betwinner.team\/lv\/wp-json\/wp\/v2\/pages\/1582\/revisions"}],"predecessor-version":[{"id":1897,"href":"https:\/\/betwinner.team\/lv\/wp-json\/wp\/v2\/pages\/1582\/revisions\/1897"}],"wp:attachment":[{"href":"https:\/\/betwinner.team\/lv\/wp-json\/wp\/v2\/media?parent=1582"}],"curies":[{"name":"wp","href":"https:\/\/api.w.org\/{rel}","templated":true}]}}