{"id":1560,"date":"2026-02-22T18:04:15","date_gmt":"2026-02-22T15:04:15","guid":{"rendered":"https:\/\/betwinner.team\/lv\/?page_id=1560"},"modified":"2026-05-05T20:20:02","modified_gmt":"2026-05-05T17:20:02","slug":"partners","status":"publish","type":"page","link":"https:\/\/betwinner.team\/lv\/partners\/","title":{"rendered":"Partneri"},"content":{"rendered":"","protected":false},"excerpt":{"rendered":"","protected":false},"author":1,"featured_media":0,"parent":0,"menu_order":0,"comment_status":"closed","ping_status":"closed","template":"","meta":{"_acf_changed":false,"footnotes":""},"class_list":["post-1560","page","type-page","status-publish","hentry"],"acf":[],"yoast_head":"<!-- This site is optimized with the Yoast SEO plugin v26.9 - https:\/\/yoast.com\/product\/yoast-seo-wordpress\/ -->\n<title>Betwinner partnerprogramma \u2014 RevShare l\u012bdz 60 %, ien\u0101kumi<\/title>\n<meta name=\"description\" content=\"Pievienojies Betwinner partnerprogrammai \u2714\ufe0f piesaisti sp\u0113l\u0113t\u0101jus un sa\u0146em l\u012bdz pat 60 % no ie\u0146\u0113mumiem, m\u0101rketinga r\u012bkus un \u0101tru re\u0123istr\u0101ciju. Ide\u0101li piem\u0113rots partneriem ar eso\u0161o auditoriju \u2014 p\u0101rredzama statistika, atbalsts un neierobe\u017eoti maks\u0101jumi!\" \/>\n<meta name=\"robots\" content=\"index, follow, max-snippet:-1, max-image-preview:large, max-video-preview:-1\" \/>\n<link rel=\"canonical\" href=\"http:\/\/betwinner.team\/lv\/partners\/\" \/>\n<meta property=\"og:locale\" content=\"lv_LV\" \/>\n<meta property=\"og:type\" content=\"article\" \/>\n<meta property=\"og:title\" content=\"Betwinner partnerprogramma \u2014 RevShare l\u012bdz 60 %, ien\u0101kumi\" \/>\n<meta property=\"og:description\" content=\"Pievienojies Betwinner partnerprogrammai \u2714\ufe0f piesaisti sp\u0113l\u0113t\u0101jus un sa\u0146em l\u012bdz pat 60 % no ie\u0146\u0113mumiem, m\u0101rketinga r\u012bkus un \u0101tru re\u0123istr\u0101ciju. Ide\u0101li piem\u0113rots partneriem ar eso\u0161o auditoriju \u2014 p\u0101rredzama statistika, atbalsts un neierobe\u017eoti maks\u0101jumi!\" \/>\n<meta property=\"og:url\" content=\"http:\/\/betwinner.team\/lv\/partners\/\" \/>\n<meta property=\"og:site_name\" content=\"Betwinner Team LV\" \/>\n<meta property=\"article:modified_time\" content=\"2026-05-05T17:20:02+00:00\" \/>\n<meta name=\"twitter:card\" content=\"summary_large_image\" \/>\n<script type=\"application\/ld+json\" class=\"yoast-schema-graph\">{\"@context\":\"https:\/\/schema.org\",\"@graph\":[{\"@type\":\"WebPage\",\"@id\":\"http:\/\/betwinner.team\/lv\/partners\/\",\"url\":\"http:\/\/betwinner.team\/lv\/partners\/\",\"name\":\"Betwinner partnerprogramma \u2014 RevShare l\u012bdz 60 %, ien\u0101kumi\",\"isPartOf\":{\"@id\":\"http:\/\/betwinner.team\/lv\/#website\"},\"datePublished\":\"2026-02-22T15:04:15+00:00\",\"dateModified\":\"2026-05-05T17:20:02+00:00\",\"description\":\"Pievienojies Betwinner partnerprogrammai \u2714\ufe0f piesaisti sp\u0113l\u0113t\u0101jus un sa\u0146em l\u012bdz pat 60 % no ie\u0146\u0113mumiem, m\u0101rketinga r\u012bkus un \u0101tru re\u0123istr\u0101ciju. Ide\u0101li piem\u0113rots partneriem ar eso\u0161o auditoriju \u2014 p\u0101rredzama statistika, atbalsts un neierobe\u017eoti maks\u0101jumi!\",\"inLanguage\":\"lv-LV\",\"potentialAction\":[{\"@type\":\"ReadAction\",\"target\":[\"http:\/\/betwinner.team\/lv\/partners\/\"]}]},{\"@type\":\"WebSite\",\"@id\":\"http:\/\/betwinner.team\/lv\/#website\",\"url\":\"http:\/\/betwinner.team\/lv\/\",\"name\":\"Betwinner Team LV\",\"description\":\"\",\"potentialAction\":[{\"@type\":\"SearchAction\",\"target\":{\"@type\":\"EntryPoint\",\"urlTemplate\":\"http:\/\/betwinner.team\/lv\/?s={search_term_string}\"},\"query-input\":{\"@type\":\"PropertyValueSpecification\",\"valueRequired\":true,\"valueName\":\"search_term_string\"}}],\"inLanguage\":\"lv-LV\"}]}<\/script>\n<!-- \/ Yoast SEO plugin. -->","yoast_head_json":{"title":"Betwinner partnerprogramma \u2014 RevShare l\u012bdz 60 %, ien\u0101kumi","description":"Pievienojies Betwinner partnerprogrammai \u2714\ufe0f piesaisti sp\u0113l\u0113t\u0101jus un sa\u0146em l\u012bdz pat 60 % no ie\u0146\u0113mumiem, m\u0101rketinga r\u012bkus un \u0101tru re\u0123istr\u0101ciju. Ide\u0101li piem\u0113rots partneriem ar eso\u0161o auditoriju \u2014 p\u0101rredzama statistika, atbalsts un neierobe\u017eoti maks\u0101jumi!","robots":{"index":"index","follow":"follow","max-snippet":"max-snippet:-1","max-image-preview":"max-image-preview:large","max-video-preview":"max-video-preview:-1"},"canonical":"http:\/\/betwinner.team\/lv\/partners\/","og_locale":"lv_LV","og_type":"article","og_title":"Betwinner partnerprogramma \u2014 RevShare l\u012bdz 60 %, ien\u0101kumi","og_description":"Pievienojies Betwinner partnerprogrammai \u2714\ufe0f piesaisti sp\u0113l\u0113t\u0101jus un sa\u0146em l\u012bdz pat 60 % no ie\u0146\u0113mumiem, m\u0101rketinga r\u012bkus un \u0101tru re\u0123istr\u0101ciju. Ide\u0101li piem\u0113rots partneriem ar eso\u0161o auditoriju \u2014 p\u0101rredzama statistika, atbalsts un neierobe\u017eoti maks\u0101jumi!","og_url":"http:\/\/betwinner.team\/lv\/partners\/","og_site_name":"Betwinner Team LV","article_modified_time":"2026-05-05T17:20:02+00:00","twitter_card":"summary_large_image","schema":{"@context":"https:\/\/schema.org","@graph":[{"@type":"WebPage","@id":"http:\/\/betwinner.team\/lv\/partners\/","url":"http:\/\/betwinner.team\/lv\/partners\/","name":"Betwinner partnerprogramma \u2014 RevShare l\u012bdz 60 %, ien\u0101kumi","isPartOf":{"@id":"http:\/\/betwinner.team\/lv\/#website"},"datePublished":"2026-02-22T15:04:15+00:00","dateModified":"2026-05-05T17:20:02+00:00","description":"Pievienojies Betwinner partnerprogrammai \u2714\ufe0f piesaisti sp\u0113l\u0113t\u0101jus un sa\u0146em l\u012bdz pat 60 % no ie\u0146\u0113mumiem, m\u0101rketinga r\u012bkus un \u0101tru re\u0123istr\u0101ciju. Ide\u0101li piem\u0113rots partneriem ar eso\u0161o auditoriju \u2014 p\u0101rredzama statistika, atbalsts un neierobe\u017eoti maks\u0101jumi!","inLanguage":"lv-LV","potentialAction":[{"@type":"ReadAction","target":["http:\/\/betwinner.team\/lv\/partners\/"]}]},{"@type":"WebSite","@id":"http:\/\/betwinner.team\/lv\/#website","url":"http:\/\/betwinner.team\/lv\/","name":"Betwinner Team LV","description":"","potentialAction":[{"@type":"SearchAction","target":{"@type":"EntryPoint","urlTemplate":"http:\/\/betwinner.team\/lv\/?s={search_term_string}"},"query-input":{"@type":"PropertyValueSpecification","valueRequired":true,"valueName":"search_term_string"}}],"inLanguage":"lv-LV"}]}},"_links":{"self":[{"href":"https:\/\/betwinner.team\/lv\/wp-json\/wp\/v2\/pages\/1560","targetHints":{"allow":["GET"]}}],"collection":[{"href":"https:\/\/betwinner.team\/lv\/wp-json\/wp\/v2\/pages"}],"about":[{"href":"https:\/\/betwinner.team\/lv\/wp-json\/wp\/v2\/types\/page"}],"author":[{"embeddable":true,"href":"https:\/\/betwinner.team\/lv\/wp-json\/wp\/v2\/users\/1"}],"replies":[{"embeddable":true,"href":"https:\/\/betwinner.team\/lv\/wp-json\/wp\/v2\/comments?post=1560"}],"version-history":[{"count":5,"href":"https:\/\/betwinner.team\/lv\/wp-json\/wp\/v2\/pages\/1560\/revisions"}],"predecessor-version":[{"id":1900,"href":"https:\/\/betwinner.team\/lv\/wp-json\/wp\/v2\/pages\/1560\/revisions\/1900"}],"wp:attachment":[{"href":"https:\/\/betwinner.team\/lv\/wp-json\/wp\/v2\/media?parent=1560"}],"curies":[{"name":"wp","href":"https:\/\/api.w.org\/{rel}","templated":true}]}}