{"id":1543,"date":"2026-02-22T08:06:34","date_gmt":"2026-02-22T05:06:34","guid":{"rendered":"https:\/\/betwinner.team\/lv\/?page_id=1543"},"modified":"2026-05-05T21:40:02","modified_gmt":"2026-05-05T18:40:02","slug":"registration","status":"publish","type":"page","link":"https:\/\/betwinner.team\/lv\/registration\/","title":{"rendered":"Re\u0123istr\u0101cija"},"content":{"rendered":"","protected":false},"excerpt":{"rendered":"","protected":false},"author":1,"featured_media":0,"parent":0,"menu_order":0,"comment_status":"closed","ping_status":"closed","template":"","meta":{"_acf_changed":false,"footnotes":""},"class_list":["post-1543","page","type-page","status-publish","hentry"],"acf":[],"yoast_head":"<!-- This site is optimized with the Yoast SEO plugin v26.9 - https:\/\/yoast.com\/product\/yoast-seo-wordpress\/ -->\n<title>Betwinner re\u0123istr\u0101cijas rokasgr\u0101mata ar bonusu 2026<\/title>\n<meta name=\"description\" content=\"\u0100tra re\u0123istr\u0101cija Betwinner \u2714\ufe0f Izv\u0113lieties re\u0123istr\u0101cijas veidu (ar vienu klik\u0161\u0137i, pa t\u0101lruni vai e-pastu), apstipriniet savu kontu un sa\u0146emiet sagaid\u012b\u0161anas bonusu, izmantojot akcijas kodu. Ieg\u016bstiet piek\u013cuvi vair\u0101k nek\u0101 9 000 notikumiem un t\u016bksto\u0161iem sp\u0113\u013cu autom\u0101tu vis\u0101s ier\u012bc\u0113s \u2013 s\u0101ciet sp\u0113l\u0113t jau p\u0113c 1 min\u016btes!\" \/>\n<meta name=\"robots\" content=\"index, follow, max-snippet:-1, max-image-preview:large, max-video-preview:-1\" \/>\n<link rel=\"canonical\" href=\"https:\/\/betwinner.team\/lv\/registration\/\" \/>\n<meta property=\"og:locale\" content=\"lv_LV\" \/>\n<meta property=\"og:type\" content=\"article\" \/>\n<meta property=\"og:title\" content=\"Betwinner re\u0123istr\u0101cijas rokasgr\u0101mata ar bonusu 2026\" \/>\n<meta property=\"og:description\" content=\"\u0100tra re\u0123istr\u0101cija Betwinner \u2714\ufe0f Izv\u0113lieties re\u0123istr\u0101cijas veidu (ar vienu klik\u0161\u0137i, pa t\u0101lruni vai e-pastu), apstipriniet savu kontu un sa\u0146emiet sagaid\u012b\u0161anas bonusu, izmantojot akcijas kodu. Ieg\u016bstiet piek\u013cuvi vair\u0101k nek\u0101 9 000 notikumiem un t\u016bksto\u0161iem sp\u0113\u013cu autom\u0101tu vis\u0101s ier\u012bc\u0113s \u2013 s\u0101ciet sp\u0113l\u0113t jau p\u0113c 1 min\u016btes!\" \/>\n<meta property=\"og:url\" content=\"https:\/\/betwinner.team\/lv\/registration\/\" \/>\n<meta property=\"og:site_name\" content=\"Betwinner Team LV\" \/>\n<meta property=\"article:modified_time\" content=\"2026-05-05T18:40:02+00:00\" \/>\n<meta name=\"twitter:card\" content=\"summary_large_image\" \/>\n<script type=\"application\/ld+json\" class=\"yoast-schema-graph\">{\"@context\":\"https:\/\/schema.org\",\"@graph\":[{\"@type\":\"WebPage\",\"@id\":\"https:\/\/betwinner.team\/lv\/registration\/\",\"url\":\"https:\/\/betwinner.team\/lv\/registration\/\",\"name\":\"Betwinner re\u0123istr\u0101cijas rokasgr\u0101mata ar bonusu 2026\",\"isPartOf\":{\"@id\":\"http:\/\/betwinner.team\/lv\/#website\"},\"datePublished\":\"2026-02-22T05:06:34+00:00\",\"dateModified\":\"2026-05-05T18:40:02+00:00\",\"description\":\"\u0100tra re\u0123istr\u0101cija Betwinner \u2714\ufe0f Izv\u0113lieties re\u0123istr\u0101cijas veidu (ar vienu klik\u0161\u0137i, pa t\u0101lruni vai e-pastu), apstipriniet savu kontu un sa\u0146emiet sagaid\u012b\u0161anas bonusu, izmantojot akcijas kodu. Ieg\u016bstiet piek\u013cuvi vair\u0101k nek\u0101 9 000 notikumiem un t\u016bksto\u0161iem sp\u0113\u013cu autom\u0101tu vis\u0101s ier\u012bc\u0113s \u2013 s\u0101ciet sp\u0113l\u0113t jau p\u0113c 1 min\u016btes!\",\"inLanguage\":\"lv-LV\",\"potentialAction\":[{\"@type\":\"ReadAction\",\"target\":[\"https:\/\/betwinner.team\/lv\/registration\/\"]}]},{\"@type\":\"WebSite\",\"@id\":\"http:\/\/betwinner.team\/lv\/#website\",\"url\":\"http:\/\/betwinner.team\/lv\/\",\"name\":\"Betwinner Team LV\",\"description\":\"\",\"potentialAction\":[{\"@type\":\"SearchAction\",\"target\":{\"@type\":\"EntryPoint\",\"urlTemplate\":\"http:\/\/betwinner.team\/lv\/?s={search_term_string}\"},\"query-input\":{\"@type\":\"PropertyValueSpecification\",\"valueRequired\":true,\"valueName\":\"search_term_string\"}}],\"inLanguage\":\"lv-LV\"}]}<\/script>\n<!-- \/ Yoast SEO plugin. -->","yoast_head_json":{"title":"Betwinner re\u0123istr\u0101cijas rokasgr\u0101mata ar bonusu 2026","description":"\u0100tra re\u0123istr\u0101cija Betwinner \u2714\ufe0f Izv\u0113lieties re\u0123istr\u0101cijas veidu (ar vienu klik\u0161\u0137i, pa t\u0101lruni vai e-pastu), apstipriniet savu kontu un sa\u0146emiet sagaid\u012b\u0161anas bonusu, izmantojot akcijas kodu. Ieg\u016bstiet piek\u013cuvi vair\u0101k nek\u0101 9 000 notikumiem un t\u016bksto\u0161iem sp\u0113\u013cu autom\u0101tu vis\u0101s ier\u012bc\u0113s \u2013 s\u0101ciet sp\u0113l\u0113t jau p\u0113c 1 min\u016btes!","robots":{"index":"index","follow":"follow","max-snippet":"max-snippet:-1","max-image-preview":"max-image-preview:large","max-video-preview":"max-video-preview:-1"},"canonical":"https:\/\/betwinner.team\/lv\/registration\/","og_locale":"lv_LV","og_type":"article","og_title":"Betwinner re\u0123istr\u0101cijas rokasgr\u0101mata ar bonusu 2026","og_description":"\u0100tra re\u0123istr\u0101cija Betwinner \u2714\ufe0f Izv\u0113lieties re\u0123istr\u0101cijas veidu (ar vienu klik\u0161\u0137i, pa t\u0101lruni vai e-pastu), apstipriniet savu kontu un sa\u0146emiet sagaid\u012b\u0161anas bonusu, izmantojot akcijas kodu. Ieg\u016bstiet piek\u013cuvi vair\u0101k nek\u0101 9 000 notikumiem un t\u016bksto\u0161iem sp\u0113\u013cu autom\u0101tu vis\u0101s ier\u012bc\u0113s \u2013 s\u0101ciet sp\u0113l\u0113t jau p\u0113c 1 min\u016btes!","og_url":"https:\/\/betwinner.team\/lv\/registration\/","og_site_name":"Betwinner Team LV","article_modified_time":"2026-05-05T18:40:02+00:00","twitter_card":"summary_large_image","schema":{"@context":"https:\/\/schema.org","@graph":[{"@type":"WebPage","@id":"https:\/\/betwinner.team\/lv\/registration\/","url":"https:\/\/betwinner.team\/lv\/registration\/","name":"Betwinner re\u0123istr\u0101cijas rokasgr\u0101mata ar bonusu 2026","isPartOf":{"@id":"http:\/\/betwinner.team\/lv\/#website"},"datePublished":"2026-02-22T05:06:34+00:00","dateModified":"2026-05-05T18:40:02+00:00","description":"\u0100tra re\u0123istr\u0101cija Betwinner \u2714\ufe0f Izv\u0113lieties re\u0123istr\u0101cijas veidu (ar vienu klik\u0161\u0137i, pa t\u0101lruni vai e-pastu), apstipriniet savu kontu un sa\u0146emiet sagaid\u012b\u0161anas bonusu, izmantojot akcijas kodu. Ieg\u016bstiet piek\u013cuvi vair\u0101k nek\u0101 9 000 notikumiem un t\u016bksto\u0161iem sp\u0113\u013cu autom\u0101tu vis\u0101s ier\u012bc\u0113s \u2013 s\u0101ciet sp\u0113l\u0113t jau p\u0113c 1 min\u016btes!","inLanguage":"lv-LV","potentialAction":[{"@type":"ReadAction","target":["https:\/\/betwinner.team\/lv\/registration\/"]}]},{"@type":"WebSite","@id":"http:\/\/betwinner.team\/lv\/#website","url":"http:\/\/betwinner.team\/lv\/","name":"Betwinner Team LV","description":"","potentialAction":[{"@type":"SearchAction","target":{"@type":"EntryPoint","urlTemplate":"http:\/\/betwinner.team\/lv\/?s={search_term_string}"},"query-input":{"@type":"PropertyValueSpecification","valueRequired":true,"valueName":"search_term_string"}}],"inLanguage":"lv-LV"}]}},"_links":{"self":[{"href":"https:\/\/betwinner.team\/lv\/wp-json\/wp\/v2\/pages\/1543","targetHints":{"allow":["GET"]}}],"collection":[{"href":"https:\/\/betwinner.team\/lv\/wp-json\/wp\/v2\/pages"}],"about":[{"href":"https:\/\/betwinner.team\/lv\/wp-json\/wp\/v2\/types\/page"}],"author":[{"embeddable":true,"href":"https:\/\/betwinner.team\/lv\/wp-json\/wp\/v2\/users\/1"}],"replies":[{"embeddable":true,"href":"https:\/\/betwinner.team\/lv\/wp-json\/wp\/v2\/comments?post=1543"}],"version-history":[{"count":5,"href":"https:\/\/betwinner.team\/lv\/wp-json\/wp\/v2\/pages\/1543\/revisions"}],"predecessor-version":[{"id":1905,"href":"https:\/\/betwinner.team\/lv\/wp-json\/wp\/v2\/pages\/1543\/revisions\/1905"}],"wp:attachment":[{"href":"https:\/\/betwinner.team\/lv\/wp-json\/wp\/v2\/media?parent=1543"}],"curies":[{"name":"wp","href":"https:\/\/api.w.org\/{rel}","templated":true}]}}