{"id":1520,"date":"2026-02-21T15:19:01","date_gmt":"2026-02-21T12:19:01","guid":{"rendered":"https:\/\/betwinner.team\/lv\/?page_id=1520"},"modified":"2026-05-05T20:33:55","modified_gmt":"2026-05-05T17:33:55","slug":"promo-code","status":"publish","type":"page","link":"https:\/\/betwinner.team\/lv\/promo-code\/","title":{"rendered":"Akcijas kods"},"content":{"rendered":"","protected":false},"excerpt":{"rendered":"","protected":false},"author":1,"featured_media":0,"parent":0,"menu_order":0,"comment_status":"closed","ping_status":"closed","template":"","meta":{"_acf_changed":false,"footnotes":""},"class_list":["post-1520","page","type-page","status-publish","hentry"],"acf":[],"yoast_head":"<!-- This site is optimized with the Yoast SEO plugin v26.9 - https:\/\/yoast.com\/product\/yoast-seo-wordpress\/ -->\n<title>Betwinner Akcijas kods 2026 \u2705 Pa\u0161reiz\u0113jie bonusa kodi<\/title>\n<meta name=\"description\" content=\"Aktiviz\u0113jiet Betwinner akcijas kodus \u2705 ikdienas kodus bezmaksas griezieniem un naudas atmaksai. Uzziniet, kur ieg\u016bt jaun\u0101kos akcijas kodus, k\u0101 tos ievad\u012bt re\u0123istr\u0101cijas laik\u0101 un k\u0101 tos izmantot sp\u0113\u013cu autom\u0101tos \u2014 sp\u0113l\u0113jiet ilg\u0101k bez liekiem izdevumiem!\" \/>\n<meta name=\"robots\" content=\"index, follow, max-snippet:-1, max-image-preview:large, max-video-preview:-1\" \/>\n<link rel=\"canonical\" href=\"https:\/\/betwinner.team\/lv\/promo-code\/\" \/>\n<meta property=\"og:locale\" content=\"lv_LV\" \/>\n<meta property=\"og:type\" content=\"article\" \/>\n<meta property=\"og:title\" content=\"Betwinner Akcijas kods 2026 \u2705 Pa\u0161reiz\u0113jie bonusa kodi\" \/>\n<meta property=\"og:description\" content=\"Aktiviz\u0113jiet Betwinner akcijas kodus \u2705 ikdienas kodus bezmaksas griezieniem un naudas atmaksai. Uzziniet, kur ieg\u016bt jaun\u0101kos akcijas kodus, k\u0101 tos ievad\u012bt re\u0123istr\u0101cijas laik\u0101 un k\u0101 tos izmantot sp\u0113\u013cu autom\u0101tos \u2014 sp\u0113l\u0113jiet ilg\u0101k bez liekiem izdevumiem!\" \/>\n<meta property=\"og:url\" content=\"https:\/\/betwinner.team\/lv\/promo-code\/\" \/>\n<meta property=\"og:site_name\" content=\"Betwinner Team LV\" \/>\n<meta property=\"article:modified_time\" content=\"2026-05-05T17:33:55+00:00\" \/>\n<meta name=\"twitter:card\" content=\"summary_large_image\" \/>\n<script type=\"application\/ld+json\" class=\"yoast-schema-graph\">{\"@context\":\"https:\/\/schema.org\",\"@graph\":[{\"@type\":\"WebPage\",\"@id\":\"https:\/\/betwinner.team\/lv\/promo-code\/\",\"url\":\"https:\/\/betwinner.team\/lv\/promo-code\/\",\"name\":\"Betwinner Akcijas kods 2026 \u2705 Pa\u0161reiz\u0113jie bonusa kodi\",\"isPartOf\":{\"@id\":\"http:\/\/betwinner.team\/lv\/#website\"},\"datePublished\":\"2026-02-21T12:19:01+00:00\",\"dateModified\":\"2026-05-05T17:33:55+00:00\",\"description\":\"Aktiviz\u0113jiet Betwinner akcijas kodus \u2705 ikdienas kodus bezmaksas griezieniem un naudas atmaksai. Uzziniet, kur ieg\u016bt jaun\u0101kos akcijas kodus, k\u0101 tos ievad\u012bt re\u0123istr\u0101cijas laik\u0101 un k\u0101 tos izmantot sp\u0113\u013cu autom\u0101tos \u2014 sp\u0113l\u0113jiet ilg\u0101k bez liekiem izdevumiem!\",\"inLanguage\":\"lv-LV\",\"potentialAction\":[{\"@type\":\"ReadAction\",\"target\":[\"https:\/\/betwinner.team\/lv\/promo-code\/\"]}]},{\"@type\":\"WebSite\",\"@id\":\"http:\/\/betwinner.team\/lv\/#website\",\"url\":\"http:\/\/betwinner.team\/lv\/\",\"name\":\"Betwinner Team LV\",\"description\":\"\",\"potentialAction\":[{\"@type\":\"SearchAction\",\"target\":{\"@type\":\"EntryPoint\",\"urlTemplate\":\"http:\/\/betwinner.team\/lv\/?s={search_term_string}\"},\"query-input\":{\"@type\":\"PropertyValueSpecification\",\"valueRequired\":true,\"valueName\":\"search_term_string\"}}],\"inLanguage\":\"lv-LV\"}]}<\/script>\n<!-- \/ Yoast SEO plugin. -->","yoast_head_json":{"title":"Betwinner Akcijas kods 2026 \u2705 Pa\u0161reiz\u0113jie bonusa kodi","description":"Aktiviz\u0113jiet Betwinner akcijas kodus \u2705 ikdienas kodus bezmaksas griezieniem un naudas atmaksai. Uzziniet, kur ieg\u016bt jaun\u0101kos akcijas kodus, k\u0101 tos ievad\u012bt re\u0123istr\u0101cijas laik\u0101 un k\u0101 tos izmantot sp\u0113\u013cu autom\u0101tos \u2014 sp\u0113l\u0113jiet ilg\u0101k bez liekiem izdevumiem!","robots":{"index":"index","follow":"follow","max-snippet":"max-snippet:-1","max-image-preview":"max-image-preview:large","max-video-preview":"max-video-preview:-1"},"canonical":"https:\/\/betwinner.team\/lv\/promo-code\/","og_locale":"lv_LV","og_type":"article","og_title":"Betwinner Akcijas kods 2026 \u2705 Pa\u0161reiz\u0113jie bonusa kodi","og_description":"Aktiviz\u0113jiet Betwinner akcijas kodus \u2705 ikdienas kodus bezmaksas griezieniem un naudas atmaksai. Uzziniet, kur ieg\u016bt jaun\u0101kos akcijas kodus, k\u0101 tos ievad\u012bt re\u0123istr\u0101cijas laik\u0101 un k\u0101 tos izmantot sp\u0113\u013cu autom\u0101tos \u2014 sp\u0113l\u0113jiet ilg\u0101k bez liekiem izdevumiem!","og_url":"https:\/\/betwinner.team\/lv\/promo-code\/","og_site_name":"Betwinner Team LV","article_modified_time":"2026-05-05T17:33:55+00:00","twitter_card":"summary_large_image","schema":{"@context":"https:\/\/schema.org","@graph":[{"@type":"WebPage","@id":"https:\/\/betwinner.team\/lv\/promo-code\/","url":"https:\/\/betwinner.team\/lv\/promo-code\/","name":"Betwinner Akcijas kods 2026 \u2705 Pa\u0161reiz\u0113jie bonusa kodi","isPartOf":{"@id":"http:\/\/betwinner.team\/lv\/#website"},"datePublished":"2026-02-21T12:19:01+00:00","dateModified":"2026-05-05T17:33:55+00:00","description":"Aktiviz\u0113jiet Betwinner akcijas kodus \u2705 ikdienas kodus bezmaksas griezieniem un naudas atmaksai. Uzziniet, kur ieg\u016bt jaun\u0101kos akcijas kodus, k\u0101 tos ievad\u012bt re\u0123istr\u0101cijas laik\u0101 un k\u0101 tos izmantot sp\u0113\u013cu autom\u0101tos \u2014 sp\u0113l\u0113jiet ilg\u0101k bez liekiem izdevumiem!","inLanguage":"lv-LV","potentialAction":[{"@type":"ReadAction","target":["https:\/\/betwinner.team\/lv\/promo-code\/"]}]},{"@type":"WebSite","@id":"http:\/\/betwinner.team\/lv\/#website","url":"http:\/\/betwinner.team\/lv\/","name":"Betwinner Team LV","description":"","potentialAction":[{"@type":"SearchAction","target":{"@type":"EntryPoint","urlTemplate":"http:\/\/betwinner.team\/lv\/?s={search_term_string}"},"query-input":{"@type":"PropertyValueSpecification","valueRequired":true,"valueName":"search_term_string"}}],"inLanguage":"lv-LV"}]}},"_links":{"self":[{"href":"https:\/\/betwinner.team\/lv\/wp-json\/wp\/v2\/pages\/1520","targetHints":{"allow":["GET"]}}],"collection":[{"href":"https:\/\/betwinner.team\/lv\/wp-json\/wp\/v2\/pages"}],"about":[{"href":"https:\/\/betwinner.team\/lv\/wp-json\/wp\/v2\/types\/page"}],"author":[{"embeddable":true,"href":"https:\/\/betwinner.team\/lv\/wp-json\/wp\/v2\/users\/1"}],"replies":[{"embeddable":true,"href":"https:\/\/betwinner.team\/lv\/wp-json\/wp\/v2\/comments?post=1520"}],"version-history":[{"count":5,"href":"https:\/\/betwinner.team\/lv\/wp-json\/wp\/v2\/pages\/1520\/revisions"}],"predecessor-version":[{"id":1903,"href":"https:\/\/betwinner.team\/lv\/wp-json\/wp\/v2\/pages\/1520\/revisions\/1903"}],"wp:attachment":[{"href":"https:\/\/betwinner.team\/lv\/wp-json\/wp\/v2\/media?parent=1520"}],"curies":[{"name":"wp","href":"https:\/\/api.w.org\/{rel}","templated":true}]}}