{"id":1495,"date":"2026-02-20T12:53:50","date_gmt":"2026-02-20T09:53:50","guid":{"rendered":"https:\/\/betwinner.team\/lv\/?page_id=1495"},"modified":"2026-05-05T17:43:31","modified_gmt":"2026-05-05T14:43:31","slug":"bonus","status":"publish","type":"page","link":"https:\/\/betwinner.team\/lv\/bonus\/","title":{"rendered":"Bonuss"},"content":{"rendered":"","protected":false},"excerpt":{"rendered":"","protected":false},"author":1,"featured_media":0,"parent":0,"menu_order":0,"comment_status":"closed","ping_status":"closed","template":"","meta":{"_acf_changed":false,"footnotes":""},"class_list":["post-1495","page","type-page","status-publish","hentry"],"acf":[],"yoast_head":"<!-- This site is optimized with the Yoast SEO plugin v26.9 - https:\/\/yoast.com\/product\/yoast-seo-wordpress\/ -->\n<title>Betwinner bonusi \u2014 aktu\u0101lie promo kodi, kazino akcijas<\/title>\n<meta name=\"description\" content=\"Sa\u0146emiet Betwinner sagaid\u012b\u0161anas bonusu par savu iemaksu, ikdienas bezmaksas griezienus un akcijas laimestiem. Sertific\u0113tas sp\u0113les + pal\u012bdz\u012bba ar sp\u0113\u013cu bud\u017eetu \u2014 aktiviz\u0113jiet akcijas kodu un s\u0101ciet sp\u0113l\u0113t bez zaud\u0113jumiem!\" \/>\n<meta name=\"robots\" content=\"index, follow, max-snippet:-1, max-image-preview:large, max-video-preview:-1\" \/>\n<link rel=\"canonical\" href=\"https:\/\/betwinner.team\/lv\/bonus\/\" \/>\n<meta property=\"og:locale\" content=\"lv_LV\" \/>\n<meta property=\"og:type\" content=\"article\" \/>\n<meta property=\"og:title\" content=\"Betwinner bonusi \u2014 aktu\u0101lie promo kodi, kazino akcijas\" \/>\n<meta property=\"og:description\" content=\"Sa\u0146emiet Betwinner sagaid\u012b\u0161anas bonusu par savu iemaksu, ikdienas bezmaksas griezienus un akcijas laimestiem. Sertific\u0113tas sp\u0113les + pal\u012bdz\u012bba ar sp\u0113\u013cu bud\u017eetu \u2014 aktiviz\u0113jiet akcijas kodu un s\u0101ciet sp\u0113l\u0113t bez zaud\u0113jumiem!\" \/>\n<meta property=\"og:url\" content=\"https:\/\/betwinner.team\/lv\/bonus\/\" \/>\n<meta property=\"og:site_name\" content=\"Betwinner Team LV\" \/>\n<meta property=\"article:modified_time\" content=\"2026-05-05T14:43:31+00:00\" \/>\n<meta name=\"twitter:card\" content=\"summary_large_image\" \/>\n<script type=\"application\/ld+json\" class=\"yoast-schema-graph\">{\"@context\":\"https:\/\/schema.org\",\"@graph\":[{\"@type\":\"WebPage\",\"@id\":\"https:\/\/betwinner.team\/lv\/bonus\/\",\"url\":\"https:\/\/betwinner.team\/lv\/bonus\/\",\"name\":\"Betwinner bonusi \u2014 aktu\u0101lie promo kodi, kazino akcijas\",\"isPartOf\":{\"@id\":\"http:\/\/betwinner.team\/lv\/#website\"},\"datePublished\":\"2026-02-20T09:53:50+00:00\",\"dateModified\":\"2026-05-05T14:43:31+00:00\",\"description\":\"Sa\u0146emiet Betwinner sagaid\u012b\u0161anas bonusu par savu iemaksu, ikdienas bezmaksas griezienus un akcijas laimestiem. Sertific\u0113tas sp\u0113les + pal\u012bdz\u012bba ar sp\u0113\u013cu bud\u017eetu \u2014 aktiviz\u0113jiet akcijas kodu un s\u0101ciet sp\u0113l\u0113t bez zaud\u0113jumiem!\",\"inLanguage\":\"lv-LV\",\"potentialAction\":[{\"@type\":\"ReadAction\",\"target\":[\"https:\/\/betwinner.team\/lv\/bonus\/\"]}]},{\"@type\":\"WebSite\",\"@id\":\"http:\/\/betwinner.team\/lv\/#website\",\"url\":\"http:\/\/betwinner.team\/lv\/\",\"name\":\"Betwinner Team LV\",\"description\":\"\",\"potentialAction\":[{\"@type\":\"SearchAction\",\"target\":{\"@type\":\"EntryPoint\",\"urlTemplate\":\"http:\/\/betwinner.team\/lv\/?s={search_term_string}\"},\"query-input\":{\"@type\":\"PropertyValueSpecification\",\"valueRequired\":true,\"valueName\":\"search_term_string\"}}],\"inLanguage\":\"lv-LV\"}]}<\/script>\n<!-- \/ Yoast SEO plugin. -->","yoast_head_json":{"title":"Betwinner bonusi \u2014 aktu\u0101lie promo kodi, kazino akcijas","description":"Sa\u0146emiet Betwinner sagaid\u012b\u0161anas bonusu par savu iemaksu, ikdienas bezmaksas griezienus un akcijas laimestiem. Sertific\u0113tas sp\u0113les + pal\u012bdz\u012bba ar sp\u0113\u013cu bud\u017eetu \u2014 aktiviz\u0113jiet akcijas kodu un s\u0101ciet sp\u0113l\u0113t bez zaud\u0113jumiem!","robots":{"index":"index","follow":"follow","max-snippet":"max-snippet:-1","max-image-preview":"max-image-preview:large","max-video-preview":"max-video-preview:-1"},"canonical":"https:\/\/betwinner.team\/lv\/bonus\/","og_locale":"lv_LV","og_type":"article","og_title":"Betwinner bonusi \u2014 aktu\u0101lie promo kodi, kazino akcijas","og_description":"Sa\u0146emiet Betwinner sagaid\u012b\u0161anas bonusu par savu iemaksu, ikdienas bezmaksas griezienus un akcijas laimestiem. Sertific\u0113tas sp\u0113les + pal\u012bdz\u012bba ar sp\u0113\u013cu bud\u017eetu \u2014 aktiviz\u0113jiet akcijas kodu un s\u0101ciet sp\u0113l\u0113t bez zaud\u0113jumiem!","og_url":"https:\/\/betwinner.team\/lv\/bonus\/","og_site_name":"Betwinner Team LV","article_modified_time":"2026-05-05T14:43:31+00:00","twitter_card":"summary_large_image","schema":{"@context":"https:\/\/schema.org","@graph":[{"@type":"WebPage","@id":"https:\/\/betwinner.team\/lv\/bonus\/","url":"https:\/\/betwinner.team\/lv\/bonus\/","name":"Betwinner bonusi \u2014 aktu\u0101lie promo kodi, kazino akcijas","isPartOf":{"@id":"http:\/\/betwinner.team\/lv\/#website"},"datePublished":"2026-02-20T09:53:50+00:00","dateModified":"2026-05-05T14:43:31+00:00","description":"Sa\u0146emiet Betwinner sagaid\u012b\u0161anas bonusu par savu iemaksu, ikdienas bezmaksas griezienus un akcijas laimestiem. Sertific\u0113tas sp\u0113les + pal\u012bdz\u012bba ar sp\u0113\u013cu bud\u017eetu \u2014 aktiviz\u0113jiet akcijas kodu un s\u0101ciet sp\u0113l\u0113t bez zaud\u0113jumiem!","inLanguage":"lv-LV","potentialAction":[{"@type":"ReadAction","target":["https:\/\/betwinner.team\/lv\/bonus\/"]}]},{"@type":"WebSite","@id":"http:\/\/betwinner.team\/lv\/#website","url":"http:\/\/betwinner.team\/lv\/","name":"Betwinner Team LV","description":"","potentialAction":[{"@type":"SearchAction","target":{"@type":"EntryPoint","urlTemplate":"http:\/\/betwinner.team\/lv\/?s={search_term_string}"},"query-input":{"@type":"PropertyValueSpecification","valueRequired":true,"valueName":"search_term_string"}}],"inLanguage":"lv-LV"}]}},"_links":{"self":[{"href":"https:\/\/betwinner.team\/lv\/wp-json\/wp\/v2\/pages\/1495","targetHints":{"allow":["GET"]}}],"collection":[{"href":"https:\/\/betwinner.team\/lv\/wp-json\/wp\/v2\/pages"}],"about":[{"href":"https:\/\/betwinner.team\/lv\/wp-json\/wp\/v2\/types\/page"}],"author":[{"embeddable":true,"href":"https:\/\/betwinner.team\/lv\/wp-json\/wp\/v2\/users\/1"}],"replies":[{"embeddable":true,"href":"https:\/\/betwinner.team\/lv\/wp-json\/wp\/v2\/comments?post=1495"}],"version-history":[{"count":5,"href":"https:\/\/betwinner.team\/lv\/wp-json\/wp\/v2\/pages\/1495\/revisions"}],"predecessor-version":[{"id":1882,"href":"https:\/\/betwinner.team\/lv\/wp-json\/wp\/v2\/pages\/1495\/revisions\/1882"}],"wp:attachment":[{"href":"https:\/\/betwinner.team\/lv\/wp-json\/wp\/v2\/media?parent=1495"}],"curies":[{"name":"wp","href":"https:\/\/api.w.org\/{rel}","templated":true}]}}