{"id":1460,"date":"2026-02-19T11:48:19","date_gmt":"2026-02-19T08:48:19","guid":{"rendered":"https:\/\/betwinner.team\/lv\/?page_id=1460"},"modified":"2026-05-05T18:07:50","modified_gmt":"2026-05-05T15:07:50","slug":"casino","status":"publish","type":"page","link":"https:\/\/betwinner.team\/lv\/casino\/","title":{"rendered":"Kazino"},"content":{"rendered":"","protected":false},"excerpt":{"rendered":"","protected":false},"author":1,"featured_media":0,"parent":0,"menu_order":0,"comment_status":"closed","ping_status":"closed","template":"","meta":{"_acf_changed":false,"footnotes":""},"class_list":["post-1460","page","type-page","status-publish","hentry"],"acf":[],"yoast_head":"<!-- This site is optimized with the Yoast SEO plugin v26.9 - https:\/\/yoast.com\/product\/yoast-seo-wordpress\/ -->\n<title>Betwinner Casino \u2705 Sp\u0113\u013cu autom\u0101ti, sp\u0113les un lielas uzvaras 2026<\/title>\n<meta name=\"description\" content=\"Atkl\u0101jiet Betwinner kazino \u2705 J\u016bs gaida t\u016bksto\u0161iem sp\u0113\u013cu autom\u0101tu, sp\u0113les ar \u012bstiem d\u012bleriem un d\u0101sni laimesti! Sp\u0113l\u0113jiet tie\u0161saist\u0113 par re\u0101lu naudu vai demo re\u017e\u012bm\u0101, izm\u0113\u0123iniet savu veiksmi aizraujo\u0161\u0101s azartsp\u0113l\u0113s, nemekl\u0113jot sp\u0113\u013cu biedrus.\" \/>\n<meta name=\"robots\" content=\"index, follow, max-snippet:-1, max-image-preview:large, max-video-preview:-1\" \/>\n<link rel=\"canonical\" href=\"https:\/\/betwinner.team\/lv\/casino\/\" \/>\n<meta property=\"og:locale\" content=\"lv_LV\" \/>\n<meta property=\"og:type\" content=\"article\" \/>\n<meta property=\"og:title\" content=\"Betwinner Casino \u2705 Sp\u0113\u013cu autom\u0101ti, sp\u0113les un lielas uzvaras 2026\" \/>\n<meta property=\"og:description\" content=\"Atkl\u0101jiet Betwinner kazino \u2705 J\u016bs gaida t\u016bksto\u0161iem sp\u0113\u013cu autom\u0101tu, sp\u0113les ar \u012bstiem d\u012bleriem un d\u0101sni laimesti! Sp\u0113l\u0113jiet tie\u0161saist\u0113 par re\u0101lu naudu vai demo re\u017e\u012bm\u0101, izm\u0113\u0123iniet savu veiksmi aizraujo\u0161\u0101s azartsp\u0113l\u0113s, nemekl\u0113jot sp\u0113\u013cu biedrus.\" \/>\n<meta property=\"og:url\" content=\"https:\/\/betwinner.team\/lv\/casino\/\" \/>\n<meta property=\"og:site_name\" content=\"Betwinner Team LV\" \/>\n<meta property=\"article:modified_time\" content=\"2026-05-05T15:07:50+00:00\" \/>\n<meta name=\"twitter:card\" content=\"summary_large_image\" \/>\n<script type=\"application\/ld+json\" class=\"yoast-schema-graph\">{\"@context\":\"https:\/\/schema.org\",\"@graph\":[{\"@type\":\"WebPage\",\"@id\":\"https:\/\/betwinner.team\/lv\/casino\/\",\"url\":\"https:\/\/betwinner.team\/lv\/casino\/\",\"name\":\"Betwinner Casino \u2705 Sp\u0113\u013cu autom\u0101ti, sp\u0113les un lielas uzvaras 2026\",\"isPartOf\":{\"@id\":\"http:\/\/betwinner.team\/lv\/#website\"},\"datePublished\":\"2026-02-19T08:48:19+00:00\",\"dateModified\":\"2026-05-05T15:07:50+00:00\",\"description\":\"Atkl\u0101jiet Betwinner kazino \u2705 J\u016bs gaida t\u016bksto\u0161iem sp\u0113\u013cu autom\u0101tu, sp\u0113les ar \u012bstiem d\u012bleriem un d\u0101sni laimesti! Sp\u0113l\u0113jiet tie\u0161saist\u0113 par re\u0101lu naudu vai demo re\u017e\u012bm\u0101, izm\u0113\u0123iniet savu veiksmi aizraujo\u0161\u0101s azartsp\u0113l\u0113s, nemekl\u0113jot sp\u0113\u013cu biedrus.\",\"inLanguage\":\"lv-LV\",\"potentialAction\":[{\"@type\":\"ReadAction\",\"target\":[\"https:\/\/betwinner.team\/lv\/casino\/\"]}]},{\"@type\":\"WebSite\",\"@id\":\"http:\/\/betwinner.team\/lv\/#website\",\"url\":\"http:\/\/betwinner.team\/lv\/\",\"name\":\"Betwinner Team LV\",\"description\":\"\",\"potentialAction\":[{\"@type\":\"SearchAction\",\"target\":{\"@type\":\"EntryPoint\",\"urlTemplate\":\"http:\/\/betwinner.team\/lv\/?s={search_term_string}\"},\"query-input\":{\"@type\":\"PropertyValueSpecification\",\"valueRequired\":true,\"valueName\":\"search_term_string\"}}],\"inLanguage\":\"lv-LV\"}]}<\/script>\n<!-- \/ Yoast SEO plugin. -->","yoast_head_json":{"title":"Betwinner Casino \u2705 Sp\u0113\u013cu autom\u0101ti, sp\u0113les un lielas uzvaras 2026","description":"Atkl\u0101jiet Betwinner kazino \u2705 J\u016bs gaida t\u016bksto\u0161iem sp\u0113\u013cu autom\u0101tu, sp\u0113les ar \u012bstiem d\u012bleriem un d\u0101sni laimesti! Sp\u0113l\u0113jiet tie\u0161saist\u0113 par re\u0101lu naudu vai demo re\u017e\u012bm\u0101, izm\u0113\u0123iniet savu veiksmi aizraujo\u0161\u0101s azartsp\u0113l\u0113s, nemekl\u0113jot sp\u0113\u013cu biedrus.","robots":{"index":"index","follow":"follow","max-snippet":"max-snippet:-1","max-image-preview":"max-image-preview:large","max-video-preview":"max-video-preview:-1"},"canonical":"https:\/\/betwinner.team\/lv\/casino\/","og_locale":"lv_LV","og_type":"article","og_title":"Betwinner Casino \u2705 Sp\u0113\u013cu autom\u0101ti, sp\u0113les un lielas uzvaras 2026","og_description":"Atkl\u0101jiet Betwinner kazino \u2705 J\u016bs gaida t\u016bksto\u0161iem sp\u0113\u013cu autom\u0101tu, sp\u0113les ar \u012bstiem d\u012bleriem un d\u0101sni laimesti! Sp\u0113l\u0113jiet tie\u0161saist\u0113 par re\u0101lu naudu vai demo re\u017e\u012bm\u0101, izm\u0113\u0123iniet savu veiksmi aizraujo\u0161\u0101s azartsp\u0113l\u0113s, nemekl\u0113jot sp\u0113\u013cu biedrus.","og_url":"https:\/\/betwinner.team\/lv\/casino\/","og_site_name":"Betwinner Team LV","article_modified_time":"2026-05-05T15:07:50+00:00","twitter_card":"summary_large_image","schema":{"@context":"https:\/\/schema.org","@graph":[{"@type":"WebPage","@id":"https:\/\/betwinner.team\/lv\/casino\/","url":"https:\/\/betwinner.team\/lv\/casino\/","name":"Betwinner Casino \u2705 Sp\u0113\u013cu autom\u0101ti, sp\u0113les un lielas uzvaras 2026","isPartOf":{"@id":"http:\/\/betwinner.team\/lv\/#website"},"datePublished":"2026-02-19T08:48:19+00:00","dateModified":"2026-05-05T15:07:50+00:00","description":"Atkl\u0101jiet Betwinner kazino \u2705 J\u016bs gaida t\u016bksto\u0161iem sp\u0113\u013cu autom\u0101tu, sp\u0113les ar \u012bstiem d\u012bleriem un d\u0101sni laimesti! Sp\u0113l\u0113jiet tie\u0161saist\u0113 par re\u0101lu naudu vai demo re\u017e\u012bm\u0101, izm\u0113\u0123iniet savu veiksmi aizraujo\u0161\u0101s azartsp\u0113l\u0113s, nemekl\u0113jot sp\u0113\u013cu biedrus.","inLanguage":"lv-LV","potentialAction":[{"@type":"ReadAction","target":["https:\/\/betwinner.team\/lv\/casino\/"]}]},{"@type":"WebSite","@id":"http:\/\/betwinner.team\/lv\/#website","url":"http:\/\/betwinner.team\/lv\/","name":"Betwinner Team LV","description":"","potentialAction":[{"@type":"SearchAction","target":{"@type":"EntryPoint","urlTemplate":"http:\/\/betwinner.team\/lv\/?s={search_term_string}"},"query-input":{"@type":"PropertyValueSpecification","valueRequired":true,"valueName":"search_term_string"}}],"inLanguage":"lv-LV"}]}},"_links":{"self":[{"href":"https:\/\/betwinner.team\/lv\/wp-json\/wp\/v2\/pages\/1460","targetHints":{"allow":["GET"]}}],"collection":[{"href":"https:\/\/betwinner.team\/lv\/wp-json\/wp\/v2\/pages"}],"about":[{"href":"https:\/\/betwinner.team\/lv\/wp-json\/wp\/v2\/types\/page"}],"author":[{"embeddable":true,"href":"https:\/\/betwinner.team\/lv\/wp-json\/wp\/v2\/users\/1"}],"replies":[{"embeddable":true,"href":"https:\/\/betwinner.team\/lv\/wp-json\/wp\/v2\/comments?post=1460"}],"version-history":[{"count":5,"href":"https:\/\/betwinner.team\/lv\/wp-json\/wp\/v2\/pages\/1460\/revisions"}],"predecessor-version":[{"id":1884,"href":"https:\/\/betwinner.team\/lv\/wp-json\/wp\/v2\/pages\/1460\/revisions\/1884"}],"wp:attachment":[{"href":"https:\/\/betwinner.team\/lv\/wp-json\/wp\/v2\/media?parent=1460"}],"curies":[{"name":"wp","href":"https:\/\/api.w.org\/{rel}","templated":true}]}}