{"id":1449,"date":"2026-02-16T18:30:45","date_gmt":"2026-02-16T15:30:45","guid":{"rendered":"https:\/\/betwinner.team\/lv\/?page_id=1449"},"modified":"2026-05-05T17:15:19","modified_gmt":"2026-05-05T14:15:19","slug":"apk","status":"publish","type":"page","link":"https:\/\/betwinner.team\/lv\/apk\/","title":{"rendered":"APK"},"content":{"rendered":"","protected":false},"excerpt":{"rendered":"","protected":false},"author":1,"featured_media":0,"parent":0,"menu_order":0,"comment_status":"closed","ping_status":"closed","template":"","meta":{"_acf_changed":false,"footnotes":""},"class_list":["post-1449","page","type-page","status-publish","hentry"],"acf":[],"yoast_head":"<!-- This site is optimized with the Yoast SEO plugin v26.9 - https:\/\/yoast.com\/product\/yoast-seo-wordpress\/ -->\n<title>Betwinner APK \u2014 lejupiel\u0101d\u0113jiet ofici\u0101lo lietotni Android ier\u012bc\u0113m<\/title>\n<meta name=\"description\" content=\"Lejupiel\u0101d\u0113jiet bez maksas jaun\u0101ko Betwinner APK: \u0113rta mobil\u0101 lietotne sporta der\u012bb\u0101m, kazino un tie\u0161raides sp\u0113l\u0113m ar augst\u0101m izredz\u0113m, t\u016bl\u012bt\u0113jiem naudas iemaks\u0101jumiem un izmaks\u0101m. Sa\u0146emiet l\u012bdz pat 100 % lielu sagaid\u012b\u0161anas bonusu par savu pirmo iemaksu \u2013 re\u0123istr\u0113jieties, instal\u0113jiet APK un derieties, kur vien atrodaties!\" \/>\n<meta name=\"robots\" content=\"index, follow, max-snippet:-1, max-image-preview:large, max-video-preview:-1\" \/>\n<link rel=\"canonical\" href=\"https:\/\/betwinner.team\/lv\/apk\/\" \/>\n<meta property=\"og:locale\" content=\"lv_LV\" \/>\n<meta property=\"og:type\" content=\"article\" \/>\n<meta property=\"og:title\" content=\"Betwinner APK \u2014 lejupiel\u0101d\u0113jiet ofici\u0101lo lietotni Android ier\u012bc\u0113m\" \/>\n<meta property=\"og:description\" content=\"Lejupiel\u0101d\u0113jiet bez maksas jaun\u0101ko Betwinner APK: \u0113rta mobil\u0101 lietotne sporta der\u012bb\u0101m, kazino un tie\u0161raides sp\u0113l\u0113m ar augst\u0101m izredz\u0113m, t\u016bl\u012bt\u0113jiem naudas iemaks\u0101jumiem un izmaks\u0101m. Sa\u0146emiet l\u012bdz pat 100 % lielu sagaid\u012b\u0161anas bonusu par savu pirmo iemaksu \u2013 re\u0123istr\u0113jieties, instal\u0113jiet APK un derieties, kur vien atrodaties!\" \/>\n<meta property=\"og:url\" content=\"https:\/\/betwinner.team\/lv\/apk\/\" \/>\n<meta property=\"og:site_name\" content=\"Betwinner Team LV\" \/>\n<meta property=\"article:modified_time\" content=\"2026-05-05T14:15:19+00:00\" \/>\n<meta name=\"twitter:card\" content=\"summary_large_image\" \/>\n<script type=\"application\/ld+json\" class=\"yoast-schema-graph\">{\"@context\":\"https:\/\/schema.org\",\"@graph\":[{\"@type\":\"WebPage\",\"@id\":\"https:\/\/betwinner.team\/lv\/apk\/\",\"url\":\"https:\/\/betwinner.team\/lv\/apk\/\",\"name\":\"Betwinner APK \u2014 lejupiel\u0101d\u0113jiet ofici\u0101lo lietotni Android ier\u012bc\u0113m\",\"isPartOf\":{\"@id\":\"http:\/\/betwinner.team\/lv\/#website\"},\"datePublished\":\"2026-02-16T15:30:45+00:00\",\"dateModified\":\"2026-05-05T14:15:19+00:00\",\"description\":\"Lejupiel\u0101d\u0113jiet bez maksas jaun\u0101ko Betwinner APK: \u0113rta mobil\u0101 lietotne sporta der\u012bb\u0101m, kazino un tie\u0161raides sp\u0113l\u0113m ar augst\u0101m izredz\u0113m, t\u016bl\u012bt\u0113jiem naudas iemaks\u0101jumiem un izmaks\u0101m. Sa\u0146emiet l\u012bdz pat 100 % lielu sagaid\u012b\u0161anas bonusu par savu pirmo iemaksu \u2013 re\u0123istr\u0113jieties, instal\u0113jiet APK un derieties, kur vien atrodaties!\",\"inLanguage\":\"lv-LV\",\"potentialAction\":[{\"@type\":\"ReadAction\",\"target\":[\"https:\/\/betwinner.team\/lv\/apk\/\"]}]},{\"@type\":\"WebSite\",\"@id\":\"http:\/\/betwinner.team\/lv\/#website\",\"url\":\"http:\/\/betwinner.team\/lv\/\",\"name\":\"Betwinner Team LV\",\"description\":\"\",\"potentialAction\":[{\"@type\":\"SearchAction\",\"target\":{\"@type\":\"EntryPoint\",\"urlTemplate\":\"http:\/\/betwinner.team\/lv\/?s={search_term_string}\"},\"query-input\":{\"@type\":\"PropertyValueSpecification\",\"valueRequired\":true,\"valueName\":\"search_term_string\"}}],\"inLanguage\":\"lv-LV\"}]}<\/script>\n<!-- \/ Yoast SEO plugin. -->","yoast_head_json":{"title":"Betwinner APK \u2014 lejupiel\u0101d\u0113jiet ofici\u0101lo lietotni Android ier\u012bc\u0113m","description":"Lejupiel\u0101d\u0113jiet bez maksas jaun\u0101ko Betwinner APK: \u0113rta mobil\u0101 lietotne sporta der\u012bb\u0101m, kazino un tie\u0161raides sp\u0113l\u0113m ar augst\u0101m izredz\u0113m, t\u016bl\u012bt\u0113jiem naudas iemaks\u0101jumiem un izmaks\u0101m. Sa\u0146emiet l\u012bdz pat 100 % lielu sagaid\u012b\u0161anas bonusu par savu pirmo iemaksu \u2013 re\u0123istr\u0113jieties, instal\u0113jiet APK un derieties, kur vien atrodaties!","robots":{"index":"index","follow":"follow","max-snippet":"max-snippet:-1","max-image-preview":"max-image-preview:large","max-video-preview":"max-video-preview:-1"},"canonical":"https:\/\/betwinner.team\/lv\/apk\/","og_locale":"lv_LV","og_type":"article","og_title":"Betwinner APK \u2014 lejupiel\u0101d\u0113jiet ofici\u0101lo lietotni Android ier\u012bc\u0113m","og_description":"Lejupiel\u0101d\u0113jiet bez maksas jaun\u0101ko Betwinner APK: \u0113rta mobil\u0101 lietotne sporta der\u012bb\u0101m, kazino un tie\u0161raides sp\u0113l\u0113m ar augst\u0101m izredz\u0113m, t\u016bl\u012bt\u0113jiem naudas iemaks\u0101jumiem un izmaks\u0101m. Sa\u0146emiet l\u012bdz pat 100 % lielu sagaid\u012b\u0161anas bonusu par savu pirmo iemaksu \u2013 re\u0123istr\u0113jieties, instal\u0113jiet APK un derieties, kur vien atrodaties!","og_url":"https:\/\/betwinner.team\/lv\/apk\/","og_site_name":"Betwinner Team LV","article_modified_time":"2026-05-05T14:15:19+00:00","twitter_card":"summary_large_image","schema":{"@context":"https:\/\/schema.org","@graph":[{"@type":"WebPage","@id":"https:\/\/betwinner.team\/lv\/apk\/","url":"https:\/\/betwinner.team\/lv\/apk\/","name":"Betwinner APK \u2014 lejupiel\u0101d\u0113jiet ofici\u0101lo lietotni Android ier\u012bc\u0113m","isPartOf":{"@id":"http:\/\/betwinner.team\/lv\/#website"},"datePublished":"2026-02-16T15:30:45+00:00","dateModified":"2026-05-05T14:15:19+00:00","description":"Lejupiel\u0101d\u0113jiet bez maksas jaun\u0101ko Betwinner APK: \u0113rta mobil\u0101 lietotne sporta der\u012bb\u0101m, kazino un tie\u0161raides sp\u0113l\u0113m ar augst\u0101m izredz\u0113m, t\u016bl\u012bt\u0113jiem naudas iemaks\u0101jumiem un izmaks\u0101m. Sa\u0146emiet l\u012bdz pat 100 % lielu sagaid\u012b\u0161anas bonusu par savu pirmo iemaksu \u2013 re\u0123istr\u0113jieties, instal\u0113jiet APK un derieties, kur vien atrodaties!","inLanguage":"lv-LV","potentialAction":[{"@type":"ReadAction","target":["https:\/\/betwinner.team\/lv\/apk\/"]}]},{"@type":"WebSite","@id":"http:\/\/betwinner.team\/lv\/#website","url":"http:\/\/betwinner.team\/lv\/","name":"Betwinner Team LV","description":"","potentialAction":[{"@type":"SearchAction","target":{"@type":"EntryPoint","urlTemplate":"http:\/\/betwinner.team\/lv\/?s={search_term_string}"},"query-input":{"@type":"PropertyValueSpecification","valueRequired":true,"valueName":"search_term_string"}}],"inLanguage":"lv-LV"}]}},"_links":{"self":[{"href":"https:\/\/betwinner.team\/lv\/wp-json\/wp\/v2\/pages\/1449","targetHints":{"allow":["GET"]}}],"collection":[{"href":"https:\/\/betwinner.team\/lv\/wp-json\/wp\/v2\/pages"}],"about":[{"href":"https:\/\/betwinner.team\/lv\/wp-json\/wp\/v2\/types\/page"}],"author":[{"embeddable":true,"href":"https:\/\/betwinner.team\/lv\/wp-json\/wp\/v2\/users\/1"}],"replies":[{"embeddable":true,"href":"https:\/\/betwinner.team\/lv\/wp-json\/wp\/v2\/comments?post=1449"}],"version-history":[{"count":5,"href":"https:\/\/betwinner.team\/lv\/wp-json\/wp\/v2\/pages\/1449\/revisions"}],"predecessor-version":[{"id":1878,"href":"https:\/\/betwinner.team\/lv\/wp-json\/wp\/v2\/pages\/1449\/revisions\/1878"}],"wp:attachment":[{"href":"https:\/\/betwinner.team\/lv\/wp-json\/wp\/v2\/media?parent=1449"}],"curies":[{"name":"wp","href":"https:\/\/api.w.org\/{rel}","templated":true}]}}