{"id":1423,"date":"2026-02-11T12:28:48","date_gmt":"2026-02-11T09:28:48","guid":{"rendered":"https:\/\/betwinner.team\/lv\/?page_id=1423"},"modified":"2026-05-05T17:21:13","modified_gmt":"2026-05-05T14:21:13","slug":"app","status":"publish","type":"page","link":"https:\/\/betwinner.team\/lv\/app\/","title":{"rendered":"Lietotne"},"content":{"rendered":"","protected":false},"excerpt":{"rendered":"","protected":false},"author":1,"featured_media":0,"parent":0,"menu_order":0,"comment_status":"closed","ping_status":"closed","template":"","meta":{"_acf_changed":false,"footnotes":""},"class_list":["post-1423","page","type-page","status-publish","hentry"],"acf":[],"yoast_head":"<!-- This site is optimized with the Yoast SEO plugin v26.9 - https:\/\/yoast.com\/product\/yoast-seo-wordpress\/ -->\n<title>Lejupiel\u0101d\u0113jiet Betwinner lietotni \u2014 der\u012bbas un kazino Android\/iOS ier\u012bc\u0113m<\/title>\n<meta name=\"description\" content=\"Ofici\u0101l\u0101 \u201eBetwinner\u201c lietotne Android un iOS ier\u012bc\u0113m: tie\u0161raides likmes vair\u0101k nek\u0101 1000 pas\u0101kumiem, kazino sp\u0113\u013cu autom\u0101ti, \u0101tra naudas izmaksa un popul\u0101r\u0101kie sporta veidi vien\u0101 klik\u0161\u0137\u012b. Lejupiel\u0101d\u0113jiet lietotni bez maksas, re\u0123istr\u0113jieties, izmantojot akcijas kodu, un sa\u0146emiet sagaid\u012b\u0161anas bonusu l\u012bdz pat 100 % + naudas atmaksu \u2014 sp\u0113l\u0113jiet bez kav\u0113\u0161an\u0101s jebkur\u0101 viet\u0101!\" \/>\n<meta name=\"robots\" content=\"index, follow, max-snippet:-1, max-image-preview:large, max-video-preview:-1\" \/>\n<link rel=\"canonical\" href=\"https:\/\/betwinner.team\/lv\/app\/\" \/>\n<meta property=\"og:locale\" content=\"lv_LV\" \/>\n<meta property=\"og:type\" content=\"article\" \/>\n<meta property=\"og:title\" content=\"Lejupiel\u0101d\u0113jiet Betwinner lietotni \u2014 der\u012bbas un kazino Android\/iOS ier\u012bc\u0113m\" \/>\n<meta property=\"og:description\" content=\"Ofici\u0101l\u0101 \u201eBetwinner\u201c lietotne Android un iOS ier\u012bc\u0113m: tie\u0161raides likmes vair\u0101k nek\u0101 1000 pas\u0101kumiem, kazino sp\u0113\u013cu autom\u0101ti, \u0101tra naudas izmaksa un popul\u0101r\u0101kie sporta veidi vien\u0101 klik\u0161\u0137\u012b. Lejupiel\u0101d\u0113jiet lietotni bez maksas, re\u0123istr\u0113jieties, izmantojot akcijas kodu, un sa\u0146emiet sagaid\u012b\u0161anas bonusu l\u012bdz pat 100 % + naudas atmaksu \u2014 sp\u0113l\u0113jiet bez kav\u0113\u0161an\u0101s jebkur\u0101 viet\u0101!\" \/>\n<meta property=\"og:url\" content=\"https:\/\/betwinner.team\/lv\/app\/\" \/>\n<meta property=\"og:site_name\" content=\"Betwinner Team LV\" \/>\n<meta property=\"article:modified_time\" content=\"2026-05-05T14:21:13+00:00\" \/>\n<meta name=\"twitter:card\" content=\"summary_large_image\" \/>\n<script type=\"application\/ld+json\" class=\"yoast-schema-graph\">{\"@context\":\"https:\/\/schema.org\",\"@graph\":[{\"@type\":\"WebPage\",\"@id\":\"https:\/\/betwinner.team\/lv\/app\/\",\"url\":\"https:\/\/betwinner.team\/lv\/app\/\",\"name\":\"Lejupiel\u0101d\u0113jiet Betwinner lietotni \u2014 der\u012bbas un kazino Android\/iOS ier\u012bc\u0113m\",\"isPartOf\":{\"@id\":\"http:\/\/betwinner.team\/lv\/#website\"},\"datePublished\":\"2026-02-11T09:28:48+00:00\",\"dateModified\":\"2026-05-05T14:21:13+00:00\",\"description\":\"Ofici\u0101l\u0101 \u201eBetwinner\u201c lietotne Android un iOS ier\u012bc\u0113m: tie\u0161raides likmes vair\u0101k nek\u0101 1000 pas\u0101kumiem, kazino sp\u0113\u013cu autom\u0101ti, \u0101tra naudas izmaksa un popul\u0101r\u0101kie sporta veidi vien\u0101 klik\u0161\u0137\u012b. Lejupiel\u0101d\u0113jiet lietotni bez maksas, re\u0123istr\u0113jieties, izmantojot akcijas kodu, un sa\u0146emiet sagaid\u012b\u0161anas bonusu l\u012bdz pat 100 % + naudas atmaksu \u2014 sp\u0113l\u0113jiet bez kav\u0113\u0161an\u0101s jebkur\u0101 viet\u0101!\",\"inLanguage\":\"lv-LV\",\"potentialAction\":[{\"@type\":\"ReadAction\",\"target\":[\"https:\/\/betwinner.team\/lv\/app\/\"]}]},{\"@type\":\"WebSite\",\"@id\":\"http:\/\/betwinner.team\/lv\/#website\",\"url\":\"http:\/\/betwinner.team\/lv\/\",\"name\":\"Betwinner Team LV\",\"description\":\"\",\"potentialAction\":[{\"@type\":\"SearchAction\",\"target\":{\"@type\":\"EntryPoint\",\"urlTemplate\":\"http:\/\/betwinner.team\/lv\/?s={search_term_string}\"},\"query-input\":{\"@type\":\"PropertyValueSpecification\",\"valueRequired\":true,\"valueName\":\"search_term_string\"}}],\"inLanguage\":\"lv-LV\"}]}<\/script>\n<!-- \/ Yoast SEO plugin. -->","yoast_head_json":{"title":"Lejupiel\u0101d\u0113jiet Betwinner lietotni \u2014 der\u012bbas un kazino Android\/iOS ier\u012bc\u0113m","description":"Ofici\u0101l\u0101 \u201eBetwinner\u201c lietotne Android un iOS ier\u012bc\u0113m: tie\u0161raides likmes vair\u0101k nek\u0101 1000 pas\u0101kumiem, kazino sp\u0113\u013cu autom\u0101ti, \u0101tra naudas izmaksa un popul\u0101r\u0101kie sporta veidi vien\u0101 klik\u0161\u0137\u012b. Lejupiel\u0101d\u0113jiet lietotni bez maksas, re\u0123istr\u0113jieties, izmantojot akcijas kodu, un sa\u0146emiet sagaid\u012b\u0161anas bonusu l\u012bdz pat 100 % + naudas atmaksu \u2014 sp\u0113l\u0113jiet bez kav\u0113\u0161an\u0101s jebkur\u0101 viet\u0101!","robots":{"index":"index","follow":"follow","max-snippet":"max-snippet:-1","max-image-preview":"max-image-preview:large","max-video-preview":"max-video-preview:-1"},"canonical":"https:\/\/betwinner.team\/lv\/app\/","og_locale":"lv_LV","og_type":"article","og_title":"Lejupiel\u0101d\u0113jiet Betwinner lietotni \u2014 der\u012bbas un kazino Android\/iOS ier\u012bc\u0113m","og_description":"Ofici\u0101l\u0101 \u201eBetwinner\u201c lietotne Android un iOS ier\u012bc\u0113m: tie\u0161raides likmes vair\u0101k nek\u0101 1000 pas\u0101kumiem, kazino sp\u0113\u013cu autom\u0101ti, \u0101tra naudas izmaksa un popul\u0101r\u0101kie sporta veidi vien\u0101 klik\u0161\u0137\u012b. Lejupiel\u0101d\u0113jiet lietotni bez maksas, re\u0123istr\u0113jieties, izmantojot akcijas kodu, un sa\u0146emiet sagaid\u012b\u0161anas bonusu l\u012bdz pat 100 % + naudas atmaksu \u2014 sp\u0113l\u0113jiet bez kav\u0113\u0161an\u0101s jebkur\u0101 viet\u0101!","og_url":"https:\/\/betwinner.team\/lv\/app\/","og_site_name":"Betwinner Team LV","article_modified_time":"2026-05-05T14:21:13+00:00","twitter_card":"summary_large_image","schema":{"@context":"https:\/\/schema.org","@graph":[{"@type":"WebPage","@id":"https:\/\/betwinner.team\/lv\/app\/","url":"https:\/\/betwinner.team\/lv\/app\/","name":"Lejupiel\u0101d\u0113jiet Betwinner lietotni \u2014 der\u012bbas un kazino Android\/iOS ier\u012bc\u0113m","isPartOf":{"@id":"http:\/\/betwinner.team\/lv\/#website"},"datePublished":"2026-02-11T09:28:48+00:00","dateModified":"2026-05-05T14:21:13+00:00","description":"Ofici\u0101l\u0101 \u201eBetwinner\u201c lietotne Android un iOS ier\u012bc\u0113m: tie\u0161raides likmes vair\u0101k nek\u0101 1000 pas\u0101kumiem, kazino sp\u0113\u013cu autom\u0101ti, \u0101tra naudas izmaksa un popul\u0101r\u0101kie sporta veidi vien\u0101 klik\u0161\u0137\u012b. Lejupiel\u0101d\u0113jiet lietotni bez maksas, re\u0123istr\u0113jieties, izmantojot akcijas kodu, un sa\u0146emiet sagaid\u012b\u0161anas bonusu l\u012bdz pat 100 % + naudas atmaksu \u2014 sp\u0113l\u0113jiet bez kav\u0113\u0161an\u0101s jebkur\u0101 viet\u0101!","inLanguage":"lv-LV","potentialAction":[{"@type":"ReadAction","target":["https:\/\/betwinner.team\/lv\/app\/"]}]},{"@type":"WebSite","@id":"http:\/\/betwinner.team\/lv\/#website","url":"http:\/\/betwinner.team\/lv\/","name":"Betwinner Team LV","description":"","potentialAction":[{"@type":"SearchAction","target":{"@type":"EntryPoint","urlTemplate":"http:\/\/betwinner.team\/lv\/?s={search_term_string}"},"query-input":{"@type":"PropertyValueSpecification","valueRequired":true,"valueName":"search_term_string"}}],"inLanguage":"lv-LV"}]}},"_links":{"self":[{"href":"https:\/\/betwinner.team\/lv\/wp-json\/wp\/v2\/pages\/1423","targetHints":{"allow":["GET"]}}],"collection":[{"href":"https:\/\/betwinner.team\/lv\/wp-json\/wp\/v2\/pages"}],"about":[{"href":"https:\/\/betwinner.team\/lv\/wp-json\/wp\/v2\/types\/page"}],"author":[{"embeddable":true,"href":"https:\/\/betwinner.team\/lv\/wp-json\/wp\/v2\/users\/1"}],"replies":[{"embeddable":true,"href":"https:\/\/betwinner.team\/lv\/wp-json\/wp\/v2\/comments?post=1423"}],"version-history":[{"count":5,"href":"https:\/\/betwinner.team\/lv\/wp-json\/wp\/v2\/pages\/1423\/revisions"}],"predecessor-version":[{"id":1879,"href":"https:\/\/betwinner.team\/lv\/wp-json\/wp\/v2\/pages\/1423\/revisions\/1879"}],"wp:attachment":[{"href":"https:\/\/betwinner.team\/lv\/wp-json\/wp\/v2\/media?parent=1423"}],"curies":[{"name":"wp","href":"https:\/\/api.w.org\/{rel}","templated":true}]}}