{"id":1086,"date":"2025-11-15T16:52:15","date_gmt":"2025-11-15T13:52:15","guid":{"rendered":"https:\/\/betwinner.team\/lv\/?page_id=1086"},"modified":"2026-05-05T20:05:35","modified_gmt":"2026-05-05T17:05:35","slug":"home","status":"publish","type":"page","link":"https:\/\/betwinner.team\/lv\/","title":{"rendered":"S\u0101kums"},"content":{"rendered":"","protected":false},"excerpt":{"rendered":"","protected":false},"author":1,"featured_media":0,"parent":0,"menu_order":0,"comment_status":"closed","ping_status":"closed","template":"","meta":{"_acf_changed":false,"footnotes":""},"class_list":["post-1086","page","type-page","status-publish","hentry"],"acf":[],"yoast_head":"<!-- This site is optimized with the Yoast SEO plugin v26.9 - https:\/\/yoast.com\/product\/yoast-seo-wordpress\/ -->\n<title>Betwinner der\u012bbas un kazino \u2014 bonuss l\u012bdz 1500 eiro \u1409 Re\u0123istr\u0113ties<\/title>\n<meta name=\"description\" content=\"Betwinner ir viena no vado\u0161aj\u0101m bukmeikeru komp\u0101nij\u0101m, kas pied\u0101v\u0101 pla\u0161u sporta der\u012bbu kl\u0101stu, tie\u0161raides, e-sportu un kazino sp\u0113\u013cu autom\u0101tus. Sa\u0146emiet sagaid\u012b\u0161anas bonusu l\u012bdz pat 1500 eiro, bezmaksas der\u012bbas un akcijas; lietot\u0101jam draudz\u012bga vietne, \u0101tri izmaks\u0101jumi un vair\u0101k nek\u0101 100 iemaksu veidi. M\u0113s analiz\u0113jam priek\u0161roc\u012bbas, tr\u016bkumus, lietot\u0101ju atsauksmes un to, k\u0101 g\u016bt maksim\u0101lu labumu no Betwinner.\" \/>\n<meta name=\"robots\" content=\"index, follow, max-snippet:-1, max-image-preview:large, max-video-preview:-1\" \/>\n<link rel=\"canonical\" href=\"http:\/\/betwinner.team\/lv\/\" \/>\n<meta property=\"og:locale\" content=\"lv_LV\" \/>\n<meta property=\"og:type\" content=\"article\" \/>\n<meta property=\"og:title\" content=\"Betwinner der\u012bbas un kazino \u2014 bonuss l\u012bdz 1500 eiro \u1409 Re\u0123istr\u0113ties\" \/>\n<meta property=\"og:description\" content=\"Betwinner ir viena no vado\u0161aj\u0101m bukmeikeru komp\u0101nij\u0101m, kas pied\u0101v\u0101 pla\u0161u sporta der\u012bbu kl\u0101stu, tie\u0161raides, e-sportu un kazino sp\u0113\u013cu autom\u0101tus. Sa\u0146emiet sagaid\u012b\u0161anas bonusu l\u012bdz pat 1500 eiro, bezmaksas der\u012bbas un akcijas; lietot\u0101jam draudz\u012bga vietne, \u0101tri izmaks\u0101jumi un vair\u0101k nek\u0101 100 iemaksu veidi. M\u0113s analiz\u0113jam priek\u0161roc\u012bbas, tr\u016bkumus, lietot\u0101ju atsauksmes un to, k\u0101 g\u016bt maksim\u0101lu labumu no Betwinner.\" \/>\n<meta property=\"og:url\" content=\"http:\/\/betwinner.team\/lv\/\" \/>\n<meta property=\"og:site_name\" content=\"Betwinner Team LV\" \/>\n<meta property=\"article:modified_time\" content=\"2026-05-05T17:05:35+00:00\" \/>\n<meta name=\"twitter:card\" content=\"summary_large_image\" \/>\n<script type=\"application\/ld+json\" class=\"yoast-schema-graph\">{\"@context\":\"https:\/\/schema.org\",\"@graph\":[{\"@type\":\"WebPage\",\"@id\":\"http:\/\/betwinner.team\/lv\/\",\"url\":\"http:\/\/betwinner.team\/lv\/\",\"name\":\"Betwinner der\u012bbas un kazino \u2014 bonuss l\u012bdz 1500 eiro \u1409 Re\u0123istr\u0113ties\",\"isPartOf\":{\"@id\":\"http:\/\/betwinner.team\/lv\/#website\"},\"datePublished\":\"2025-11-15T13:52:15+00:00\",\"dateModified\":\"2026-05-05T17:05:35+00:00\",\"description\":\"Betwinner ir viena no vado\u0161aj\u0101m bukmeikeru komp\u0101nij\u0101m, kas pied\u0101v\u0101 pla\u0161u sporta der\u012bbu kl\u0101stu, tie\u0161raides, e-sportu un kazino sp\u0113\u013cu autom\u0101tus. Sa\u0146emiet sagaid\u012b\u0161anas bonusu l\u012bdz pat 1500 eiro, bezmaksas der\u012bbas un akcijas; lietot\u0101jam draudz\u012bga vietne, \u0101tri izmaks\u0101jumi un vair\u0101k nek\u0101 100 iemaksu veidi. M\u0113s analiz\u0113jam priek\u0161roc\u012bbas, tr\u016bkumus, lietot\u0101ju atsauksmes un to, k\u0101 g\u016bt maksim\u0101lu labumu no Betwinner.\",\"inLanguage\":\"lv-LV\",\"potentialAction\":[{\"@type\":\"ReadAction\",\"target\":[\"http:\/\/betwinner.team\/lv\/\"]}]},{\"@type\":\"WebSite\",\"@id\":\"http:\/\/betwinner.team\/lv\/#website\",\"url\":\"http:\/\/betwinner.team\/lv\/\",\"name\":\"Betwinner Team LV\",\"description\":\"\",\"potentialAction\":[{\"@type\":\"SearchAction\",\"target\":{\"@type\":\"EntryPoint\",\"urlTemplate\":\"http:\/\/betwinner.team\/lv\/?s={search_term_string}\"},\"query-input\":{\"@type\":\"PropertyValueSpecification\",\"valueRequired\":true,\"valueName\":\"search_term_string\"}}],\"inLanguage\":\"lv-LV\"}]}<\/script>\n<!-- \/ Yoast SEO plugin. -->","yoast_head_json":{"title":"Betwinner der\u012bbas un kazino \u2014 bonuss l\u012bdz 1500 eiro \u1409 Re\u0123istr\u0113ties","description":"Betwinner ir viena no vado\u0161aj\u0101m bukmeikeru komp\u0101nij\u0101m, kas pied\u0101v\u0101 pla\u0161u sporta der\u012bbu kl\u0101stu, tie\u0161raides, e-sportu un kazino sp\u0113\u013cu autom\u0101tus. Sa\u0146emiet sagaid\u012b\u0161anas bonusu l\u012bdz pat 1500 eiro, bezmaksas der\u012bbas un akcijas; lietot\u0101jam draudz\u012bga vietne, \u0101tri izmaks\u0101jumi un vair\u0101k nek\u0101 100 iemaksu veidi. M\u0113s analiz\u0113jam priek\u0161roc\u012bbas, tr\u016bkumus, lietot\u0101ju atsauksmes un to, k\u0101 g\u016bt maksim\u0101lu labumu no Betwinner.","robots":{"index":"index","follow":"follow","max-snippet":"max-snippet:-1","max-image-preview":"max-image-preview:large","max-video-preview":"max-video-preview:-1"},"canonical":"http:\/\/betwinner.team\/lv\/","og_locale":"lv_LV","og_type":"article","og_title":"Betwinner der\u012bbas un kazino \u2014 bonuss l\u012bdz 1500 eiro \u1409 Re\u0123istr\u0113ties","og_description":"Betwinner ir viena no vado\u0161aj\u0101m bukmeikeru komp\u0101nij\u0101m, kas pied\u0101v\u0101 pla\u0161u sporta der\u012bbu kl\u0101stu, tie\u0161raides, e-sportu un kazino sp\u0113\u013cu autom\u0101tus. Sa\u0146emiet sagaid\u012b\u0161anas bonusu l\u012bdz pat 1500 eiro, bezmaksas der\u012bbas un akcijas; lietot\u0101jam draudz\u012bga vietne, \u0101tri izmaks\u0101jumi un vair\u0101k nek\u0101 100 iemaksu veidi. M\u0113s analiz\u0113jam priek\u0161roc\u012bbas, tr\u016bkumus, lietot\u0101ju atsauksmes un to, k\u0101 g\u016bt maksim\u0101lu labumu no Betwinner.","og_url":"http:\/\/betwinner.team\/lv\/","og_site_name":"Betwinner Team LV","article_modified_time":"2026-05-05T17:05:35+00:00","twitter_card":"summary_large_image","schema":{"@context":"https:\/\/schema.org","@graph":[{"@type":"WebPage","@id":"http:\/\/betwinner.team\/lv\/","url":"http:\/\/betwinner.team\/lv\/","name":"Betwinner der\u012bbas un kazino \u2014 bonuss l\u012bdz 1500 eiro \u1409 Re\u0123istr\u0113ties","isPartOf":{"@id":"http:\/\/betwinner.team\/lv\/#website"},"datePublished":"2025-11-15T13:52:15+00:00","dateModified":"2026-05-05T17:05:35+00:00","description":"Betwinner ir viena no vado\u0161aj\u0101m bukmeikeru komp\u0101nij\u0101m, kas pied\u0101v\u0101 pla\u0161u sporta der\u012bbu kl\u0101stu, tie\u0161raides, e-sportu un kazino sp\u0113\u013cu autom\u0101tus. Sa\u0146emiet sagaid\u012b\u0161anas bonusu l\u012bdz pat 1500 eiro, bezmaksas der\u012bbas un akcijas; lietot\u0101jam draudz\u012bga vietne, \u0101tri izmaks\u0101jumi un vair\u0101k nek\u0101 100 iemaksu veidi. M\u0113s analiz\u0113jam priek\u0161roc\u012bbas, tr\u016bkumus, lietot\u0101ju atsauksmes un to, k\u0101 g\u016bt maksim\u0101lu labumu no Betwinner.","inLanguage":"lv-LV","potentialAction":[{"@type":"ReadAction","target":["http:\/\/betwinner.team\/lv\/"]}]},{"@type":"WebSite","@id":"http:\/\/betwinner.team\/lv\/#website","url":"http:\/\/betwinner.team\/lv\/","name":"Betwinner Team LV","description":"","potentialAction":[{"@type":"SearchAction","target":{"@type":"EntryPoint","urlTemplate":"http:\/\/betwinner.team\/lv\/?s={search_term_string}"},"query-input":{"@type":"PropertyValueSpecification","valueRequired":true,"valueName":"search_term_string"}}],"inLanguage":"lv-LV"}]}},"_links":{"self":[{"href":"https:\/\/betwinner.team\/lv\/wp-json\/wp\/v2\/pages\/1086","targetHints":{"allow":["GET"]}}],"collection":[{"href":"https:\/\/betwinner.team\/lv\/wp-json\/wp\/v2\/pages"}],"about":[{"href":"https:\/\/betwinner.team\/lv\/wp-json\/wp\/v2\/types\/page"}],"author":[{"embeddable":true,"href":"https:\/\/betwinner.team\/lv\/wp-json\/wp\/v2\/users\/1"}],"replies":[{"embeddable":true,"href":"https:\/\/betwinner.team\/lv\/wp-json\/wp\/v2\/comments?post=1086"}],"version-history":[{"count":5,"href":"https:\/\/betwinner.team\/lv\/wp-json\/wp\/v2\/pages\/1086\/revisions"}],"predecessor-version":[{"id":1894,"href":"https:\/\/betwinner.team\/lv\/wp-json\/wp\/v2\/pages\/1086\/revisions\/1894"}],"wp:attachment":[{"href":"https:\/\/betwinner.team\/lv\/wp-json\/wp\/v2\/media?parent=1086"}],"curies":[{"name":"wp","href":"https:\/\/api.w.org\/{rel}","templated":true}]}}