{"id":1813,"date":"2026-04-25T19:03:00","date_gmt":"2026-04-25T16:03:00","guid":{"rendered":"https:\/\/betwinner.team\/lt\/?page_id=1813"},"modified":"2026-04-28T19:55:17","modified_gmt":"2026-04-28T16:55:17","slug":"jetx","status":"publish","type":"page","link":"https:\/\/betwinner.team\/lt\/jetx\/","title":{"rendered":"JetX"},"content":{"rendered":"","protected":false},"excerpt":{"rendered":"","protected":false},"author":1,"featured_media":0,"parent":0,"menu_order":0,"comment_status":"closed","ping_status":"closed","template":"","meta":{"_acf_changed":false,"footnotes":""},"class_list":["post-1813","page","type-page","status-publish","hentry"],"acf":[],"yoast_head":"<!-- This site is optimized with the Yoast SEO plugin v26.9 - https:\/\/yoast.com\/product\/yoast-seo-wordpress\/ -->\n<title>JetX Betwinner 2026 \u2014 \u017daidimo \u201eCrash\u201c RTP \u2013 97 %<\/title>\n<meta name=\"description\" content=\"\u201eJetX\u201c i\u0161 \u201eSmartSoft Gaming\u201c: pirmasis 2019 m. \u017eaidimas su l\u0117ktuvu, kurio RTP siekia 97 %, o daugikliai \u2013 iki 25 000 kart\u0173. I\u0161imkite laim\u0117jimus prie\u0161 \u017eaidimo pabaig\u0105 ir naudokite ankstyvas bei rizikingas strategijas, kad padidintum\u0117te savo laim\u0117jimus \u201eBetwinner\u201c!\" \/>\n<meta name=\"robots\" content=\"index, follow, max-snippet:-1, max-image-preview:large, max-video-preview:-1\" \/>\n<link rel=\"canonical\" href=\"https:\/\/betwinner.team\/lt\/jetx\/\" \/>\n<meta property=\"og:locale\" content=\"lt_LT\" \/>\n<meta property=\"og:type\" content=\"article\" \/>\n<meta property=\"og:title\" content=\"JetX Betwinner 2026 \u2014 \u017daidimo \u201eCrash\u201c RTP \u2013 97 %\" \/>\n<meta property=\"og:description\" content=\"\u201eJetX\u201c i\u0161 \u201eSmartSoft Gaming\u201c: pirmasis 2019 m. \u017eaidimas su l\u0117ktuvu, kurio RTP siekia 97 %, o daugikliai \u2013 iki 25 000 kart\u0173. I\u0161imkite laim\u0117jimus prie\u0161 \u017eaidimo pabaig\u0105 ir naudokite ankstyvas bei rizikingas strategijas, kad padidintum\u0117te savo laim\u0117jimus \u201eBetwinner\u201c!\" \/>\n<meta property=\"og:url\" content=\"https:\/\/betwinner.team\/lt\/jetx\/\" \/>\n<meta property=\"og:site_name\" content=\"Betwinner Team Lt\" \/>\n<meta property=\"article:modified_time\" content=\"2026-04-28T16:55:17+00:00\" \/>\n<meta name=\"twitter:card\" content=\"summary_large_image\" \/>\n<script type=\"application\/ld+json\" class=\"yoast-schema-graph\">{\"@context\":\"https:\/\/schema.org\",\"@graph\":[{\"@type\":\"WebPage\",\"@id\":\"https:\/\/betwinner.team\/lt\/jetx\/\",\"url\":\"https:\/\/betwinner.team\/lt\/jetx\/\",\"name\":\"JetX Betwinner 2026 \u2014 \u017daidimo \u201eCrash\u201c RTP \u2013 97 %\",\"isPartOf\":{\"@id\":\"https:\/\/betwinner.team\/lt\/#website\"},\"datePublished\":\"2026-04-25T16:03:00+00:00\",\"dateModified\":\"2026-04-28T16:55:17+00:00\",\"description\":\"\u201eJetX\u201c i\u0161 \u201eSmartSoft Gaming\u201c: pirmasis 2019 m. \u017eaidimas su l\u0117ktuvu, kurio RTP siekia 97 %, o daugikliai \u2013 iki 25 000 kart\u0173. I\u0161imkite laim\u0117jimus prie\u0161 \u017eaidimo pabaig\u0105 ir naudokite ankstyvas bei rizikingas strategijas, kad padidintum\u0117te savo laim\u0117jimus \u201eBetwinner\u201c!\",\"inLanguage\":\"lt-LT\",\"potentialAction\":[{\"@type\":\"ReadAction\",\"target\":[\"https:\/\/betwinner.team\/lt\/jetx\/\"]}]},{\"@type\":\"WebSite\",\"@id\":\"https:\/\/betwinner.team\/lt\/#website\",\"url\":\"https:\/\/betwinner.team\/lt\/\",\"name\":\"Betwinner Team Lt\",\"description\":\"\",\"potentialAction\":[{\"@type\":\"SearchAction\",\"target\":{\"@type\":\"EntryPoint\",\"urlTemplate\":\"https:\/\/betwinner.team\/lt\/?s={search_term_string}\"},\"query-input\":{\"@type\":\"PropertyValueSpecification\",\"valueRequired\":true,\"valueName\":\"search_term_string\"}}],\"inLanguage\":\"lt-LT\"}]}<\/script>\n<!-- \/ Yoast SEO plugin. -->","yoast_head_json":{"title":"JetX Betwinner 2026 \u2014 \u017daidimo \u201eCrash\u201c RTP \u2013 97 %","description":"\u201eJetX\u201c i\u0161 \u201eSmartSoft Gaming\u201c: pirmasis 2019 m. \u017eaidimas su l\u0117ktuvu, kurio RTP siekia 97 %, o daugikliai \u2013 iki 25 000 kart\u0173. I\u0161imkite laim\u0117jimus prie\u0161 \u017eaidimo pabaig\u0105 ir naudokite ankstyvas bei rizikingas strategijas, kad padidintum\u0117te savo laim\u0117jimus \u201eBetwinner\u201c!","robots":{"index":"index","follow":"follow","max-snippet":"max-snippet:-1","max-image-preview":"max-image-preview:large","max-video-preview":"max-video-preview:-1"},"canonical":"https:\/\/betwinner.team\/lt\/jetx\/","og_locale":"lt_LT","og_type":"article","og_title":"JetX Betwinner 2026 \u2014 \u017daidimo \u201eCrash\u201c RTP \u2013 97 %","og_description":"\u201eJetX\u201c i\u0161 \u201eSmartSoft Gaming\u201c: pirmasis 2019 m. \u017eaidimas su l\u0117ktuvu, kurio RTP siekia 97 %, o daugikliai \u2013 iki 25 000 kart\u0173. I\u0161imkite laim\u0117jimus prie\u0161 \u017eaidimo pabaig\u0105 ir naudokite ankstyvas bei rizikingas strategijas, kad padidintum\u0117te savo laim\u0117jimus \u201eBetwinner\u201c!","og_url":"https:\/\/betwinner.team\/lt\/jetx\/","og_site_name":"Betwinner Team Lt","article_modified_time":"2026-04-28T16:55:17+00:00","twitter_card":"summary_large_image","schema":{"@context":"https:\/\/schema.org","@graph":[{"@type":"WebPage","@id":"https:\/\/betwinner.team\/lt\/jetx\/","url":"https:\/\/betwinner.team\/lt\/jetx\/","name":"JetX Betwinner 2026 \u2014 \u017daidimo \u201eCrash\u201c RTP \u2013 97 %","isPartOf":{"@id":"https:\/\/betwinner.team\/lt\/#website"},"datePublished":"2026-04-25T16:03:00+00:00","dateModified":"2026-04-28T16:55:17+00:00","description":"\u201eJetX\u201c i\u0161 \u201eSmartSoft Gaming\u201c: pirmasis 2019 m. \u017eaidimas su l\u0117ktuvu, kurio RTP siekia 97 %, o daugikliai \u2013 iki 25 000 kart\u0173. I\u0161imkite laim\u0117jimus prie\u0161 \u017eaidimo pabaig\u0105 ir naudokite ankstyvas bei rizikingas strategijas, kad padidintum\u0117te savo laim\u0117jimus \u201eBetwinner\u201c!","inLanguage":"lt-LT","potentialAction":[{"@type":"ReadAction","target":["https:\/\/betwinner.team\/lt\/jetx\/"]}]},{"@type":"WebSite","@id":"https:\/\/betwinner.team\/lt\/#website","url":"https:\/\/betwinner.team\/lt\/","name":"Betwinner Team Lt","description":"","potentialAction":[{"@type":"SearchAction","target":{"@type":"EntryPoint","urlTemplate":"https:\/\/betwinner.team\/lt\/?s={search_term_string}"},"query-input":{"@type":"PropertyValueSpecification","valueRequired":true,"valueName":"search_term_string"}}],"inLanguage":"lt-LT"}]}},"_links":{"self":[{"href":"https:\/\/betwinner.team\/lt\/wp-json\/wp\/v2\/pages\/1813","targetHints":{"allow":["GET"]}}],"collection":[{"href":"https:\/\/betwinner.team\/lt\/wp-json\/wp\/v2\/pages"}],"about":[{"href":"https:\/\/betwinner.team\/lt\/wp-json\/wp\/v2\/types\/page"}],"author":[{"embeddable":true,"href":"https:\/\/betwinner.team\/lt\/wp-json\/wp\/v2\/users\/1"}],"replies":[{"embeddable":true,"href":"https:\/\/betwinner.team\/lt\/wp-json\/wp\/v2\/comments?post=1813"}],"version-history":[{"count":5,"href":"https:\/\/betwinner.team\/lt\/wp-json\/wp\/v2\/pages\/1813\/revisions"}],"predecessor-version":[{"id":1894,"href":"https:\/\/betwinner.team\/lt\/wp-json\/wp\/v2\/pages\/1813\/revisions\/1894"}],"wp:attachment":[{"href":"https:\/\/betwinner.team\/lt\/wp-json\/wp\/v2\/media?parent=1813"}],"curies":[{"name":"wp","href":"https:\/\/api.w.org\/{rel}","templated":true}]}}