{"id":1807,"date":"2026-04-25T18:30:07","date_gmt":"2026-04-25T15:30:07","guid":{"rendered":"https:\/\/betwinner.team\/lt\/?page_id=1807"},"modified":"2026-04-28T21:09:50","modified_gmt":"2026-04-28T18:09:50","slug":"mines","status":"publish","type":"page","link":"https:\/\/betwinner.team\/lt\/mines\/","title":{"rendered":"Mines"},"content":{"rendered":"","protected":false},"excerpt":{"rendered":"","protected":false},"author":1,"featured_media":0,"parent":0,"menu_order":0,"comment_status":"closed","ping_status":"closed","template":"","meta":{"_acf_changed":false,"footnotes":""},"class_list":["post-1807","page","type-page","status-publish","hentry"],"acf":[],"yoast_head":"<!-- This site is optimized with the Yoast SEO plugin v26.9 - https:\/\/yoast.com\/product\/yoast-seo-wordpress\/ -->\n<title>Mines \u017daidimas Betwinner 2026 \u2014 Strategijos, u\u017etikrinan\u010dios 97 % gr\u0105\u017e\u0105<\/title>\n<meta name=\"description\" content=\"\u201eMines\u201c \u201eBetwinner\u201c platformoje \u2013 \u017eaidimas, kuriame reikia i\u0161minuoti bomb\u0105, trukm\u0117 1\u201325 minut\u0117s, \u017eaid\u017eiama 5x5 lentel\u0117je, daugikliai iki x1M, RTP 95\u201397 %. Pasirinkite rizikos lyg\u012f ir i\u0161imkite laim\u0117jimus tinkamu momentu \u2013 ma\u017eos ir didel\u0117s rizikos strategijos pelnui gauti!\" \/>\n<meta name=\"robots\" content=\"index, follow, max-snippet:-1, max-image-preview:large, max-video-preview:-1\" \/>\n<link rel=\"canonical\" href=\"https:\/\/betwinner.team\/lt\/mines\/\" \/>\n<meta property=\"og:locale\" content=\"lt_LT\" \/>\n<meta property=\"og:type\" content=\"article\" \/>\n<meta property=\"og:title\" content=\"Mines \u017daidimas Betwinner 2026 \u2014 Strategijos, u\u017etikrinan\u010dios 97 % gr\u0105\u017e\u0105\" \/>\n<meta property=\"og:description\" content=\"\u201eMines\u201c \u201eBetwinner\u201c platformoje \u2013 \u017eaidimas, kuriame reikia i\u0161minuoti bomb\u0105, trukm\u0117 1\u201325 minut\u0117s, \u017eaid\u017eiama 5x5 lentel\u0117je, daugikliai iki x1M, RTP 95\u201397 %. Pasirinkite rizikos lyg\u012f ir i\u0161imkite laim\u0117jimus tinkamu momentu \u2013 ma\u017eos ir didel\u0117s rizikos strategijos pelnui gauti!\" \/>\n<meta property=\"og:url\" content=\"https:\/\/betwinner.team\/lt\/mines\/\" \/>\n<meta property=\"og:site_name\" content=\"Betwinner Team Lt\" \/>\n<meta property=\"article:modified_time\" content=\"2026-04-28T18:09:50+00:00\" \/>\n<meta name=\"twitter:card\" content=\"summary_large_image\" \/>\n<script type=\"application\/ld+json\" class=\"yoast-schema-graph\">{\"@context\":\"https:\/\/schema.org\",\"@graph\":[{\"@type\":\"WebPage\",\"@id\":\"https:\/\/betwinner.team\/lt\/mines\/\",\"url\":\"https:\/\/betwinner.team\/lt\/mines\/\",\"name\":\"Mines \u017daidimas Betwinner 2026 \u2014 Strategijos, u\u017etikrinan\u010dios 97 % gr\u0105\u017e\u0105\",\"isPartOf\":{\"@id\":\"https:\/\/betwinner.team\/lt\/#website\"},\"datePublished\":\"2026-04-25T15:30:07+00:00\",\"dateModified\":\"2026-04-28T18:09:50+00:00\",\"description\":\"\u201eMines\u201c \u201eBetwinner\u201c platformoje \u2013 \u017eaidimas, kuriame reikia i\u0161minuoti bomb\u0105, trukm\u0117 1\u201325 minut\u0117s, \u017eaid\u017eiama 5x5 lentel\u0117je, daugikliai iki x1M, RTP 95\u201397 %. Pasirinkite rizikos lyg\u012f ir i\u0161imkite laim\u0117jimus tinkamu momentu \u2013 ma\u017eos ir didel\u0117s rizikos strategijos pelnui gauti!\",\"inLanguage\":\"lt-LT\",\"potentialAction\":[{\"@type\":\"ReadAction\",\"target\":[\"https:\/\/betwinner.team\/lt\/mines\/\"]}]},{\"@type\":\"WebSite\",\"@id\":\"https:\/\/betwinner.team\/lt\/#website\",\"url\":\"https:\/\/betwinner.team\/lt\/\",\"name\":\"Betwinner Team Lt\",\"description\":\"\",\"potentialAction\":[{\"@type\":\"SearchAction\",\"target\":{\"@type\":\"EntryPoint\",\"urlTemplate\":\"https:\/\/betwinner.team\/lt\/?s={search_term_string}\"},\"query-input\":{\"@type\":\"PropertyValueSpecification\",\"valueRequired\":true,\"valueName\":\"search_term_string\"}}],\"inLanguage\":\"lt-LT\"}]}<\/script>\n<!-- \/ Yoast SEO plugin. -->","yoast_head_json":{"title":"Mines \u017daidimas Betwinner 2026 \u2014 Strategijos, u\u017etikrinan\u010dios 97 % gr\u0105\u017e\u0105","description":"\u201eMines\u201c \u201eBetwinner\u201c platformoje \u2013 \u017eaidimas, kuriame reikia i\u0161minuoti bomb\u0105, trukm\u0117 1\u201325 minut\u0117s, \u017eaid\u017eiama 5x5 lentel\u0117je, daugikliai iki x1M, RTP 95\u201397 %. Pasirinkite rizikos lyg\u012f ir i\u0161imkite laim\u0117jimus tinkamu momentu \u2013 ma\u017eos ir didel\u0117s rizikos strategijos pelnui gauti!","robots":{"index":"index","follow":"follow","max-snippet":"max-snippet:-1","max-image-preview":"max-image-preview:large","max-video-preview":"max-video-preview:-1"},"canonical":"https:\/\/betwinner.team\/lt\/mines\/","og_locale":"lt_LT","og_type":"article","og_title":"Mines \u017daidimas Betwinner 2026 \u2014 Strategijos, u\u017etikrinan\u010dios 97 % gr\u0105\u017e\u0105","og_description":"\u201eMines\u201c \u201eBetwinner\u201c platformoje \u2013 \u017eaidimas, kuriame reikia i\u0161minuoti bomb\u0105, trukm\u0117 1\u201325 minut\u0117s, \u017eaid\u017eiama 5x5 lentel\u0117je, daugikliai iki x1M, RTP 95\u201397 %. Pasirinkite rizikos lyg\u012f ir i\u0161imkite laim\u0117jimus tinkamu momentu \u2013 ma\u017eos ir didel\u0117s rizikos strategijos pelnui gauti!","og_url":"https:\/\/betwinner.team\/lt\/mines\/","og_site_name":"Betwinner Team Lt","article_modified_time":"2026-04-28T18:09:50+00:00","twitter_card":"summary_large_image","schema":{"@context":"https:\/\/schema.org","@graph":[{"@type":"WebPage","@id":"https:\/\/betwinner.team\/lt\/mines\/","url":"https:\/\/betwinner.team\/lt\/mines\/","name":"Mines \u017daidimas Betwinner 2026 \u2014 Strategijos, u\u017etikrinan\u010dios 97 % gr\u0105\u017e\u0105","isPartOf":{"@id":"https:\/\/betwinner.team\/lt\/#website"},"datePublished":"2026-04-25T15:30:07+00:00","dateModified":"2026-04-28T18:09:50+00:00","description":"\u201eMines\u201c \u201eBetwinner\u201c platformoje \u2013 \u017eaidimas, kuriame reikia i\u0161minuoti bomb\u0105, trukm\u0117 1\u201325 minut\u0117s, \u017eaid\u017eiama 5x5 lentel\u0117je, daugikliai iki x1M, RTP 95\u201397 %. Pasirinkite rizikos lyg\u012f ir i\u0161imkite laim\u0117jimus tinkamu momentu \u2013 ma\u017eos ir didel\u0117s rizikos strategijos pelnui gauti!","inLanguage":"lt-LT","potentialAction":[{"@type":"ReadAction","target":["https:\/\/betwinner.team\/lt\/mines\/"]}]},{"@type":"WebSite","@id":"https:\/\/betwinner.team\/lt\/#website","url":"https:\/\/betwinner.team\/lt\/","name":"Betwinner Team Lt","description":"","potentialAction":[{"@type":"SearchAction","target":{"@type":"EntryPoint","urlTemplate":"https:\/\/betwinner.team\/lt\/?s={search_term_string}"},"query-input":{"@type":"PropertyValueSpecification","valueRequired":true,"valueName":"search_term_string"}}],"inLanguage":"lt-LT"}]}},"_links":{"self":[{"href":"https:\/\/betwinner.team\/lt\/wp-json\/wp\/v2\/pages\/1807","targetHints":{"allow":["GET"]}}],"collection":[{"href":"https:\/\/betwinner.team\/lt\/wp-json\/wp\/v2\/pages"}],"about":[{"href":"https:\/\/betwinner.team\/lt\/wp-json\/wp\/v2\/types\/page"}],"author":[{"embeddable":true,"href":"https:\/\/betwinner.team\/lt\/wp-json\/wp\/v2\/users\/1"}],"replies":[{"embeddable":true,"href":"https:\/\/betwinner.team\/lt\/wp-json\/wp\/v2\/comments?post=1807"}],"version-history":[{"count":4,"href":"https:\/\/betwinner.team\/lt\/wp-json\/wp\/v2\/pages\/1807\/revisions"}],"predecessor-version":[{"id":1897,"href":"https:\/\/betwinner.team\/lt\/wp-json\/wp\/v2\/pages\/1807\/revisions\/1897"}],"wp:attachment":[{"href":"https:\/\/betwinner.team\/lt\/wp-json\/wp\/v2\/media?parent=1807"}],"curies":[{"name":"wp","href":"https:\/\/api.w.org\/{rel}","templated":true}]}}