{"id":1797,"date":"2026-04-25T18:12:47","date_gmt":"2026-04-25T15:12:47","guid":{"rendered":"https:\/\/betwinner.team\/lt\/?page_id=1797"},"modified":"2026-04-28T17:37:27","modified_gmt":"2026-04-28T14:37:27","slug":"book-of-dead","status":"publish","type":"page","link":"https:\/\/betwinner.team\/lt\/book-of-dead\/","title":{"rendered":"Book of Dead"},"content":{"rendered":"","protected":false},"excerpt":{"rendered":"","protected":false},"author":1,"featured_media":0,"parent":0,"menu_order":0,"comment_status":"closed","ping_status":"closed","template":"","meta":{"_acf_changed":false,"footnotes":""},"class_list":["post-1797","page","type-page","status-publish","hentry"],"acf":[],"yoast_head":"<!-- This site is optimized with the Yoast SEO plugin v26.9 - https:\/\/yoast.com\/product\/yoast-seo-wordpress\/ -->\n<title>Book of Dead Betwinner2026 \u2014 \u201ePlay&#039;n GO\u201c nemokami sukimai<\/title>\n<meta name=\"description\" content=\"\u201eBook of Dead\u201c i\u0161 \u201ePlay&#039;n GO\u201c \u2013 2016 m. klasika su 96,21 % RTP, 10 i\u0161mok\u0117jimo linijomis, nemokamais sukimais su i\u0161siple\u010dian\u010diais simboliais ir maksimaliu laim\u0117jimu, siekian\u010diu 5000 kart\u0173. D\u0117l egiptieti\u0161kos temos ir rizikos funkcijos tai puikus pasirinkimas tiems, kurie nori pasinerti \u012f nostalgij\u0105 ir laim\u0117ti didelius laim\u0117jimus!\" \/>\n<meta name=\"robots\" content=\"index, follow, max-snippet:-1, max-image-preview:large, max-video-preview:-1\" \/>\n<link rel=\"canonical\" href=\"https:\/\/betwinner.team\/lt\/book-of-dead\/\" \/>\n<meta property=\"og:locale\" content=\"lt_LT\" \/>\n<meta property=\"og:type\" content=\"article\" \/>\n<meta property=\"og:title\" content=\"Book of Dead Betwinner2026 \u2014 \u201ePlay&#039;n GO\u201c nemokami sukimai\" \/>\n<meta property=\"og:description\" content=\"\u201eBook of Dead\u201c i\u0161 \u201ePlay&#039;n GO\u201c \u2013 2016 m. klasika su 96,21 % RTP, 10 i\u0161mok\u0117jimo linijomis, nemokamais sukimais su i\u0161siple\u010dian\u010diais simboliais ir maksimaliu laim\u0117jimu, siekian\u010diu 5000 kart\u0173. D\u0117l egiptieti\u0161kos temos ir rizikos funkcijos tai puikus pasirinkimas tiems, kurie nori pasinerti \u012f nostalgij\u0105 ir laim\u0117ti didelius laim\u0117jimus!\" \/>\n<meta property=\"og:url\" content=\"https:\/\/betwinner.team\/lt\/book-of-dead\/\" \/>\n<meta property=\"og:site_name\" content=\"Betwinner Team Lt\" \/>\n<meta property=\"article:modified_time\" content=\"2026-04-28T14:37:27+00:00\" \/>\n<meta name=\"twitter:card\" content=\"summary_large_image\" \/>\n<script type=\"application\/ld+json\" class=\"yoast-schema-graph\">{\"@context\":\"https:\/\/schema.org\",\"@graph\":[{\"@type\":\"WebPage\",\"@id\":\"https:\/\/betwinner.team\/lt\/book-of-dead\/\",\"url\":\"https:\/\/betwinner.team\/lt\/book-of-dead\/\",\"name\":\"Book of Dead Betwinner2026 \u2014 \u201ePlay'n GO\u201c nemokami sukimai\",\"isPartOf\":{\"@id\":\"https:\/\/betwinner.team\/lt\/#website\"},\"datePublished\":\"2026-04-25T15:12:47+00:00\",\"dateModified\":\"2026-04-28T14:37:27+00:00\",\"description\":\"\u201eBook of Dead\u201c i\u0161 \u201ePlay'n GO\u201c \u2013 2016 m. klasika su 96,21 % RTP, 10 i\u0161mok\u0117jimo linijomis, nemokamais sukimais su i\u0161siple\u010dian\u010diais simboliais ir maksimaliu laim\u0117jimu, siekian\u010diu 5000 kart\u0173. D\u0117l egiptieti\u0161kos temos ir rizikos funkcijos tai puikus pasirinkimas tiems, kurie nori pasinerti \u012f nostalgij\u0105 ir laim\u0117ti didelius laim\u0117jimus!\",\"inLanguage\":\"lt-LT\",\"potentialAction\":[{\"@type\":\"ReadAction\",\"target\":[\"https:\/\/betwinner.team\/lt\/book-of-dead\/\"]}]},{\"@type\":\"WebSite\",\"@id\":\"https:\/\/betwinner.team\/lt\/#website\",\"url\":\"https:\/\/betwinner.team\/lt\/\",\"name\":\"Betwinner Team Lt\",\"description\":\"\",\"potentialAction\":[{\"@type\":\"SearchAction\",\"target\":{\"@type\":\"EntryPoint\",\"urlTemplate\":\"https:\/\/betwinner.team\/lt\/?s={search_term_string}\"},\"query-input\":{\"@type\":\"PropertyValueSpecification\",\"valueRequired\":true,\"valueName\":\"search_term_string\"}}],\"inLanguage\":\"lt-LT\"}]}<\/script>\n<!-- \/ Yoast SEO plugin. -->","yoast_head_json":{"title":"Book of Dead Betwinner2026 \u2014 \u201ePlay'n GO\u201c nemokami sukimai","description":"\u201eBook of Dead\u201c i\u0161 \u201ePlay'n GO\u201c \u2013 2016 m. klasika su 96,21 % RTP, 10 i\u0161mok\u0117jimo linijomis, nemokamais sukimais su i\u0161siple\u010dian\u010diais simboliais ir maksimaliu laim\u0117jimu, siekian\u010diu 5000 kart\u0173. D\u0117l egiptieti\u0161kos temos ir rizikos funkcijos tai puikus pasirinkimas tiems, kurie nori pasinerti \u012f nostalgij\u0105 ir laim\u0117ti didelius laim\u0117jimus!","robots":{"index":"index","follow":"follow","max-snippet":"max-snippet:-1","max-image-preview":"max-image-preview:large","max-video-preview":"max-video-preview:-1"},"canonical":"https:\/\/betwinner.team\/lt\/book-of-dead\/","og_locale":"lt_LT","og_type":"article","og_title":"Book of Dead Betwinner2026 \u2014 \u201ePlay'n GO\u201c nemokami sukimai","og_description":"\u201eBook of Dead\u201c i\u0161 \u201ePlay'n GO\u201c \u2013 2016 m. klasika su 96,21 % RTP, 10 i\u0161mok\u0117jimo linijomis, nemokamais sukimais su i\u0161siple\u010dian\u010diais simboliais ir maksimaliu laim\u0117jimu, siekian\u010diu 5000 kart\u0173. D\u0117l egiptieti\u0161kos temos ir rizikos funkcijos tai puikus pasirinkimas tiems, kurie nori pasinerti \u012f nostalgij\u0105 ir laim\u0117ti didelius laim\u0117jimus!","og_url":"https:\/\/betwinner.team\/lt\/book-of-dead\/","og_site_name":"Betwinner Team Lt","article_modified_time":"2026-04-28T14:37:27+00:00","twitter_card":"summary_large_image","schema":{"@context":"https:\/\/schema.org","@graph":[{"@type":"WebPage","@id":"https:\/\/betwinner.team\/lt\/book-of-dead\/","url":"https:\/\/betwinner.team\/lt\/book-of-dead\/","name":"Book of Dead Betwinner2026 \u2014 \u201ePlay'n GO\u201c nemokami sukimai","isPartOf":{"@id":"https:\/\/betwinner.team\/lt\/#website"},"datePublished":"2026-04-25T15:12:47+00:00","dateModified":"2026-04-28T14:37:27+00:00","description":"\u201eBook of Dead\u201c i\u0161 \u201ePlay'n GO\u201c \u2013 2016 m. klasika su 96,21 % RTP, 10 i\u0161mok\u0117jimo linijomis, nemokamais sukimais su i\u0161siple\u010dian\u010diais simboliais ir maksimaliu laim\u0117jimu, siekian\u010diu 5000 kart\u0173. D\u0117l egiptieti\u0161kos temos ir rizikos funkcijos tai puikus pasirinkimas tiems, kurie nori pasinerti \u012f nostalgij\u0105 ir laim\u0117ti didelius laim\u0117jimus!","inLanguage":"lt-LT","potentialAction":[{"@type":"ReadAction","target":["https:\/\/betwinner.team\/lt\/book-of-dead\/"]}]},{"@type":"WebSite","@id":"https:\/\/betwinner.team\/lt\/#website","url":"https:\/\/betwinner.team\/lt\/","name":"Betwinner Team Lt","description":"","potentialAction":[{"@type":"SearchAction","target":{"@type":"EntryPoint","urlTemplate":"https:\/\/betwinner.team\/lt\/?s={search_term_string}"},"query-input":{"@type":"PropertyValueSpecification","valueRequired":true,"valueName":"search_term_string"}}],"inLanguage":"lt-LT"}]}},"_links":{"self":[{"href":"https:\/\/betwinner.team\/lt\/wp-json\/wp\/v2\/pages\/1797","targetHints":{"allow":["GET"]}}],"collection":[{"href":"https:\/\/betwinner.team\/lt\/wp-json\/wp\/v2\/pages"}],"about":[{"href":"https:\/\/betwinner.team\/lt\/wp-json\/wp\/v2\/types\/page"}],"author":[{"embeddable":true,"href":"https:\/\/betwinner.team\/lt\/wp-json\/wp\/v2\/users\/1"}],"replies":[{"embeddable":true,"href":"https:\/\/betwinner.team\/lt\/wp-json\/wp\/v2\/comments?post=1797"}],"version-history":[{"count":5,"href":"https:\/\/betwinner.team\/lt\/wp-json\/wp\/v2\/pages\/1797\/revisions"}],"predecessor-version":[{"id":1882,"href":"https:\/\/betwinner.team\/lt\/wp-json\/wp\/v2\/pages\/1797\/revisions\/1882"}],"wp:attachment":[{"href":"https:\/\/betwinner.team\/lt\/wp-json\/wp\/v2\/media?parent=1797"}],"curies":[{"name":"wp","href":"https:\/\/api.w.org\/{rel}","templated":true}]}}