{"id":1778,"date":"2026-04-25T16:40:44","date_gmt":"2026-04-25T13:40:44","guid":{"rendered":"https:\/\/betwinner.team\/lt\/?page_id=1778"},"modified":"2026-04-28T18:32:32","modified_gmt":"2026-04-28T15:32:32","slug":"gates-of-olympus","status":"publish","type":"page","link":"https:\/\/betwinner.team\/lt\/gates-of-olympus\/","title":{"rendered":"Gates of Olympus"},"content":{"rendered":"","protected":false},"excerpt":{"rendered":"","protected":false},"author":1,"featured_media":0,"parent":0,"menu_order":0,"comment_status":"closed","ping_status":"closed","template":"","meta":{"_acf_changed":false,"footnotes":""},"class_list":["post-1778","page","type-page","status-publish","hentry"],"acf":[],"yoast_head":"<!-- This site is optimized with the Yoast SEO plugin v26.9 - https:\/\/yoast.com\/product\/yoast-seo-wordpress\/ -->\n<title>Gates of Olympus Betwinner 2026 \u2014 Daugikliai x500 \u201ePragmatic\u201c<\/title>\n<meta name=\"description\" content=\"\u201eGates of Olympus\u201c \u201eBetwinner\u201c svetain\u0117je \u2013 \u201ePragmatic Play\u201c 2021 m. hitas su 96,5 % RTP, krentan\u010diais b\u016bgnais, iki 500 kart\u0173 didinan\u010diais daugikliais ir daugiau nei 15 nemokamais sukimais. Didelis kintamumas, maksimalus laim\u0117jimas \u2013 5000 kart\u0173 \u2013 tikra internetini\u0173 lo\u0161imo automat\u0173 legenda!\" \/>\n<meta name=\"robots\" content=\"index, follow, max-snippet:-1, max-image-preview:large, max-video-preview:-1\" \/>\n<link rel=\"canonical\" href=\"https:\/\/betwinner.team\/lt\/gates-of-olympus\/\" \/>\n<meta property=\"og:locale\" content=\"lt_LT\" \/>\n<meta property=\"og:type\" content=\"article\" \/>\n<meta property=\"og:title\" content=\"Gates of Olympus Betwinner 2026 \u2014 Daugikliai x500 \u201ePragmatic\u201c\" \/>\n<meta property=\"og:description\" content=\"\u201eGates of Olympus\u201c \u201eBetwinner\u201c svetain\u0117je \u2013 \u201ePragmatic Play\u201c 2021 m. hitas su 96,5 % RTP, krentan\u010diais b\u016bgnais, iki 500 kart\u0173 didinan\u010diais daugikliais ir daugiau nei 15 nemokamais sukimais. Didelis kintamumas, maksimalus laim\u0117jimas \u2013 5000 kart\u0173 \u2013 tikra internetini\u0173 lo\u0161imo automat\u0173 legenda!\" \/>\n<meta property=\"og:url\" content=\"https:\/\/betwinner.team\/lt\/gates-of-olympus\/\" \/>\n<meta property=\"og:site_name\" content=\"Betwinner Team Lt\" \/>\n<meta property=\"article:modified_time\" content=\"2026-04-28T15:32:32+00:00\" \/>\n<meta name=\"twitter:card\" content=\"summary_large_image\" \/>\n<script type=\"application\/ld+json\" class=\"yoast-schema-graph\">{\"@context\":\"https:\/\/schema.org\",\"@graph\":[{\"@type\":\"WebPage\",\"@id\":\"https:\/\/betwinner.team\/lt\/gates-of-olympus\/\",\"url\":\"https:\/\/betwinner.team\/lt\/gates-of-olympus\/\",\"name\":\"Gates of Olympus Betwinner 2026 \u2014 Daugikliai x500 \u201ePragmatic\u201c\",\"isPartOf\":{\"@id\":\"https:\/\/betwinner.team\/lt\/#website\"},\"datePublished\":\"2026-04-25T13:40:44+00:00\",\"dateModified\":\"2026-04-28T15:32:32+00:00\",\"description\":\"\u201eGates of Olympus\u201c \u201eBetwinner\u201c svetain\u0117je \u2013 \u201ePragmatic Play\u201c 2021 m. hitas su 96,5 % RTP, krentan\u010diais b\u016bgnais, iki 500 kart\u0173 didinan\u010diais daugikliais ir daugiau nei 15 nemokamais sukimais. Didelis kintamumas, maksimalus laim\u0117jimas \u2013 5000 kart\u0173 \u2013 tikra internetini\u0173 lo\u0161imo automat\u0173 legenda!\",\"inLanguage\":\"lt-LT\",\"potentialAction\":[{\"@type\":\"ReadAction\",\"target\":[\"https:\/\/betwinner.team\/lt\/gates-of-olympus\/\"]}]},{\"@type\":\"WebSite\",\"@id\":\"https:\/\/betwinner.team\/lt\/#website\",\"url\":\"https:\/\/betwinner.team\/lt\/\",\"name\":\"Betwinner Team Lt\",\"description\":\"\",\"potentialAction\":[{\"@type\":\"SearchAction\",\"target\":{\"@type\":\"EntryPoint\",\"urlTemplate\":\"https:\/\/betwinner.team\/lt\/?s={search_term_string}\"},\"query-input\":{\"@type\":\"PropertyValueSpecification\",\"valueRequired\":true,\"valueName\":\"search_term_string\"}}],\"inLanguage\":\"lt-LT\"}]}<\/script>\n<!-- \/ Yoast SEO plugin. -->","yoast_head_json":{"title":"Gates of Olympus Betwinner 2026 \u2014 Daugikliai x500 \u201ePragmatic\u201c","description":"\u201eGates of Olympus\u201c \u201eBetwinner\u201c svetain\u0117je \u2013 \u201ePragmatic Play\u201c 2021 m. hitas su 96,5 % RTP, krentan\u010diais b\u016bgnais, iki 500 kart\u0173 didinan\u010diais daugikliais ir daugiau nei 15 nemokamais sukimais. Didelis kintamumas, maksimalus laim\u0117jimas \u2013 5000 kart\u0173 \u2013 tikra internetini\u0173 lo\u0161imo automat\u0173 legenda!","robots":{"index":"index","follow":"follow","max-snippet":"max-snippet:-1","max-image-preview":"max-image-preview:large","max-video-preview":"max-video-preview:-1"},"canonical":"https:\/\/betwinner.team\/lt\/gates-of-olympus\/","og_locale":"lt_LT","og_type":"article","og_title":"Gates of Olympus Betwinner 2026 \u2014 Daugikliai x500 \u201ePragmatic\u201c","og_description":"\u201eGates of Olympus\u201c \u201eBetwinner\u201c svetain\u0117je \u2013 \u201ePragmatic Play\u201c 2021 m. hitas su 96,5 % RTP, krentan\u010diais b\u016bgnais, iki 500 kart\u0173 didinan\u010diais daugikliais ir daugiau nei 15 nemokamais sukimais. Didelis kintamumas, maksimalus laim\u0117jimas \u2013 5000 kart\u0173 \u2013 tikra internetini\u0173 lo\u0161imo automat\u0173 legenda!","og_url":"https:\/\/betwinner.team\/lt\/gates-of-olympus\/","og_site_name":"Betwinner Team Lt","article_modified_time":"2026-04-28T15:32:32+00:00","twitter_card":"summary_large_image","schema":{"@context":"https:\/\/schema.org","@graph":[{"@type":"WebPage","@id":"https:\/\/betwinner.team\/lt\/gates-of-olympus\/","url":"https:\/\/betwinner.team\/lt\/gates-of-olympus\/","name":"Gates of Olympus Betwinner 2026 \u2014 Daugikliai x500 \u201ePragmatic\u201c","isPartOf":{"@id":"https:\/\/betwinner.team\/lt\/#website"},"datePublished":"2026-04-25T13:40:44+00:00","dateModified":"2026-04-28T15:32:32+00:00","description":"\u201eGates of Olympus\u201c \u201eBetwinner\u201c svetain\u0117je \u2013 \u201ePragmatic Play\u201c 2021 m. hitas su 96,5 % RTP, krentan\u010diais b\u016bgnais, iki 500 kart\u0173 didinan\u010diais daugikliais ir daugiau nei 15 nemokamais sukimais. Didelis kintamumas, maksimalus laim\u0117jimas \u2013 5000 kart\u0173 \u2013 tikra internetini\u0173 lo\u0161imo automat\u0173 legenda!","inLanguage":"lt-LT","potentialAction":[{"@type":"ReadAction","target":["https:\/\/betwinner.team\/lt\/gates-of-olympus\/"]}]},{"@type":"WebSite","@id":"https:\/\/betwinner.team\/lt\/#website","url":"https:\/\/betwinner.team\/lt\/","name":"Betwinner Team Lt","description":"","potentialAction":[{"@type":"SearchAction","target":{"@type":"EntryPoint","urlTemplate":"https:\/\/betwinner.team\/lt\/?s={search_term_string}"},"query-input":{"@type":"PropertyValueSpecification","valueRequired":true,"valueName":"search_term_string"}}],"inLanguage":"lt-LT"}]}},"_links":{"self":[{"href":"https:\/\/betwinner.team\/lt\/wp-json\/wp\/v2\/pages\/1778","targetHints":{"allow":["GET"]}}],"collection":[{"href":"https:\/\/betwinner.team\/lt\/wp-json\/wp\/v2\/pages"}],"about":[{"href":"https:\/\/betwinner.team\/lt\/wp-json\/wp\/v2\/types\/page"}],"author":[{"embeddable":true,"href":"https:\/\/betwinner.team\/lt\/wp-json\/wp\/v2\/users\/1"}],"replies":[{"embeddable":true,"href":"https:\/\/betwinner.team\/lt\/wp-json\/wp\/v2\/comments?post=1778"}],"version-history":[{"count":5,"href":"https:\/\/betwinner.team\/lt\/wp-json\/wp\/v2\/pages\/1778\/revisions"}],"predecessor-version":[{"id":1890,"href":"https:\/\/betwinner.team\/lt\/wp-json\/wp\/v2\/pages\/1778\/revisions\/1890"}],"wp:attachment":[{"href":"https:\/\/betwinner.team\/lt\/wp-json\/wp\/v2\/media?parent=1778"}],"curies":[{"name":"wp","href":"https:\/\/api.w.org\/{rel}","templated":true}]}}