{"id":1763,"date":"2026-04-24T16:53:01","date_gmt":"2026-04-24T13:53:01","guid":{"rendered":"https:\/\/betwinner.team\/lt\/?page_id=1763"},"modified":"2026-04-28T21:43:57","modified_gmt":"2026-04-28T18:43:57","slug":"sweet-bonanza","status":"publish","type":"page","link":"https:\/\/betwinner.team\/lt\/sweet-bonanza\/","title":{"rendered":"Sweet Bonanza"},"content":{"rendered":"","protected":false},"excerpt":{"rendered":"","protected":false},"author":1,"featured_media":0,"parent":0,"menu_order":0,"comment_status":"closed","ping_status":"closed","template":"","meta":{"_acf_changed":false,"footnotes":""},"class_list":["post-1763","page","type-page","status-publish","hentry"],"acf":[],"yoast_head":"<!-- This site is optimized with the Yoast SEO plugin v26.9 - https:\/\/yoast.com\/product\/yoast-seo-wordpress\/ -->\n<title>Sweet Bonanza Slot 2026 \u2014 \u201eCascading\u201c laim\u0117jo \u201ePragmatic Play\u201c<\/title>\n<meta name=\"description\" content=\"\u201eSweet Bonanza\u201c \u2014 legendinis \u201ePragmatic Play\u201c lo\u0161imo automatas, i\u0161leistas 2019 m., kurio RTP siekia 96,48\u201396,51 %, su kaskadiniais laim\u0117jimais, nemokamais sukimais su 1000 kart\u0173 didinan\u010diomis bombomis ir daugikliais iki 21 100 kart\u0173. \u017daiskite nemokam\u0105 demo versij\u0105 geriausiuose kazino!\" \/>\n<meta name=\"robots\" content=\"index, follow, max-snippet:-1, max-image-preview:large, max-video-preview:-1\" \/>\n<link rel=\"canonical\" href=\"https:\/\/betwinner.team\/lt\/sweet-bonanza\/\" \/>\n<meta property=\"og:locale\" content=\"lt_LT\" \/>\n<meta property=\"og:type\" content=\"article\" \/>\n<meta property=\"og:title\" content=\"Sweet Bonanza Slot 2026 \u2014 \u201eCascading\u201c laim\u0117jo \u201ePragmatic Play\u201c\" \/>\n<meta property=\"og:description\" content=\"\u201eSweet Bonanza\u201c \u2014 legendinis \u201ePragmatic Play\u201c lo\u0161imo automatas, i\u0161leistas 2019 m., kurio RTP siekia 96,48\u201396,51 %, su kaskadiniais laim\u0117jimais, nemokamais sukimais su 1000 kart\u0173 didinan\u010diomis bombomis ir daugikliais iki 21 100 kart\u0173. \u017daiskite nemokam\u0105 demo versij\u0105 geriausiuose kazino!\" \/>\n<meta property=\"og:url\" content=\"https:\/\/betwinner.team\/lt\/sweet-bonanza\/\" \/>\n<meta property=\"og:site_name\" content=\"Betwinner Team Lt\" \/>\n<meta property=\"article:modified_time\" content=\"2026-04-28T18:43:57+00:00\" \/>\n<meta name=\"twitter:card\" content=\"summary_large_image\" \/>\n<script type=\"application\/ld+json\" class=\"yoast-schema-graph\">{\"@context\":\"https:\/\/schema.org\",\"@graph\":[{\"@type\":\"WebPage\",\"@id\":\"https:\/\/betwinner.team\/lt\/sweet-bonanza\/\",\"url\":\"https:\/\/betwinner.team\/lt\/sweet-bonanza\/\",\"name\":\"Sweet Bonanza Slot 2026 \u2014 \u201eCascading\u201c laim\u0117jo \u201ePragmatic Play\u201c\",\"isPartOf\":{\"@id\":\"https:\/\/betwinner.team\/lt\/#website\"},\"datePublished\":\"2026-04-24T13:53:01+00:00\",\"dateModified\":\"2026-04-28T18:43:57+00:00\",\"description\":\"\u201eSweet Bonanza\u201c \u2014 legendinis \u201ePragmatic Play\u201c lo\u0161imo automatas, i\u0161leistas 2019 m., kurio RTP siekia 96,48\u201396,51 %, su kaskadiniais laim\u0117jimais, nemokamais sukimais su 1000 kart\u0173 didinan\u010diomis bombomis ir daugikliais iki 21 100 kart\u0173. \u017daiskite nemokam\u0105 demo versij\u0105 geriausiuose kazino!\",\"inLanguage\":\"lt-LT\",\"potentialAction\":[{\"@type\":\"ReadAction\",\"target\":[\"https:\/\/betwinner.team\/lt\/sweet-bonanza\/\"]}]},{\"@type\":\"WebSite\",\"@id\":\"https:\/\/betwinner.team\/lt\/#website\",\"url\":\"https:\/\/betwinner.team\/lt\/\",\"name\":\"Betwinner Team Lt\",\"description\":\"\",\"potentialAction\":[{\"@type\":\"SearchAction\",\"target\":{\"@type\":\"EntryPoint\",\"urlTemplate\":\"https:\/\/betwinner.team\/lt\/?s={search_term_string}\"},\"query-input\":{\"@type\":\"PropertyValueSpecification\",\"valueRequired\":true,\"valueName\":\"search_term_string\"}}],\"inLanguage\":\"lt-LT\"}]}<\/script>\n<!-- \/ Yoast SEO plugin. -->","yoast_head_json":{"title":"Sweet Bonanza Slot 2026 \u2014 \u201eCascading\u201c laim\u0117jo \u201ePragmatic Play\u201c","description":"\u201eSweet Bonanza\u201c \u2014 legendinis \u201ePragmatic Play\u201c lo\u0161imo automatas, i\u0161leistas 2019 m., kurio RTP siekia 96,48\u201396,51 %, su kaskadiniais laim\u0117jimais, nemokamais sukimais su 1000 kart\u0173 didinan\u010diomis bombomis ir daugikliais iki 21 100 kart\u0173. \u017daiskite nemokam\u0105 demo versij\u0105 geriausiuose kazino!","robots":{"index":"index","follow":"follow","max-snippet":"max-snippet:-1","max-image-preview":"max-image-preview:large","max-video-preview":"max-video-preview:-1"},"canonical":"https:\/\/betwinner.team\/lt\/sweet-bonanza\/","og_locale":"lt_LT","og_type":"article","og_title":"Sweet Bonanza Slot 2026 \u2014 \u201eCascading\u201c laim\u0117jo \u201ePragmatic Play\u201c","og_description":"\u201eSweet Bonanza\u201c \u2014 legendinis \u201ePragmatic Play\u201c lo\u0161imo automatas, i\u0161leistas 2019 m., kurio RTP siekia 96,48\u201396,51 %, su kaskadiniais laim\u0117jimais, nemokamais sukimais su 1000 kart\u0173 didinan\u010diomis bombomis ir daugikliais iki 21 100 kart\u0173. \u017daiskite nemokam\u0105 demo versij\u0105 geriausiuose kazino!","og_url":"https:\/\/betwinner.team\/lt\/sweet-bonanza\/","og_site_name":"Betwinner Team Lt","article_modified_time":"2026-04-28T18:43:57+00:00","twitter_card":"summary_large_image","schema":{"@context":"https:\/\/schema.org","@graph":[{"@type":"WebPage","@id":"https:\/\/betwinner.team\/lt\/sweet-bonanza\/","url":"https:\/\/betwinner.team\/lt\/sweet-bonanza\/","name":"Sweet Bonanza Slot 2026 \u2014 \u201eCascading\u201c laim\u0117jo \u201ePragmatic Play\u201c","isPartOf":{"@id":"https:\/\/betwinner.team\/lt\/#website"},"datePublished":"2026-04-24T13:53:01+00:00","dateModified":"2026-04-28T18:43:57+00:00","description":"\u201eSweet Bonanza\u201c \u2014 legendinis \u201ePragmatic Play\u201c lo\u0161imo automatas, i\u0161leistas 2019 m., kurio RTP siekia 96,48\u201396,51 %, su kaskadiniais laim\u0117jimais, nemokamais sukimais su 1000 kart\u0173 didinan\u010diomis bombomis ir daugikliais iki 21 100 kart\u0173. \u017daiskite nemokam\u0105 demo versij\u0105 geriausiuose kazino!","inLanguage":"lt-LT","potentialAction":[{"@type":"ReadAction","target":["https:\/\/betwinner.team\/lt\/sweet-bonanza\/"]}]},{"@type":"WebSite","@id":"https:\/\/betwinner.team\/lt\/#website","url":"https:\/\/betwinner.team\/lt\/","name":"Betwinner Team Lt","description":"","potentialAction":[{"@type":"SearchAction","target":{"@type":"EntryPoint","urlTemplate":"https:\/\/betwinner.team\/lt\/?s={search_term_string}"},"query-input":{"@type":"PropertyValueSpecification","valueRequired":true,"valueName":"search_term_string"}}],"inLanguage":"lt-LT"}]}},"_links":{"self":[{"href":"https:\/\/betwinner.team\/lt\/wp-json\/wp\/v2\/pages\/1763","targetHints":{"allow":["GET"]}}],"collection":[{"href":"https:\/\/betwinner.team\/lt\/wp-json\/wp\/v2\/pages"}],"about":[{"href":"https:\/\/betwinner.team\/lt\/wp-json\/wp\/v2\/types\/page"}],"author":[{"embeddable":true,"href":"https:\/\/betwinner.team\/lt\/wp-json\/wp\/v2\/users\/1"}],"replies":[{"embeddable":true,"href":"https:\/\/betwinner.team\/lt\/wp-json\/wp\/v2\/comments?post=1763"}],"version-history":[{"count":5,"href":"https:\/\/betwinner.team\/lt\/wp-json\/wp\/v2\/pages\/1763\/revisions"}],"predecessor-version":[{"id":1907,"href":"https:\/\/betwinner.team\/lt\/wp-json\/wp\/v2\/pages\/1763\/revisions\/1907"}],"wp:attachment":[{"href":"https:\/\/betwinner.team\/lt\/wp-json\/wp\/v2\/media?parent=1763"}],"curies":[{"name":"wp","href":"https:\/\/api.w.org\/{rel}","templated":true}]}}