{"id":1752,"date":"2026-04-24T16:36:18","date_gmt":"2026-04-24T13:36:18","guid":{"rendered":"https:\/\/betwinner.team\/lt\/?page_id=1752"},"modified":"2026-04-28T21:15:58","modified_gmt":"2026-04-28T18:15:58","slug":"plinko","status":"publish","type":"page","link":"https:\/\/betwinner.team\/lt\/plinko\/","title":{"rendered":"Plinko"},"content":{"rendered":"","protected":false},"excerpt":{"rendered":"","protected":false},"author":1,"featured_media":0,"parent":0,"menu_order":0,"comment_status":"closed","ping_status":"closed","template":"","meta":{"_acf_changed":false,"footnotes":""},"class_list":["post-1752","page","type-page","status-publish","hentry"],"acf":[],"yoast_head":"<!-- This site is optimized with the Yoast SEO plugin v26.9 - https:\/\/yoast.com\/product\/yoast-seo-wordpress\/ -->\n<title>Plinko Betwinner 2026 \u2014 \u017daisk su 1000 kart\u0173 didesniais daugikliais<\/title>\n<meta name=\"description\" content=\"\u017daiskite \u201ePlinko\u201c \u201eBetwinner\u201c \u2013 steb\u0117kite, kaip kamuoliukas rieda \u017eemyn tarp kai\u0161\u010di\u0173, su daugikliais nuo x0,2 iki x1000, ir i\u0161bandykite nemokam\u0105 demo re\u017eim\u0105. Pasinerkite \u012f \u017eaidim\u0105 ir sirgkite u\u017e pergal\u0119 kazino \u2013 kiekvienas raundas trunka vos kelias sekundes, o azartas ne ma\u017eesnis nei tikruose la\u017eybose!\" \/>\n<meta name=\"robots\" content=\"index, follow, max-snippet:-1, max-image-preview:large, max-video-preview:-1\" \/>\n<link rel=\"canonical\" href=\"https:\/\/betwinner.team\/lt\/plinko\/\" \/>\n<meta property=\"og:locale\" content=\"lt_LT\" \/>\n<meta property=\"og:type\" content=\"article\" \/>\n<meta property=\"og:title\" content=\"Plinko Betwinner 2026 \u2014 \u017daisk su 1000 kart\u0173 didesniais daugikliais\" \/>\n<meta property=\"og:description\" content=\"\u017daiskite \u201ePlinko\u201c \u201eBetwinner\u201c \u2013 steb\u0117kite, kaip kamuoliukas rieda \u017eemyn tarp kai\u0161\u010di\u0173, su daugikliais nuo x0,2 iki x1000, ir i\u0161bandykite nemokam\u0105 demo re\u017eim\u0105. Pasinerkite \u012f \u017eaidim\u0105 ir sirgkite u\u017e pergal\u0119 kazino \u2013 kiekvienas raundas trunka vos kelias sekundes, o azartas ne ma\u017eesnis nei tikruose la\u017eybose!\" \/>\n<meta property=\"og:url\" content=\"https:\/\/betwinner.team\/lt\/plinko\/\" \/>\n<meta property=\"og:site_name\" content=\"Betwinner Team Lt\" \/>\n<meta property=\"article:modified_time\" content=\"2026-04-28T18:15:58+00:00\" \/>\n<meta name=\"twitter:card\" content=\"summary_large_image\" \/>\n<script type=\"application\/ld+json\" class=\"yoast-schema-graph\">{\"@context\":\"https:\/\/schema.org\",\"@graph\":[{\"@type\":\"WebPage\",\"@id\":\"https:\/\/betwinner.team\/lt\/plinko\/\",\"url\":\"https:\/\/betwinner.team\/lt\/plinko\/\",\"name\":\"Plinko Betwinner 2026 \u2014 \u017daisk su 1000 kart\u0173 didesniais daugikliais\",\"isPartOf\":{\"@id\":\"https:\/\/betwinner.team\/lt\/#website\"},\"datePublished\":\"2026-04-24T13:36:18+00:00\",\"dateModified\":\"2026-04-28T18:15:58+00:00\",\"description\":\"\u017daiskite \u201ePlinko\u201c \u201eBetwinner\u201c \u2013 steb\u0117kite, kaip kamuoliukas rieda \u017eemyn tarp kai\u0161\u010di\u0173, su daugikliais nuo x0,2 iki x1000, ir i\u0161bandykite nemokam\u0105 demo re\u017eim\u0105. Pasinerkite \u012f \u017eaidim\u0105 ir sirgkite u\u017e pergal\u0119 kazino \u2013 kiekvienas raundas trunka vos kelias sekundes, o azartas ne ma\u017eesnis nei tikruose la\u017eybose!\",\"inLanguage\":\"lt-LT\",\"potentialAction\":[{\"@type\":\"ReadAction\",\"target\":[\"https:\/\/betwinner.team\/lt\/plinko\/\"]}]},{\"@type\":\"WebSite\",\"@id\":\"https:\/\/betwinner.team\/lt\/#website\",\"url\":\"https:\/\/betwinner.team\/lt\/\",\"name\":\"Betwinner Team Lt\",\"description\":\"\",\"potentialAction\":[{\"@type\":\"SearchAction\",\"target\":{\"@type\":\"EntryPoint\",\"urlTemplate\":\"https:\/\/betwinner.team\/lt\/?s={search_term_string}\"},\"query-input\":{\"@type\":\"PropertyValueSpecification\",\"valueRequired\":true,\"valueName\":\"search_term_string\"}}],\"inLanguage\":\"lt-LT\"}]}<\/script>\n<!-- \/ Yoast SEO plugin. -->","yoast_head_json":{"title":"Plinko Betwinner 2026 \u2014 \u017daisk su 1000 kart\u0173 didesniais daugikliais","description":"\u017daiskite \u201ePlinko\u201c \u201eBetwinner\u201c \u2013 steb\u0117kite, kaip kamuoliukas rieda \u017eemyn tarp kai\u0161\u010di\u0173, su daugikliais nuo x0,2 iki x1000, ir i\u0161bandykite nemokam\u0105 demo re\u017eim\u0105. Pasinerkite \u012f \u017eaidim\u0105 ir sirgkite u\u017e pergal\u0119 kazino \u2013 kiekvienas raundas trunka vos kelias sekundes, o azartas ne ma\u017eesnis nei tikruose la\u017eybose!","robots":{"index":"index","follow":"follow","max-snippet":"max-snippet:-1","max-image-preview":"max-image-preview:large","max-video-preview":"max-video-preview:-1"},"canonical":"https:\/\/betwinner.team\/lt\/plinko\/","og_locale":"lt_LT","og_type":"article","og_title":"Plinko Betwinner 2026 \u2014 \u017daisk su 1000 kart\u0173 didesniais daugikliais","og_description":"\u017daiskite \u201ePlinko\u201c \u201eBetwinner\u201c \u2013 steb\u0117kite, kaip kamuoliukas rieda \u017eemyn tarp kai\u0161\u010di\u0173, su daugikliais nuo x0,2 iki x1000, ir i\u0161bandykite nemokam\u0105 demo re\u017eim\u0105. Pasinerkite \u012f \u017eaidim\u0105 ir sirgkite u\u017e pergal\u0119 kazino \u2013 kiekvienas raundas trunka vos kelias sekundes, o azartas ne ma\u017eesnis nei tikruose la\u017eybose!","og_url":"https:\/\/betwinner.team\/lt\/plinko\/","og_site_name":"Betwinner Team Lt","article_modified_time":"2026-04-28T18:15:58+00:00","twitter_card":"summary_large_image","schema":{"@context":"https:\/\/schema.org","@graph":[{"@type":"WebPage","@id":"https:\/\/betwinner.team\/lt\/plinko\/","url":"https:\/\/betwinner.team\/lt\/plinko\/","name":"Plinko Betwinner 2026 \u2014 \u017daisk su 1000 kart\u0173 didesniais daugikliais","isPartOf":{"@id":"https:\/\/betwinner.team\/lt\/#website"},"datePublished":"2026-04-24T13:36:18+00:00","dateModified":"2026-04-28T18:15:58+00:00","description":"\u017daiskite \u201ePlinko\u201c \u201eBetwinner\u201c \u2013 steb\u0117kite, kaip kamuoliukas rieda \u017eemyn tarp kai\u0161\u010di\u0173, su daugikliais nuo x0,2 iki x1000, ir i\u0161bandykite nemokam\u0105 demo re\u017eim\u0105. Pasinerkite \u012f \u017eaidim\u0105 ir sirgkite u\u017e pergal\u0119 kazino \u2013 kiekvienas raundas trunka vos kelias sekundes, o azartas ne ma\u017eesnis nei tikruose la\u017eybose!","inLanguage":"lt-LT","potentialAction":[{"@type":"ReadAction","target":["https:\/\/betwinner.team\/lt\/plinko\/"]}]},{"@type":"WebSite","@id":"https:\/\/betwinner.team\/lt\/#website","url":"https:\/\/betwinner.team\/lt\/","name":"Betwinner Team Lt","description":"","potentialAction":[{"@type":"SearchAction","target":{"@type":"EntryPoint","urlTemplate":"https:\/\/betwinner.team\/lt\/?s={search_term_string}"},"query-input":{"@type":"PropertyValueSpecification","valueRequired":true,"valueName":"search_term_string"}}],"inLanguage":"lt-LT"}]}},"_links":{"self":[{"href":"https:\/\/betwinner.team\/lt\/wp-json\/wp\/v2\/pages\/1752","targetHints":{"allow":["GET"]}}],"collection":[{"href":"https:\/\/betwinner.team\/lt\/wp-json\/wp\/v2\/pages"}],"about":[{"href":"https:\/\/betwinner.team\/lt\/wp-json\/wp\/v2\/types\/page"}],"author":[{"embeddable":true,"href":"https:\/\/betwinner.team\/lt\/wp-json\/wp\/v2\/users\/1"}],"replies":[{"embeddable":true,"href":"https:\/\/betwinner.team\/lt\/wp-json\/wp\/v2\/comments?post=1752"}],"version-history":[{"count":4,"href":"https:\/\/betwinner.team\/lt\/wp-json\/wp\/v2\/pages\/1752\/revisions"}],"predecessor-version":[{"id":1900,"href":"https:\/\/betwinner.team\/lt\/wp-json\/wp\/v2\/pages\/1752\/revisions\/1900"}],"wp:attachment":[{"href":"https:\/\/betwinner.team\/lt\/wp-json\/wp\/v2\/media?parent=1752"}],"curies":[{"name":"wp","href":"https:\/\/api.w.org\/{rel}","templated":true}]}}