{"id":1747,"date":"2026-04-24T16:06:42","date_gmt":"2026-04-24T13:06:42","guid":{"rendered":"https:\/\/betwinner.team\/lt\/?page_id=1747"},"modified":"2026-04-28T17:45:57","modified_gmt":"2026-04-28T14:45:57","slug":"chicken-road","status":"publish","type":"page","link":"https:\/\/betwinner.team\/lt\/chicken-road\/","title":{"rendered":"Chicken Road"},"content":{"rendered":"","protected":false},"excerpt":{"rendered":"","protected":false},"author":1,"featured_media":0,"parent":0,"menu_order":0,"comment_status":"closed","ping_status":"closed","template":"","meta":{"_acf_changed":false,"footnotes":""},"class_list":["post-1747","page","type-page","status-publish","hentry"],"acf":[],"yoast_head":"<!-- This site is optimized with the Yoast SEO plugin v26.9 - https:\/\/yoast.com\/product\/yoast-seo-wordpress\/ -->\n<title>Chicken Road \u017daidimas 2026 \u2014 \u201eCrash-Game\u201c RTP \u2013 98 %<\/title>\n<meta name=\"description\" content=\"\u017daiskite \u201eChicken Road\u201c \u2013 \u201eInOut Games\u201c sukurt\u0105 avarij\u0173 \u017eaidim\u0105. Pad\u0117kite vi\u0161tai pereiti keli\u0105, piln\u0105 sp\u0105st\u0173, su daugikliais iki x1000 ir be laiko apribojim\u0173. RTP 98 %, keli sud\u0117tingumo lygiai, demo re\u017eimas. Nuspr\u0119skite, ar t\u0119sti \u017eaidim\u0105, ar i\u0161siimti laim\u0117jimus!\" \/>\n<meta name=\"robots\" content=\"index, follow, max-snippet:-1, max-image-preview:large, max-video-preview:-1\" \/>\n<link rel=\"canonical\" href=\"https:\/\/betwinner.team\/lt\/chicken-road\/\" \/>\n<meta property=\"og:locale\" content=\"lt_LT\" \/>\n<meta property=\"og:type\" content=\"article\" \/>\n<meta property=\"og:title\" content=\"Chicken Road \u017daidimas 2026 \u2014 \u201eCrash-Game\u201c RTP \u2013 98 %\" \/>\n<meta property=\"og:description\" content=\"\u017daiskite \u201eChicken Road\u201c \u2013 \u201eInOut Games\u201c sukurt\u0105 avarij\u0173 \u017eaidim\u0105. Pad\u0117kite vi\u0161tai pereiti keli\u0105, piln\u0105 sp\u0105st\u0173, su daugikliais iki x1000 ir be laiko apribojim\u0173. RTP 98 %, keli sud\u0117tingumo lygiai, demo re\u017eimas. Nuspr\u0119skite, ar t\u0119sti \u017eaidim\u0105, ar i\u0161siimti laim\u0117jimus!\" \/>\n<meta property=\"og:url\" content=\"https:\/\/betwinner.team\/lt\/chicken-road\/\" \/>\n<meta property=\"og:site_name\" content=\"Betwinner Team Lt\" \/>\n<meta property=\"article:modified_time\" content=\"2026-04-28T14:45:57+00:00\" \/>\n<meta name=\"twitter:card\" content=\"summary_large_image\" \/>\n<script type=\"application\/ld+json\" class=\"yoast-schema-graph\">{\"@context\":\"https:\/\/schema.org\",\"@graph\":[{\"@type\":\"WebPage\",\"@id\":\"https:\/\/betwinner.team\/lt\/chicken-road\/\",\"url\":\"https:\/\/betwinner.team\/lt\/chicken-road\/\",\"name\":\"Chicken Road \u017daidimas 2026 \u2014 \u201eCrash-Game\u201c RTP \u2013 98 %\",\"isPartOf\":{\"@id\":\"https:\/\/betwinner.team\/lt\/#website\"},\"datePublished\":\"2026-04-24T13:06:42+00:00\",\"dateModified\":\"2026-04-28T14:45:57+00:00\",\"description\":\"\u017daiskite \u201eChicken Road\u201c \u2013 \u201eInOut Games\u201c sukurt\u0105 avarij\u0173 \u017eaidim\u0105. Pad\u0117kite vi\u0161tai pereiti keli\u0105, piln\u0105 sp\u0105st\u0173, su daugikliais iki x1000 ir be laiko apribojim\u0173. RTP 98 %, keli sud\u0117tingumo lygiai, demo re\u017eimas. Nuspr\u0119skite, ar t\u0119sti \u017eaidim\u0105, ar i\u0161siimti laim\u0117jimus!\",\"inLanguage\":\"lt-LT\",\"potentialAction\":[{\"@type\":\"ReadAction\",\"target\":[\"https:\/\/betwinner.team\/lt\/chicken-road\/\"]}]},{\"@type\":\"WebSite\",\"@id\":\"https:\/\/betwinner.team\/lt\/#website\",\"url\":\"https:\/\/betwinner.team\/lt\/\",\"name\":\"Betwinner Team Lt\",\"description\":\"\",\"potentialAction\":[{\"@type\":\"SearchAction\",\"target\":{\"@type\":\"EntryPoint\",\"urlTemplate\":\"https:\/\/betwinner.team\/lt\/?s={search_term_string}\"},\"query-input\":{\"@type\":\"PropertyValueSpecification\",\"valueRequired\":true,\"valueName\":\"search_term_string\"}}],\"inLanguage\":\"lt-LT\"}]}<\/script>\n<!-- \/ Yoast SEO plugin. -->","yoast_head_json":{"title":"Chicken Road \u017daidimas 2026 \u2014 \u201eCrash-Game\u201c RTP \u2013 98 %","description":"\u017daiskite \u201eChicken Road\u201c \u2013 \u201eInOut Games\u201c sukurt\u0105 avarij\u0173 \u017eaidim\u0105. Pad\u0117kite vi\u0161tai pereiti keli\u0105, piln\u0105 sp\u0105st\u0173, su daugikliais iki x1000 ir be laiko apribojim\u0173. RTP 98 %, keli sud\u0117tingumo lygiai, demo re\u017eimas. Nuspr\u0119skite, ar t\u0119sti \u017eaidim\u0105, ar i\u0161siimti laim\u0117jimus!","robots":{"index":"index","follow":"follow","max-snippet":"max-snippet:-1","max-image-preview":"max-image-preview:large","max-video-preview":"max-video-preview:-1"},"canonical":"https:\/\/betwinner.team\/lt\/chicken-road\/","og_locale":"lt_LT","og_type":"article","og_title":"Chicken Road \u017daidimas 2026 \u2014 \u201eCrash-Game\u201c RTP \u2013 98 %","og_description":"\u017daiskite \u201eChicken Road\u201c \u2013 \u201eInOut Games\u201c sukurt\u0105 avarij\u0173 \u017eaidim\u0105. Pad\u0117kite vi\u0161tai pereiti keli\u0105, piln\u0105 sp\u0105st\u0173, su daugikliais iki x1000 ir be laiko apribojim\u0173. RTP 98 %, keli sud\u0117tingumo lygiai, demo re\u017eimas. Nuspr\u0119skite, ar t\u0119sti \u017eaidim\u0105, ar i\u0161siimti laim\u0117jimus!","og_url":"https:\/\/betwinner.team\/lt\/chicken-road\/","og_site_name":"Betwinner Team Lt","article_modified_time":"2026-04-28T14:45:57+00:00","twitter_card":"summary_large_image","schema":{"@context":"https:\/\/schema.org","@graph":[{"@type":"WebPage","@id":"https:\/\/betwinner.team\/lt\/chicken-road\/","url":"https:\/\/betwinner.team\/lt\/chicken-road\/","name":"Chicken Road \u017daidimas 2026 \u2014 \u201eCrash-Game\u201c RTP \u2013 98 %","isPartOf":{"@id":"https:\/\/betwinner.team\/lt\/#website"},"datePublished":"2026-04-24T13:06:42+00:00","dateModified":"2026-04-28T14:45:57+00:00","description":"\u017daiskite \u201eChicken Road\u201c \u2013 \u201eInOut Games\u201c sukurt\u0105 avarij\u0173 \u017eaidim\u0105. Pad\u0117kite vi\u0161tai pereiti keli\u0105, piln\u0105 sp\u0105st\u0173, su daugikliais iki x1000 ir be laiko apribojim\u0173. RTP 98 %, keli sud\u0117tingumo lygiai, demo re\u017eimas. Nuspr\u0119skite, ar t\u0119sti \u017eaidim\u0105, ar i\u0161siimti laim\u0117jimus!","inLanguage":"lt-LT","potentialAction":[{"@type":"ReadAction","target":["https:\/\/betwinner.team\/lt\/chicken-road\/"]}]},{"@type":"WebSite","@id":"https:\/\/betwinner.team\/lt\/#website","url":"https:\/\/betwinner.team\/lt\/","name":"Betwinner Team Lt","description":"","potentialAction":[{"@type":"SearchAction","target":{"@type":"EntryPoint","urlTemplate":"https:\/\/betwinner.team\/lt\/?s={search_term_string}"},"query-input":{"@type":"PropertyValueSpecification","valueRequired":true,"valueName":"search_term_string"}}],"inLanguage":"lt-LT"}]}},"_links":{"self":[{"href":"https:\/\/betwinner.team\/lt\/wp-json\/wp\/v2\/pages\/1747","targetHints":{"allow":["GET"]}}],"collection":[{"href":"https:\/\/betwinner.team\/lt\/wp-json\/wp\/v2\/pages"}],"about":[{"href":"https:\/\/betwinner.team\/lt\/wp-json\/wp\/v2\/types\/page"}],"author":[{"embeddable":true,"href":"https:\/\/betwinner.team\/lt\/wp-json\/wp\/v2\/users\/1"}],"replies":[{"embeddable":true,"href":"https:\/\/betwinner.team\/lt\/wp-json\/wp\/v2\/comments?post=1747"}],"version-history":[{"count":4,"href":"https:\/\/betwinner.team\/lt\/wp-json\/wp\/v2\/pages\/1747\/revisions"}],"predecessor-version":[{"id":1884,"href":"https:\/\/betwinner.team\/lt\/wp-json\/wp\/v2\/pages\/1747\/revisions\/1884"}],"wp:attachment":[{"href":"https:\/\/betwinner.team\/lt\/wp-json\/wp\/v2\/media?parent=1747"}],"curies":[{"name":"wp","href":"https:\/\/api.w.org\/{rel}","templated":true}]}}