{"id":1730,"date":"2026-04-24T12:44:37","date_gmt":"2026-04-24T09:44:37","guid":{"rendered":"https:\/\/betwinner.team\/lt\/?page_id=1730"},"modified":"2026-04-28T18:27:29","modified_gmt":"2026-04-28T15:27:29","slug":"games","status":"publish","type":"page","link":"https:\/\/betwinner.team\/lt\/games\/","title":{"rendered":"\u017daidimai"},"content":{"rendered":"","protected":false},"excerpt":{"rendered":"","protected":false},"author":1,"featured_media":0,"parent":0,"menu_order":0,"comment_status":"closed","ping_status":"closed","template":"","meta":{"_acf_changed":false,"footnotes":""},"class_list":["post-1730","page","type-page","status-publish","hentry"],"acf":[],"yoast_head":"<!-- This site is optimized with the Yoast SEO plugin v26.9 - https:\/\/yoast.com\/product\/yoast-seo-wordpress\/ -->\n<title>Kazino \u017eaidimai Betwinner 2026 \u2014 Tiesiogin\u0117 transliacija, Premija<\/title>\n<meta name=\"description\" content=\"\u017daiskite \u201eBetwinner\u201c kazino \u2013 daugiau nei 700 lo\u0161imo automat\u0173, gyvi dalintojai, \u201eBlackjack\u201c ir rulet\u0117 i\u0161 \u201eNetEnt\u201c ir \u201eEvolution\u201c. Premijos + nemokami sukimai, nereikia \u012fne\u0161ti pinig\u0173. I\u0161bandykite savo s\u0117km\u0119 lo\u0161imo automatuose ir prie \u017eaidim\u0173 stal\u0173 internete bet kuriuo metu!\" \/>\n<meta name=\"robots\" content=\"index, follow, max-snippet:-1, max-image-preview:large, max-video-preview:-1\" \/>\n<link rel=\"canonical\" href=\"https:\/\/betwinner.team\/lt\/games\/\" \/>\n<meta property=\"og:locale\" content=\"lt_LT\" \/>\n<meta property=\"og:type\" content=\"article\" \/>\n<meta property=\"og:title\" content=\"Kazino \u017eaidimai Betwinner 2026 \u2014 Tiesiogin\u0117 transliacija, Premija\" \/>\n<meta property=\"og:description\" content=\"\u017daiskite \u201eBetwinner\u201c kazino \u2013 daugiau nei 700 lo\u0161imo automat\u0173, gyvi dalintojai, \u201eBlackjack\u201c ir rulet\u0117 i\u0161 \u201eNetEnt\u201c ir \u201eEvolution\u201c. Premijos + nemokami sukimai, nereikia \u012fne\u0161ti pinig\u0173. I\u0161bandykite savo s\u0117km\u0119 lo\u0161imo automatuose ir prie \u017eaidim\u0173 stal\u0173 internete bet kuriuo metu!\" \/>\n<meta property=\"og:url\" content=\"https:\/\/betwinner.team\/lt\/games\/\" \/>\n<meta property=\"og:site_name\" content=\"Betwinner Team Lt\" \/>\n<meta property=\"article:modified_time\" content=\"2026-04-28T15:27:29+00:00\" \/>\n<meta name=\"twitter:card\" content=\"summary_large_image\" \/>\n<script type=\"application\/ld+json\" class=\"yoast-schema-graph\">{\"@context\":\"https:\/\/schema.org\",\"@graph\":[{\"@type\":\"WebPage\",\"@id\":\"https:\/\/betwinner.team\/lt\/games\/\",\"url\":\"https:\/\/betwinner.team\/lt\/games\/\",\"name\":\"Kazino \u017eaidimai Betwinner 2026 \u2014 Tiesiogin\u0117 transliacija, Premija\",\"isPartOf\":{\"@id\":\"https:\/\/betwinner.team\/lt\/#website\"},\"datePublished\":\"2026-04-24T09:44:37+00:00\",\"dateModified\":\"2026-04-28T15:27:29+00:00\",\"description\":\"\u017daiskite \u201eBetwinner\u201c kazino \u2013 daugiau nei 700 lo\u0161imo automat\u0173, gyvi dalintojai, \u201eBlackjack\u201c ir rulet\u0117 i\u0161 \u201eNetEnt\u201c ir \u201eEvolution\u201c. Premijos + nemokami sukimai, nereikia \u012fne\u0161ti pinig\u0173. I\u0161bandykite savo s\u0117km\u0119 lo\u0161imo automatuose ir prie \u017eaidim\u0173 stal\u0173 internete bet kuriuo metu!\",\"inLanguage\":\"lt-LT\",\"potentialAction\":[{\"@type\":\"ReadAction\",\"target\":[\"https:\/\/betwinner.team\/lt\/games\/\"]}]},{\"@type\":\"WebSite\",\"@id\":\"https:\/\/betwinner.team\/lt\/#website\",\"url\":\"https:\/\/betwinner.team\/lt\/\",\"name\":\"Betwinner Team Lt\",\"description\":\"\",\"potentialAction\":[{\"@type\":\"SearchAction\",\"target\":{\"@type\":\"EntryPoint\",\"urlTemplate\":\"https:\/\/betwinner.team\/lt\/?s={search_term_string}\"},\"query-input\":{\"@type\":\"PropertyValueSpecification\",\"valueRequired\":true,\"valueName\":\"search_term_string\"}}],\"inLanguage\":\"lt-LT\"}]}<\/script>\n<!-- \/ Yoast SEO plugin. -->","yoast_head_json":{"title":"Kazino \u017eaidimai Betwinner 2026 \u2014 Tiesiogin\u0117 transliacija, Premija","description":"\u017daiskite \u201eBetwinner\u201c kazino \u2013 daugiau nei 700 lo\u0161imo automat\u0173, gyvi dalintojai, \u201eBlackjack\u201c ir rulet\u0117 i\u0161 \u201eNetEnt\u201c ir \u201eEvolution\u201c. Premijos + nemokami sukimai, nereikia \u012fne\u0161ti pinig\u0173. I\u0161bandykite savo s\u0117km\u0119 lo\u0161imo automatuose ir prie \u017eaidim\u0173 stal\u0173 internete bet kuriuo metu!","robots":{"index":"index","follow":"follow","max-snippet":"max-snippet:-1","max-image-preview":"max-image-preview:large","max-video-preview":"max-video-preview:-1"},"canonical":"https:\/\/betwinner.team\/lt\/games\/","og_locale":"lt_LT","og_type":"article","og_title":"Kazino \u017eaidimai Betwinner 2026 \u2014 Tiesiogin\u0117 transliacija, Premija","og_description":"\u017daiskite \u201eBetwinner\u201c kazino \u2013 daugiau nei 700 lo\u0161imo automat\u0173, gyvi dalintojai, \u201eBlackjack\u201c ir rulet\u0117 i\u0161 \u201eNetEnt\u201c ir \u201eEvolution\u201c. Premijos + nemokami sukimai, nereikia \u012fne\u0161ti pinig\u0173. I\u0161bandykite savo s\u0117km\u0119 lo\u0161imo automatuose ir prie \u017eaidim\u0173 stal\u0173 internete bet kuriuo metu!","og_url":"https:\/\/betwinner.team\/lt\/games\/","og_site_name":"Betwinner Team Lt","article_modified_time":"2026-04-28T15:27:29+00:00","twitter_card":"summary_large_image","schema":{"@context":"https:\/\/schema.org","@graph":[{"@type":"WebPage","@id":"https:\/\/betwinner.team\/lt\/games\/","url":"https:\/\/betwinner.team\/lt\/games\/","name":"Kazino \u017eaidimai Betwinner 2026 \u2014 Tiesiogin\u0117 transliacija, Premija","isPartOf":{"@id":"https:\/\/betwinner.team\/lt\/#website"},"datePublished":"2026-04-24T09:44:37+00:00","dateModified":"2026-04-28T15:27:29+00:00","description":"\u017daiskite \u201eBetwinner\u201c kazino \u2013 daugiau nei 700 lo\u0161imo automat\u0173, gyvi dalintojai, \u201eBlackjack\u201c ir rulet\u0117 i\u0161 \u201eNetEnt\u201c ir \u201eEvolution\u201c. Premijos + nemokami sukimai, nereikia \u012fne\u0161ti pinig\u0173. I\u0161bandykite savo s\u0117km\u0119 lo\u0161imo automatuose ir prie \u017eaidim\u0173 stal\u0173 internete bet kuriuo metu!","inLanguage":"lt-LT","potentialAction":[{"@type":"ReadAction","target":["https:\/\/betwinner.team\/lt\/games\/"]}]},{"@type":"WebSite","@id":"https:\/\/betwinner.team\/lt\/#website","url":"https:\/\/betwinner.team\/lt\/","name":"Betwinner Team Lt","description":"","potentialAction":[{"@type":"SearchAction","target":{"@type":"EntryPoint","urlTemplate":"https:\/\/betwinner.team\/lt\/?s={search_term_string}"},"query-input":{"@type":"PropertyValueSpecification","valueRequired":true,"valueName":"search_term_string"}}],"inLanguage":"lt-LT"}]}},"_links":{"self":[{"href":"https:\/\/betwinner.team\/lt\/wp-json\/wp\/v2\/pages\/1730","targetHints":{"allow":["GET"]}}],"collection":[{"href":"https:\/\/betwinner.team\/lt\/wp-json\/wp\/v2\/pages"}],"about":[{"href":"https:\/\/betwinner.team\/lt\/wp-json\/wp\/v2\/types\/page"}],"author":[{"embeddable":true,"href":"https:\/\/betwinner.team\/lt\/wp-json\/wp\/v2\/users\/1"}],"replies":[{"embeddable":true,"href":"https:\/\/betwinner.team\/lt\/wp-json\/wp\/v2\/comments?post=1730"}],"version-history":[{"count":5,"href":"https:\/\/betwinner.team\/lt\/wp-json\/wp\/v2\/pages\/1730\/revisions"}],"predecessor-version":[{"id":1889,"href":"https:\/\/betwinner.team\/lt\/wp-json\/wp\/v2\/pages\/1730\/revisions\/1889"}],"wp:attachment":[{"href":"https:\/\/betwinner.team\/lt\/wp-json\/wp\/v2\/media?parent=1730"}],"curies":[{"name":"wp","href":"https:\/\/api.w.org\/{rel}","templated":true}]}}