{"id":1709,"date":"2026-04-23T12:06:26","date_gmt":"2026-04-23T09:06:26","guid":{"rendered":"https:\/\/betwinner.team\/lt\/?page_id=1709"},"modified":"2026-04-28T18:09:05","modified_gmt":"2026-04-28T15:09:05","slug":"esport","status":"publish","type":"page","link":"https:\/\/betwinner.team\/lt\/esport\/","title":{"rendered":"Esport"},"content":{"rendered":"","protected":false},"excerpt":{"rendered":"","protected":false},"author":1,"featured_media":0,"parent":0,"menu_order":0,"comment_status":"closed","ping_status":"closed","template":"","meta":{"_acf_changed":false,"footnotes":""},"class_list":["post-1709","page","type-page","status-publish","hentry"],"acf":[],"yoast_head":"<!-- This site is optimized with the Yoast SEO plugin v26.9 - https:\/\/yoast.com\/product\/yoast-seo-wordpress\/ -->\n<title>Betwinner La\u017eybos d\u0117l e. sporto 2026 \u2014 CS2, Dota 2, LoL tiesiogiai<\/title>\n<meta name=\"description\" content=\"E. sporto la\u017eybos \u201eBetwinner\u201c \u2013 \u201eCS2\u201c, \u201eDota 2\u201c, \u201eLoL\u201c \u2013 5\u20137 % mar\u017ea, daugiau nei 200 la\u017eyb\u0173 variant\u0173 pagrindiniuose turnyruose, tiesiogin\u0117s transliacijos. Paversti savo e. sporto \u017einias pelnu su bonusais!\" \/>\n<meta name=\"robots\" content=\"index, follow, max-snippet:-1, max-image-preview:large, max-video-preview:-1\" \/>\n<link rel=\"canonical\" href=\"https:\/\/betwinner.team\/lt\/esport\/\" \/>\n<meta property=\"og:locale\" content=\"lt_LT\" \/>\n<meta property=\"og:type\" content=\"article\" \/>\n<meta property=\"og:title\" content=\"Betwinner La\u017eybos d\u0117l e. sporto 2026 \u2014 CS2, Dota 2, LoL tiesiogiai\" \/>\n<meta property=\"og:description\" content=\"E. sporto la\u017eybos \u201eBetwinner\u201c \u2013 \u201eCS2\u201c, \u201eDota 2\u201c, \u201eLoL\u201c \u2013 5\u20137 % mar\u017ea, daugiau nei 200 la\u017eyb\u0173 variant\u0173 pagrindiniuose turnyruose, tiesiogin\u0117s transliacijos. Paversti savo e. sporto \u017einias pelnu su bonusais!\" \/>\n<meta property=\"og:url\" content=\"https:\/\/betwinner.team\/lt\/esport\/\" \/>\n<meta property=\"og:site_name\" content=\"Betwinner Team Lt\" \/>\n<meta property=\"article:modified_time\" content=\"2026-04-28T15:09:05+00:00\" \/>\n<meta name=\"twitter:card\" content=\"summary_large_image\" \/>\n<script type=\"application\/ld+json\" class=\"yoast-schema-graph\">{\"@context\":\"https:\/\/schema.org\",\"@graph\":[{\"@type\":\"WebPage\",\"@id\":\"https:\/\/betwinner.team\/lt\/esport\/\",\"url\":\"https:\/\/betwinner.team\/lt\/esport\/\",\"name\":\"Betwinner La\u017eybos d\u0117l e. sporto 2026 \u2014 CS2, Dota 2, LoL tiesiogiai\",\"isPartOf\":{\"@id\":\"https:\/\/betwinner.team\/lt\/#website\"},\"datePublished\":\"2026-04-23T09:06:26+00:00\",\"dateModified\":\"2026-04-28T15:09:05+00:00\",\"description\":\"E. sporto la\u017eybos \u201eBetwinner\u201c \u2013 \u201eCS2\u201c, \u201eDota 2\u201c, \u201eLoL\u201c \u2013 5\u20137 % mar\u017ea, daugiau nei 200 la\u017eyb\u0173 variant\u0173 pagrindiniuose turnyruose, tiesiogin\u0117s transliacijos. Paversti savo e. sporto \u017einias pelnu su bonusais!\",\"inLanguage\":\"lt-LT\",\"potentialAction\":[{\"@type\":\"ReadAction\",\"target\":[\"https:\/\/betwinner.team\/lt\/esport\/\"]}]},{\"@type\":\"WebSite\",\"@id\":\"https:\/\/betwinner.team\/lt\/#website\",\"url\":\"https:\/\/betwinner.team\/lt\/\",\"name\":\"Betwinner Team Lt\",\"description\":\"\",\"potentialAction\":[{\"@type\":\"SearchAction\",\"target\":{\"@type\":\"EntryPoint\",\"urlTemplate\":\"https:\/\/betwinner.team\/lt\/?s={search_term_string}\"},\"query-input\":{\"@type\":\"PropertyValueSpecification\",\"valueRequired\":true,\"valueName\":\"search_term_string\"}}],\"inLanguage\":\"lt-LT\"}]}<\/script>\n<!-- \/ Yoast SEO plugin. -->","yoast_head_json":{"title":"Betwinner La\u017eybos d\u0117l e. sporto 2026 \u2014 CS2, Dota 2, LoL tiesiogiai","description":"E. sporto la\u017eybos \u201eBetwinner\u201c \u2013 \u201eCS2\u201c, \u201eDota 2\u201c, \u201eLoL\u201c \u2013 5\u20137 % mar\u017ea, daugiau nei 200 la\u017eyb\u0173 variant\u0173 pagrindiniuose turnyruose, tiesiogin\u0117s transliacijos. Paversti savo e. sporto \u017einias pelnu su bonusais!","robots":{"index":"index","follow":"follow","max-snippet":"max-snippet:-1","max-image-preview":"max-image-preview:large","max-video-preview":"max-video-preview:-1"},"canonical":"https:\/\/betwinner.team\/lt\/esport\/","og_locale":"lt_LT","og_type":"article","og_title":"Betwinner La\u017eybos d\u0117l e. sporto 2026 \u2014 CS2, Dota 2, LoL tiesiogiai","og_description":"E. sporto la\u017eybos \u201eBetwinner\u201c \u2013 \u201eCS2\u201c, \u201eDota 2\u201c, \u201eLoL\u201c \u2013 5\u20137 % mar\u017ea, daugiau nei 200 la\u017eyb\u0173 variant\u0173 pagrindiniuose turnyruose, tiesiogin\u0117s transliacijos. Paversti savo e. sporto \u017einias pelnu su bonusais!","og_url":"https:\/\/betwinner.team\/lt\/esport\/","og_site_name":"Betwinner Team Lt","article_modified_time":"2026-04-28T15:09:05+00:00","twitter_card":"summary_large_image","schema":{"@context":"https:\/\/schema.org","@graph":[{"@type":"WebPage","@id":"https:\/\/betwinner.team\/lt\/esport\/","url":"https:\/\/betwinner.team\/lt\/esport\/","name":"Betwinner La\u017eybos d\u0117l e. sporto 2026 \u2014 CS2, Dota 2, LoL tiesiogiai","isPartOf":{"@id":"https:\/\/betwinner.team\/lt\/#website"},"datePublished":"2026-04-23T09:06:26+00:00","dateModified":"2026-04-28T15:09:05+00:00","description":"E. sporto la\u017eybos \u201eBetwinner\u201c \u2013 \u201eCS2\u201c, \u201eDota 2\u201c, \u201eLoL\u201c \u2013 5\u20137 % mar\u017ea, daugiau nei 200 la\u017eyb\u0173 variant\u0173 pagrindiniuose turnyruose, tiesiogin\u0117s transliacijos. Paversti savo e. sporto \u017einias pelnu su bonusais!","inLanguage":"lt-LT","potentialAction":[{"@type":"ReadAction","target":["https:\/\/betwinner.team\/lt\/esport\/"]}]},{"@type":"WebSite","@id":"https:\/\/betwinner.team\/lt\/#website","url":"https:\/\/betwinner.team\/lt\/","name":"Betwinner Team Lt","description":"","potentialAction":[{"@type":"SearchAction","target":{"@type":"EntryPoint","urlTemplate":"https:\/\/betwinner.team\/lt\/?s={search_term_string}"},"query-input":{"@type":"PropertyValueSpecification","valueRequired":true,"valueName":"search_term_string"}}],"inLanguage":"lt-LT"}]}},"_links":{"self":[{"href":"https:\/\/betwinner.team\/lt\/wp-json\/wp\/v2\/pages\/1709","targetHints":{"allow":["GET"]}}],"collection":[{"href":"https:\/\/betwinner.team\/lt\/wp-json\/wp\/v2\/pages"}],"about":[{"href":"https:\/\/betwinner.team\/lt\/wp-json\/wp\/v2\/types\/page"}],"author":[{"embeddable":true,"href":"https:\/\/betwinner.team\/lt\/wp-json\/wp\/v2\/users\/1"}],"replies":[{"embeddable":true,"href":"https:\/\/betwinner.team\/lt\/wp-json\/wp\/v2\/comments?post=1709"}],"version-history":[{"count":5,"href":"https:\/\/betwinner.team\/lt\/wp-json\/wp\/v2\/pages\/1709\/revisions"}],"predecessor-version":[{"id":1885,"href":"https:\/\/betwinner.team\/lt\/wp-json\/wp\/v2\/pages\/1709\/revisions\/1885"}],"wp:attachment":[{"href":"https:\/\/betwinner.team\/lt\/wp-json\/wp\/v2\/media?parent=1709"}],"curies":[{"name":"wp","href":"https:\/\/api.w.org\/{rel}","templated":true}]}}