{"id":1707,"date":"2026-04-23T12:00:44","date_gmt":"2026-04-23T09:00:44","guid":{"rendered":"https:\/\/betwinner.team\/lt\/?page_id=1707"},"modified":"2026-04-28T21:52:04","modified_gmt":"2026-04-28T18:52:04","slug":"volleyball","status":"publish","type":"page","link":"https:\/\/betwinner.team\/lt\/volleyball\/","title":{"rendered":"Tinklinis"},"content":{"rendered":"","protected":false},"excerpt":{"rendered":"","protected":false},"author":1,"featured_media":0,"parent":0,"menu_order":0,"comment_status":"closed","ping_status":"closed","template":"","meta":{"_acf_changed":false,"footnotes":""},"class_list":["post-1707","page","type-page","status-publish","hentry"],"acf":[],"yoast_head":"<!-- This site is optimized with the Yoast SEO plugin v26.9 - https:\/\/yoast.com\/product\/yoast-seo-wordpress\/ -->\n<title>Tinklinio la\u017eybos \u201eBetwinner\u201c 2026 \u2014 Skai\u010di\u0173 poros ir aib\u0117s<\/title>\n<meta name=\"description\" content=\"Tinklinio la\u017eybos \u201eBetwinner\u201c \u2013 greitas \u017eaidimas, trunkantis iki penki\u0173 set\u0173, auk\u0161ti koeficientai (6\u201310 %) ir la\u017eybos d\u0117l bendro ta\u0161k\u0173 skai\u010diaus. Pasinaudokite savo \u017einiomis \u2013 la\u017eybos su handicapu, tikslaus rezultato la\u017eybos ir la\u017eybos gyvai milijonams sirgali\u0173!\" \/>\n<meta name=\"robots\" content=\"index, follow, max-snippet:-1, max-image-preview:large, max-video-preview:-1\" \/>\n<link rel=\"canonical\" href=\"https:\/\/betwinner.team\/lt\/volleyball\/\" \/>\n<meta property=\"og:locale\" content=\"lt_LT\" \/>\n<meta property=\"og:type\" content=\"article\" \/>\n<meta property=\"og:title\" content=\"Tinklinio la\u017eybos \u201eBetwinner\u201c 2026 \u2014 Skai\u010di\u0173 poros ir aib\u0117s\" \/>\n<meta property=\"og:description\" content=\"Tinklinio la\u017eybos \u201eBetwinner\u201c \u2013 greitas \u017eaidimas, trunkantis iki penki\u0173 set\u0173, auk\u0161ti koeficientai (6\u201310 %) ir la\u017eybos d\u0117l bendro ta\u0161k\u0173 skai\u010diaus. Pasinaudokite savo \u017einiomis \u2013 la\u017eybos su handicapu, tikslaus rezultato la\u017eybos ir la\u017eybos gyvai milijonams sirgali\u0173!\" \/>\n<meta property=\"og:url\" content=\"https:\/\/betwinner.team\/lt\/volleyball\/\" \/>\n<meta property=\"og:site_name\" content=\"Betwinner Team Lt\" \/>\n<meta property=\"article:modified_time\" content=\"2026-04-28T18:52:04+00:00\" \/>\n<meta name=\"twitter:card\" content=\"summary_large_image\" \/>\n<script type=\"application\/ld+json\" class=\"yoast-schema-graph\">{\"@context\":\"https:\/\/schema.org\",\"@graph\":[{\"@type\":\"WebPage\",\"@id\":\"https:\/\/betwinner.team\/lt\/volleyball\/\",\"url\":\"https:\/\/betwinner.team\/lt\/volleyball\/\",\"name\":\"Tinklinio la\u017eybos \u201eBetwinner\u201c 2026 \u2014 Skai\u010di\u0173 poros ir aib\u0117s\",\"isPartOf\":{\"@id\":\"https:\/\/betwinner.team\/lt\/#website\"},\"datePublished\":\"2026-04-23T09:00:44+00:00\",\"dateModified\":\"2026-04-28T18:52:04+00:00\",\"description\":\"Tinklinio la\u017eybos \u201eBetwinner\u201c \u2013 greitas \u017eaidimas, trunkantis iki penki\u0173 set\u0173, auk\u0161ti koeficientai (6\u201310 %) ir la\u017eybos d\u0117l bendro ta\u0161k\u0173 skai\u010diaus. Pasinaudokite savo \u017einiomis \u2013 la\u017eybos su handicapu, tikslaus rezultato la\u017eybos ir la\u017eybos gyvai milijonams sirgali\u0173!\",\"inLanguage\":\"lt-LT\",\"potentialAction\":[{\"@type\":\"ReadAction\",\"target\":[\"https:\/\/betwinner.team\/lt\/volleyball\/\"]}]},{\"@type\":\"WebSite\",\"@id\":\"https:\/\/betwinner.team\/lt\/#website\",\"url\":\"https:\/\/betwinner.team\/lt\/\",\"name\":\"Betwinner Team Lt\",\"description\":\"\",\"potentialAction\":[{\"@type\":\"SearchAction\",\"target\":{\"@type\":\"EntryPoint\",\"urlTemplate\":\"https:\/\/betwinner.team\/lt\/?s={search_term_string}\"},\"query-input\":{\"@type\":\"PropertyValueSpecification\",\"valueRequired\":true,\"valueName\":\"search_term_string\"}}],\"inLanguage\":\"lt-LT\"}]}<\/script>\n<!-- \/ Yoast SEO plugin. -->","yoast_head_json":{"title":"Tinklinio la\u017eybos \u201eBetwinner\u201c 2026 \u2014 Skai\u010di\u0173 poros ir aib\u0117s","description":"Tinklinio la\u017eybos \u201eBetwinner\u201c \u2013 greitas \u017eaidimas, trunkantis iki penki\u0173 set\u0173, auk\u0161ti koeficientai (6\u201310 %) ir la\u017eybos d\u0117l bendro ta\u0161k\u0173 skai\u010diaus. Pasinaudokite savo \u017einiomis \u2013 la\u017eybos su handicapu, tikslaus rezultato la\u017eybos ir la\u017eybos gyvai milijonams sirgali\u0173!","robots":{"index":"index","follow":"follow","max-snippet":"max-snippet:-1","max-image-preview":"max-image-preview:large","max-video-preview":"max-video-preview:-1"},"canonical":"https:\/\/betwinner.team\/lt\/volleyball\/","og_locale":"lt_LT","og_type":"article","og_title":"Tinklinio la\u017eybos \u201eBetwinner\u201c 2026 \u2014 Skai\u010di\u0173 poros ir aib\u0117s","og_description":"Tinklinio la\u017eybos \u201eBetwinner\u201c \u2013 greitas \u017eaidimas, trunkantis iki penki\u0173 set\u0173, auk\u0161ti koeficientai (6\u201310 %) ir la\u017eybos d\u0117l bendro ta\u0161k\u0173 skai\u010diaus. Pasinaudokite savo \u017einiomis \u2013 la\u017eybos su handicapu, tikslaus rezultato la\u017eybos ir la\u017eybos gyvai milijonams sirgali\u0173!","og_url":"https:\/\/betwinner.team\/lt\/volleyball\/","og_site_name":"Betwinner Team Lt","article_modified_time":"2026-04-28T18:52:04+00:00","twitter_card":"summary_large_image","schema":{"@context":"https:\/\/schema.org","@graph":[{"@type":"WebPage","@id":"https:\/\/betwinner.team\/lt\/volleyball\/","url":"https:\/\/betwinner.team\/lt\/volleyball\/","name":"Tinklinio la\u017eybos \u201eBetwinner\u201c 2026 \u2014 Skai\u010di\u0173 poros ir aib\u0117s","isPartOf":{"@id":"https:\/\/betwinner.team\/lt\/#website"},"datePublished":"2026-04-23T09:00:44+00:00","dateModified":"2026-04-28T18:52:04+00:00","description":"Tinklinio la\u017eybos \u201eBetwinner\u201c \u2013 greitas \u017eaidimas, trunkantis iki penki\u0173 set\u0173, auk\u0161ti koeficientai (6\u201310 %) ir la\u017eybos d\u0117l bendro ta\u0161k\u0173 skai\u010diaus. Pasinaudokite savo \u017einiomis \u2013 la\u017eybos su handicapu, tikslaus rezultato la\u017eybos ir la\u017eybos gyvai milijonams sirgali\u0173!","inLanguage":"lt-LT","potentialAction":[{"@type":"ReadAction","target":["https:\/\/betwinner.team\/lt\/volleyball\/"]}]},{"@type":"WebSite","@id":"https:\/\/betwinner.team\/lt\/#website","url":"https:\/\/betwinner.team\/lt\/","name":"Betwinner Team Lt","description":"","potentialAction":[{"@type":"SearchAction","target":{"@type":"EntryPoint","urlTemplate":"https:\/\/betwinner.team\/lt\/?s={search_term_string}"},"query-input":{"@type":"PropertyValueSpecification","valueRequired":true,"valueName":"search_term_string"}}],"inLanguage":"lt-LT"}]}},"_links":{"self":[{"href":"https:\/\/betwinner.team\/lt\/wp-json\/wp\/v2\/pages\/1707","targetHints":{"allow":["GET"]}}],"collection":[{"href":"https:\/\/betwinner.team\/lt\/wp-json\/wp\/v2\/pages"}],"about":[{"href":"https:\/\/betwinner.team\/lt\/wp-json\/wp\/v2\/types\/page"}],"author":[{"embeddable":true,"href":"https:\/\/betwinner.team\/lt\/wp-json\/wp\/v2\/users\/1"}],"replies":[{"embeddable":true,"href":"https:\/\/betwinner.team\/lt\/wp-json\/wp\/v2\/comments?post=1707"}],"version-history":[{"count":5,"href":"https:\/\/betwinner.team\/lt\/wp-json\/wp\/v2\/pages\/1707\/revisions"}],"predecessor-version":[{"id":1912,"href":"https:\/\/betwinner.team\/lt\/wp-json\/wp\/v2\/pages\/1707\/revisions\/1912"}],"wp:attachment":[{"href":"https:\/\/betwinner.team\/lt\/wp-json\/wp\/v2\/media?parent=1707"}],"curies":[{"name":"wp","href":"https:\/\/api.w.org\/{rel}","templated":true}]}}