{"id":1692,"date":"2026-04-22T09:26:08","date_gmt":"2026-04-22T06:26:08","guid":{"rendered":"https:\/\/betwinner.team\/lt\/?page_id=1692"},"modified":"2026-04-28T21:50:26","modified_gmt":"2026-04-28T18:50:26","slug":"ufc","status":"publish","type":"page","link":"https:\/\/betwinner.team\/lt\/ufc\/","title":{"rendered":"UFC"},"content":{"rendered":"","protected":false},"excerpt":{"rendered":"","protected":false},"author":1,"featured_media":0,"parent":0,"menu_order":0,"comment_status":"closed","ping_status":"closed","template":"","meta":{"_acf_changed":false,"footnotes":""},"class_list":["post-1692","page","type-page","status-publish","hentry"],"acf":[],"yoast_head":"<!-- This site is optimized with the Yoast SEO plugin v26.9 - https:\/\/yoast.com\/product\/yoast-seo-wordpress\/ -->\n<title>1xSlots UFC la\u017eybos \u201eBetwinner\u201c 2026 \u2014 MMA kov\u0173 koeficientai<\/title>\n<meta name=\"description\" content=\"UFC la\u017eybos \u201e1xSlots Betwinner\u201c \u2013 begalinis MMA (mi\u0161ri\u0173 kovos men\u0173) kov\u0173 pasirinkimas, tiesioginiai koeficientai u\u017e nokautus, raundus ir favoritus. Pasinaudokite savo kovos men\u0173 \u017einiomis \u2013 auk\u0161ti koeficientai ir prognoz\u0117s geriausiems turnyrams!\" \/>\n<meta name=\"robots\" content=\"index, follow, max-snippet:-1, max-image-preview:large, max-video-preview:-1\" \/>\n<link rel=\"canonical\" href=\"https:\/\/betwinner.team\/lt\/ufc\/\" \/>\n<meta property=\"og:locale\" content=\"lt_LT\" \/>\n<meta property=\"og:type\" content=\"article\" \/>\n<meta property=\"og:title\" content=\"1xSlots UFC la\u017eybos \u201eBetwinner\u201c 2026 \u2014 MMA kov\u0173 koeficientai\" \/>\n<meta property=\"og:description\" content=\"UFC la\u017eybos \u201e1xSlots Betwinner\u201c \u2013 begalinis MMA (mi\u0161ri\u0173 kovos men\u0173) kov\u0173 pasirinkimas, tiesioginiai koeficientai u\u017e nokautus, raundus ir favoritus. Pasinaudokite savo kovos men\u0173 \u017einiomis \u2013 auk\u0161ti koeficientai ir prognoz\u0117s geriausiems turnyrams!\" \/>\n<meta property=\"og:url\" content=\"https:\/\/betwinner.team\/lt\/ufc\/\" \/>\n<meta property=\"og:site_name\" content=\"Betwinner Team Lt\" \/>\n<meta property=\"article:modified_time\" content=\"2026-04-28T18:50:26+00:00\" \/>\n<meta name=\"twitter:card\" content=\"summary_large_image\" \/>\n<script type=\"application\/ld+json\" class=\"yoast-schema-graph\">{\"@context\":\"https:\/\/schema.org\",\"@graph\":[{\"@type\":\"WebPage\",\"@id\":\"https:\/\/betwinner.team\/lt\/ufc\/\",\"url\":\"https:\/\/betwinner.team\/lt\/ufc\/\",\"name\":\"1xSlots UFC la\u017eybos \u201eBetwinner\u201c 2026 \u2014 MMA kov\u0173 koeficientai\",\"isPartOf\":{\"@id\":\"https:\/\/betwinner.team\/lt\/#website\"},\"datePublished\":\"2026-04-22T06:26:08+00:00\",\"dateModified\":\"2026-04-28T18:50:26+00:00\",\"description\":\"UFC la\u017eybos \u201e1xSlots Betwinner\u201c \u2013 begalinis MMA (mi\u0161ri\u0173 kovos men\u0173) kov\u0173 pasirinkimas, tiesioginiai koeficientai u\u017e nokautus, raundus ir favoritus. Pasinaudokite savo kovos men\u0173 \u017einiomis \u2013 auk\u0161ti koeficientai ir prognoz\u0117s geriausiems turnyrams!\",\"inLanguage\":\"lt-LT\",\"potentialAction\":[{\"@type\":\"ReadAction\",\"target\":[\"https:\/\/betwinner.team\/lt\/ufc\/\"]}]},{\"@type\":\"WebSite\",\"@id\":\"https:\/\/betwinner.team\/lt\/#website\",\"url\":\"https:\/\/betwinner.team\/lt\/\",\"name\":\"Betwinner Team Lt\",\"description\":\"\",\"potentialAction\":[{\"@type\":\"SearchAction\",\"target\":{\"@type\":\"EntryPoint\",\"urlTemplate\":\"https:\/\/betwinner.team\/lt\/?s={search_term_string}\"},\"query-input\":{\"@type\":\"PropertyValueSpecification\",\"valueRequired\":true,\"valueName\":\"search_term_string\"}}],\"inLanguage\":\"lt-LT\"}]}<\/script>\n<!-- \/ Yoast SEO plugin. -->","yoast_head_json":{"title":"1xSlots UFC la\u017eybos \u201eBetwinner\u201c 2026 \u2014 MMA kov\u0173 koeficientai","description":"UFC la\u017eybos \u201e1xSlots Betwinner\u201c \u2013 begalinis MMA (mi\u0161ri\u0173 kovos men\u0173) kov\u0173 pasirinkimas, tiesioginiai koeficientai u\u017e nokautus, raundus ir favoritus. Pasinaudokite savo kovos men\u0173 \u017einiomis \u2013 auk\u0161ti koeficientai ir prognoz\u0117s geriausiems turnyrams!","robots":{"index":"index","follow":"follow","max-snippet":"max-snippet:-1","max-image-preview":"max-image-preview:large","max-video-preview":"max-video-preview:-1"},"canonical":"https:\/\/betwinner.team\/lt\/ufc\/","og_locale":"lt_LT","og_type":"article","og_title":"1xSlots UFC la\u017eybos \u201eBetwinner\u201c 2026 \u2014 MMA kov\u0173 koeficientai","og_description":"UFC la\u017eybos \u201e1xSlots Betwinner\u201c \u2013 begalinis MMA (mi\u0161ri\u0173 kovos men\u0173) kov\u0173 pasirinkimas, tiesioginiai koeficientai u\u017e nokautus, raundus ir favoritus. Pasinaudokite savo kovos men\u0173 \u017einiomis \u2013 auk\u0161ti koeficientai ir prognoz\u0117s geriausiems turnyrams!","og_url":"https:\/\/betwinner.team\/lt\/ufc\/","og_site_name":"Betwinner Team Lt","article_modified_time":"2026-04-28T18:50:26+00:00","twitter_card":"summary_large_image","schema":{"@context":"https:\/\/schema.org","@graph":[{"@type":"WebPage","@id":"https:\/\/betwinner.team\/lt\/ufc\/","url":"https:\/\/betwinner.team\/lt\/ufc\/","name":"1xSlots UFC la\u017eybos \u201eBetwinner\u201c 2026 \u2014 MMA kov\u0173 koeficientai","isPartOf":{"@id":"https:\/\/betwinner.team\/lt\/#website"},"datePublished":"2026-04-22T06:26:08+00:00","dateModified":"2026-04-28T18:50:26+00:00","description":"UFC la\u017eybos \u201e1xSlots Betwinner\u201c \u2013 begalinis MMA (mi\u0161ri\u0173 kovos men\u0173) kov\u0173 pasirinkimas, tiesioginiai koeficientai u\u017e nokautus, raundus ir favoritus. Pasinaudokite savo kovos men\u0173 \u017einiomis \u2013 auk\u0161ti koeficientai ir prognoz\u0117s geriausiems turnyrams!","inLanguage":"lt-LT","potentialAction":[{"@type":"ReadAction","target":["https:\/\/betwinner.team\/lt\/ufc\/"]}]},{"@type":"WebSite","@id":"https:\/\/betwinner.team\/lt\/#website","url":"https:\/\/betwinner.team\/lt\/","name":"Betwinner Team Lt","description":"","potentialAction":[{"@type":"SearchAction","target":{"@type":"EntryPoint","urlTemplate":"https:\/\/betwinner.team\/lt\/?s={search_term_string}"},"query-input":{"@type":"PropertyValueSpecification","valueRequired":true,"valueName":"search_term_string"}}],"inLanguage":"lt-LT"}]}},"_links":{"self":[{"href":"https:\/\/betwinner.team\/lt\/wp-json\/wp\/v2\/pages\/1692","targetHints":{"allow":["GET"]}}],"collection":[{"href":"https:\/\/betwinner.team\/lt\/wp-json\/wp\/v2\/pages"}],"about":[{"href":"https:\/\/betwinner.team\/lt\/wp-json\/wp\/v2\/types\/page"}],"author":[{"embeddable":true,"href":"https:\/\/betwinner.team\/lt\/wp-json\/wp\/v2\/users\/1"}],"replies":[{"embeddable":true,"href":"https:\/\/betwinner.team\/lt\/wp-json\/wp\/v2\/comments?post=1692"}],"version-history":[{"count":5,"href":"https:\/\/betwinner.team\/lt\/wp-json\/wp\/v2\/pages\/1692\/revisions"}],"predecessor-version":[{"id":1910,"href":"https:\/\/betwinner.team\/lt\/wp-json\/wp\/v2\/pages\/1692\/revisions\/1910"}],"wp:attachment":[{"href":"https:\/\/betwinner.team\/lt\/wp-json\/wp\/v2\/media?parent=1692"}],"curies":[{"name":"wp","href":"https:\/\/api.w.org\/{rel}","templated":true}]}}