{"id":1683,"date":"2026-04-22T08:39:24","date_gmt":"2026-04-22T05:39:24","guid":{"rendered":"https:\/\/betwinner.team\/lt\/?page_id=1683"},"modified":"2026-04-28T21:47:30","modified_gmt":"2026-04-28T18:47:30","slug":"tennis","status":"publish","type":"page","link":"https:\/\/betwinner.team\/lt\/tennis\/","title":{"rendered":"Tenisas"},"content":{"rendered":"","protected":false},"excerpt":{"rendered":"","protected":false},"author":1,"featured_media":0,"parent":0,"menu_order":0,"comment_status":"closed","ping_status":"closed","template":"","meta":{"_acf_changed":false,"footnotes":""},"class_list":["post-1683","page","type-page","status-publish","hentry"],"acf":[],"yoast_head":"<!-- This site is optimized with the Yoast SEO plugin v26.9 - https:\/\/yoast.com\/product\/yoast-seo-wordpress\/ -->\n<title>Betwinner Teniso la\u017eybos 2026 \u2014 ATP ir WTA la\u017eyb\u0173 koeficientai<\/title>\n<meta name=\"description\" content=\"Teniso la\u017eybos \u201eBetwinner\u201c \u2013 kasdien\u0117s ATP\/WTA var\u017eybos, auk\u0161ti koeficientai (4\u20135 %), nenusp\u0117jamumas ir jaudulys. La\u017einkit\u0117s u\u017e \u201eGrand Slam\u201c favoritus \u2013 laim\u0117kite didelius pinigus i\u0161 elito sporto su daugiau nei 120 la\u017eyb\u0173 rink\u0173!\" \/>\n<meta name=\"robots\" content=\"index, follow, max-snippet:-1, max-image-preview:large, max-video-preview:-1\" \/>\n<link rel=\"canonical\" href=\"https:\/\/betwinner.team\/lt\/tennis\/\" \/>\n<meta property=\"og:locale\" content=\"lt_LT\" \/>\n<meta property=\"og:type\" content=\"article\" \/>\n<meta property=\"og:title\" content=\"Betwinner Teniso la\u017eybos 2026 \u2014 ATP ir WTA la\u017eyb\u0173 koeficientai\" \/>\n<meta property=\"og:description\" content=\"Teniso la\u017eybos \u201eBetwinner\u201c \u2013 kasdien\u0117s ATP\/WTA var\u017eybos, auk\u0161ti koeficientai (4\u20135 %), nenusp\u0117jamumas ir jaudulys. La\u017einkit\u0117s u\u017e \u201eGrand Slam\u201c favoritus \u2013 laim\u0117kite didelius pinigus i\u0161 elito sporto su daugiau nei 120 la\u017eyb\u0173 rink\u0173!\" \/>\n<meta property=\"og:url\" content=\"https:\/\/betwinner.team\/lt\/tennis\/\" \/>\n<meta property=\"og:site_name\" content=\"Betwinner Team Lt\" \/>\n<meta property=\"article:modified_time\" content=\"2026-04-28T18:47:30+00:00\" \/>\n<meta name=\"twitter:card\" content=\"summary_large_image\" \/>\n<script type=\"application\/ld+json\" class=\"yoast-schema-graph\">{\"@context\":\"https:\/\/schema.org\",\"@graph\":[{\"@type\":\"WebPage\",\"@id\":\"https:\/\/betwinner.team\/lt\/tennis\/\",\"url\":\"https:\/\/betwinner.team\/lt\/tennis\/\",\"name\":\"Betwinner Teniso la\u017eybos 2026 \u2014 ATP ir WTA la\u017eyb\u0173 koeficientai\",\"isPartOf\":{\"@id\":\"https:\/\/betwinner.team\/lt\/#website\"},\"datePublished\":\"2026-04-22T05:39:24+00:00\",\"dateModified\":\"2026-04-28T18:47:30+00:00\",\"description\":\"Teniso la\u017eybos \u201eBetwinner\u201c \u2013 kasdien\u0117s ATP\/WTA var\u017eybos, auk\u0161ti koeficientai (4\u20135 %), nenusp\u0117jamumas ir jaudulys. La\u017einkit\u0117s u\u017e \u201eGrand Slam\u201c favoritus \u2013 laim\u0117kite didelius pinigus i\u0161 elito sporto su daugiau nei 120 la\u017eyb\u0173 rink\u0173!\",\"inLanguage\":\"lt-LT\",\"potentialAction\":[{\"@type\":\"ReadAction\",\"target\":[\"https:\/\/betwinner.team\/lt\/tennis\/\"]}]},{\"@type\":\"WebSite\",\"@id\":\"https:\/\/betwinner.team\/lt\/#website\",\"url\":\"https:\/\/betwinner.team\/lt\/\",\"name\":\"Betwinner Team Lt\",\"description\":\"\",\"potentialAction\":[{\"@type\":\"SearchAction\",\"target\":{\"@type\":\"EntryPoint\",\"urlTemplate\":\"https:\/\/betwinner.team\/lt\/?s={search_term_string}\"},\"query-input\":{\"@type\":\"PropertyValueSpecification\",\"valueRequired\":true,\"valueName\":\"search_term_string\"}}],\"inLanguage\":\"lt-LT\"}]}<\/script>\n<!-- \/ Yoast SEO plugin. -->","yoast_head_json":{"title":"Betwinner Teniso la\u017eybos 2026 \u2014 ATP ir WTA la\u017eyb\u0173 koeficientai","description":"Teniso la\u017eybos \u201eBetwinner\u201c \u2013 kasdien\u0117s ATP\/WTA var\u017eybos, auk\u0161ti koeficientai (4\u20135 %), nenusp\u0117jamumas ir jaudulys. La\u017einkit\u0117s u\u017e \u201eGrand Slam\u201c favoritus \u2013 laim\u0117kite didelius pinigus i\u0161 elito sporto su daugiau nei 120 la\u017eyb\u0173 rink\u0173!","robots":{"index":"index","follow":"follow","max-snippet":"max-snippet:-1","max-image-preview":"max-image-preview:large","max-video-preview":"max-video-preview:-1"},"canonical":"https:\/\/betwinner.team\/lt\/tennis\/","og_locale":"lt_LT","og_type":"article","og_title":"Betwinner Teniso la\u017eybos 2026 \u2014 ATP ir WTA la\u017eyb\u0173 koeficientai","og_description":"Teniso la\u017eybos \u201eBetwinner\u201c \u2013 kasdien\u0117s ATP\/WTA var\u017eybos, auk\u0161ti koeficientai (4\u20135 %), nenusp\u0117jamumas ir jaudulys. La\u017einkit\u0117s u\u017e \u201eGrand Slam\u201c favoritus \u2013 laim\u0117kite didelius pinigus i\u0161 elito sporto su daugiau nei 120 la\u017eyb\u0173 rink\u0173!","og_url":"https:\/\/betwinner.team\/lt\/tennis\/","og_site_name":"Betwinner Team Lt","article_modified_time":"2026-04-28T18:47:30+00:00","twitter_card":"summary_large_image","schema":{"@context":"https:\/\/schema.org","@graph":[{"@type":"WebPage","@id":"https:\/\/betwinner.team\/lt\/tennis\/","url":"https:\/\/betwinner.team\/lt\/tennis\/","name":"Betwinner Teniso la\u017eybos 2026 \u2014 ATP ir WTA la\u017eyb\u0173 koeficientai","isPartOf":{"@id":"https:\/\/betwinner.team\/lt\/#website"},"datePublished":"2026-04-22T05:39:24+00:00","dateModified":"2026-04-28T18:47:30+00:00","description":"Teniso la\u017eybos \u201eBetwinner\u201c \u2013 kasdien\u0117s ATP\/WTA var\u017eybos, auk\u0161ti koeficientai (4\u20135 %), nenusp\u0117jamumas ir jaudulys. La\u017einkit\u0117s u\u017e \u201eGrand Slam\u201c favoritus \u2013 laim\u0117kite didelius pinigus i\u0161 elito sporto su daugiau nei 120 la\u017eyb\u0173 rink\u0173!","inLanguage":"lt-LT","potentialAction":[{"@type":"ReadAction","target":["https:\/\/betwinner.team\/lt\/tennis\/"]}]},{"@type":"WebSite","@id":"https:\/\/betwinner.team\/lt\/#website","url":"https:\/\/betwinner.team\/lt\/","name":"Betwinner Team Lt","description":"","potentialAction":[{"@type":"SearchAction","target":{"@type":"EntryPoint","urlTemplate":"https:\/\/betwinner.team\/lt\/?s={search_term_string}"},"query-input":{"@type":"PropertyValueSpecification","valueRequired":true,"valueName":"search_term_string"}}],"inLanguage":"lt-LT"}]}},"_links":{"self":[{"href":"https:\/\/betwinner.team\/lt\/wp-json\/wp\/v2\/pages\/1683","targetHints":{"allow":["GET"]}}],"collection":[{"href":"https:\/\/betwinner.team\/lt\/wp-json\/wp\/v2\/pages"}],"about":[{"href":"https:\/\/betwinner.team\/lt\/wp-json\/wp\/v2\/types\/page"}],"author":[{"embeddable":true,"href":"https:\/\/betwinner.team\/lt\/wp-json\/wp\/v2\/users\/1"}],"replies":[{"embeddable":true,"href":"https:\/\/betwinner.team\/lt\/wp-json\/wp\/v2\/comments?post=1683"}],"version-history":[{"count":5,"href":"https:\/\/betwinner.team\/lt\/wp-json\/wp\/v2\/pages\/1683\/revisions"}],"predecessor-version":[{"id":1909,"href":"https:\/\/betwinner.team\/lt\/wp-json\/wp\/v2\/pages\/1683\/revisions\/1909"}],"wp:attachment":[{"href":"https:\/\/betwinner.team\/lt\/wp-json\/wp\/v2\/media?parent=1683"}],"curies":[{"name":"wp","href":"https:\/\/api.w.org\/{rel}","templated":true}]}}