{"id":1668,"date":"2026-04-22T07:25:04","date_gmt":"2026-04-22T04:25:04","guid":{"rendered":"https:\/\/betwinner.team\/lt\/?page_id=1668"},"modified":"2026-04-28T18:35:27","modified_gmt":"2026-04-28T15:35:27","slug":"hockey","status":"publish","type":"page","link":"https:\/\/betwinner.team\/lt\/hockey\/","title":{"rendered":"Hockey"},"content":{"rendered":"","protected":false},"excerpt":{"rendered":"","protected":false},"author":1,"featured_media":0,"parent":0,"menu_order":0,"comment_status":"closed","ping_status":"closed","template":"","meta":{"_acf_changed":false,"footnotes":""},"class_list":["post-1668","page","type-page","status-publish","hentry"],"acf":[],"yoast_head":"<!-- This site is optimized with the Yoast SEO plugin v26.9 - https:\/\/yoast.com\/product\/yoast-seo-wordpress\/ -->\n<title>Betwinner Hockey Betting 2026 \u2014 KHL ir NHL la\u017eyb\u0173 koeficientai<\/title>\n<meta name=\"description\" content=\"Statykite ledo ritulio la\u017eybas \u201eBetwinner\u201c \u2013 puik\u016bs koeficientai, kovingos kovos ir greitas \u017eaidimas KHL ir NHL. Padarykite rungtynes dar \u012fdomesn\u0117mis \u2013 gaukite prognozes ir iki 988 la\u017eyb\u0173 variant\u0173 vienoms rungtyn\u0117ms. U\u017esiregistruokite ir laim\u0117kite kartu su milijonais sirgali\u0173!\" \/>\n<meta name=\"robots\" content=\"index, follow, max-snippet:-1, max-image-preview:large, max-video-preview:-1\" \/>\n<link rel=\"canonical\" href=\"https:\/\/betwinner.team\/lt\/hockey\/\" \/>\n<meta property=\"og:locale\" content=\"lt_LT\" \/>\n<meta property=\"og:type\" content=\"article\" \/>\n<meta property=\"og:title\" content=\"Betwinner Hockey Betting 2026 \u2014 KHL ir NHL la\u017eyb\u0173 koeficientai\" \/>\n<meta property=\"og:description\" content=\"Statykite ledo ritulio la\u017eybas \u201eBetwinner\u201c \u2013 puik\u016bs koeficientai, kovingos kovos ir greitas \u017eaidimas KHL ir NHL. Padarykite rungtynes dar \u012fdomesn\u0117mis \u2013 gaukite prognozes ir iki 988 la\u017eyb\u0173 variant\u0173 vienoms rungtyn\u0117ms. U\u017esiregistruokite ir laim\u0117kite kartu su milijonais sirgali\u0173!\" \/>\n<meta property=\"og:url\" content=\"https:\/\/betwinner.team\/lt\/hockey\/\" \/>\n<meta property=\"og:site_name\" content=\"Betwinner Team Lt\" \/>\n<meta property=\"article:modified_time\" content=\"2026-04-28T15:35:27+00:00\" \/>\n<meta name=\"twitter:card\" content=\"summary_large_image\" \/>\n<script type=\"application\/ld+json\" class=\"yoast-schema-graph\">{\"@context\":\"https:\/\/schema.org\",\"@graph\":[{\"@type\":\"WebPage\",\"@id\":\"https:\/\/betwinner.team\/lt\/hockey\/\",\"url\":\"https:\/\/betwinner.team\/lt\/hockey\/\",\"name\":\"Betwinner Hockey Betting 2026 \u2014 KHL ir NHL la\u017eyb\u0173 koeficientai\",\"isPartOf\":{\"@id\":\"https:\/\/betwinner.team\/lt\/#website\"},\"datePublished\":\"2026-04-22T04:25:04+00:00\",\"dateModified\":\"2026-04-28T15:35:27+00:00\",\"description\":\"Statykite ledo ritulio la\u017eybas \u201eBetwinner\u201c \u2013 puik\u016bs koeficientai, kovingos kovos ir greitas \u017eaidimas KHL ir NHL. Padarykite rungtynes dar \u012fdomesn\u0117mis \u2013 gaukite prognozes ir iki 988 la\u017eyb\u0173 variant\u0173 vienoms rungtyn\u0117ms. U\u017esiregistruokite ir laim\u0117kite kartu su milijonais sirgali\u0173!\",\"inLanguage\":\"lt-LT\",\"potentialAction\":[{\"@type\":\"ReadAction\",\"target\":[\"https:\/\/betwinner.team\/lt\/hockey\/\"]}]},{\"@type\":\"WebSite\",\"@id\":\"https:\/\/betwinner.team\/lt\/#website\",\"url\":\"https:\/\/betwinner.team\/lt\/\",\"name\":\"Betwinner Team Lt\",\"description\":\"\",\"potentialAction\":[{\"@type\":\"SearchAction\",\"target\":{\"@type\":\"EntryPoint\",\"urlTemplate\":\"https:\/\/betwinner.team\/lt\/?s={search_term_string}\"},\"query-input\":{\"@type\":\"PropertyValueSpecification\",\"valueRequired\":true,\"valueName\":\"search_term_string\"}}],\"inLanguage\":\"lt-LT\"}]}<\/script>\n<!-- \/ Yoast SEO plugin. -->","yoast_head_json":{"title":"Betwinner Hockey Betting 2026 \u2014 KHL ir NHL la\u017eyb\u0173 koeficientai","description":"Statykite ledo ritulio la\u017eybas \u201eBetwinner\u201c \u2013 puik\u016bs koeficientai, kovingos kovos ir greitas \u017eaidimas KHL ir NHL. Padarykite rungtynes dar \u012fdomesn\u0117mis \u2013 gaukite prognozes ir iki 988 la\u017eyb\u0173 variant\u0173 vienoms rungtyn\u0117ms. U\u017esiregistruokite ir laim\u0117kite kartu su milijonais sirgali\u0173!","robots":{"index":"index","follow":"follow","max-snippet":"max-snippet:-1","max-image-preview":"max-image-preview:large","max-video-preview":"max-video-preview:-1"},"canonical":"https:\/\/betwinner.team\/lt\/hockey\/","og_locale":"lt_LT","og_type":"article","og_title":"Betwinner Hockey Betting 2026 \u2014 KHL ir NHL la\u017eyb\u0173 koeficientai","og_description":"Statykite ledo ritulio la\u017eybas \u201eBetwinner\u201c \u2013 puik\u016bs koeficientai, kovingos kovos ir greitas \u017eaidimas KHL ir NHL. Padarykite rungtynes dar \u012fdomesn\u0117mis \u2013 gaukite prognozes ir iki 988 la\u017eyb\u0173 variant\u0173 vienoms rungtyn\u0117ms. U\u017esiregistruokite ir laim\u0117kite kartu su milijonais sirgali\u0173!","og_url":"https:\/\/betwinner.team\/lt\/hockey\/","og_site_name":"Betwinner Team Lt","article_modified_time":"2026-04-28T15:35:27+00:00","twitter_card":"summary_large_image","schema":{"@context":"https:\/\/schema.org","@graph":[{"@type":"WebPage","@id":"https:\/\/betwinner.team\/lt\/hockey\/","url":"https:\/\/betwinner.team\/lt\/hockey\/","name":"Betwinner Hockey Betting 2026 \u2014 KHL ir NHL la\u017eyb\u0173 koeficientai","isPartOf":{"@id":"https:\/\/betwinner.team\/lt\/#website"},"datePublished":"2026-04-22T04:25:04+00:00","dateModified":"2026-04-28T15:35:27+00:00","description":"Statykite ledo ritulio la\u017eybas \u201eBetwinner\u201c \u2013 puik\u016bs koeficientai, kovingos kovos ir greitas \u017eaidimas KHL ir NHL. Padarykite rungtynes dar \u012fdomesn\u0117mis \u2013 gaukite prognozes ir iki 988 la\u017eyb\u0173 variant\u0173 vienoms rungtyn\u0117ms. U\u017esiregistruokite ir laim\u0117kite kartu su milijonais sirgali\u0173!","inLanguage":"lt-LT","potentialAction":[{"@type":"ReadAction","target":["https:\/\/betwinner.team\/lt\/hockey\/"]}]},{"@type":"WebSite","@id":"https:\/\/betwinner.team\/lt\/#website","url":"https:\/\/betwinner.team\/lt\/","name":"Betwinner Team Lt","description":"","potentialAction":[{"@type":"SearchAction","target":{"@type":"EntryPoint","urlTemplate":"https:\/\/betwinner.team\/lt\/?s={search_term_string}"},"query-input":{"@type":"PropertyValueSpecification","valueRequired":true,"valueName":"search_term_string"}}],"inLanguage":"lt-LT"}]}},"_links":{"self":[{"href":"https:\/\/betwinner.team\/lt\/wp-json\/wp\/v2\/pages\/1668","targetHints":{"allow":["GET"]}}],"collection":[{"href":"https:\/\/betwinner.team\/lt\/wp-json\/wp\/v2\/pages"}],"about":[{"href":"https:\/\/betwinner.team\/lt\/wp-json\/wp\/v2\/types\/page"}],"author":[{"embeddable":true,"href":"https:\/\/betwinner.team\/lt\/wp-json\/wp\/v2\/users\/1"}],"replies":[{"embeddable":true,"href":"https:\/\/betwinner.team\/lt\/wp-json\/wp\/v2\/comments?post=1668"}],"version-history":[{"count":5,"href":"https:\/\/betwinner.team\/lt\/wp-json\/wp\/v2\/pages\/1668\/revisions"}],"predecessor-version":[{"id":1891,"href":"https:\/\/betwinner.team\/lt\/wp-json\/wp\/v2\/pages\/1668\/revisions\/1891"}],"wp:attachment":[{"href":"https:\/\/betwinner.team\/lt\/wp-json\/wp\/v2\/media?parent=1668"}],"curies":[{"name":"wp","href":"https:\/\/api.w.org\/{rel}","templated":true}]}}