{"id":1649,"date":"2026-04-21T11:28:05","date_gmt":"2026-04-21T08:28:05","guid":{"rendered":"https:\/\/betwinner.team\/lt\/?page_id=1649"},"modified":"2026-04-28T18:20:50","modified_gmt":"2026-04-28T15:20:50","slug":"football","status":"publish","type":"page","link":"https:\/\/betwinner.team\/lt\/football\/","title":{"rendered":"Futbolas"},"content":{"rendered":"","protected":false},"excerpt":{"rendered":"","protected":false},"author":1,"featured_media":0,"parent":0,"menu_order":0,"comment_status":"closed","ping_status":"closed","template":"","meta":{"_acf_changed":false,"footnotes":""},"class_list":["post-1649","page","type-page","status-publish","hentry"],"acf":[],"yoast_head":"<!-- This site is optimized with the Yoast SEO plugin v26.9 - https:\/\/yoast.com\/product\/yoast-seo-wordpress\/ -->\n<title>Betwinner Futbolo la\u017eybos 2026 \u2014 \u0160ansai ir prognoz\u0117s<\/title>\n<meta name=\"description\" content=\"Darykite futbolo statymus \u201eBetwinner\u201c \u2013 3,5 milijardo sirgali\u0173, geriausios rungtyn\u0117s, puik\u016bs koeficientai ir tiksl\u016bs prognoz\u0117s. Laim\u0117kite didelius pinigus savo m\u0117gstamoje sporto \u0161akoje \u2013 nuo \u010cempion\u0173 lygos iki Pasaulio \u010dempionato. U\u017esiregistruokite ir palaikykite savo komand\u0105, tuo pa\u010diu u\u017edirbdami peln\u0105!\" \/>\n<meta name=\"robots\" content=\"index, follow, max-snippet:-1, max-image-preview:large, max-video-preview:-1\" \/>\n<link rel=\"canonical\" href=\"https:\/\/betwinner.team\/lt\/football\/\" \/>\n<meta property=\"og:locale\" content=\"lt_LT\" \/>\n<meta property=\"og:type\" content=\"article\" \/>\n<meta property=\"og:title\" content=\"Betwinner Futbolo la\u017eybos 2026 \u2014 \u0160ansai ir prognoz\u0117s\" \/>\n<meta property=\"og:description\" content=\"Darykite futbolo statymus \u201eBetwinner\u201c \u2013 3,5 milijardo sirgali\u0173, geriausios rungtyn\u0117s, puik\u016bs koeficientai ir tiksl\u016bs prognoz\u0117s. Laim\u0117kite didelius pinigus savo m\u0117gstamoje sporto \u0161akoje \u2013 nuo \u010cempion\u0173 lygos iki Pasaulio \u010dempionato. U\u017esiregistruokite ir palaikykite savo komand\u0105, tuo pa\u010diu u\u017edirbdami peln\u0105!\" \/>\n<meta property=\"og:url\" content=\"https:\/\/betwinner.team\/lt\/football\/\" \/>\n<meta property=\"og:site_name\" content=\"Betwinner Team Lt\" \/>\n<meta property=\"article:modified_time\" content=\"2026-04-28T15:20:50+00:00\" \/>\n<meta name=\"twitter:card\" content=\"summary_large_image\" \/>\n<script type=\"application\/ld+json\" class=\"yoast-schema-graph\">{\"@context\":\"https:\/\/schema.org\",\"@graph\":[{\"@type\":\"WebPage\",\"@id\":\"https:\/\/betwinner.team\/lt\/football\/\",\"url\":\"https:\/\/betwinner.team\/lt\/football\/\",\"name\":\"Betwinner Futbolo la\u017eybos 2026 \u2014 \u0160ansai ir prognoz\u0117s\",\"isPartOf\":{\"@id\":\"https:\/\/betwinner.team\/lt\/#website\"},\"datePublished\":\"2026-04-21T08:28:05+00:00\",\"dateModified\":\"2026-04-28T15:20:50+00:00\",\"description\":\"Darykite futbolo statymus \u201eBetwinner\u201c \u2013 3,5 milijardo sirgali\u0173, geriausios rungtyn\u0117s, puik\u016bs koeficientai ir tiksl\u016bs prognoz\u0117s. Laim\u0117kite didelius pinigus savo m\u0117gstamoje sporto \u0161akoje \u2013 nuo \u010cempion\u0173 lygos iki Pasaulio \u010dempionato. U\u017esiregistruokite ir palaikykite savo komand\u0105, tuo pa\u010diu u\u017edirbdami peln\u0105!\",\"inLanguage\":\"lt-LT\",\"potentialAction\":[{\"@type\":\"ReadAction\",\"target\":[\"https:\/\/betwinner.team\/lt\/football\/\"]}]},{\"@type\":\"WebSite\",\"@id\":\"https:\/\/betwinner.team\/lt\/#website\",\"url\":\"https:\/\/betwinner.team\/lt\/\",\"name\":\"Betwinner Team Lt\",\"description\":\"\",\"potentialAction\":[{\"@type\":\"SearchAction\",\"target\":{\"@type\":\"EntryPoint\",\"urlTemplate\":\"https:\/\/betwinner.team\/lt\/?s={search_term_string}\"},\"query-input\":{\"@type\":\"PropertyValueSpecification\",\"valueRequired\":true,\"valueName\":\"search_term_string\"}}],\"inLanguage\":\"lt-LT\"}]}<\/script>\n<!-- \/ Yoast SEO plugin. -->","yoast_head_json":{"title":"Betwinner Futbolo la\u017eybos 2026 \u2014 \u0160ansai ir prognoz\u0117s","description":"Darykite futbolo statymus \u201eBetwinner\u201c \u2013 3,5 milijardo sirgali\u0173, geriausios rungtyn\u0117s, puik\u016bs koeficientai ir tiksl\u016bs prognoz\u0117s. Laim\u0117kite didelius pinigus savo m\u0117gstamoje sporto \u0161akoje \u2013 nuo \u010cempion\u0173 lygos iki Pasaulio \u010dempionato. U\u017esiregistruokite ir palaikykite savo komand\u0105, tuo pa\u010diu u\u017edirbdami peln\u0105!","robots":{"index":"index","follow":"follow","max-snippet":"max-snippet:-1","max-image-preview":"max-image-preview:large","max-video-preview":"max-video-preview:-1"},"canonical":"https:\/\/betwinner.team\/lt\/football\/","og_locale":"lt_LT","og_type":"article","og_title":"Betwinner Futbolo la\u017eybos 2026 \u2014 \u0160ansai ir prognoz\u0117s","og_description":"Darykite futbolo statymus \u201eBetwinner\u201c \u2013 3,5 milijardo sirgali\u0173, geriausios rungtyn\u0117s, puik\u016bs koeficientai ir tiksl\u016bs prognoz\u0117s. Laim\u0117kite didelius pinigus savo m\u0117gstamoje sporto \u0161akoje \u2013 nuo \u010cempion\u0173 lygos iki Pasaulio \u010dempionato. U\u017esiregistruokite ir palaikykite savo komand\u0105, tuo pa\u010diu u\u017edirbdami peln\u0105!","og_url":"https:\/\/betwinner.team\/lt\/football\/","og_site_name":"Betwinner Team Lt","article_modified_time":"2026-04-28T15:20:50+00:00","twitter_card":"summary_large_image","schema":{"@context":"https:\/\/schema.org","@graph":[{"@type":"WebPage","@id":"https:\/\/betwinner.team\/lt\/football\/","url":"https:\/\/betwinner.team\/lt\/football\/","name":"Betwinner Futbolo la\u017eybos 2026 \u2014 \u0160ansai ir prognoz\u0117s","isPartOf":{"@id":"https:\/\/betwinner.team\/lt\/#website"},"datePublished":"2026-04-21T08:28:05+00:00","dateModified":"2026-04-28T15:20:50+00:00","description":"Darykite futbolo statymus \u201eBetwinner\u201c \u2013 3,5 milijardo sirgali\u0173, geriausios rungtyn\u0117s, puik\u016bs koeficientai ir tiksl\u016bs prognoz\u0117s. Laim\u0117kite didelius pinigus savo m\u0117gstamoje sporto \u0161akoje \u2013 nuo \u010cempion\u0173 lygos iki Pasaulio \u010dempionato. U\u017esiregistruokite ir palaikykite savo komand\u0105, tuo pa\u010diu u\u017edirbdami peln\u0105!","inLanguage":"lt-LT","potentialAction":[{"@type":"ReadAction","target":["https:\/\/betwinner.team\/lt\/football\/"]}]},{"@type":"WebSite","@id":"https:\/\/betwinner.team\/lt\/#website","url":"https:\/\/betwinner.team\/lt\/","name":"Betwinner Team Lt","description":"","potentialAction":[{"@type":"SearchAction","target":{"@type":"EntryPoint","urlTemplate":"https:\/\/betwinner.team\/lt\/?s={search_term_string}"},"query-input":{"@type":"PropertyValueSpecification","valueRequired":true,"valueName":"search_term_string"}}],"inLanguage":"lt-LT"}]}},"_links":{"self":[{"href":"https:\/\/betwinner.team\/lt\/wp-json\/wp\/v2\/pages\/1649","targetHints":{"allow":["GET"]}}],"collection":[{"href":"https:\/\/betwinner.team\/lt\/wp-json\/wp\/v2\/pages"}],"about":[{"href":"https:\/\/betwinner.team\/lt\/wp-json\/wp\/v2\/types\/page"}],"author":[{"embeddable":true,"href":"https:\/\/betwinner.team\/lt\/wp-json\/wp\/v2\/users\/1"}],"replies":[{"embeddable":true,"href":"https:\/\/betwinner.team\/lt\/wp-json\/wp\/v2\/comments?post=1649"}],"version-history":[{"count":5,"href":"https:\/\/betwinner.team\/lt\/wp-json\/wp\/v2\/pages\/1649\/revisions"}],"predecessor-version":[{"id":1887,"href":"https:\/\/betwinner.team\/lt\/wp-json\/wp\/v2\/pages\/1649\/revisions\/1887"}],"wp:attachment":[{"href":"https:\/\/betwinner.team\/lt\/wp-json\/wp\/v2\/media?parent=1649"}],"curies":[{"name":"wp","href":"https:\/\/api.w.org\/{rel}","templated":true}]}}