{"id":1624,"date":"2026-04-21T08:49:20","date_gmt":"2026-04-21T05:49:20","guid":{"rendered":"https:\/\/betwinner.team\/lt\/?page_id=1624"},"modified":"2026-04-28T21:40:17","modified_gmt":"2026-04-28T18:40:17","slug":"sport-betting","status":"publish","type":"page","link":"https:\/\/betwinner.team\/lt\/sport-betting\/","title":{"rendered":"Sportas"},"content":{"rendered":"","protected":false},"excerpt":{"rendered":"","protected":false},"author":1,"featured_media":0,"parent":0,"menu_order":0,"comment_status":"closed","ping_status":"closed","template":"","meta":{"_acf_changed":false,"footnotes":""},"class_list":["post-1624","page","type-page","status-publish","hentry"],"acf":[],"yoast_head":"<!-- This site is optimized with the Yoast SEO plugin v26.9 - https:\/\/yoast.com\/product\/yoast-seo-wordpress\/ -->\n<title>\u201eBetwinner Sports\u201c \u2014 la\u017eyb\u0173 koeficientai ir prognoz\u0117s svarbiausioms var\u017eyboms<\/title>\n<meta name=\"description\" content=\"Statykite ant sporto var\u017eyb\u0173 \u201eBetwinner\u201c \u2013 la\u017eybos d\u0117l svarbiausi\u0173 rungtyni\u0173 pavers kiekvien\u0105 \u017eaidim\u0105 jaudinan\u010diu patyrimu! Prognoz\u0117s, koeficientai ir sirgali\u0173 bendruomen\u0117 \u2013 nuo futbolo iki teniso. Prisijunkite, kol laukiate rungtyni\u0173, ir m\u0117gaukit\u0117s laim\u0117jimo jauduliu.\" \/>\n<meta name=\"robots\" content=\"index, follow, max-snippet:-1, max-image-preview:large, max-video-preview:-1\" \/>\n<link rel=\"canonical\" href=\"https:\/\/betwinner.team\/lt\/sport-betting\/\" \/>\n<meta property=\"og:locale\" content=\"lt_LT\" \/>\n<meta property=\"og:type\" content=\"article\" \/>\n<meta property=\"og:title\" content=\"\u201eBetwinner Sports\u201c \u2014 la\u017eyb\u0173 koeficientai ir prognoz\u0117s svarbiausioms var\u017eyboms\" \/>\n<meta property=\"og:description\" content=\"Statykite ant sporto var\u017eyb\u0173 \u201eBetwinner\u201c \u2013 la\u017eybos d\u0117l svarbiausi\u0173 rungtyni\u0173 pavers kiekvien\u0105 \u017eaidim\u0105 jaudinan\u010diu patyrimu! Prognoz\u0117s, koeficientai ir sirgali\u0173 bendruomen\u0117 \u2013 nuo futbolo iki teniso. Prisijunkite, kol laukiate rungtyni\u0173, ir m\u0117gaukit\u0117s laim\u0117jimo jauduliu.\" \/>\n<meta property=\"og:url\" content=\"https:\/\/betwinner.team\/lt\/sport-betting\/\" \/>\n<meta property=\"og:site_name\" content=\"Betwinner Team Lt\" \/>\n<meta property=\"article:modified_time\" content=\"2026-04-28T18:40:17+00:00\" \/>\n<meta name=\"twitter:card\" content=\"summary_large_image\" \/>\n<script type=\"application\/ld+json\" class=\"yoast-schema-graph\">{\"@context\":\"https:\/\/schema.org\",\"@graph\":[{\"@type\":\"WebPage\",\"@id\":\"https:\/\/betwinner.team\/lt\/sport-betting\/\",\"url\":\"https:\/\/betwinner.team\/lt\/sport-betting\/\",\"name\":\"\u201eBetwinner Sports\u201c \u2014 la\u017eyb\u0173 koeficientai ir prognoz\u0117s svarbiausioms var\u017eyboms\",\"isPartOf\":{\"@id\":\"https:\/\/betwinner.team\/lt\/#website\"},\"datePublished\":\"2026-04-21T05:49:20+00:00\",\"dateModified\":\"2026-04-28T18:40:17+00:00\",\"description\":\"Statykite ant sporto var\u017eyb\u0173 \u201eBetwinner\u201c \u2013 la\u017eybos d\u0117l svarbiausi\u0173 rungtyni\u0173 pavers kiekvien\u0105 \u017eaidim\u0105 jaudinan\u010diu patyrimu! Prognoz\u0117s, koeficientai ir sirgali\u0173 bendruomen\u0117 \u2013 nuo futbolo iki teniso. Prisijunkite, kol laukiate rungtyni\u0173, ir m\u0117gaukit\u0117s laim\u0117jimo jauduliu.\",\"inLanguage\":\"lt-LT\",\"potentialAction\":[{\"@type\":\"ReadAction\",\"target\":[\"https:\/\/betwinner.team\/lt\/sport-betting\/\"]}]},{\"@type\":\"WebSite\",\"@id\":\"https:\/\/betwinner.team\/lt\/#website\",\"url\":\"https:\/\/betwinner.team\/lt\/\",\"name\":\"Betwinner Team Lt\",\"description\":\"\",\"potentialAction\":[{\"@type\":\"SearchAction\",\"target\":{\"@type\":\"EntryPoint\",\"urlTemplate\":\"https:\/\/betwinner.team\/lt\/?s={search_term_string}\"},\"query-input\":{\"@type\":\"PropertyValueSpecification\",\"valueRequired\":true,\"valueName\":\"search_term_string\"}}],\"inLanguage\":\"lt-LT\"}]}<\/script>\n<!-- \/ Yoast SEO plugin. -->","yoast_head_json":{"title":"\u201eBetwinner Sports\u201c \u2014 la\u017eyb\u0173 koeficientai ir prognoz\u0117s svarbiausioms var\u017eyboms","description":"Statykite ant sporto var\u017eyb\u0173 \u201eBetwinner\u201c \u2013 la\u017eybos d\u0117l svarbiausi\u0173 rungtyni\u0173 pavers kiekvien\u0105 \u017eaidim\u0105 jaudinan\u010diu patyrimu! Prognoz\u0117s, koeficientai ir sirgali\u0173 bendruomen\u0117 \u2013 nuo futbolo iki teniso. Prisijunkite, kol laukiate rungtyni\u0173, ir m\u0117gaukit\u0117s laim\u0117jimo jauduliu.","robots":{"index":"index","follow":"follow","max-snippet":"max-snippet:-1","max-image-preview":"max-image-preview:large","max-video-preview":"max-video-preview:-1"},"canonical":"https:\/\/betwinner.team\/lt\/sport-betting\/","og_locale":"lt_LT","og_type":"article","og_title":"\u201eBetwinner Sports\u201c \u2014 la\u017eyb\u0173 koeficientai ir prognoz\u0117s svarbiausioms var\u017eyboms","og_description":"Statykite ant sporto var\u017eyb\u0173 \u201eBetwinner\u201c \u2013 la\u017eybos d\u0117l svarbiausi\u0173 rungtyni\u0173 pavers kiekvien\u0105 \u017eaidim\u0105 jaudinan\u010diu patyrimu! Prognoz\u0117s, koeficientai ir sirgali\u0173 bendruomen\u0117 \u2013 nuo futbolo iki teniso. Prisijunkite, kol laukiate rungtyni\u0173, ir m\u0117gaukit\u0117s laim\u0117jimo jauduliu.","og_url":"https:\/\/betwinner.team\/lt\/sport-betting\/","og_site_name":"Betwinner Team Lt","article_modified_time":"2026-04-28T18:40:17+00:00","twitter_card":"summary_large_image","schema":{"@context":"https:\/\/schema.org","@graph":[{"@type":"WebPage","@id":"https:\/\/betwinner.team\/lt\/sport-betting\/","url":"https:\/\/betwinner.team\/lt\/sport-betting\/","name":"\u201eBetwinner Sports\u201c \u2014 la\u017eyb\u0173 koeficientai ir prognoz\u0117s svarbiausioms var\u017eyboms","isPartOf":{"@id":"https:\/\/betwinner.team\/lt\/#website"},"datePublished":"2026-04-21T05:49:20+00:00","dateModified":"2026-04-28T18:40:17+00:00","description":"Statykite ant sporto var\u017eyb\u0173 \u201eBetwinner\u201c \u2013 la\u017eybos d\u0117l svarbiausi\u0173 rungtyni\u0173 pavers kiekvien\u0105 \u017eaidim\u0105 jaudinan\u010diu patyrimu! Prognoz\u0117s, koeficientai ir sirgali\u0173 bendruomen\u0117 \u2013 nuo futbolo iki teniso. Prisijunkite, kol laukiate rungtyni\u0173, ir m\u0117gaukit\u0117s laim\u0117jimo jauduliu.","inLanguage":"lt-LT","potentialAction":[{"@type":"ReadAction","target":["https:\/\/betwinner.team\/lt\/sport-betting\/"]}]},{"@type":"WebSite","@id":"https:\/\/betwinner.team\/lt\/#website","url":"https:\/\/betwinner.team\/lt\/","name":"Betwinner Team Lt","description":"","potentialAction":[{"@type":"SearchAction","target":{"@type":"EntryPoint","urlTemplate":"https:\/\/betwinner.team\/lt\/?s={search_term_string}"},"query-input":{"@type":"PropertyValueSpecification","valueRequired":true,"valueName":"search_term_string"}}],"inLanguage":"lt-LT"}]}},"_links":{"self":[{"href":"https:\/\/betwinner.team\/lt\/wp-json\/wp\/v2\/pages\/1624","targetHints":{"allow":["GET"]}}],"collection":[{"href":"https:\/\/betwinner.team\/lt\/wp-json\/wp\/v2\/pages"}],"about":[{"href":"https:\/\/betwinner.team\/lt\/wp-json\/wp\/v2\/types\/page"}],"author":[{"embeddable":true,"href":"https:\/\/betwinner.team\/lt\/wp-json\/wp\/v2\/users\/1"}],"replies":[{"embeddable":true,"href":"https:\/\/betwinner.team\/lt\/wp-json\/wp\/v2\/comments?post=1624"}],"version-history":[{"count":5,"href":"https:\/\/betwinner.team\/lt\/wp-json\/wp\/v2\/pages\/1624\/revisions"}],"predecessor-version":[{"id":1906,"href":"https:\/\/betwinner.team\/lt\/wp-json\/wp\/v2\/pages\/1624\/revisions\/1906"}],"wp:attachment":[{"href":"https:\/\/betwinner.team\/lt\/wp-json\/wp\/v2\/media?parent=1624"}],"curies":[{"name":"wp","href":"https:\/\/api.w.org\/{rel}","templated":true}]}}